{"id":2089,"date":"2025-07-25T13:59:19","date_gmt":"2025-07-25T18:59:19","guid":{"rendered":"https:\/\/rfjesq.com\/?page_id=2089"},"modified":"2025-10-09T16:26:02","modified_gmt":"2025-10-09T21:26:02","slug":"child-custody","status":"publish","type":"page","link":"https:\/\/rfjesq.com\/es\/practice-areas\/family-law\/child-custody\/","title":{"rendered":"Custodia de menores"},"content":{"rendered":"<h1>Abogados de custodia infantil en Phoenix<\/h1>\n<p><span style=\"font-weight: 400\">En Rachel Frazier Johnson Law, entendemos que lidiar con la custodia de menores puede ser una de las experiencias m\u00e1s dif\u00edciles emocionalmente para un padre. El bienestar y el futuro de sus hijos est\u00e1n en juego, y el proceso legal puede resultar abrumador. Nuestro equipo est\u00e1 aqu\u00ed para guiarlo en cada paso, brind\u00e1ndole la claridad,<\/span><a href=\"https:\/\/rfjesq.com\/es\/practice-areas\/family-law\/child-support\/\"> <span style=\"font-weight: 400\">el apoyo<\/span><\/a> <span style=\"font-weight: 400\">y la confianza que necesita para tomar decisiones informadas y asegurar el mejor resultado posible para su familia.<\/span><\/p>\n<h2>Entendiendo las leyes de custodia de menores en Arizona<\/h2>\n<p><span style=\"font-weight: 400\">La ley de Arizona distingue entre dos tipos de custodia:<\/span><\/p>\n<ol>\n<li style=\"font-weight: 400\"><b>Custodia legal <\/b><span style=\"font-weight: 400\">(a menudo denominada \u00abToma de decisiones legales\u00bb): Se refiere a la autoridad de los padres para tomar decisiones importantes sobre la educaci\u00f3n, la atenci\u00f3n m\u00e9dica, la formaci\u00f3n religiosa y otros aspectos de un hijo. La custodia legal puede otorgarse como exclusiva (uno de los padres tiene plena autoridad para tomar decisiones) o conjunta (ambos padres comparten la responsabilidad).<\/span><\/li>\n<li style=\"font-weight: 400\"><b>Custodia f\u00edsica <\/b><span style=\"font-weight: 400\">(tambi\u00e9n conocida como \u00abtiempo de crianza\u00bb): Se refiere al lugar de residencia del menor y al tiempo que pasa con cada progenitor. Los horarios de tiempo de crianza se dise\u00f1an para priorizar las necesidades del menor y garantizar relaciones significativas con ambos progenitores siempre que sea posible.<\/span><\/li>\n<\/ol>\n<p><span style=\"font-weight: 400\">Los tribunales de Arizona priorizan los intereses superiores del ni\u00f1o en todas las decisiones de custodia, utilizando diversos factores para tomar determinaciones justas, entre ellos:<\/span><\/p>\n<ul>\n<li style=\"font-weight: 400\"><span style=\"font-weight: 400\">El bienestar f\u00edsico y emocional del ni\u00f1o<\/span><\/li>\n<li style=\"font-weight: 400\"><span style=\"font-weight: 400\">Relaciones entre el ni\u00f1o, los padres y los hermanos<\/span><\/li>\n<li style=\"font-weight: 400\"><span style=\"font-weight: 400\">La voluntad de cada padre de fomentar una relaci\u00f3n positiva y saludable con el otro padre.<\/span><\/li>\n<li style=\"font-weight: 400\"><span style=\"font-weight: 400\">Cualquier historial de violencia dom\u00e9stica o abuso de sustancias.<\/span><\/li>\n<li style=\"font-weight: 400\"><span style=\"font-weight: 400\">Los deseos del ni\u00f1o, en funci\u00f3n de su edad y madurez.<\/span><\/li>\n<\/ul>\n<h2>Abordar las preocupaciones comunes sobre la custodia<\/h2>\n<p><span style=\"font-weight: 400\">Entendemos que los padres a menudo tienen preguntas e inquietudes urgentes durante los procedimientos de custodia, tales como:<\/span><\/p>\n<ul>\n<li style=\"font-weight: 400\"><b>\u00bfQu\u00e9 pasa si pierdo la custodia de mi hijo? <\/b><span style=\"font-weight: 400\">Las decisiones sobre la custodia rara vez son definitivas. Los tribunales buscan apoyar la participaci\u00f3n continua de ambos padres, a menos que existan problemas como abuso o negligencia. Trabajaremos con usted para elaborar un caso s\u00f3lido que demuestre su compromiso con el bienestar de su hijo.<\/span><\/li>\n<li style=\"font-weight: 400\"><b>\u00bfSe pueden modificar las \u00f3rdenes de custodia? <\/b><span style=\"font-weight: 400\">S\u00ed. Cuando se producen cambios significativos, como la mudanza de uno de los padres, un cambio en las necesidades del menor o nuevas circunstancias que afecten su inter\u00e9s superior, puede solicitar la modificaci\u00f3n de las \u00f3rdenes existentes.<\/span><\/li>\n<li style=\"font-weight: 400\"><b>\u00bfQu\u00e9 pasa si el otro progenitor no cumple con el acuerdo de custodia? <\/b><span style=\"font-weight: 400\">Los tribunales pueden hacer cumplir las \u00f3rdenes existentes o tomar medidas correctivas para abordar el incumplimiento. Defenderemos sus intereses para garantizar que se respete el acuerdo.<\/span><\/li>\n<\/ul>\n<h2>C\u00f3mo le apoya Rachel Frazier Johnson Law<\/h2>\n<p><span style=\"font-weight: 400\">El proceso de custodia de menores requiere conocimiento legal y un enfoque compasivo. En Rachel Frazier Johnson Law, tratamos cada caso como algo profundamente personal, reconociendo la importancia de comprender la din\u00e1mica familiar \u00fanica. Nuestros servicios incluyen:<\/span><\/p>\n<ul>\n<li style=\"font-weight: 400\"><b>Planes de crianza personalizados <\/b><span style=\"font-weight: 400\">adaptados a las necesidades de su hijo y su familia.<\/span><\/li>\n<li style=\"font-weight: 400\"><b>Representaci\u00f3n judicial,<\/b><span style=\"font-weight: 400\"> utilizando estrategias comprobadas para defender sus derechos y los mejores intereses de su hijo.<\/span><\/li>\n<li style=\"font-weight: 400\"><b>Apoyo legal <\/b><span style=\"font-weight: 400\">para promover la toma de decisiones colaborativa y reducir conflictos.<\/span><\/li>\n<li style=\"font-weight: 400\"><b>Asistencia para modificaciones <\/b><span style=\"font-weight: 400\">para ajustar los acuerdos de custodia a fin de reflejar cambios en las circunstancias.<\/span><\/li>\n<\/ul>\n<p><span style=\"font-weight: 400\">Con a\u00f1os de experiencia en derecho familiar en Arizona, tenemos el conocimiento y la determinaci\u00f3n para ayudarle a superar incluso las disputas de custodia m\u00e1s dif\u00edciles. Nuestro equipo no solo es experto, sino que tambi\u00e9n est\u00e1 profundamente comprometido a garantizar que se sienta apoyado, comprendido y empoderado durante todo el proceso.<\/span><\/p>\n<h2>Programar una consulta.<\/h2>\n<p><span style=\"font-weight: 400\">No tiene que afrontar esto solo. En Rachel Frazier Johnson Law, somos su aliado incondicional para proteger lo que m\u00e1s importa: sus hijos.<\/span><a href=\"https:\/\/rfjesq.com\/es\/contact\/\"> <span style=\"font-weight: 400\">Cont\u00e1ctenos<\/span><\/a> <span style=\"font-weight: 400\">hoy mismo para programar una consulta y comenzar a crear un plan que priorice el futuro de su familia con asesor\u00eda legal confiable.<\/span><\/p>\n","protected":false},"excerpt":{"rendered":"<p>Abogados de custodia infantil en Phoenix En Rachel Frazier Johnson Law, entendemos que lidiar con la custodia de menores puede ser una de las experiencias m\u00e1s dif\u00edciles emocionalmente para un padre. El bienestar y el futuro de sus hijos est\u00e1n en juego, y el proceso legal puede resultar abrumador. Nuestro equipo est\u00e1 aqu\u00ed para guiarlo [&hellip;]<\/p>\n","protected":false},"author":2,"featured_media":3056,"parent":503,"menu_order":0,"comment_status":"closed","ping_status":"closed","template":"","meta":{"_acf_changed":false,"_oasis_is_in_workflow":0,"_oasis_original":0,"_oasis_task_priority":"","ocean_post_layout":"","ocean_both_sidebars_style":"","ocean_both_sidebars_content_width":0,"ocean_both_sidebars_sidebars_width":0,"ocean_sidebar":"","ocean_second_sidebar":"","ocean_disable_margins":"enable","ocean_add_body_class":"","ocean_shortcode_before_top_bar":"","ocean_shortcode_after_top_bar":"","ocean_shortcode_before_header":"","ocean_shortcode_after_header":"","ocean_has_shortcode":"","ocean_shortcode_after_title":"","ocean_shortcode_before_footer_widgets":"","ocean_shortcode_after_footer_widgets":"","ocean_shortcode_before_footer_bottom":"","ocean_shortcode_after_footer_bottom":"","ocean_display_top_bar":"default","ocean_display_header":"default","ocean_header_style":"","ocean_center_header_left_menu":"","ocean_custom_header_template":"","ocean_custom_logo":0,"ocean_custom_retina_logo":0,"ocean_custom_logo_max_width":0,"ocean_custom_logo_tablet_max_width":0,"ocean_custom_logo_mobile_max_width":0,"ocean_custom_logo_max_height":0,"ocean_custom_logo_tablet_max_height":0,"ocean_custom_logo_mobile_max_height":0,"ocean_header_custom_menu":"","ocean_menu_typo_font_family":"","ocean_menu_typo_font_subset":"","ocean_menu_typo_font_size":0,"ocean_menu_typo_font_size_tablet":0,"ocean_menu_typo_font_size_mobile":0,"ocean_menu_typo_font_size_unit":"px","ocean_menu_typo_font_weight":"","ocean_menu_typo_font_weight_tablet":"","ocean_menu_typo_font_weight_mobile":"","ocean_menu_typo_transform":"","ocean_menu_typo_transform_tablet":"","ocean_menu_typo_transform_mobile":"","ocean_menu_typo_line_height":0,"ocean_menu_typo_line_height_tablet":0,"ocean_menu_typo_line_height_mobile":0,"ocean_menu_typo_line_height_unit":"","ocean_menu_typo_spacing":0,"ocean_menu_typo_spacing_tablet":0,"ocean_menu_typo_spacing_mobile":0,"ocean_menu_typo_spacing_unit":"","ocean_menu_link_color":"","ocean_menu_link_color_hover":"","ocean_menu_link_color_active":"","ocean_menu_link_background":"","ocean_menu_link_hover_background":"","ocean_menu_link_active_background":"","ocean_menu_social_links_bg":"","ocean_menu_social_hover_links_bg":"","ocean_menu_social_links_color":"","ocean_menu_social_hover_links_color":"","ocean_disable_title":"default","ocean_disable_heading":"default","ocean_post_title":"","ocean_post_subheading":"","ocean_post_title_style":"","ocean_post_title_background_color":"","ocean_post_title_background":0,"ocean_post_title_bg_image_position":"","ocean_post_title_bg_image_attachment":"","ocean_post_title_bg_image_repeat":"","ocean_post_title_bg_image_size":"","ocean_post_title_height":0,"ocean_post_title_bg_overlay":0.5,"ocean_post_title_bg_overlay_color":"","ocean_disable_breadcrumbs":"default","ocean_breadcrumbs_color":"","ocean_breadcrumbs_separator_color":"","ocean_breadcrumbs_links_color":"","ocean_breadcrumbs_links_hover_color":"","ocean_display_footer_widgets":"default","ocean_display_footer_bottom":"default","ocean_custom_footer_template":"","footnotes":""},"class_list":["post-2089","page","type-page","status-publish","has-post-thumbnail","hentry","entry","has-media"],"acf":[],"_links":{"self":[{"href":"https:\/\/rfjesq.com\/es\/wp-json\/wp\/v2\/pages\/2089","targetHints":{"allow":["GET"]}}],"collection":[{"href":"https:\/\/rfjesq.com\/es\/wp-json\/wp\/v2\/pages"}],"about":[{"href":"https:\/\/rfjesq.com\/es\/wp-json\/wp\/v2\/types\/page"}],"author":[{"embeddable":true,"href":"https:\/\/rfjesq.com\/es\/wp-json\/wp\/v2\/users\/2"}],"replies":[{"embeddable":true,"href":"https:\/\/rfjesq.com\/es\/wp-json\/wp\/v2\/comments?post=2089"}],"version-history":[{"count":774,"href":"https:\/\/rfjesq.com\/es\/wp-json\/wp\/v2\/pages\/2089\/revisions"}],"predecessor-version":[{"id":4652,"href":"https:\/\/rfjesq.com\/es\/wp-json\/wp\/v2\/pages\/2089\/revisions\/4652"}],"up":[{"embeddable":true,"href":"https:\/\/rfjesq.com\/es\/wp-json\/wp\/v2\/pages\/503"}],"wp:featuredmedia":[{"embeddable":true,"href":"https:\/\/rfjesq.com\/es\/wp-json\/wp\/v2\/media\/3056"}],"wp:attachment":[{"href":"https:\/\/rfjesq.com\/es\/wp-json\/wp\/v2\/media?parent=2089"}],"curies":[{"name":"wp","href":"https:\/\/api.w.org\/{rel}","templated":true}]}}