{"id":2092,"date":"2025-07-25T14:00:10","date_gmt":"2025-07-25T19:00:10","guid":{"rendered":"https:\/\/rfjesq.com\/?page_id=2092"},"modified":"2025-10-09T16:27:59","modified_gmt":"2025-10-09T21:27:59","slug":"child-support","status":"publish","type":"page","link":"https:\/\/rfjesq.com\/es\/practice-areas\/family-law\/child-support\/","title":{"rendered":"Manutenci\u00f3n infantil"},"content":{"rendered":"<h1>Abogado de manutenci\u00f3n infantil en Phoenix<\/h1>\n<p><span style=\"font-weight: 400;\">En Rachel Frazier Johnson Law, entendemos que la manutenci\u00f3n infantil es m\u00e1s que una simple obligaci\u00f3n legal; es fundamental para garantizar el bienestar de su hijo. Comprender las leyes de manutenci\u00f3n infantil en Arizona puede ser abrumador, pero no tiene que afrontar este desaf\u00edo solo. Nuestro equipo compasivo est\u00e1 aqu\u00ed para guiarlo en cada paso, ayud\u00e1ndolo a obtener un resultado justo que priorice las necesidades de su hijo.<\/span><\/p>\n<h2>Entendiendo las leyes de manutenci\u00f3n infantil de Arizona<\/h2>\n<p><span style=\"font-weight: 400;\">Arizona utiliza un modelo de distribuci\u00f3n de ingresos para calcular la manutenci\u00f3n infantil. Este modelo estima la cantidad que ambos padres habr\u00edan gastado conjuntamente en sus hijos si a\u00fan vivieran juntos. Los factores clave que se consideran en el c\u00e1lculo incluyen:<\/span><\/p>\n<ul>\n<li style=\"font-weight: 400;\" aria-level=\"1\"><b>Ingresos brutos <\/b><span style=\"font-weight: 400;\">de ambos padres, incluidos salarios, bonificaciones, ingresos por alquiler y ciertos beneficios.<\/span><\/li>\n<li style=\"font-weight: 400;\" aria-level=\"1\"><a href=\"https:\/\/rfjesq.com\/es\/practice-areas\/family-law\/parenting-time-visitation\/\"><b>De tiempo de crianza<\/b><\/a><b>,<\/b><span style=\"font-weight: 400;\"> como pasar m\u00e1s tiempo con su hijo, pueden reducir el monto adeudado.<\/span><\/li>\n<li style=\"font-weight: 400;\" aria-level=\"1\"><b>Gastos adicionales <\/b><span style=\"font-weight: 400;\">como primas de seguro m\u00e9dico, costos de cuidado infantil y necesidades educativas.<\/span><\/li>\n<li style=\"font-weight: 400;\" aria-level=\"1\"><b>Pautas de manutenci\u00f3n infantil de Arizona,<\/b><span style=\"font-weight: 400;\"> una tabla proporcionada por el estado que establece un monto base basado en los ingresos combinados y la cantidad de hijos.<\/span><\/li>\n<\/ul>\n<p><span style=\"font-weight: 400;\">El proceso comienza ingresando informaci\u00f3n financiera y de cuidado relevante en<\/span><a href=\"https:\/\/www.azcourts.gov\/familylaw\/child-support-calculator-information\" target=\"_blank\" rel=\"noopener\"> <span style=\"font-weight: 400;\">la Calculadora de Manutenci<\/span><b>\u00f3<\/b><span style=\"font-weight: 400;\">n Infantil de Arizona<\/span><\/a><span style=\"font-weight: 400;\">, que proporciona una estimaci\u00f3n de las obligaciones de manutenci\u00f3n. Sin embargo, circunstancias \u00fanicas pueden influir en el acuerdo final, por lo que una asesor\u00eda legal integral es invaluable.<\/span><\/p>\n<h2>\u00bfQu\u00e9 puede esperar durante el proceso?<\/h2>\n<p><span style=\"font-weight: 400;\">Las negociaciones de manutenci\u00f3n infantil suelen coincidir con situaciones de gran carga emocional, como divorcios o disputas por la <a class=\"wpil_keyword_link\" href=\"https:\/\/rfjesq.com\/es\/practice-areas\/family-law\/child-custody\/\" title=\"Custodia de menores\" data-wpil-keyword-link=\"linked\" data-wpil-monitor-id=\"4\">custodia<\/a>. Esto es lo que puede esperar:<\/span><\/p>\n<ol>\n<li style=\"font-weight: 400;\" aria-level=\"1\"><b>Presentaci\u00f3n del caso: <\/b><span style=\"font-weight: 400;\">Cualquiera de los padres puede iniciar un proceso de manutenci\u00f3n infantil presentando una solicitud ante el tribunal. Este paso inicia oficialmente el caso.<\/span><\/li>\n<li style=\"font-weight: 400;\" aria-level=\"1\"><b>Divulgaci\u00f3n de informaci\u00f3n: <\/b><span style=\"font-weight: 400;\">Ambos padres deben proporcionar documentos financieros, incluidos comprobantes de ingresos, gastos relacionados con los ni\u00f1os y otros registros relevantes.<\/span><\/li>\n<li style=\"font-weight: 400;\" aria-level=\"1\"><b>C\u00e1lculo y negociaci\u00f3n: <\/b><span style=\"font-weight: 400;\">Con base en las directrices de Arizona, el tribunal, a menudo con la participaci\u00f3n de los padres, eval\u00faa la manutenci\u00f3n financiera requerida. Esta fase podr\u00eda incluir una mediaci\u00f3n para resolver disputas.<\/span><\/li>\n<li style=\"font-weight: 400;\" aria-level=\"1\"><b>Audiencia judicial: <\/b><span style=\"font-weight: 400;\">Si los padres no pueden ponerse de acuerdo, un juez puede determinar el monto final de la manutenci\u00f3n de los hijos despu\u00e9s de evaluar todas las pruebas presentadas.<\/span><\/li>\n<li style=\"font-weight: 400;\" aria-level=\"1\"><b>Cumplimiento de la orden: <\/b><span style=\"font-weight: 400;\">Una vez finalizado un acuerdo u orden, el padre que paga debe cumplirlo. Arizona cuenta con estrictos mecanismos de cumplimiento para garantizar que los pagos se realicen a tiempo.<\/span><\/li>\n<li style=\"font-weight: 400;\" aria-level=\"1\"><b>Modificaciones: <\/b><span style=\"font-weight: 400;\">Con el tiempo, los cambios de vida, como la p\u00e9rdida del empleo, la reubicaci\u00f3n o las necesidades cambiantes del ni\u00f1o, pueden requerir ajustes al orden original.<\/span><\/li>\n<\/ol>\n<h2>\u00bfC\u00f3mo podemos ayudar?<\/h2>\n<p><span style=\"font-weight: 400;\">En Rachel Frazier Johnson Law, sabemos que cada familia es \u00fanica. Ya sea que est\u00e9 pasando por el proceso por primera vez, enfrentando problemas de cumplimiento o buscando modificaciones, estamos aqu\u00ed para proteger sus derechos. Nuestro equipo ofrece:<\/span><\/p>\n<ul>\n<li style=\"font-weight: 400;\" aria-level=\"1\"><b>Orientaci\u00f3n legal <\/b><span style=\"font-weight: 400;\">para comprender las pautas de manutenci\u00f3n infantil de Arizona.<\/span><\/li>\n<li style=\"font-weight: 400;\" aria-level=\"1\"><b>Defensa de resultados justos,<\/b><span style=\"font-weight: 400;\"> garantizando que las necesidades financieras de su hijo est\u00e9n representadas con precisi\u00f3n.<\/span><\/li>\n<li style=\"font-weight: 400;\" aria-level=\"1\"><b>Apoyo con modificaciones <\/b><span style=\"font-weight: 400;\">cuando surgen cambios en las circunstancias.<\/span><\/li>\n<li style=\"font-weight: 400;\" aria-level=\"1\"><b>Resoluci\u00f3n de problemas de cumplimiento,<\/b><span style=\"font-weight: 400;\"> ayud\u00e1ndole a abordar de manera efectiva los pagos atrasados o el apoyo retenido.<\/span><\/li>\n<\/ul>\n<p><span style=\"font-weight: 400;\">Nos tomamos el tiempo para comprender las circunstancias \u00fanicas de su familia y elaboramos estrategias personalizadas que mantienen el bienestar de su hijo en primer plano.<\/span><\/p>\n<h2>Abordar preocupaciones comunes<\/h2>\n<p><span style=\"font-weight: 400;\">Estamos aqu\u00ed para responder a sus preguntas m\u00e1s urgentes, incluyendo:<\/span><\/p>\n<ul>\n<li style=\"font-weight: 400;\" aria-level=\"1\"><b>\u00bfQu\u00e9 pasa si mi situaci\u00f3n financiera cambia? <\/b><span style=\"font-weight: 400;\">Puede solicitar una modificaci\u00f3n a su orden de manutenci\u00f3n infantil. Le guiaremos en el proceso para asegurar que los ajustes reflejen su situaci\u00f3n actual.<\/span><\/li>\n<li style=\"font-weight: 400;\" aria-level=\"1\"><b>\u00bfQu\u00e9 pasa si el otro padre se niega a pagar? <\/b><span style=\"font-weight: 400;\">Arizona ofrece herramientas de ejecuci\u00f3n, como el embargo de salario o la suspensi\u00f3n de la licencia, para garantizar el cumplimiento.<\/span><\/li>\n<li style=\"font-weight: 400;\" aria-level=\"1\"><b>\u00bfAfecta la manutenci\u00f3n infantil a los acuerdos de custodia? <\/b><span style=\"font-weight: 400;\">Si bien est\u00e1n relacionados, la manutenci\u00f3n infantil y la custodia son cuestiones distintas. Sin embargo, el tiempo de crianza a menudo afecta el c\u00e1lculo de la manutenci\u00f3n.<\/span><\/li>\n<\/ul>\n<h2>Cont\u00e1ctenos hoy para obtener asistencia personalizada.<\/h2>\n<p><span style=\"font-weight: 400;\">Con orientaci\u00f3n informada, puede lograr una resoluci\u00f3n que satisfaga tanto las necesidades de su hijo como su tranquilidad. Rachel Frazier Johnson Law se compromete a ser su defensor y aliado, ayud\u00e1ndole a resolver los desaf\u00edos legales y a avanzar con confianza.<\/span><\/p>\n<p><a href=\"https:\/\/rfjesq.com\/es\/contact\/\"><span style=\"font-weight: 400;\">Cont\u00e1ctenos<\/span><\/a> <span style=\"font-weight: 400;\">hoy para programar su consulta y descubrir c\u00f3mo podemos apoyar las necesidades de su familia con claridad, compasi\u00f3n y dedicaci\u00f3n inquebrantable. Juntos, crearemos un plan que beneficie a su hijo y le brinde la tranquilidad que merece.<\/span><\/p>\n","protected":false},"excerpt":{"rendered":"<p>Abogado de manutenci\u00f3n infantil en Phoenix En Rachel Frazier Johnson Law, entendemos que la manutenci\u00f3n infantil es m\u00e1s que una simple obligaci\u00f3n legal; es fundamental para garantizar el bienestar de su hijo. Comprender las leyes de manutenci\u00f3n infantil en Arizona puede ser abrumador, pero no tiene que afrontar este desaf\u00edo solo. Nuestro equipo compasivo est\u00e1 [&hellip;]<\/p>\n","protected":false},"author":2,"featured_media":3052,"parent":503,"menu_order":0,"comment_status":"closed","ping_status":"closed","template":"","meta":{"_acf_changed":false,"_oasis_is_in_workflow":0,"_oasis_original":0,"_oasis_task_priority":"","ocean_post_layout":"","ocean_both_sidebars_style":"","ocean_both_sidebars_content_width":0,"ocean_both_sidebars_sidebars_width":0,"ocean_sidebar":"","ocean_second_sidebar":"","ocean_disable_margins":"enable","ocean_add_body_class":"","ocean_shortcode_before_top_bar":"","ocean_shortcode_after_top_bar":"","ocean_shortcode_before_header":"","ocean_shortcode_after_header":"","ocean_has_shortcode":"","ocean_shortcode_after_title":"","ocean_shortcode_before_footer_widgets":"","ocean_shortcode_after_footer_widgets":"","ocean_shortcode_before_footer_bottom":"","ocean_shortcode_after_footer_bottom":"","ocean_display_top_bar":"default","ocean_display_header":"default","ocean_header_style":"","ocean_center_header_left_menu":"","ocean_custom_header_template":"","ocean_custom_logo":0,"ocean_custom_retina_logo":0,"ocean_custom_logo_max_width":0,"ocean_custom_logo_tablet_max_width":0,"ocean_custom_logo_mobile_max_width":0,"ocean_custom_logo_max_height":0,"ocean_custom_logo_tablet_max_height":0,"ocean_custom_logo_mobile_max_height":0,"ocean_header_custom_menu":"","ocean_menu_typo_font_family":"","ocean_menu_typo_font_subset":"","ocean_menu_typo_font_size":0,"ocean_menu_typo_font_size_tablet":0,"ocean_menu_typo_font_size_mobile":0,"ocean_menu_typo_font_size_unit":"px","ocean_menu_typo_font_weight":"","ocean_menu_typo_font_weight_tablet":"","ocean_menu_typo_font_weight_mobile":"","ocean_menu_typo_transform":"","ocean_menu_typo_transform_tablet":"","ocean_menu_typo_transform_mobile":"","ocean_menu_typo_line_height":0,"ocean_menu_typo_line_height_tablet":0,"ocean_menu_typo_line_height_mobile":0,"ocean_menu_typo_line_height_unit":"","ocean_menu_typo_spacing":0,"ocean_menu_typo_spacing_tablet":0,"ocean_menu_typo_spacing_mobile":0,"ocean_menu_typo_spacing_unit":"","ocean_menu_link_color":"","ocean_menu_link_color_hover":"","ocean_menu_link_color_active":"","ocean_menu_link_background":"","ocean_menu_link_hover_background":"","ocean_menu_link_active_background":"","ocean_menu_social_links_bg":"","ocean_menu_social_hover_links_bg":"","ocean_menu_social_links_color":"","ocean_menu_social_hover_links_color":"","ocean_disable_title":"default","ocean_disable_heading":"default","ocean_post_title":"","ocean_post_subheading":"","ocean_post_title_style":"","ocean_post_title_background_color":"","ocean_post_title_background":0,"ocean_post_title_bg_image_position":"","ocean_post_title_bg_image_attachment":"","ocean_post_title_bg_image_repeat":"","ocean_post_title_bg_image_size":"","ocean_post_title_height":0,"ocean_post_title_bg_overlay":0.5,"ocean_post_title_bg_overlay_color":"","ocean_disable_breadcrumbs":"default","ocean_breadcrumbs_color":"","ocean_breadcrumbs_separator_color":"","ocean_breadcrumbs_links_color":"","ocean_breadcrumbs_links_hover_color":"","ocean_display_footer_widgets":"default","ocean_display_footer_bottom":"default","ocean_custom_footer_template":"","footnotes":""},"class_list":["post-2092","page","type-page","status-publish","has-post-thumbnail","hentry","entry","has-media"],"acf":[],"_links":{"self":[{"href":"https:\/\/rfjesq.com\/es\/wp-json\/wp\/v2\/pages\/2092","targetHints":{"allow":["GET"]}}],"collection":[{"href":"https:\/\/rfjesq.com\/es\/wp-json\/wp\/v2\/pages"}],"about":[{"href":"https:\/\/rfjesq.com\/es\/wp-json\/wp\/v2\/types\/page"}],"author":[{"embeddable":true,"href":"https:\/\/rfjesq.com\/es\/wp-json\/wp\/v2\/users\/2"}],"replies":[{"embeddable":true,"href":"https:\/\/rfjesq.com\/es\/wp-json\/wp\/v2\/comments?post=2092"}],"version-history":[{"count":6,"href":"https:\/\/rfjesq.com\/es\/wp-json\/wp\/v2\/pages\/2092\/revisions"}],"predecessor-version":[{"id":2850,"href":"https:\/\/rfjesq.com\/es\/wp-json\/wp\/v2\/pages\/2092\/revisions\/2850"}],"up":[{"embeddable":true,"href":"https:\/\/rfjesq.com\/es\/wp-json\/wp\/v2\/pages\/503"}],"wp:featuredmedia":[{"embeddable":true,"href":"https:\/\/rfjesq.com\/es\/wp-json\/wp\/v2\/media\/3052"}],"wp:attachment":[{"href":"https:\/\/rfjesq.com\/es\/wp-json\/wp\/v2\/media?parent=2092"}],"curies":[{"name":"wp","href":"https:\/\/api.w.org\/{rel}","templated":true}]}}