{"id":2095,"date":"2025-07-25T14:01:44","date_gmt":"2025-07-25T19:01:44","guid":{"rendered":"https:\/\/rfjesq.com\/?page_id=2095"},"modified":"2025-10-09T16:29:59","modified_gmt":"2025-10-09T21:29:59","slug":"child-support-modifications","status":"publish","type":"page","link":"https:\/\/rfjesq.com\/es\/practice-areas\/family-law\/child-support-modifications\/","title":{"rendered":"Modificaciones de la manutenci\u00f3n infantil"},"content":{"rendered":"<h1>Abogados de modificaci\u00f3n de manutenci\u00f3n infantil en Phoenix<\/h1>\n<p><span style=\"font-weight: 400;\">La vida est\u00e1 llena de cambios inesperados. Las circunstancias que afectan su capacidad para cumplir o recibir<\/span><a href=\"https:\/\/rfjesq.com\/es\/practice-areas\/family-law\/child-support\/\"> <span style=\"font-weight: 400;\">la manutenci\u00f3n infantil<\/span><\/a> <span style=\"font-weight: 400;\">pueden cambiar con el tiempo, lo que crea la necesidad de revisar su orden actual. Si est\u00e1 considerando modificar su acuerdo de manutenci\u00f3n infantil en Arizona, comprender el proceso y los requisitos es el primer paso para obtener una orden justa y actualizada que refleje la realidad actual. Nuestro equipo de Rachel Frazier Johnson Law tiene experiencia en el manejo de diversos casos de modificaci\u00f3n con compasi\u00f3n y profesionalismo.<\/span><\/p>\n<h2>\u00bfCu\u00e1ndo se permiten modificaciones de la manutenci\u00f3n infantil?<\/h2>\n<p><span style=\"font-weight: 400;\">La ley de Arizona permite modificar las \u00f3rdenes de manutenci\u00f3n infantil cuando se produce un cambio sustancial y continuo que afecte la situaci\u00f3n financiera o las necesidades del menor. Los factores de calificaci\u00f3n comunes incluyen:<\/span><\/p>\n<ul>\n<li style=\"font-weight: 400;\" aria-level=\"1\"><b>Cambio en los ingresos: <\/b><span style=\"font-weight: 400;\">Un aumento o disminuci\u00f3n significativa en los ingresos, como un ascenso, la p\u00e9rdida del empleo o una discapacidad, puede ser motivo de modificaci\u00f3n.<\/span><\/li>\n<li style=\"font-weight: 400;\" aria-level=\"1\"><b>Cambios en<\/b><a href=\"https:\/\/rfjesq.com\/es\/practice-areas\/family-law\/parenting-time-visitation\/\"> <b>el tiempo de crianza<\/b><\/a><span style=\"font-weight: 400;\">:<\/span> <span style=\"font-weight: 400;\">Los ajustes en el tiempo que se pasa con un ni\u00f1o o un cambio significativo en los acuerdos de custodia pueden justificar cambios.<\/span><\/li>\n<li style=\"font-weight: 400;\" aria-level=\"1\"><b>Cambio en las necesidades del ni\u00f1o: <\/b><span style=\"font-weight: 400;\">si el ni\u00f1o desarrolla nuevas necesidades educativas, m\u00e9dicas u otras que requieran apoyo adicional, puede justificarse una modificaci\u00f3n.<\/span><\/li>\n<li style=\"font-weight: 400;\" aria-level=\"1\"><b>Cambio en las obligaciones financieras: <\/b><span style=\"font-weight: 400;\">Situaciones como agregar cobertura de seguro m\u00e9dico o gastos m\u00e9dicos inesperados a menudo juegan un papel.<\/span><\/li>\n<li style=\"font-weight: 400;\" aria-level=\"1\"><b>Otros cambios importantes en la vida: <\/b><span style=\"font-weight: 400;\">Algunos ejemplos son un nuevo matrimonio, una mudanza o el encarcelamiento de uno de los padres.<\/span><\/li>\n<\/ul>\n<p><span style=\"font-weight: 400;\">Los tribunales de Arizona exigen evidencia de un cambio sostenido, garantizando que las modificaciones sean necesarias y no se basen en cambios temporales.<\/span><\/p>\n<h2>Pasos para solicitar una modificaci\u00f3n de la manutenci\u00f3n infantil<\/h2>\n<p><span style=\"font-weight: 400;\">Modificar la manutenci\u00f3n de los hijos puede parecer desalentador, pero dividirlo en pasos manejables puede ayudar:<\/span><\/p>\n<ol>\n<li style=\"font-weight: 400;\" aria-level=\"1\"><b>Determinar la necesidad de modificaci\u00f3n:<\/b><span style=\"font-weight: 400;\"> identificar y documentar los cambios sustanciales y continuos en sus circunstancias.<\/span><\/li>\n<li style=\"font-weight: 400;\" aria-level=\"1\"><b>Complete los formularios requeridos:<\/b><span style=\"font-weight: 400;\"> Presente una solicitud de modificaci\u00f3n ante el tribunal que emiti\u00f3 la orden original de manutenci\u00f3n infantil. Los formularios necesarios y la documentaci\u00f3n de respaldo incluyen declaraciones de ingresos, comprobantes de gastos y detalles de cualquier cambio en el tiempo de crianza.<\/span><\/li>\n<li style=\"font-weight: 400;\" aria-level=\"1\"><b>Presentar la petici\u00f3n:<\/b><span style=\"font-weight: 400;\"> Presente la petici\u00f3n y la documentaci\u00f3n de respaldo ante el tribunal correspondiente de Arizona. Aseg\u00farese de que todos los formularios est\u00e9n correctamente completados y presentados conforme a los requisitos especificados.<\/span><\/li>\n<li style=\"font-weight: 400;\" aria-level=\"1\"><b>Solicitar una audiencia judicial:<\/b><span style=\"font-weight: 400;\"> El tribunal podr\u00eda programar una audiencia para revisar el caso. Es fundamental presentar su caso con claridad, respaldado por una documentaci\u00f3n organizada y exhaustiva.<\/span><\/li>\n<li style=\"font-weight: 400;\" aria-level=\"1\"><b>Espere la decisi\u00f3n del tribunal:<\/b><span style=\"font-weight: 400;\"> Una vez que el tribunal revise su petici\u00f3n, se tomar\u00e1 una decisi\u00f3n sobre los ajustes a su orden de manutenci\u00f3n. El monto actualizado suele entrar en vigor a principios del mes siguiente a la decisi\u00f3n.<\/span><\/li>\n<\/ol>\n<p><span style=\"font-weight: 400;\">Contar con apoyo legal profesional durante este proceso puede marcar una diferencia significativa.<\/span><\/p>\n<h2>C\u00f3mo puede ayudar Rachel Frazier Johnson Law<\/h2>\n<p><span style=\"font-weight: 400;\">Rachel Frazier Johnson Law est\u00e1 aqu\u00ed para brindarle orientaci\u00f3n compasiva y apoyo pr\u00e1ctico, ayud\u00e1ndolo a evitar errores comunes y maximizando la probabilidad de un resultado exitoso.<\/span><\/p>\n<ul>\n<li style=\"font-weight: 400;\" aria-level=\"1\"><b>Evaluaci\u00f3n integral: <\/b><span style=\"font-weight: 400;\">Evaluaremos sus circunstancias para determinar si la modificaci\u00f3n est\u00e1 justificada y le asesoraremos sobre la documentaci\u00f3n necesaria.<\/span><\/li>\n<li style=\"font-weight: 400;\" aria-level=\"1\"><b>Preparaci\u00f3n de documentos: <\/b><span style=\"font-weight: 400;\">Nuestro equipo se asegura de que todos los formularios se completen con precisi\u00f3n, respaldando su caso con la evidencia necesaria.<\/span><\/li>\n<li style=\"font-weight: 400;\" aria-level=\"1\"><b>Defensa en la corte: <\/b><span style=\"font-weight: 400;\">Con nuestro experimentado equipo legal represent\u00e1ndolo, presentaremos su caso de manera efectiva y protegeremos sus intereses durante las audiencias.<\/span><\/li>\n<li style=\"font-weight: 400;\" aria-level=\"1\"><b>Soporte continuo: <\/b><span style=\"font-weight: 400;\">Si sus circunstancias cambian en el futuro, estaremos aqu\u00ed para ayudarlo con modificaciones o ajustes adicionales seg\u00fan sea necesario.<\/span><\/li>\n<\/ul>\n<p><span style=\"font-weight: 400;\">Al trabajar con un abogado, puede sentirse seguro de saber que su caso se maneja meticulosamente, de principio a fin.<\/span><\/p>\n<h2>Cont\u00e1ctenos.<\/h2>\n<p><span style=\"font-weight: 400;\">Modificar una orden de manutenci\u00f3n infantil no tiene por qu\u00e9 ser estresante. En Rachel Frazier Johnson Law, nos comprometemos a empoderar a los padres con el conocimiento y el apoyo que necesitan para tomar decisiones informadas para sus familias. Ya sea que busque aumentar, disminuir o hacer cumplir la manutenci\u00f3n infantil, estamos aqu\u00ed para guiarlo en cada paso del proceso.<\/span><\/p>\n<p><a href=\"https:\/\/rfjesq.com\/es\/contact\/\"><span style=\"font-weight: 400;\">Cont\u00e1ctenos<\/span><\/a> <span style=\"font-weight: 400;\">para programar una consulta y conocer c\u00f3mo podemos ayudarlo a modificar su orden de manutenci\u00f3n infantil para reflejar sus circunstancias actuales.<\/span><\/p>\n","protected":false},"excerpt":{"rendered":"<p>Abogados de modificaci\u00f3n de manutenci\u00f3n infantil en Phoenix La vida est\u00e1 llena de cambios inesperados. Las circunstancias que afectan su capacidad para cumplir o recibir la manutenci\u00f3n infantil pueden cambiar con el tiempo, lo que crea la necesidad de revisar su orden actual. Si est\u00e1 considerando modificar su acuerdo de manutenci\u00f3n infantil en Arizona, comprender [&hellip;]<\/p>\n","protected":false},"author":2,"featured_media":3046,"parent":503,"menu_order":0,"comment_status":"closed","ping_status":"closed","template":"","meta":{"_acf_changed":false,"_oasis_is_in_workflow":0,"_oasis_original":0,"_oasis_task_priority":"","ocean_post_layout":"","ocean_both_sidebars_style":"","ocean_both_sidebars_content_width":0,"ocean_both_sidebars_sidebars_width":0,"ocean_sidebar":"","ocean_second_sidebar":"","ocean_disable_margins":"enable","ocean_add_body_class":"","ocean_shortcode_before_top_bar":"","ocean_shortcode_after_top_bar":"","ocean_shortcode_before_header":"","ocean_shortcode_after_header":"","ocean_has_shortcode":"","ocean_shortcode_after_title":"","ocean_shortcode_before_footer_widgets":"","ocean_shortcode_after_footer_widgets":"","ocean_shortcode_before_footer_bottom":"","ocean_shortcode_after_footer_bottom":"","ocean_display_top_bar":"default","ocean_display_header":"default","ocean_header_style":"","ocean_center_header_left_menu":"","ocean_custom_header_template":"","ocean_custom_logo":0,"ocean_custom_retina_logo":0,"ocean_custom_logo_max_width":0,"ocean_custom_logo_tablet_max_width":0,"ocean_custom_logo_mobile_max_width":0,"ocean_custom_logo_max_height":0,"ocean_custom_logo_tablet_max_height":0,"ocean_custom_logo_mobile_max_height":0,"ocean_header_custom_menu":"","ocean_menu_typo_font_family":"","ocean_menu_typo_font_subset":"","ocean_menu_typo_font_size":0,"ocean_menu_typo_font_size_tablet":0,"ocean_menu_typo_font_size_mobile":0,"ocean_menu_typo_font_size_unit":"px","ocean_menu_typo_font_weight":"","ocean_menu_typo_font_weight_tablet":"","ocean_menu_typo_font_weight_mobile":"","ocean_menu_typo_transform":"","ocean_menu_typo_transform_tablet":"","ocean_menu_typo_transform_mobile":"","ocean_menu_typo_line_height":0,"ocean_menu_typo_line_height_tablet":0,"ocean_menu_typo_line_height_mobile":0,"ocean_menu_typo_line_height_unit":"","ocean_menu_typo_spacing":0,"ocean_menu_typo_spacing_tablet":0,"ocean_menu_typo_spacing_mobile":0,"ocean_menu_typo_spacing_unit":"","ocean_menu_link_color":"","ocean_menu_link_color_hover":"","ocean_menu_link_color_active":"","ocean_menu_link_background":"","ocean_menu_link_hover_background":"","ocean_menu_link_active_background":"","ocean_menu_social_links_bg":"","ocean_menu_social_hover_links_bg":"","ocean_menu_social_links_color":"","ocean_menu_social_hover_links_color":"","ocean_disable_title":"default","ocean_disable_heading":"default","ocean_post_title":"","ocean_post_subheading":"","ocean_post_title_style":"","ocean_post_title_background_color":"","ocean_post_title_background":0,"ocean_post_title_bg_image_position":"","ocean_post_title_bg_image_attachment":"","ocean_post_title_bg_image_repeat":"","ocean_post_title_bg_image_size":"","ocean_post_title_height":0,"ocean_post_title_bg_overlay":0.5,"ocean_post_title_bg_overlay_color":"","ocean_disable_breadcrumbs":"default","ocean_breadcrumbs_color":"","ocean_breadcrumbs_separator_color":"","ocean_breadcrumbs_links_color":"","ocean_breadcrumbs_links_hover_color":"","ocean_display_footer_widgets":"default","ocean_display_footer_bottom":"default","ocean_custom_footer_template":"","footnotes":""},"class_list":["post-2095","page","type-page","status-publish","has-post-thumbnail","hentry","entry","has-media"],"acf":[],"_links":{"self":[{"href":"https:\/\/rfjesq.com\/es\/wp-json\/wp\/v2\/pages\/2095","targetHints":{"allow":["GET"]}}],"collection":[{"href":"https:\/\/rfjesq.com\/es\/wp-json\/wp\/v2\/pages"}],"about":[{"href":"https:\/\/rfjesq.com\/es\/wp-json\/wp\/v2\/types\/page"}],"author":[{"embeddable":true,"href":"https:\/\/rfjesq.com\/es\/wp-json\/wp\/v2\/users\/2"}],"replies":[{"embeddable":true,"href":"https:\/\/rfjesq.com\/es\/wp-json\/wp\/v2\/comments?post=2095"}],"version-history":[{"count":4,"href":"https:\/\/rfjesq.com\/es\/wp-json\/wp\/v2\/pages\/2095\/revisions"}],"predecessor-version":[{"id":2717,"href":"https:\/\/rfjesq.com\/es\/wp-json\/wp\/v2\/pages\/2095\/revisions\/2717"}],"up":[{"embeddable":true,"href":"https:\/\/rfjesq.com\/es\/wp-json\/wp\/v2\/pages\/503"}],"wp:featuredmedia":[{"embeddable":true,"href":"https:\/\/rfjesq.com\/es\/wp-json\/wp\/v2\/media\/3046"}],"wp:attachment":[{"href":"https:\/\/rfjesq.com\/es\/wp-json\/wp\/v2\/media?parent=2095"}],"curies":[{"name":"wp","href":"https:\/\/api.w.org\/{rel}","templated":true}]}}