{"id":2098,"date":"2025-07-25T13:55:06","date_gmt":"2025-07-25T18:55:06","guid":{"rendered":"https:\/\/rfjesq.com\/?page_id=2098"},"modified":"2025-10-09T16:32:09","modified_gmt":"2025-10-09T21:32:09","slug":"divorce","status":"publish","type":"page","link":"https:\/\/rfjesq.com\/es\/practice-areas\/family-law\/divorce\/","title":{"rendered":"Divorcio"},"content":{"rendered":"<h1>Abogado de divorcios en Phoenix<\/h1>\n<p><span style=\"font-weight: 400\">El <a class=\"wpil_keyword_link\" href=\"https:\/\/rfjesq.com\/es\/practice-areas\/family-law\/divorce\/\"   title=\"Divorce\" data-wpil-keyword-link=\"linked\"  data-wpil-monitor-id=\"1576\">divorcio<\/a> es una decisi\u00f3n personal que cambia la vida, a menudo llena de incertidumbre y desaf\u00edos emocionales. En Rachel Frazier Johnson Law, comprendemos la importancia de este momento en su vida. Por eso estamos aqu\u00ed para brindarle la compasi\u00f3n, la claridad y la orientaci\u00f3n que merece. No est\u00e1 solo; estamos aqu\u00ed para acompa\u00f1arle en este proceso con cari\u00f1o, asegur\u00e1ndonos de que se<\/span><a href=\"https:\/\/rfjesq.com\/es\/practice-areas\/family-law\/spousal-support\/\"> <span style=\"font-weight: 400\">sienta apoyado<\/span><\/a> <span style=\"font-weight: 400\">en cada paso.<\/span><\/p>\n<h2>Los conceptos b\u00e1sicos del divorcio en Arizona<\/h2>\n<p><span style=\"font-weight: 400\">Arizona es un estado donde el divorcio es sin culpa, lo que significa que no es necesario demostrar faltas como infidelidad o abuso para solicitar el divorcio. En cambio, simplemente debe afirmar que su matrimonio est\u00e1 irremediablemente roto. En Arizona, para solicitar el divorcio se requiere que al menos uno de los c\u00f3nyuges haya residido en el estado durante al menos 90 d\u00edas.<\/span><\/p>\n<p><span style=\"font-weight: 400\">El proceso de divorcio comienza con la presentaci\u00f3n de una Solicitud de Disoluci\u00f3n del Matrimonio ante el tribunal correspondiente. Tras la presentaci\u00f3n y notificaci\u00f3n de la solicitud a su c\u00f3nyuge, este tiene 20 d\u00edas para responder (30 d\u00edas si reside fuera del estado). Si su c\u00f3nyuge no responde, el tribunal podr\u00eda dictar una sentencia en rebeld\u00eda.<\/span><\/p>\n<h2>Pasos clave en el proceso de divorcio<\/h2>\n<p><span style=\"font-weight: 400\">El proceso de divorcio en Arizona generalmente implica varias etapas:<\/span><\/p>\n<ol>\n<li style=\"font-weight: 400\"><b>Presentaci\u00f3n y respuesta: <\/b><span style=\"font-weight: 400\">El proceso comienza cuando una parte presenta una petici\u00f3n de divorcio y la notifica a la otra parte, quien luego tiene la oportunidad de presentar una respuesta legal.<\/span><\/li>\n<li style=\"font-weight: 400\"><b>\u00d3rdenes temporales: <\/b><span style=\"font-weight: 400\">Cualquiera de las partes puede solicitar \u00f3rdenes temporales sobre cuestiones como la <a class=\"wpil_keyword_link\" href=\"https:\/\/rfjesq.com\/es\/practice-areas\/family-law\/child-custody\/\" title=\"Custodia de menores\" data-wpil-keyword-link=\"linked\" data-wpil-monitor-id=\"3\">custodia<\/a> de los hijos, la manutenci\u00f3n de los hijos, la manutenci\u00f3n del c\u00f3nyuge o el uso de los bienes conyugales durante los procedimientos de divorcio.<\/span><\/li>\n<li style=\"font-weight: 400\"><b>Divulgaci\u00f3n y descubrimiento: <\/b><span style=\"font-weight: 400\">Ambos c\u00f3nyuges deben divulgar informaci\u00f3n financiera, incluyendo ingresos, deudas y bienes. Esto es fundamental para comprender la divisi\u00f3n de bienes y las obligaciones de manutenci\u00f3n.<\/span><\/li>\n<li style=\"font-weight: 400\"><b>Negociaci\u00f3n y mediaci\u00f3n:<\/b><a href=\"https:\/\/rfjesq.com\/es\/practice-areas\/family-law\/divorce-mediation\/\"> <span style=\"font-weight: 400\">La mediaci\u00f3n<\/span><\/a> <span style=\"font-weight: 400\">ofrece a muchas parejas un enfoque rentable y menos conflictivo para resolver disputas. Ofrece un enfoque estructurado para resolver asuntos cruciales como la divisi\u00f3n de bienes, la custodia de los hijos y la manutenci\u00f3n, promoviendo la colaboraci\u00f3n y el entendimiento mutuo.<\/span><\/li>\n<li style=\"font-weight: 400\"><b>Juicio (si es necesario): <\/b><span style=\"font-weight: 400\">Si no se llega a un acuerdo, el divorcio puede proceder a juicio, donde un juez resolver\u00e1 cualquier cuesti\u00f3n en disputa y tomar\u00e1 las decisiones finales.<\/span><\/li>\n<li style=\"font-weight: 400\"><b>Finalizaci\u00f3n del divorcio: <\/b><span style=\"font-weight: 400\">Una vez resueltos todos los asuntos, ya sea por acuerdo mutuo o por orden judicial, el divorcio se finaliza mediante la firma de un Decreto de Disoluci\u00f3n del Matrimonio.<\/span><\/li>\n<\/ol>\n<h2>Qu\u00e9 esperar durante su proceso de divorcio<\/h2>\n<p><span style=\"font-weight: 400\">El proceso de divorcio puede generar inquietudes sobre la estabilidad financiera, la custodia de los hijos y el impacto emocional en usted y su familia. Podr\u00eda enfrentar dificultades para dividir los bienes o resolver disputas amistosamente. Es fundamental contar con un abogado compasivo y con experiencia que pueda anticipar estos obst\u00e1culos y guiarlo con confianza y precisi\u00f3n.<\/span><\/p>\n<p><span style=\"font-weight: 400\">En Rachel Frazier Johnson Law, nos enfocamos en proteger lo que m\u00e1s le importa. Trabajamos estrechamente con usted para comprender sus circunstancias \u00fanicas, abordar sus inquietudes y crear una estrategia legal adaptada a sus objetivos.<\/span><\/p>\n<h2>\u00bfPor qu\u00e9 elegir Rachel Frazier Johnson Law?<\/h2>\n<p><span style=\"font-weight: 400\">En nuestra firma, sabemos que el divorcio no es solo un proceso legal; es una experiencia emocional y, a menudo, transformadora. Nos enorgullecemos de equilibrar la comprensi\u00f3n legal con una defensa compasiva, garantizando que sus necesidades y derechos sigan siendo nuestra m\u00e1xima prioridad.<\/span><\/p>\n<ul>\n<li style=\"font-weight: 400\"><b>Empat\u00eda y conocimiento legal: <\/b><span style=\"font-weight: 400\">Escuchamos su historia y elaboramos un enfoque personalizado para ayudarle a lograr un resultado justo. Ya sea negociando la custodia, repartiendo bienes o estableciendo acuerdos de manutenci\u00f3n, le acompa\u00f1amos durante todo el proceso.<\/span><\/li>\n<li style=\"font-weight: 400\"><b>Reducci\u00f3n del estr\u00e9s mediante la orientaci\u00f3n: <\/b><span style=\"font-weight: 400\">Simplificamos t\u00e9rminos legales complejos, explicamos claramente sus opciones y le ayudamos a tomar decisiones informadas. Nuestro enfoque est\u00e1 dise\u00f1ado para reducir el estr\u00e9s y empoderarle.<\/span><\/li>\n<li style=\"font-weight: 400\"><b>Defendiendo sus intereses: <\/b><span style=\"font-weight: 400\">Con a\u00f1os de experiencia en derecho familiar en Arizona, nuestro equipo se destaca por brindar una defensa experta y compasiva a nuestros clientes. Ya sea mediante mediaci\u00f3n o litigio, buscamos incansablemente el mejor resultado posible para usted y su familia.<\/span><\/li>\n<\/ul>\n<h2>Servicios integrales de divorcio<span style=\"font-weight: 400\">\u00a0\u00a0<\/span><\/h2>\n<p><span style=\"font-weight: 400\">El divorcio es, sin duda, uno de los retos m\u00e1s dif\u00edciles de la vida, pero no tiene por qu\u00e9 afrontarlo solo. Nuestro bufete ofrece servicios integrales de divorcio adaptados a sus necesidades espec\u00edficas. Desde la negociaci\u00f3n de la divisi\u00f3n de bienes y la manutenci\u00f3n conyugal hasta la gesti\u00f3n de la custodia de los hijos, brindamos apoyo compasivo y representaci\u00f3n experta. Nos centramos en lograr resultados justos y equitativos, minimizando los conflictos y el estr\u00e9s siempre que sea posible, priorizando siempre el bienestar y la estabilidad futura de su familia.<\/span><\/p>\n<h2>Cont\u00e1ctenos hoy.<\/h2>\n<p><span style=\"font-weight: 400\">En Rachel Frazier Johnson Law, nos comprometemos a ser su aliado legal de confianza, ofreci\u00e9ndole compasi\u00f3n, claridad y confianza de principio a fin.<\/span><a href=\"https:\/\/rfjesq.com\/es\/contact\/\"> <span style=\"font-weight: 400\">Cont\u00e1ctenos<\/span><\/a> <span style=\"font-weight: 400\">hoy mismo para programar su consulta. Juntos, le ayudaremos a obtener la resoluci\u00f3n que merece.<\/span><\/p>\n","protected":false},"excerpt":{"rendered":"<p>Abogado de divorcios en Phoenix El divorcio es una decisi\u00f3n personal que cambia la vida, a menudo llena de incertidumbre y desaf\u00edos emocionales. En Rachel Frazier Johnson Law, comprendemos la importancia de este momento en su vida. Por eso estamos aqu\u00ed para brindarle la compasi\u00f3n, la claridad y la orientaci\u00f3n que merece. No est\u00e1 solo; [&hellip;]<\/p>\n","protected":false},"author":2,"featured_media":3058,"parent":503,"menu_order":0,"comment_status":"closed","ping_status":"closed","template":"","meta":{"_acf_changed":false,"_oasis_is_in_workflow":0,"_oasis_original":0,"_oasis_task_priority":"","ocean_post_layout":"","ocean_both_sidebars_style":"","ocean_both_sidebars_content_width":0,"ocean_both_sidebars_sidebars_width":0,"ocean_sidebar":"","ocean_second_sidebar":"","ocean_disable_margins":"enable","ocean_add_body_class":"","ocean_shortcode_before_top_bar":"","ocean_shortcode_after_top_bar":"","ocean_shortcode_before_header":"","ocean_shortcode_after_header":"","ocean_has_shortcode":"","ocean_shortcode_after_title":"","ocean_shortcode_before_footer_widgets":"","ocean_shortcode_after_footer_widgets":"","ocean_shortcode_before_footer_bottom":"","ocean_shortcode_after_footer_bottom":"","ocean_display_top_bar":"default","ocean_display_header":"default","ocean_header_style":"","ocean_center_header_left_menu":"","ocean_custom_header_template":"","ocean_custom_logo":0,"ocean_custom_retina_logo":0,"ocean_custom_logo_max_width":0,"ocean_custom_logo_tablet_max_width":0,"ocean_custom_logo_mobile_max_width":0,"ocean_custom_logo_max_height":0,"ocean_custom_logo_tablet_max_height":0,"ocean_custom_logo_mobile_max_height":0,"ocean_header_custom_menu":"","ocean_menu_typo_font_family":"","ocean_menu_typo_font_subset":"","ocean_menu_typo_font_size":0,"ocean_menu_typo_font_size_tablet":0,"ocean_menu_typo_font_size_mobile":0,"ocean_menu_typo_font_size_unit":"px","ocean_menu_typo_font_weight":"","ocean_menu_typo_font_weight_tablet":"","ocean_menu_typo_font_weight_mobile":"","ocean_menu_typo_transform":"","ocean_menu_typo_transform_tablet":"","ocean_menu_typo_transform_mobile":"","ocean_menu_typo_line_height":0,"ocean_menu_typo_line_height_tablet":0,"ocean_menu_typo_line_height_mobile":0,"ocean_menu_typo_line_height_unit":"","ocean_menu_typo_spacing":0,"ocean_menu_typo_spacing_tablet":0,"ocean_menu_typo_spacing_mobile":0,"ocean_menu_typo_spacing_unit":"","ocean_menu_link_color":"","ocean_menu_link_color_hover":"","ocean_menu_link_color_active":"","ocean_menu_link_background":"","ocean_menu_link_hover_background":"","ocean_menu_link_active_background":"","ocean_menu_social_links_bg":"","ocean_menu_social_hover_links_bg":"","ocean_menu_social_links_color":"","ocean_menu_social_hover_links_color":"","ocean_disable_title":"default","ocean_disable_heading":"default","ocean_post_title":"","ocean_post_subheading":"","ocean_post_title_style":"","ocean_post_title_background_color":"","ocean_post_title_background":0,"ocean_post_title_bg_image_position":"","ocean_post_title_bg_image_attachment":"","ocean_post_title_bg_image_repeat":"","ocean_post_title_bg_image_size":"","ocean_post_title_height":0,"ocean_post_title_bg_overlay":0.5,"ocean_post_title_bg_overlay_color":"","ocean_disable_breadcrumbs":"default","ocean_breadcrumbs_color":"","ocean_breadcrumbs_separator_color":"","ocean_breadcrumbs_links_color":"","ocean_breadcrumbs_links_hover_color":"","ocean_display_footer_widgets":"default","ocean_display_footer_bottom":"default","ocean_custom_footer_template":"","footnotes":""},"class_list":["post-2098","page","type-page","status-publish","has-post-thumbnail","hentry","entry","has-media"],"acf":[],"_links":{"self":[{"href":"https:\/\/rfjesq.com\/es\/wp-json\/wp\/v2\/pages\/2098","targetHints":{"allow":["GET"]}}],"collection":[{"href":"https:\/\/rfjesq.com\/es\/wp-json\/wp\/v2\/pages"}],"about":[{"href":"https:\/\/rfjesq.com\/es\/wp-json\/wp\/v2\/types\/page"}],"author":[{"embeddable":true,"href":"https:\/\/rfjesq.com\/es\/wp-json\/wp\/v2\/users\/2"}],"replies":[{"embeddable":true,"href":"https:\/\/rfjesq.com\/es\/wp-json\/wp\/v2\/comments?post=2098"}],"version-history":[{"count":777,"href":"https:\/\/rfjesq.com\/es\/wp-json\/wp\/v2\/pages\/2098\/revisions"}],"predecessor-version":[{"id":4656,"href":"https:\/\/rfjesq.com\/es\/wp-json\/wp\/v2\/pages\/2098\/revisions\/4656"}],"up":[{"embeddable":true,"href":"https:\/\/rfjesq.com\/es\/wp-json\/wp\/v2\/pages\/503"}],"wp:featuredmedia":[{"embeddable":true,"href":"https:\/\/rfjesq.com\/es\/wp-json\/wp\/v2\/media\/3058"}],"wp:attachment":[{"href":"https:\/\/rfjesq.com\/es\/wp-json\/wp\/v2\/media?parent=2098"}],"curies":[{"name":"wp","href":"https:\/\/api.w.org\/{rel}","templated":true}]}}