{"id":2101,"date":"2025-07-31T09:38:53","date_gmt":"2025-07-31T14:38:53","guid":{"rendered":"https:\/\/rfjesq.com\/?page_id=2101"},"modified":"2025-10-10T01:50:49","modified_gmt":"2025-10-10T06:50:49","slug":"divorce-mediation","status":"publish","type":"page","link":"https:\/\/rfjesq.com\/es\/practice-areas\/family-law\/divorce-mediation\/","title":{"rendered":"Mediaci\u00f3n de Divorcio"},"content":{"rendered":"<h1 class=\"page-heading\">Abogado de mediaci\u00f3n de divorcios en Phoenix<\/h1>\n<p>El divorcio es una de las transiciones m\u00e1s dif\u00edciles de la vida. Las emociones suelen estar a flor de piel y las batallas legales pueden amenazar con separar a las familias. Pero existe una opci\u00f3n que puede ayudarles a encontrar puntos en com\u00fan y seguir adelante con dignidad: la mediaci\u00f3n de divorcio.<\/p>\n<p>En Rachel Frazier Johnson Law, ofrecemos servicios de mediaci\u00f3n de divorcio profesionales y compasivos en Phoenix, dise\u00f1ados para ayudarlo a resolver disputas de manera amistosa, reducir el estr\u00e9s y ahorrar tiempo y dinero, todo mientras mantiene los<a href=\"https:\/\/rfjesq.com\/es\/practice-areas\/family-law\/child-custody\/\"> mejores intereses de su familia<\/a> en primer plano.<\/p>\n<h2>\u00bfPor qu\u00e9 elegir la mediaci\u00f3n de divorcio?<\/h2>\n<p>La mediaci\u00f3n de <a class=\"wpil_keyword_link\" href=\"https:\/\/rfjesq.com\/es\/practice-areas\/family-law\/divorce\/\"   title=\"Divorcio\" data-wpil-keyword-link=\"linked\"  data-wpil-monitor-id=\"14\">divorcio<\/a> es un proceso colaborativo que les brinda a usted y a su c\u00f3nyuge la oportunidad de negociar cualquier t\u00e9rmino controvertido de su separaci\u00f3n en un ambiente respetuoso y controlado. A diferencia de los litigios tradicionales, la mediaci\u00f3n no se trata de ganar o perder. Se centra en encontrar una resoluci\u00f3n justa que ambas partes puedan aceptar sin intervenci\u00f3n judicial. Estos son algunos beneficios clave:<\/p>\n<ul>\n<li><b>Rentable: <\/b>La mediaci\u00f3n generalmente cuesta menos que una larga batalla judicial.<\/li>\n<li><b>Eficiencia en el tiempo: <\/b>los casos a menudo se resuelven en cuesti\u00f3n de meses en lugar de a\u00f1os.<\/li>\n<li><b>Confidencial: <\/b>Las sesiones de mediaci\u00f3n son privadas, lo que permite una discusi\u00f3n honesta sin un registro p\u00fablico.<\/li>\n<li><b>Control sobre el resultado: <\/b>Usted tiene participaci\u00f3n directa en la configuraci\u00f3n del acuerdo final.<\/li>\n<li><b>Reducci\u00f3n de conflictos: <\/b>La mediaci\u00f3n fomenta la cooperaci\u00f3n, ayudando a preservar las relaciones, lo que es especialmente importante si hay ni\u00f1os involucrados.<\/li>\n<\/ul>\n<p>Al elegir la mediaci\u00f3n, usted est\u00e1 dando un paso proactivo hacia un final m\u00e1s tranquilo y respetuoso para su matrimonio.<\/p>\n<h2>Nuestro enfoque en la mediaci\u00f3n del divorcio<\/h2>\n<p>En Rachel Frazier Johnson Law, entendemos que cada divorcio es \u00fanico. Nuestro proceso de mediaci\u00f3n es compasivo, completo y adaptable, lo que permite a nuestro equipo abordar disputas legales complejas con confianza. Nos centramos en garantizar que ambas partes tengan la oportunidad de ser escuchadas y en elaborar un acuerdo final que refleje sus mejores intereses.<\/p>\n<h3>Un proceso personalizado y colaborativo<\/h3>\n<p>Comenzamos con una consulta confidencial donde escuchamos su historia y le explicamos el proceso de mediaci\u00f3n. Creemos que toda familia merece una oportunidad justa para comunicarse y negociar, por eso nuestro enfoque incluye:<\/p>\n<ul>\n<li><b>Consulta inicial: <\/b>Nos reunimos con ambas partes (juntas o por separado) para hablar sobre sus inquietudes, objetivos y expectativas. Este es un espacio libre de juicios donde sus sentimientos y prioridades son escuchados y utilizados para guiar el enfoque de nuestro equipo.<\/li>\n<li><b>Preparaci\u00f3n y documentaci\u00f3n: <\/b>Le ayudamos a recopilar los documentos, registros financieros y dem\u00e1s pruebas necesarios para respaldar su postura durante la mediaci\u00f3n. Esta preparaci\u00f3n facilita el di\u00e1logo productivo.<\/li>\n<li><b>Sesiones de mediaci\u00f3n: <\/b>Mediante una serie de sesiones estructuradas, que pueden realizarse presencialmente o virtualmente, facilitamos un di\u00e1logo tranquilo y constructivo. Nuestra mediadora (a menudo dirigida por la propia Rachel Frazier Johnson) gu\u00eda la conversaci\u00f3n, permitiendo que ambas partes expresen sus necesidades y trabajen para encontrar soluciones mutuamente aceptables.<\/li>\n<li><b>Redacci\u00f3n de un acuerdo de conciliaci\u00f3n: <\/b>una vez que haya llegado a un consenso sobre cuestiones clave como la divisi\u00f3n de activos, la custodia de los hijos y los acuerdos de manutenci\u00f3n, le ayudamos a redactar un acuerdo integral que refleje sus decisiones.<\/li>\n<li><b>Aprobaci\u00f3n judicial: <\/b>Finalmente, el acuerdo mediado se presenta ante el tribunal. Una vez aprobado, adquiere fuerza legal, lo que le permite avanzar con seguridad.<\/li>\n<\/ul>\n<h3>Mediaci\u00f3n experimentada con un enfoque legal<\/h3>\n<p>Con m\u00e1s de <a class=\"wpil_keyword_link\" href=\"https:\/\/rfjesq.com\/es\/team\/rachel-frazier-johnson\/\"   title=\"Rachel Frazier Johnson\" data-wpil-keyword-link=\"linked\"  data-wpil-monitor-id=\"22\">25 a\u00f1os de experiencia<\/a> en litigios, nuestro equipo no solo comprende la ley a la perfecci\u00f3n, sino que tambi\u00e9n comprende los aspectos emocionales del divorcio. Aprovechamos nuestra amplia experiencia legal para garantizar que cada acuerdo cumpla con la ley de Arizona y proteja plenamente sus intereses. Nuestro objetivo en la mediaci\u00f3n es ayudarle a evitar un entorno judicial contencioso y a adoptar un proceso que promueva la sanaci\u00f3n y la cooperaci\u00f3n.<\/p>\n<h2>Preguntas frecuentes sobre la mediaci\u00f3n de divorcios<\/h2>\n<p>Entendemos que puede tener muchas preguntas sobre el proceso de mediaci\u00f3n. Estas son algunas de las consultas m\u00e1s frecuentes que recibimos:<\/p>\n<div class=\"inn-prfle accordion\" itemscope itemtype=\"https:\/\/schema.org\/FAQPage\">\n<div class=\"accordion-section\" itemprop=\"mainEntity\" itemscope itemtype=\"https:\/\/schema.org\/Question\">\n<h5 class=\"accordion-heading\" itemprop=\"name\">\u00bfQu\u00e9 es la mediaci\u00f3n de divorcio?<\/h5>\n<div class=\"accordion-section-content\" itemprop=\"acceptedAnswer\" itemscope itemtype=\"https:\/\/schema.org\/Answer\" style=\"display: none;\">\n<p itemprop=\"text\">La mediaci\u00f3n de divorcio es un proceso alternativo de resoluci\u00f3n de disputas donde un tercero neutral (el mediador) ayuda a ambos c\u00f3nyuges a negociar los t\u00e9rminos de su divorcio. El mediador no toma decisiones por usted, sino que facilita un di\u00e1logo que conduce a un acuerdo mutuamente aceptable.<\/p>\n<\/div>\n<\/div>\n<div class=\"accordion-section\" itemprop=\"mainEntity\" itemscope itemtype=\"https:\/\/schema.org\/Question\">\n<h5 class=\"accordion-heading\" itemprop=\"name\">\u00bfEs la mediaci\u00f3n jur\u00eddicamente vinculante?<\/h5>\n<div class=\"accordion-section-content\" itemprop=\"acceptedAnswer\" itemscope itemtype=\"https:\/\/schema.org\/Answer\" style=\"display: none;\">\n<p itemprop=\"text\">El proceso de mediaci\u00f3n en s\u00ed no es vinculante, lo que significa que no se le obliga a aceptar ning\u00fan acuerdo. Sin embargo, una vez que se llegue a un acuerdo, el mediador ayudar\u00e1 a redactar un acuerdo que, una vez aprobado por el tribunal, ser\u00e1 legalmente vinculante.<\/p>\n<\/div>\n<\/div>\n<div class=\"accordion-section\" itemprop=\"mainEntity\" itemscope itemtype=\"https:\/\/schema.org\/Question\">\n<h5 class=\"accordion-heading\" itemprop=\"name\">\u00bfCu\u00e1nto tiempo dura el proceso de mediaci\u00f3n?<\/h5>\n<div class=\"accordion-section-content\" itemprop=\"acceptedAnswer\" itemscope itemtype=\"https:\/\/schema.org\/Answer\" style=\"display: none;\">\n<p itemprop=\"text\">El plazo de mediaci\u00f3n var\u00eda seg\u00fan la complejidad de su caso. Los casos sencillos pueden resolverse en unas pocas sesiones a lo largo de un par de meses, mientras que las disputas m\u00e1s complejas pueden requerir varios meses de sesiones de mediaci\u00f3n.<\/p>\n<\/div>\n<\/div>\n<div class=\"accordion-section\" itemprop=\"mainEntity\" itemscope itemtype=\"https:\/\/schema.org\/Question\">\n<h5 class=\"accordion-heading\" itemprop=\"name\">\u00bfQu\u00e9 pasa si no podemos llegar a un acuerdo?<\/h5>\n<div class=\"accordion-section-content\" itemprop=\"acceptedAnswer\" itemscope itemtype=\"https:\/\/schema.org\/Answer\" style=\"display: none;\">\n<p itemprop=\"text\">Si la mediaci\u00f3n no logra un acuerdo, a\u00fan tiene la opci\u00f3n de recurrir al litigio tradicional. Sin embargo, muchas parejas consideran que la mediaci\u00f3n abre la puerta a un acuerdo que ser\u00eda dif\u00edcil de lograr en un tribunal.<\/p>\n<\/div>\n<\/div>\n<div class=\"accordion-section\" itemprop=\"mainEntity\" itemscope itemtype=\"https:\/\/schema.org\/Question\">\n<h5 class=\"accordion-heading\" itemprop=\"name\">\u00bfCu\u00e1nto cuesta la mediaci\u00f3n de divorcio?<\/h5>\n<div class=\"accordion-section-content\" itemprop=\"acceptedAnswer\" itemscope itemtype=\"https:\/\/schema.org\/Answer\" style=\"display: none;\">\n<p itemprop=\"text\">La mediaci\u00f3n suele ser m\u00e1s econ\u00f3mica que el litigio tradicional. Los costos pueden variar seg\u00fan el n\u00famero de sesiones necesarias, pero nuestro objetivo es ofrecer una alternativa rentable que reduzca los honorarios legales y la tensi\u00f3n emocional.<\/p>\n<\/div>\n<\/div>\n<div class=\"accordion-section\" itemprop=\"mainEntity\" itemscope itemtype=\"https:\/\/schema.org\/Question\">\n<h5 class=\"accordion-heading\" itemprop=\"name\">Preparaci\u00f3n para la mediaci\u00f3n de divorcio: consejos para un proceso m\u00e1s fluido<\/h5>\n<div class=\"accordion-section-content\" itemprop=\"acceptedAnswer\" itemscope itemtype=\"https:\/\/schema.org\/Answer\" style=\"display: none;\">\n<p itemprop=\"text\">Una mediaci\u00f3n exitosa comienza mucho antes de la primera sesi\u00f3n. Estar bien preparado no solo le ayudar\u00e1 a expresar sus necesidades con claridad, sino que tambi\u00e9n sentar\u00e1 las bases para un proceso m\u00e1s productivo y menos estresante. Aqu\u00ed tiene algunos consejos pr\u00e1cticos para ayudarle a prepararse:<\/p>\n<ul>\n<li><b>Re\u00fana todos los documentos relevantes: <\/b>Recopile estados financieros, registros de propiedad, declaraciones de impuestos y cualquier documento legal relacionado con su matrimonio. Tener estos documentos organizados y accesibles garantiza que tanto usted como su mediador tengan toda la informaci\u00f3n a mano, lo que puede agilizar las negociaciones.<\/li>\n<li><b>Establezca objetivos claros y realistas: <\/b>Antes de iniciar la mediaci\u00f3n, t\u00f3mese un tiempo para reflexionar sobre los resultados m\u00e1s importantes para usted. Identifique los puntos no negociables, como la custodia de los hijos o la divisi\u00f3n de ciertos bienes, as\u00ed como las \u00e1reas en las que est\u00e1 dispuesto a llegar a un acuerdo. Unos objetivos claros ayudan a centrar las sesiones de mediaci\u00f3n y a evitar malentendidos posteriores.<\/li>\n<li><b>Establezca un sistema de apoyo: <\/b>El divorcio puede ser emocionalmente agotador. Contacte con amigos de confianza, familiares o consejeros profesionales que puedan ofrecerle apoyo durante este per\u00edodo. Un sistema de apoyo s\u00f3lido le ayuda a mantener la perspectiva e incluso puede brindarle informaci\u00f3n valiosa que tal vez no vea por s\u00ed solo.<\/li>\n<li><b>Practique una comunicaci\u00f3n eficaz: <\/b>La mediaci\u00f3n se basa en un di\u00e1logo abierto y respetuoso. Considere ensayar las conversaciones o incluso buscar el consejo de un mediador o terapeuta sobre c\u00f3mo expresar sus sentimientos de forma constructiva. Mantener la calma y ser mesurado puede evitar que los conflictos se intensifiquen durante las sesiones.<\/li>\n<li><b>Prep\u00e1rese emocionalmente: <\/b>Reconozca que la mediaci\u00f3n no se trata solo de dividir bienes, sino de la transici\u00f3n a una nueva etapa de la vida. Dedique tiempo al autocuidado, la atenci\u00f3n plena o actividades para aliviar el estr\u00e9s. Cuanto mejor gestione sus emociones, m\u00e1s eficazmente podr\u00e1 participar en el proceso de mediaci\u00f3n.<\/li>\n<li><b>Conf\u00ede en el proceso y en su mediador: <\/b>Recuerde que la mediaci\u00f3n es un proceso guiado con un facilitador neutral cuyo objetivo es ayudar a ambas partes a alcanzar un resultado justo. Conf\u00ede en el proceso y est\u00e9 abierto a soluciones creativas que quiz\u00e1s no le hayan parecido obvias antes.<\/li>\n<\/ul>\n<\/div>\n<\/div>\n<div class=\"accordion-section\" itemprop=\"mainEntity\" itemscope itemtype=\"https:\/\/schema.org\/Question\">\n<h5 class=\"accordion-heading\" itemprop=\"name\">\u00bfPor qu\u00e9 elegir a Rachel Frazier Johnson Law para la mediaci\u00f3n de divorcio?<\/h5>\n<div class=\"accordion-section-content\" itemprop=\"acceptedAnswer\" itemscope itemtype=\"https:\/\/schema.org\/Answer\" style=\"display: none;\">\n<p itemprop=\"text\">Elegir al mediador adecuado puede marcar la diferencia en su proceso de divorcio. Por qu\u00e9 nuestros clientes nos eligen:<\/p>\n<ul>\n<li><b>Experiencia comprobada: <\/b>Con m\u00e1s de dos d\u00e9cadas de pr\u00e1ctica legal y experiencia como juez pro tempore, entendemos los matices legales y emocionales del divorcio.<\/li>\n<li><b>Soluciones estrat\u00e9gicas y personalizadas: <\/b>Reconocemos que la situaci\u00f3n de cada familia es \u00fanica. Nuestro proceso de mediaci\u00f3n est\u00e1 dise\u00f1ado para abordar sus necesidades y prioridades espec\u00edficas.<\/li>\n<li><b>Enfoque centrado en el cliente: <\/b>escuchamos, empatizamos y lo guiamos en cada paso del camino, garantizando que su voz sea escuchada y sus intereses est\u00e9n protegidos.<\/li>\n<li><b>Rentable y eficiente: <\/b>la mediaci\u00f3n generalmente cuesta menos y se resuelve m\u00e1s r\u00e1pido que los litigios tradicionales, lo que le permite avanzar antes.<\/li>\n<li><b>Soporte biling\u00fce: <\/b>Ofrecemos servicios tanto en ingl\u00e9s como en espa\u00f1ol, asegurando que todos nuestros clientes puedan comunicarse c\u00f3moda y claramente.<\/li>\n<li><b>Experiencia local: <\/b>Estamos profundamente familiarizados con la ley de familia de Arizona y los desaf\u00edos \u00fanicos del divorcio en Phoenix, lo que nos permite brindar orientaci\u00f3n estrat\u00e9gica e informada.<\/li>\n<\/ul>\n<\/div>\n<\/div>\n<\/div>\n<h3>Nuestro compromiso inquebrantable con la confidencialidad y la imparcialidad<\/h3>\n<p>En Rachel Frazier Johnson Law, entendemos que los detalles de su matrimonio y separaci\u00f3n son profundamente personales. Por eso, la confidencialidad es fundamental en nuestro proceso de mediaci\u00f3n. Cada sesi\u00f3n se lleva a cabo en un ambiente privado, lo que garantiza que las conversaciones sean solo entre usted, su c\u00f3nyuge y nuestro equipo de mediaci\u00f3n. Nos comprometemos a un proceso justo donde ambas partes se sientan seguras al compartir sus verdaderas preocupaciones y aspiraciones. Este nivel de confianza nos permite elaborar acuerdos equilibrados e integrales que perduran en el tiempo.<\/p>\n<h3>Dando el primer paso hacia un nuevo comienzo.<\/h3>\n<p>Si est\u00e1 listo para explorar un enfoque colaborativo y menos conflictivo para el divorcio, lo invitamos a dar el primer paso:<\/p>\n<ul>\n<li><b>Programe una consulta: <\/b>Analicemos su situaci\u00f3n y veamos si la mediaci\u00f3n es la opci\u00f3n adecuada para usted.<\/li>\n<li><b>Reciba orientaci\u00f3n de expertos: <\/b>aprenda sobre el proceso, comprenda sus derechos y descubra c\u00f3mo la mediaci\u00f3n puede ayudarlo a ahorrar tiempo, dinero y estr\u00e9s emocional.<\/li>\n<li><b>Empodere su futuro: <\/b>con un acuerdo mediado, puede preservar relaciones importantes, proteger el bienestar de sus hijos y avanzar con claridad y tranquilidad.<\/li>\n<\/ul>\n<p>Nuestro equipo de expertos est\u00e1 aqu\u00ed para ayudarle a superar su divorcio con dignidad y respeto.<a href=\"https:\/\/rfjesq.com\/es\/contact\/\"> Llame para una consulta<\/a> o para programar su primera sesi\u00f3n de mediaci\u00f3n.<\/p>\n","protected":false},"excerpt":{"rendered":"<p>Abogado de mediaci\u00f3n de divorcios en Phoenix El divorcio es una de las transiciones m\u00e1s dif\u00edciles de la vida. Las emociones suelen estar a flor de piel y las batallas legales pueden amenazar con separar a las familias. Pero existe una opci\u00f3n que puede ayudarles a encontrar puntos en com\u00fan y seguir adelante con dignidad: [&hellip;]<\/p>\n","protected":false},"author":2,"featured_media":3044,"parent":503,"menu_order":0,"comment_status":"closed","ping_status":"closed","template":"","meta":{"_acf_changed":false,"_oasis_is_in_workflow":0,"_oasis_original":0,"_oasis_task_priority":"","ocean_post_layout":"","ocean_both_sidebars_style":"","ocean_both_sidebars_content_width":0,"ocean_both_sidebars_sidebars_width":0,"ocean_sidebar":"","ocean_second_sidebar":"","ocean_disable_margins":"enable","ocean_add_body_class":"","ocean_shortcode_before_top_bar":"","ocean_shortcode_after_top_bar":"","ocean_shortcode_before_header":"","ocean_shortcode_after_header":"","ocean_has_shortcode":"","ocean_shortcode_after_title":"","ocean_shortcode_before_footer_widgets":"","ocean_shortcode_after_footer_widgets":"","ocean_shortcode_before_footer_bottom":"","ocean_shortcode_after_footer_bottom":"","ocean_display_top_bar":"default","ocean_display_header":"default","ocean_header_style":"","ocean_center_header_left_menu":"","ocean_custom_header_template":"","ocean_custom_logo":0,"ocean_custom_retina_logo":0,"ocean_custom_logo_max_width":0,"ocean_custom_logo_tablet_max_width":0,"ocean_custom_logo_mobile_max_width":0,"ocean_custom_logo_max_height":0,"ocean_custom_logo_tablet_max_height":0,"ocean_custom_logo_mobile_max_height":0,"ocean_header_custom_menu":"","ocean_menu_typo_font_family":"","ocean_menu_typo_font_subset":"","ocean_menu_typo_font_size":0,"ocean_menu_typo_font_size_tablet":0,"ocean_menu_typo_font_size_mobile":0,"ocean_menu_typo_font_size_unit":"px","ocean_menu_typo_font_weight":"","ocean_menu_typo_font_weight_tablet":"","ocean_menu_typo_font_weight_mobile":"","ocean_menu_typo_transform":"","ocean_menu_typo_transform_tablet":"","ocean_menu_typo_transform_mobile":"","ocean_menu_typo_line_height":0,"ocean_menu_typo_line_height_tablet":0,"ocean_menu_typo_line_height_mobile":0,"ocean_menu_typo_line_height_unit":"","ocean_menu_typo_spacing":0,"ocean_menu_typo_spacing_tablet":0,"ocean_menu_typo_spacing_mobile":0,"ocean_menu_typo_spacing_unit":"","ocean_menu_link_color":"","ocean_menu_link_color_hover":"","ocean_menu_link_color_active":"","ocean_menu_link_background":"","ocean_menu_link_hover_background":"","ocean_menu_link_active_background":"","ocean_menu_social_links_bg":"","ocean_menu_social_hover_links_bg":"","ocean_menu_social_links_color":"","ocean_menu_social_hover_links_color":"","ocean_disable_title":"default","ocean_disable_heading":"default","ocean_post_title":"","ocean_post_subheading":"","ocean_post_title_style":"","ocean_post_title_background_color":"","ocean_post_title_background":0,"ocean_post_title_bg_image_position":"","ocean_post_title_bg_image_attachment":"","ocean_post_title_bg_image_repeat":"","ocean_post_title_bg_image_size":"","ocean_post_title_height":0,"ocean_post_title_bg_overlay":0.5,"ocean_post_title_bg_overlay_color":"","ocean_disable_breadcrumbs":"default","ocean_breadcrumbs_color":"","ocean_breadcrumbs_separator_color":"","ocean_breadcrumbs_links_color":"","ocean_breadcrumbs_links_hover_color":"","ocean_display_footer_widgets":"default","ocean_display_footer_bottom":"default","ocean_custom_footer_template":"","footnotes":""},"class_list":["post-2101","page","type-page","status-publish","has-post-thumbnail","hentry","entry","has-media"],"acf":[],"_links":{"self":[{"href":"https:\/\/rfjesq.com\/es\/wp-json\/wp\/v2\/pages\/2101","targetHints":{"allow":["GET"]}}],"collection":[{"href":"https:\/\/rfjesq.com\/es\/wp-json\/wp\/v2\/pages"}],"about":[{"href":"https:\/\/rfjesq.com\/es\/wp-json\/wp\/v2\/types\/page"}],"author":[{"embeddable":true,"href":"https:\/\/rfjesq.com\/es\/wp-json\/wp\/v2\/users\/2"}],"replies":[{"embeddable":true,"href":"https:\/\/rfjesq.com\/es\/wp-json\/wp\/v2\/comments?post=2101"}],"version-history":[{"count":6,"href":"https:\/\/rfjesq.com\/es\/wp-json\/wp\/v2\/pages\/2101\/revisions"}],"predecessor-version":[{"id":2867,"href":"https:\/\/rfjesq.com\/es\/wp-json\/wp\/v2\/pages\/2101\/revisions\/2867"}],"up":[{"embeddable":true,"href":"https:\/\/rfjesq.com\/es\/wp-json\/wp\/v2\/pages\/503"}],"wp:featuredmedia":[{"embeddable":true,"href":"https:\/\/rfjesq.com\/es\/wp-json\/wp\/v2\/media\/3044"}],"wp:attachment":[{"href":"https:\/\/rfjesq.com\/es\/wp-json\/wp\/v2\/media?parent=2101"}],"curies":[{"name":"wp","href":"https:\/\/api.w.org\/{rel}","templated":true}]}}