{"id":2105,"date":"2025-07-25T13:59:45","date_gmt":"2025-07-25T18:59:45","guid":{"rendered":"https:\/\/rfjesq.com\/?page_id=2105"},"modified":"2025-10-09T16:37:39","modified_gmt":"2025-10-09T21:37:39","slug":"parenting-time-visitation","status":"publish","type":"page","link":"https:\/\/rfjesq.com\/es\/practice-areas\/family-law\/parenting-time-visitation\/","title":{"rendered":"Tiempo de crianza\/visitas"},"content":{"rendered":"<h1>Abogados de tiempo de crianza y visitas en Phoenix<\/h1>\n<p><span style=\"font-weight: 400;\">En Rachel Frazier Johnson Law, sabemos que<\/span><a href=\"https:\/\/rfjesq.com\/es\/practice-areas\/family-law\/child-support\/\"> <span style=\"font-weight: 400;\">la felicidad y la estabilidad de sus hijos<\/span><\/a> <span style=\"font-weight: 400;\">son sus principales prioridades. El proceso de crear un plan de crianza puede ser abrumador, pero no tiene que afrontarlo solo. Nuestro dedicado equipo ofrece apoyo compasivo y defensa legal, garantizando la protecci\u00f3n de sus derechos parentales y ayud\u00e1ndole a asegurar el mejor futuro para su familia.<\/span><\/p>\n<h2>\u00bfQu\u00e9 es el tiempo de crianza?<\/h2>\n<p><span style=\"font-weight: 400;\">El tiempo de crianza en Arizona se refiere al horario y los acuerdos que cada padre dedica a sus hijos. Este aspecto de la custodia infantil se centra en mantener relaciones significativas entre padres e hijos, considerando el bienestar y las necesidades diarias del ni\u00f1o. El tiempo de crianza es distinto de la facultad de decisi\u00f3n legal, que se refiere al derecho de los padres a tomar decisiones importantes sobre la crianza del ni\u00f1o.<\/span><\/p>\n<p><span style=\"font-weight: 400;\">Los acuerdos de tiempo de crianza suelen variar seg\u00fan las necesidades y circunstancias espec\u00edficas de cada familia. Por ejemplo, algunos padres pueden compartir el mismo tiempo (un horario 50\/50), mientras que otros pueden crear un plan que se adapte mejor a las distancias geogr\u00e1ficas, los horarios de trabajo u otros factores. El objetivo siempre es crear un horario que fomente un desarrollo saludable y una relaci\u00f3n afectuosa con ambos padres.<\/span><\/p>\n<h2>\u00bfC\u00f3mo se determina el tiempo de crianza?<\/h2>\n<p><span style=\"font-weight: 400;\">Los tribunales de Arizona priorizan el inter\u00e9s superior del ni\u00f1o al determinar el tiempo de crianza. Los jueces eval\u00faan diversos factores, entre ellos:<\/span><\/p>\n<ul>\n<li style=\"font-weight: 400;\" aria-level=\"1\"><span style=\"font-weight: 400;\">Los deseos de ambos padres con respecto a<\/span><a href=\"https:\/\/rfjesq.com\/es\/practice-areas\/family-law\/child-custody\/\"> <span style=\"font-weight: 400;\">la custodia<\/span><\/a><span style=\"font-weight: 400;\">.\u00a0\u00a0<\/span><\/li>\n<li style=\"font-weight: 400;\" aria-level=\"1\"><span style=\"font-weight: 400;\">Las necesidades f\u00edsicas y emocionales del ni\u00f1o<\/span><\/li>\n<li style=\"font-weight: 400;\" aria-level=\"1\"><span style=\"font-weight: 400;\">La relaci\u00f3n del ni\u00f1o con cada padre y hermanos.<\/span><\/li>\n<li style=\"font-weight: 400;\" aria-level=\"1\"><span style=\"font-weight: 400;\">La adaptaci\u00f3n del ni\u00f1o al hogar, la escuela y la comunidad.<\/span><\/li>\n<li style=\"font-weight: 400;\" aria-level=\"1\"><span style=\"font-weight: 400;\">La voluntad de cada padre de facilitar una relaci\u00f3n positiva entre el ni\u00f1o y el otro padre.<\/span><\/li>\n<li style=\"font-weight: 400;\" aria-level=\"1\"><span style=\"font-weight: 400;\">Historial de violencia dom\u00e9stica o abuso de sustancias, si corresponde.<\/span><\/li>\n<\/ul>\n<p><span style=\"font-weight: 400;\">Se anima a los padres a colaborar y proponer un plan de crianza conjunto, ya que los acuerdos amistosos suelen ser m\u00e1s eficaces y menos estresantes que las soluciones impuestas por el tribunal. Sin embargo, si no se llega a un acuerdo, el tribunal tomar\u00e1 una decisi\u00f3n bas\u00e1ndose en los factores mencionados.<\/span><\/p>\n<h2>Preocupaciones comunes sobre el tiempo de crianza<\/h2>\n<p><span style=\"font-weight: 400;\">Las decisiones sobre el tiempo de crianza pueden ser abrumadoras, lo que genera ansiedad o incertidumbre sobre el futuro. Algunas de las preocupaciones m\u00e1s comunes son:<\/span><\/p>\n<ul>\n<li style=\"font-weight: 400;\" aria-level=\"1\"><b>\u00ab\u00bfQu\u00e9 pasa si el horario altera la rutina de mi hijo?\u00bb <\/b><span style=\"font-weight: 400;\">Los planes de tiempo de crianza buscan preservar la mayor estabilidad posible para el ni\u00f1o. Los tribunales se esfuerzan por minimizar la interrupci\u00f3n de rutinas como la escuela y las actividades extracurriculares.<\/span><\/li>\n<li style=\"font-weight: 400;\" aria-level=\"1\"><b>\u00ab\u00bfQu\u00e9 pasa si el otro progenitor y yo no estamos de acuerdo?\u00bb <\/b><span style=\"font-weight: 400;\">Los desacuerdos pueden ser dif\u00edciles, pero consid\u00e9relos una oportunidad para encontrar una soluci\u00f3n equilibrada. La defensa legal o la mediaci\u00f3n pueden ayudar a resolver disputas de forma eficaz y colaborativa.<\/span><\/li>\n<li style=\"font-weight: 400;\" aria-level=\"1\"><b>\u00ab\u00bfPerder\u00e9 el tiempo de crianza si cometo un error?\u00bb <\/b><span style=\"font-weight: 400;\">Perder tiempo significativo con su hijo es un temor com\u00fan, pero los tribunales generalmente favorecen acuerdos que permiten que ambos padres participen activamente, a menos que exista un problema de seguridad.<\/span><\/li>\n<li style=\"font-weight: 400;\" aria-level=\"1\"><b>\u00bfPuedo modificar el plan si algo cambia? <\/b><span style=\"font-weight: 400;\">La vida cambia, los horarios de trabajo cambian, las familias se mudan o las necesidades de los ni\u00f1os cambian. Las \u00f3rdenes de tiempo de crianza pueden modificarse cuando las circunstancias cambian sustancialmente y cuando la modificaci\u00f3n se ajusta al inter\u00e9s superior del ni\u00f1o.<\/span><\/li>\n<\/ul>\n<h2>\u00bfPor qu\u00e9 necesita un abogado para asuntos de tiempo de crianza?<\/h2>\n<p><span style=\"font-weight: 400;\">Defender sus derechos y el bienestar de su hijo durante el proceso de tiempo de crianza puede ser complejo y emocionalmente agotador. Ah\u00ed es donde entra en juego una abogada con experiencia. En Rachel Frazier Johnson Law, ofrecemos asesoramiento personalizado y una representaci\u00f3n s\u00f3lida para garantizar que su voz sea escuchada y que los intereses de su hijo permanezcan protegidos. As\u00ed es como ayudamos:<\/span><\/p>\n<ul>\n<li style=\"font-weight: 400;\" aria-level=\"1\"><b>Elaboraci\u00f3n de planes de crianza reflexivos <\/b><span style=\"font-weight: 400;\">que se alineen con las necesidades \u00fanicas de su familia.<\/span><\/li>\n<li style=\"font-weight: 400;\" aria-level=\"1\"><b>Manejo de disputas <\/b><span style=\"font-weight: 400;\">con profesionalismo y diplomacia, ya sea a trav\u00e9s de la mediaci\u00f3n o la defensa judicial.<\/span><\/li>\n<li style=\"font-weight: 400;\" aria-level=\"1\"><b>Modificar \u00f3rdenes <\/b><span style=\"font-weight: 400;\">para reflejar circunstancias cambiantes mientras se mantiene el inter\u00e9s superior de su hijo en el foco.<\/span><\/li>\n<li style=\"font-weight: 400;\" aria-level=\"1\"><b>Reducimos el estr\u00e9s <\/b><span style=\"font-weight: 400;\">abordando las complejidades legales en su nombre, para que pueda concentrarse en su hijo.<\/span><\/li>\n<\/ul>\n<h2>Encuentre una soluci\u00f3n justa y equilibrada.<\/h2>\n<p><span style=\"font-weight: 400;\">En Rachel Frazier Johnson Law, sabemos que el tiempo de crianza va m\u00e1s all\u00e1 de los horarios; se trata de mantener conexiones significativas con su hijo y sentar las bases para su futuro. Si est\u00e1 listo para avanzar con confianza,<\/span><a href=\"https:\/\/rfjesq.com\/es\/contact\/\"> <span style=\"font-weight: 400;\">cont\u00e1ctenos<\/span><\/a> <span style=\"font-weight: 400;\">hoy mismo para programar su consulta. Juntos, podemos crear un plan que respete sus derechos, promueva la felicidad de su hijo y le brinde a su familia la tranquilidad y la tranquilidad que merece.<\/span><\/p>\n","protected":false},"excerpt":{"rendered":"<p>Abogados de tiempo de crianza y visitas en Phoenix En Rachel Frazier Johnson Law, sabemos que la felicidad y la estabilidad de sus hijos son sus principales prioridades. El proceso de crear un plan de crianza puede ser abrumador, pero no tiene que afrontarlo solo. Nuestro dedicado equipo ofrece apoyo compasivo y defensa legal, garantizando [&hellip;]<\/p>\n","protected":false},"author":2,"featured_media":3054,"parent":503,"menu_order":0,"comment_status":"closed","ping_status":"closed","template":"","meta":{"_acf_changed":false,"_oasis_is_in_workflow":0,"_oasis_original":0,"_oasis_task_priority":"","ocean_post_layout":"","ocean_both_sidebars_style":"","ocean_both_sidebars_content_width":0,"ocean_both_sidebars_sidebars_width":0,"ocean_sidebar":"","ocean_second_sidebar":"","ocean_disable_margins":"enable","ocean_add_body_class":"","ocean_shortcode_before_top_bar":"","ocean_shortcode_after_top_bar":"","ocean_shortcode_before_header":"","ocean_shortcode_after_header":"","ocean_has_shortcode":"","ocean_shortcode_after_title":"","ocean_shortcode_before_footer_widgets":"","ocean_shortcode_after_footer_widgets":"","ocean_shortcode_before_footer_bottom":"","ocean_shortcode_after_footer_bottom":"","ocean_display_top_bar":"default","ocean_display_header":"default","ocean_header_style":"","ocean_center_header_left_menu":"","ocean_custom_header_template":"","ocean_custom_logo":0,"ocean_custom_retina_logo":0,"ocean_custom_logo_max_width":0,"ocean_custom_logo_tablet_max_width":0,"ocean_custom_logo_mobile_max_width":0,"ocean_custom_logo_max_height":0,"ocean_custom_logo_tablet_max_height":0,"ocean_custom_logo_mobile_max_height":0,"ocean_header_custom_menu":"","ocean_menu_typo_font_family":"","ocean_menu_typo_font_subset":"","ocean_menu_typo_font_size":0,"ocean_menu_typo_font_size_tablet":0,"ocean_menu_typo_font_size_mobile":0,"ocean_menu_typo_font_size_unit":"px","ocean_menu_typo_font_weight":"","ocean_menu_typo_font_weight_tablet":"","ocean_menu_typo_font_weight_mobile":"","ocean_menu_typo_transform":"","ocean_menu_typo_transform_tablet":"","ocean_menu_typo_transform_mobile":"","ocean_menu_typo_line_height":0,"ocean_menu_typo_line_height_tablet":0,"ocean_menu_typo_line_height_mobile":0,"ocean_menu_typo_line_height_unit":"","ocean_menu_typo_spacing":0,"ocean_menu_typo_spacing_tablet":0,"ocean_menu_typo_spacing_mobile":0,"ocean_menu_typo_spacing_unit":"","ocean_menu_link_color":"","ocean_menu_link_color_hover":"","ocean_menu_link_color_active":"","ocean_menu_link_background":"","ocean_menu_link_hover_background":"","ocean_menu_link_active_background":"","ocean_menu_social_links_bg":"","ocean_menu_social_hover_links_bg":"","ocean_menu_social_links_color":"","ocean_menu_social_hover_links_color":"","ocean_disable_title":"default","ocean_disable_heading":"default","ocean_post_title":"","ocean_post_subheading":"","ocean_post_title_style":"","ocean_post_title_background_color":"","ocean_post_title_background":0,"ocean_post_title_bg_image_position":"","ocean_post_title_bg_image_attachment":"","ocean_post_title_bg_image_repeat":"","ocean_post_title_bg_image_size":"","ocean_post_title_height":0,"ocean_post_title_bg_overlay":0.5,"ocean_post_title_bg_overlay_color":"","ocean_disable_breadcrumbs":"default","ocean_breadcrumbs_color":"","ocean_breadcrumbs_separator_color":"","ocean_breadcrumbs_links_color":"","ocean_breadcrumbs_links_hover_color":"","ocean_display_footer_widgets":"default","ocean_display_footer_bottom":"default","ocean_custom_footer_template":"","footnotes":""},"class_list":["post-2105","page","type-page","status-publish","has-post-thumbnail","hentry","entry","has-media"],"acf":[],"_links":{"self":[{"href":"https:\/\/rfjesq.com\/es\/wp-json\/wp\/v2\/pages\/2105","targetHints":{"allow":["GET"]}}],"collection":[{"href":"https:\/\/rfjesq.com\/es\/wp-json\/wp\/v2\/pages"}],"about":[{"href":"https:\/\/rfjesq.com\/es\/wp-json\/wp\/v2\/types\/page"}],"author":[{"embeddable":true,"href":"https:\/\/rfjesq.com\/es\/wp-json\/wp\/v2\/users\/2"}],"replies":[{"embeddable":true,"href":"https:\/\/rfjesq.com\/es\/wp-json\/wp\/v2\/comments?post=2105"}],"version-history":[{"count":4,"href":"https:\/\/rfjesq.com\/es\/wp-json\/wp\/v2\/pages\/2105\/revisions"}],"predecessor-version":[{"id":2720,"href":"https:\/\/rfjesq.com\/es\/wp-json\/wp\/v2\/pages\/2105\/revisions\/2720"}],"up":[{"embeddable":true,"href":"https:\/\/rfjesq.com\/es\/wp-json\/wp\/v2\/pages\/503"}],"wp:featuredmedia":[{"embeddable":true,"href":"https:\/\/rfjesq.com\/es\/wp-json\/wp\/v2\/media\/3054"}],"wp:attachment":[{"href":"https:\/\/rfjesq.com\/es\/wp-json\/wp\/v2\/media?parent=2105"}],"curies":[{"name":"wp","href":"https:\/\/api.w.org\/{rel}","templated":true}]}}