{"id":2108,"date":"2025-07-25T14:00:45","date_gmt":"2025-07-25T19:00:45","guid":{"rendered":"https:\/\/rfjesq.com\/?page_id=2108"},"modified":"2025-10-09T16:42:53","modified_gmt":"2025-10-09T21:42:53","slug":"prenuptial-postnuptial-agreements","status":"publish","type":"page","link":"https:\/\/rfjesq.com\/es\/practice-areas\/family-law\/prenuptial-postnuptial-agreements\/","title":{"rendered":"Acuerdos prenupciales y postnupciales"},"content":{"rendered":"<h1>Abogados de acuerdos prenupciales y postnupciales en Phoenix<\/h1>\n<p><span style=\"font-weight: 400;\">Construir una base s\u00f3lida para su matrimonio va m\u00e1s all\u00e1 del amor y la confianza. Los acuerdos prenupciales y postnupciales pueden brindar a las parejas claridad y seguridad, permitiendo que ambas partes se enfoquen en su futuro con confianza. Ya sea que est\u00e9n comprometidos o ya casados, nuestro bufete ofrece asesoramiento profesional y compasivo para ayudarles a crear un acuerdo a la medida de sus necesidades. Rachel Frazier Johnson Law est\u00e1 aqu\u00ed para apoyarles en cada paso del camino.<\/span><\/p>\n<h2>\u00bfPor qu\u00e9 considerar un acuerdo prenupcial o postnupcial?<\/h2>\n<p><span style=\"font-weight: 400;\">Prenupciales y postnupciales son documentos legalmente vinculantes que describen c\u00f3mo se gestionar\u00e1n ciertos bienes y asuntos financieros durante el matrimonio o en caso de<\/span><a href=\"https:\/\/rfjesq.com\/es\/practice-areas\/family-law\/divorce\/\"> <span style=\"font-weight: 400;\">divorcio<\/span><\/a> <span style=\"font-weight: 400;\">o separaci\u00f3n. Si bien muchos asocian estos acuerdos con la protecci\u00f3n del patrimonio, ofrecen importantes beneficios para las parejas de todos los niveles financieros, como:<\/span><\/p>\n<ul>\n<li style=\"font-weight: 400;\" aria-level=\"1\"><b>Claridad sobre las finanzas: Aborde<\/b><span style=\"font-weight: 400;\"> la divisi\u00f3n de la propiedad, la responsabilidad de la deuda y las expectativas financieras con anticipaci\u00f3n.<\/span><\/li>\n<li style=\"font-weight: 400;\" aria-level=\"1\"><b>Protecci\u00f3n de activos y pasivos:<\/b><span style=\"font-weight: 400;\"> proteja sus activos personales o proteja a su pareja de pasivos como las deudas comerciales.<\/span><\/li>\n<li style=\"font-weight: 400;\" aria-level=\"1\"><b>Garant\u00edas de planificaci\u00f3n patrimonial:<\/b><span style=\"font-weight: 400;\"> aseg\u00farese de que los activos heredados o familiares se administren de acuerdo con sus deseos.<\/span><\/li>\n<li style=\"font-weight: 400;\" aria-level=\"1\"><b>Reducci\u00f3n de conflictos: Elimine<\/b><span style=\"font-weight: 400;\"> la ambig\u00fcedad y las posibles disputas al delinear claramente los t\u00e9rminos financieros clave.<\/span><\/li>\n<\/ul>\n<p><span style=\"font-weight: 400;\">Contrariamente a la creencia popular, estos acuerdos no son solo para parejas con un alto patrimonio. Brindan seguridad legal y emocional a cualquier matrimonio al alinear las expectativas con antelaci\u00f3n.<\/span><\/p>\n<h2>Entendiendo qu\u00e9 se puede incluir.<\/h2>\n<p><span style=\"font-weight: 400;\">La ley de Arizona regula lo que puede y no puede incluirse en los acuerdos prenupciales y postnupciales, garantizando equidad y claridad para ambas partes. Algunas inclusiones comunes son:<\/span><\/p>\n<h2>\u00bfQu\u00e9 puedes incluir?<\/h2>\n<ul>\n<li style=\"font-weight: 400;\" aria-level=\"1\"><b>Divisi\u00f3n de activos: Determinar<\/b><span style=\"font-weight: 400;\"> c\u00f3mo se asignan las propiedades, los bienes inmuebles y otros activos.<\/span><\/li>\n<li style=\"font-weight: 400;\" aria-level=\"1\"><b>Responsabilidad por deudas:<\/b><span style=\"font-weight: 400;\"> especifique c\u00f3mo se manejar\u00e1n las deudas contra\u00eddas antes o durante el matrimonio.<\/span><\/li>\n<li style=\"font-weight: 400;\" aria-level=\"1\"><a href=\"https:\/\/rfjesq.com\/es\/practice-areas\/family-law\/spousal-support\/\"><b>Manutenci\u00f3n conyugal<\/b><\/a><b>:<\/b><span style=\"font-weight: 400;\"> Establecer t\u00e9rminos para la manutenci\u00f3n conyugal, si corresponde, en caso de divorcio.<\/span><\/li>\n<li style=\"font-weight: 400;\" aria-level=\"1\"><b>Intereses comerciales:<\/b><span style=\"font-weight: 400;\"> Proteger la propiedad de peque\u00f1as empresas o empresas familiares.<\/span><\/li>\n<\/ul>\n<h2>Lo que no puedes incluir<\/h2>\n<ul>\n<li style=\"font-weight: 400;\" aria-level=\"1\"><b>T\u00e9rminos de manutenci\u00f3n o custodia de los hijos: La<\/b><span style=\"font-weight: 400;\"> ley de Arizona proh\u00edbe establecer con antelaci\u00f3n los t\u00e9rminos de<\/span><a href=\"https:\/\/rfjesq.com\/es\/practice-areas\/family-law\/child-support\/\"> <span style=\"font-weight: 400;\">manutenci\u00f3n<\/span><\/a> <span style=\"font-weight: 400;\">o custodia de los hijos, ya que estos deben decidirse en el mejor inter\u00e9s del ni\u00f1o en ese momento.<\/span><\/li>\n<li style=\"font-weight: 400;\" aria-level=\"1\"><b>Cl\u00e1usulas injustas:<\/b><span style=\"font-weight: 400;\"> Los acuerdos considerados excesivamente sesgados o coercitivos pueden no ser ejecutables ante los tribunales.<\/span><\/li>\n<\/ul>\n<p><span style=\"font-weight: 400;\">Nuestro equipo en Rachel Frazier Johnson Law se asegurar\u00e1 de que su acuerdo cumpla con la ley de Arizona y sirva a ambas partes de manera eficaz.<\/span><\/p>\n<h2>El proceso de elaboraci\u00f3n de un acuerdo<\/h2>\n<p><span style=\"font-weight: 400;\">La creaci\u00f3n de un acuerdo prenupcial o postnupcial implica colaboraci\u00f3n, conocimiento legal y una comunicaci\u00f3n abierta. Esto es lo que puede esperar:<\/span><\/p>\n<ol>\n<li style=\"font-weight: 400;\" aria-level=\"1\"><b>Consulta inicial: Re\u00fanase<\/b><span style=\"font-weight: 400;\"> con un abogado experimentado para analizar sus objetivos y circunstancias.<\/span><\/li>\n<li style=\"font-weight: 400;\" aria-level=\"1\"><b>Divulgaci\u00f3n completa: Ambas<\/b><span style=\"font-weight: 400;\"> partes deben revelar completamente sus activos, pasivos y detalles financieros para garantizar la transparencia.<\/span><\/li>\n<li style=\"font-weight: 400;\" aria-level=\"1\"><b>Redacci\u00f3n del acuerdo: Nuestro<\/b><span style=\"font-weight: 400;\"> equipo legal experto elaborar\u00e1 un acuerdo que refleje sus prioridades y se adhiera a la ley de Arizona.<\/span><\/li>\n<li style=\"font-weight: 400;\" aria-level=\"1\"><b>Revisi\u00f3n y revisi\u00f3n: Ambas<\/b><span style=\"font-weight: 400;\"> partes tienen la oportunidad de revisar el borrador y sugerir ajustes.<\/span><\/li>\n<li style=\"font-weight: 400;\" aria-level=\"1\"><b>Firma del acuerdo: Una<\/b><span style=\"font-weight: 400;\"> vez que ambas partes est\u00e1n de acuerdo, el documento se firma y se certifica ante notario, lo que lo hace legalmente vinculante.<\/span><\/li>\n<\/ol>\n<p><span style=\"font-weight: 400;\">Comenzar el proceso temprano (antes del matrimonio o de momentos importantes) garantiza que el acuerdo se prepare cuidadosamente y sin presiones indebidas.<\/span><\/p>\n<h2>Colaborando con Rachel Frazier Johnson Law<\/h2>\n<p><span style=\"font-weight: 400;\">Con a\u00f1os de experiencia en derecho familiar en Arizona, Rachel Frazier Johnson Law ofrece orientaci\u00f3n emp\u00e1tica y representaci\u00f3n legal para garantizar que su acuerdo sea justo, ejecutable y se ajuste a sus necesidades. Ayudamos a las parejas a abordar estas conversaciones con confianza y compasi\u00f3n, protegiendo su futuro en cada paso del proceso.<\/span><\/p>\n<h2>Empiece la conversaci\u00f3n hoy.<\/h2>\n<p><span style=\"font-weight: 400;\">Proteger su futuro comienza por comprender sus opciones. En Rachel Frazier Johnson Law, estamos aqu\u00ed para guiarle a trav\u00e9s del proceso con profesionalismo, precisi\u00f3n y cuidado.<\/span><a href=\"https:\/\/rfjesq.com\/es\/contact\/\"> <span style=\"font-weight: 400;\">Cont\u00e1ctenos<\/span><\/a> <span style=\"font-weight: 400;\">hoy mismo para programar una consulta y dar el primer paso hacia su tranquilidad mediante un acuerdo prenupcial o postnupcial bien elaborado.<\/span><\/p>\n","protected":false},"excerpt":{"rendered":"<p>Abogados de acuerdos prenupciales y postnupciales en Phoenix Construir una base s\u00f3lida para su matrimonio va m\u00e1s all\u00e1 del amor y la confianza. Los acuerdos prenupciales y postnupciales pueden brindar a las parejas claridad y seguridad, permitiendo que ambas partes se enfoquen en su futuro con confianza. Ya sea que est\u00e9n comprometidos o ya casados, [&hellip;]<\/p>\n","protected":false},"author":2,"featured_media":3050,"parent":503,"menu_order":0,"comment_status":"closed","ping_status":"closed","template":"","meta":{"_acf_changed":false,"_oasis_is_in_workflow":0,"_oasis_original":0,"_oasis_task_priority":"","ocean_post_layout":"","ocean_both_sidebars_style":"","ocean_both_sidebars_content_width":0,"ocean_both_sidebars_sidebars_width":0,"ocean_sidebar":"","ocean_second_sidebar":"","ocean_disable_margins":"enable","ocean_add_body_class":"","ocean_shortcode_before_top_bar":"","ocean_shortcode_after_top_bar":"","ocean_shortcode_before_header":"","ocean_shortcode_after_header":"","ocean_has_shortcode":"","ocean_shortcode_after_title":"","ocean_shortcode_before_footer_widgets":"","ocean_shortcode_after_footer_widgets":"","ocean_shortcode_before_footer_bottom":"","ocean_shortcode_after_footer_bottom":"","ocean_display_top_bar":"default","ocean_display_header":"default","ocean_header_style":"","ocean_center_header_left_menu":"","ocean_custom_header_template":"","ocean_custom_logo":0,"ocean_custom_retina_logo":0,"ocean_custom_logo_max_width":0,"ocean_custom_logo_tablet_max_width":0,"ocean_custom_logo_mobile_max_width":0,"ocean_custom_logo_max_height":0,"ocean_custom_logo_tablet_max_height":0,"ocean_custom_logo_mobile_max_height":0,"ocean_header_custom_menu":"","ocean_menu_typo_font_family":"","ocean_menu_typo_font_subset":"","ocean_menu_typo_font_size":0,"ocean_menu_typo_font_size_tablet":0,"ocean_menu_typo_font_size_mobile":0,"ocean_menu_typo_font_size_unit":"px","ocean_menu_typo_font_weight":"","ocean_menu_typo_font_weight_tablet":"","ocean_menu_typo_font_weight_mobile":"","ocean_menu_typo_transform":"","ocean_menu_typo_transform_tablet":"","ocean_menu_typo_transform_mobile":"","ocean_menu_typo_line_height":0,"ocean_menu_typo_line_height_tablet":0,"ocean_menu_typo_line_height_mobile":0,"ocean_menu_typo_line_height_unit":"","ocean_menu_typo_spacing":0,"ocean_menu_typo_spacing_tablet":0,"ocean_menu_typo_spacing_mobile":0,"ocean_menu_typo_spacing_unit":"","ocean_menu_link_color":"","ocean_menu_link_color_hover":"","ocean_menu_link_color_active":"","ocean_menu_link_background":"","ocean_menu_link_hover_background":"","ocean_menu_link_active_background":"","ocean_menu_social_links_bg":"","ocean_menu_social_hover_links_bg":"","ocean_menu_social_links_color":"","ocean_menu_social_hover_links_color":"","ocean_disable_title":"default","ocean_disable_heading":"default","ocean_post_title":"","ocean_post_subheading":"","ocean_post_title_style":"","ocean_post_title_background_color":"","ocean_post_title_background":0,"ocean_post_title_bg_image_position":"","ocean_post_title_bg_image_attachment":"","ocean_post_title_bg_image_repeat":"","ocean_post_title_bg_image_size":"","ocean_post_title_height":0,"ocean_post_title_bg_overlay":0.5,"ocean_post_title_bg_overlay_color":"","ocean_disable_breadcrumbs":"default","ocean_breadcrumbs_color":"","ocean_breadcrumbs_separator_color":"","ocean_breadcrumbs_links_color":"","ocean_breadcrumbs_links_hover_color":"","ocean_display_footer_widgets":"default","ocean_display_footer_bottom":"default","ocean_custom_footer_template":"","footnotes":""},"class_list":["post-2108","page","type-page","status-publish","has-post-thumbnail","hentry","entry","has-media"],"acf":[],"_links":{"self":[{"href":"https:\/\/rfjesq.com\/es\/wp-json\/wp\/v2\/pages\/2108","targetHints":{"allow":["GET"]}}],"collection":[{"href":"https:\/\/rfjesq.com\/es\/wp-json\/wp\/v2\/pages"}],"about":[{"href":"https:\/\/rfjesq.com\/es\/wp-json\/wp\/v2\/types\/page"}],"author":[{"embeddable":true,"href":"https:\/\/rfjesq.com\/es\/wp-json\/wp\/v2\/users\/2"}],"replies":[{"embeddable":true,"href":"https:\/\/rfjesq.com\/es\/wp-json\/wp\/v2\/comments?post=2108"}],"version-history":[{"count":6,"href":"https:\/\/rfjesq.com\/es\/wp-json\/wp\/v2\/pages\/2108\/revisions"}],"predecessor-version":[{"id":2722,"href":"https:\/\/rfjesq.com\/es\/wp-json\/wp\/v2\/pages\/2108\/revisions\/2722"}],"up":[{"embeddable":true,"href":"https:\/\/rfjesq.com\/es\/wp-json\/wp\/v2\/pages\/503"}],"wp:featuredmedia":[{"embeddable":true,"href":"https:\/\/rfjesq.com\/es\/wp-json\/wp\/v2\/media\/3050"}],"wp:attachment":[{"href":"https:\/\/rfjesq.com\/es\/wp-json\/wp\/v2\/media?parent=2108"}],"curies":[{"name":"wp","href":"https:\/\/api.w.org\/{rel}","templated":true}]}}