{"id":2109,"date":"2025-07-25T14:01:19","date_gmt":"2025-07-25T19:01:19","guid":{"rendered":"https:\/\/rfjesq.com\/?page_id=2109"},"modified":"2025-10-09T16:46:32","modified_gmt":"2025-10-09T21:46:32","slug":"spousal-support","status":"publish","type":"page","link":"https:\/\/rfjesq.com\/es\/practice-areas\/family-law\/spousal-support\/","title":{"rendered":"Manutenci\u00f3n conyugal"},"content":{"rendered":"<h1>Abogado de manutenci\u00f3n conyugal en Phoenix<\/h1>\n<p><span style=\"font-weight: 400;\">La decisi\u00f3n de<\/span><a href=\"https:\/\/rfjesq.com\/es\/practice-areas\/family-law\/divorce\/\"> <span style=\"font-weight: 400;\">divorciarse<\/span><\/a> <span style=\"font-weight: 400;\">nunca es f\u00e1cil y suele traer consigo muchas preguntas sin respuesta. Las dudas sobre la manutenci\u00f3n conyugal suelen aumentar el estr\u00e9s. En Rachel Frazier Johnson Law, nos dedicamos a ayudarle a comprender sus derechos, explorar sus opciones y encontrar el camino hacia una resoluci\u00f3n justa y equitativa.<\/span><\/p>\n<h2>\u00bfQu\u00e9 es la manutenci\u00f3n conyugal?<\/h2>\n<p><span style=\"font-weight: 400;\">La manutenci\u00f3n conyugal, a menudo denominada pensi\u00f3n alimenticia, es un acuerdo financiero mediante el cual un c\u00f3nyuge proporciona asistencia econ\u00f3mica al otro durante o despu\u00e9s de un divorcio. A diferencia de la manutenci\u00f3n infantil, dise\u00f1ada para el bienestar de los hijos, la pensi\u00f3n alimenticia conyugal se centra en ayudar al exc\u00f3nyuge a recuperar su independencia financiera y estabilizar su futuro.<\/span><\/p>\n<h2>Circunstancias para la manutenci\u00f3n conyugal en Arizona<\/h2>\n<p><span style=\"font-weight: 400;\">La pensi\u00f3n alimenticia conyugal no se otorga autom\u00e1ticamente en Arizona. Los tribunales consideran diversos factores para evaluar tanto la necesidad como, si corresponde, la cantidad y la duraci\u00f3n adecuadas. Estos factores incluyen:<\/span><\/p>\n<ul>\n<li style=\"font-weight: 400;\" aria-level=\"1\"><b>Duraci\u00f3n del matrimonio: <\/b><span style=\"font-weight: 400;\">La probabilidad de manutenci\u00f3n conyugal aumenta en matrimonios m\u00e1s largos, en particular cuando uno de los c\u00f3nyuges ha dependido econ\u00f3micamente del otro.<\/span><\/li>\n<li style=\"font-weight: 400;\" aria-level=\"1\"><b>Recursos financieros: <\/b><span style=\"font-weight: 400;\">El tribunal revisa los activos, los ingresos y la capacidad de cada c\u00f3nyuge para satisfacer sus necesidades financieras de forma independiente.<\/span><\/li>\n<li style=\"font-weight: 400;\" aria-level=\"1\"><b>Potencial de ingresos: <\/b><span style=\"font-weight: 400;\">Si un c\u00f3nyuge tiene perspectivas laborales limitadas debido a la crianza de los hijos, la edad o la falta de habilidades, puede necesitar apoyo para lograr independencia financiera.<\/span><\/li>\n<li style=\"font-weight: 400;\" aria-level=\"1\"><b>Contribuciones al matrimonio: <\/b><span style=\"font-weight: 400;\">Las contribuciones significativas, como poner en pausa una carrera profesional para apoyar la educaci\u00f3n o el progreso profesional de un compa\u00f1ero, se ponderan mucho.<\/span><\/li>\n<li style=\"font-weight: 400;\" aria-level=\"1\"><b>Nivel de vida: <\/b><span style=\"font-weight: 400;\">El nivel de vida mantenido durante el matrimonio sirve como punto de referencia clave para determinar el apoyo equitativo.<\/span><\/li>\n<li style=\"font-weight: 400;\" aria-level=\"1\"><b>Salud y edad: <\/b><span style=\"font-weight: 400;\">La edad, la condici\u00f3n f\u00edsica y la salud emocional del c\u00f3nyuge son factores cr\u00edticos para determinar su capacidad para mantenerse a s\u00ed mismo.<\/span><\/li>\n<\/ul>\n<p><span style=\"font-weight: 400;\">Arizona tambi\u00e9n utiliza directrices de manutenci\u00f3n conyugal y una calculadora para estandarizar los montos y la duraci\u00f3n. Sin embargo, el tribunal se reserva el derecho de desviarse de estas directrices en funci\u00f3n de las particularidades de cada caso.<\/span><\/p>\n<h2>Consideraciones \u00fanicas en Arizona<\/h2>\n<p><span style=\"font-weight: 400;\">En Arizona, la manutenci\u00f3n conyugal suele considerarse una medida temporal dise\u00f1ada para ayudar al c\u00f3nyuge que la recibe a alcanzar la autosuficiencia financiera. Esto se conoce como manutenci\u00f3n rehabilitadora y consiste en una ayuda financiera temporal mientras el beneficiario adquiere nuevas habilidades o se reincorpora al mercado laboral.<\/span><\/p>\n<p><span style=\"font-weight: 400;\">En el caso de matrimonios de larga duraci\u00f3n, en particular aquellos que duran m\u00e1s de 20 a\u00f1os, el tribunal puede considerar una manutenci\u00f3n permanente o de m\u00e1s largo plazo.<\/span><\/p>\n<h2>\u00bfC\u00f3mo podemos ayudarle?<\/h2>\n<p><span style=\"font-weight: 400;\">La ley de manutenci\u00f3n conyugal requiere experiencia, atenci\u00f3n al detalle y comprensi\u00f3n de los aspectos emocionales involucrados.<\/span><a href=\"https:\/\/rfjesq.com\/es\/about-rfj-law\/\"> <span style=\"font-weight: 400;\">Rachel Frazier Johnson Law<\/span><\/a> <span style=\"font-weight: 400;\">est\u00e1 aqu\u00ed para brindarle la orientaci\u00f3n que necesita.<\/span><\/p>\n<h2>Nuestros servicios<\/h2>\n<ul>\n<li style=\"font-weight: 400;\" aria-level=\"1\"><b>Evaluaciones personalizadas: <\/b><span style=\"font-weight: 400;\">Analizamos su situaci\u00f3n para determinar si solicitar o defenderse de la manutenci\u00f3n conyugal es lo mejor para usted.<\/span><\/li>\n<li style=\"font-weight: 400;\" aria-level=\"1\"><b>Defensa personalizada: <\/b><span style=\"font-weight: 400;\">Nuestro equipo calificado negocia en su nombre para garantizar que los acuerdos de apoyo sean justos y se basen en detalles financieros precisos y transparentes.<\/span><\/li>\n<li style=\"font-weight: 400;\" aria-level=\"1\"><b>Visi\u00f3n financiera: <\/b><span style=\"font-weight: 400;\">Aprovechamos nuestro conocimiento de las pautas de manutenci\u00f3n conyugal de Arizona para crear su caso m\u00e1s s\u00f3lido.<\/span><\/li>\n<li style=\"font-weight: 400;\" aria-level=\"1\"><b>Apoyo para modificaciones: <\/b><span style=\"font-weight: 400;\">Si su situaci\u00f3n financiera cambia despu\u00e9s del divorcio, lo ayudaremos a solicitar una modificaci\u00f3n a la orden original.<\/span><\/li>\n<li style=\"font-weight: 400;\" aria-level=\"1\"><b>Representaci\u00f3n en litigios: <\/b><span style=\"font-weight: 400;\">Ya sea a trav\u00e9s de una negociaci\u00f3n amistosa o de una defensa en los tribunales, nuestro equipo se mantiene dedicado a sus objetivos y bienestar.<\/span><\/li>\n<\/ul>\n<h2>Empod\u00e9rate hoy.<\/h2>\n<p><span style=\"font-weight: 400;\">En Rachel Frazier Johnson Law, consideramos el divorcio no solo como un asunto legal, sino como una transici\u00f3n vital importante donde la orientaci\u00f3n profesional puede marcar la diferencia. Ya sea que busque manutenci\u00f3n conyugal o se est\u00e9 defendiendo, estamos aqu\u00ed para garantizar que avance con claridad.<\/span><\/p>\n<p><a href=\"https:\/\/rfjesq.com\/es\/contact\/\"><span style=\"font-weight: 400;\">Comun\u00edquese<\/span><\/a> <span style=\"font-weight: 400;\">con nosotros hoy para concertar una consulta y descubrir c\u00f3mo podemos proteger sus intereses y al mismo tiempo asegurar su futuro financiero.<\/span><\/p>\n","protected":false},"excerpt":{"rendered":"<p>Abogado de manutenci\u00f3n conyugal en Phoenix La decisi\u00f3n de divorciarse nunca es f\u00e1cil y suele traer consigo muchas preguntas sin respuesta. Las dudas sobre la manutenci\u00f3n conyugal suelen aumentar el estr\u00e9s. En Rachel Frazier Johnson Law, nos dedicamos a ayudarle a comprender sus derechos, explorar sus opciones y encontrar el camino hacia una resoluci\u00f3n justa [&hellip;]<\/p>\n","protected":false},"author":2,"featured_media":3048,"parent":503,"menu_order":0,"comment_status":"closed","ping_status":"closed","template":"","meta":{"_acf_changed":false,"_oasis_is_in_workflow":0,"_oasis_original":0,"_oasis_task_priority":"","ocean_post_layout":"","ocean_both_sidebars_style":"","ocean_both_sidebars_content_width":0,"ocean_both_sidebars_sidebars_width":0,"ocean_sidebar":"","ocean_second_sidebar":"","ocean_disable_margins":"enable","ocean_add_body_class":"","ocean_shortcode_before_top_bar":"","ocean_shortcode_after_top_bar":"","ocean_shortcode_before_header":"","ocean_shortcode_after_header":"","ocean_has_shortcode":"","ocean_shortcode_after_title":"","ocean_shortcode_before_footer_widgets":"","ocean_shortcode_after_footer_widgets":"","ocean_shortcode_before_footer_bottom":"","ocean_shortcode_after_footer_bottom":"","ocean_display_top_bar":"default","ocean_display_header":"default","ocean_header_style":"","ocean_center_header_left_menu":"","ocean_custom_header_template":"","ocean_custom_logo":0,"ocean_custom_retina_logo":0,"ocean_custom_logo_max_width":0,"ocean_custom_logo_tablet_max_width":0,"ocean_custom_logo_mobile_max_width":0,"ocean_custom_logo_max_height":0,"ocean_custom_logo_tablet_max_height":0,"ocean_custom_logo_mobile_max_height":0,"ocean_header_custom_menu":"","ocean_menu_typo_font_family":"","ocean_menu_typo_font_subset":"","ocean_menu_typo_font_size":0,"ocean_menu_typo_font_size_tablet":0,"ocean_menu_typo_font_size_mobile":0,"ocean_menu_typo_font_size_unit":"px","ocean_menu_typo_font_weight":"","ocean_menu_typo_font_weight_tablet":"","ocean_menu_typo_font_weight_mobile":"","ocean_menu_typo_transform":"","ocean_menu_typo_transform_tablet":"","ocean_menu_typo_transform_mobile":"","ocean_menu_typo_line_height":0,"ocean_menu_typo_line_height_tablet":0,"ocean_menu_typo_line_height_mobile":0,"ocean_menu_typo_line_height_unit":"","ocean_menu_typo_spacing":0,"ocean_menu_typo_spacing_tablet":0,"ocean_menu_typo_spacing_mobile":0,"ocean_menu_typo_spacing_unit":"","ocean_menu_link_color":"","ocean_menu_link_color_hover":"","ocean_menu_link_color_active":"","ocean_menu_link_background":"","ocean_menu_link_hover_background":"","ocean_menu_link_active_background":"","ocean_menu_social_links_bg":"","ocean_menu_social_hover_links_bg":"","ocean_menu_social_links_color":"","ocean_menu_social_hover_links_color":"","ocean_disable_title":"default","ocean_disable_heading":"default","ocean_post_title":"","ocean_post_subheading":"","ocean_post_title_style":"","ocean_post_title_background_color":"","ocean_post_title_background":0,"ocean_post_title_bg_image_position":"","ocean_post_title_bg_image_attachment":"","ocean_post_title_bg_image_repeat":"","ocean_post_title_bg_image_size":"","ocean_post_title_height":0,"ocean_post_title_bg_overlay":0.5,"ocean_post_title_bg_overlay_color":"","ocean_disable_breadcrumbs":"default","ocean_breadcrumbs_color":"","ocean_breadcrumbs_separator_color":"","ocean_breadcrumbs_links_color":"","ocean_breadcrumbs_links_hover_color":"","ocean_display_footer_widgets":"default","ocean_display_footer_bottom":"default","ocean_custom_footer_template":"","footnotes":""},"class_list":["post-2109","page","type-page","status-publish","has-post-thumbnail","hentry","entry","has-media"],"acf":[],"_links":{"self":[{"href":"https:\/\/rfjesq.com\/es\/wp-json\/wp\/v2\/pages\/2109","targetHints":{"allow":["GET"]}}],"collection":[{"href":"https:\/\/rfjesq.com\/es\/wp-json\/wp\/v2\/pages"}],"about":[{"href":"https:\/\/rfjesq.com\/es\/wp-json\/wp\/v2\/types\/page"}],"author":[{"embeddable":true,"href":"https:\/\/rfjesq.com\/es\/wp-json\/wp\/v2\/users\/2"}],"replies":[{"embeddable":true,"href":"https:\/\/rfjesq.com\/es\/wp-json\/wp\/v2\/comments?post=2109"}],"version-history":[{"count":4,"href":"https:\/\/rfjesq.com\/es\/wp-json\/wp\/v2\/pages\/2109\/revisions"}],"predecessor-version":[{"id":2725,"href":"https:\/\/rfjesq.com\/es\/wp-json\/wp\/v2\/pages\/2109\/revisions\/2725"}],"up":[{"embeddable":true,"href":"https:\/\/rfjesq.com\/es\/wp-json\/wp\/v2\/pages\/503"}],"wp:featuredmedia":[{"embeddable":true,"href":"https:\/\/rfjesq.com\/es\/wp-json\/wp\/v2\/media\/3048"}],"wp:attachment":[{"href":"https:\/\/rfjesq.com\/es\/wp-json\/wp\/v2\/media?parent=2109"}],"curies":[{"name":"wp","href":"https:\/\/api.w.org\/{rel}","templated":true}]}}