{"id":2114,"date":"2025-07-31T10:24:51","date_gmt":"2025-07-31T15:24:51","guid":{"rendered":"https:\/\/rfjesq.com\/?page_id=2114"},"modified":"2025-10-09T16:48:27","modified_gmt":"2025-10-09T21:48:27","slug":"mediation","status":"publish","type":"page","link":"https:\/\/rfjesq.com\/es\/practice-areas\/mediation\/","title":{"rendered":"Mediaci\u00f3n"},"content":{"rendered":"<h1>Abogados de mediaci\u00f3n en Phoenix<\/h1>\n<p>Cuando surgen conflictos legales, ya sea en asuntos familiares, comerciales o civiles, resolverlos en los tribunales no siempre es la mejor soluci\u00f3n. De hecho, suele ser el \u00faltimo recurso. La mediaci\u00f3n puede ser una soluci\u00f3n eficaz para resolver disputas ahorrando tiempo, dinero y energ\u00eda emocional.<\/p>\n<p>En Rachel Frazier Johnson Law, nuestros abogados de mediaci\u00f3n en Phoenix combinan a\u00f1os de experiencia en litigios con un enfoque compasivo en la mediaci\u00f3n. Trabajamos para garantizar que todas las voces sean escuchadas y que cada asunto se aborde de forma justa.<\/p>\n<h2>\u00bfPor qu\u00e9 elegir la mediaci\u00f3n?<\/h2>\n<p>La mediaci\u00f3n es un proceso colaborativo que les permite a usted y a la otra parte alcanzar una resoluci\u00f3n mutuamente aceptable sin recurrir a los tribunales. Ambas partes se re\u00fanen con un mediador neutral para discutir sus objetivos y preocupaciones. El mediador (o equipo de mediaci\u00f3n) ofrece posibles soluciones, y cada parte tiene la libertad de aceptar o rechazar cualquier acuerdo sugerido.<\/p>\n<p>La mediaci\u00f3n le brinda la oportunidad de influir en el resultado de su caso en lugar de dejar las decisiones en manos de un juez. Este es uno de sus principales beneficios, pero hay muchas m\u00e1s razones por las que la mediaci\u00f3n puede ser la opci\u00f3n ideal:<\/p>\n<ul>\n<li aria-level=\"1\"><strong>Rentable:<\/strong> La mediaci\u00f3n suele ser mucho m\u00e1s econ\u00f3mica que un litigio. Al evitar largos litigios judiciales, se ahorra en honorarios de abogados, costas judiciales y gastos adicionales.<\/li>\n<li aria-level=\"1\"><strong>Eficiencia en el tiempo:<\/strong> Los litigios pueden durar meses o incluso a\u00f1os. La mediaci\u00f3n suele conducir a una resoluci\u00f3n m\u00e1s r\u00e1pida. Esto significa que podr\u00e1 retomar su vida antes.<\/li>\n<li aria-level=\"1\"><strong>Confidencial:<\/strong> A diferencia de los juicios, las sesiones de mediaci\u00f3n son privadas. Sus conversaciones se mantienen confidenciales, lo que permite una comunicaci\u00f3n m\u00e1s abierta.<\/li>\n<li aria-level=\"1\"><strong>Preserva las relaciones:<\/strong> La mediaci\u00f3n es menos conflictiva que el litigio. En casos que involucran a un familiar o un socio comercial, por ejemplo, la mediaci\u00f3n puede ayudar a mantener una relaci\u00f3n respetuosa una vez finalizado el caso.<\/li>\n<li aria-level=\"1\"><strong>Reduce el estr\u00e9s:<\/strong> El impacto emocional de una batalla judicial puede ser abrumador. La mediaci\u00f3n ofrece un entorno m\u00e1s propicio para abordar los conflictos.<\/li>\n<\/ul>\n<h2>Nuestros servicios de mediaci\u00f3n en Phoenix<\/h2>\n<p>En Rachel Frazier Johnson Law, nuestros servicios de mediaci\u00f3n abarcan una amplia gama de disputas legales. Nuestro objetivo es ayudarle a alcanzar un acuerdo justo, preservando las relaciones y reduciendo el estr\u00e9s. Nuestras \u00e1reas de mediaci\u00f3n incluyen:<\/p>\n<ul>\n<li aria-level=\"1\"><strong>Mediaci\u00f3n de divorcios:<\/strong><a href=\"https:\/\/rfjesq.com\/es\/practice-areas\/family-law\/divorce\/\"> El divorcio<\/a> rara vez es f\u00e1cil, y las amargas batallas judiciales pueden empeorar un proceso ya de por s\u00ed doloroso. Nuestros servicios de mediaci\u00f3n de divorcios ayudan a las parejas a resolver asuntos como la divisi\u00f3n de bienes, la <a class=\"wpil_keyword_link\" href=\"https:\/\/rfjesq.com\/es\/practice-areas\/family-law\/child-custody\/\"   title=\"Custodia de menores\" data-wpil-keyword-link=\"linked\"  data-wpil-monitor-id=\"5\">custodia<\/a> de los hijos, la manutenci\u00f3n conyugal y m\u00e1s, sin la amargura ni los altos costos de un litigio.<\/li>\n<li aria-level=\"1\"><strong>Mediaci\u00f3n familiar:<\/strong> Las disputas familiares pueden extenderse m\u00e1s all\u00e1 del divorcio. Los problemas relacionados con la custodia de los hijos, los derechos de visita o las decisiones sobre el cuidado de personas mayores pueden ser dif\u00edciles, y nuestros abogados especializados en mediaci\u00f3n ayudan a las familias a encontrar un punto de acuerdo.<\/li>\n<li aria-level=\"1\"><strong>Mediaci\u00f3n empresarial:<\/strong> Los desacuerdos en el mundo empresarial pueden poner en peligro asociaciones, proyectos y oportunidades futuras. Nuestros servicios de mediaci\u00f3n en derecho mercantil se centran en la resoluci\u00f3n de disputas entre socios, entre empresas y empleados, o incluso dentro de equipos.<\/li>\n<li aria-level=\"1\"><strong>Mediaci\u00f3n civil y comunitaria:<\/strong> Las disputas en los vecindarios, entre grupos comunitarios o entre individuos sobre l\u00edmites de propiedad y otros asuntos civiles a menudo pueden resolverse a trav\u00e9s de la mediaci\u00f3n.<\/li>\n<\/ul>\n<h2>Nuestro proceso de mediaci\u00f3n<\/h2>\n<p>En Rachel Frazier Johnson Law, seguimos un proceso de mediaci\u00f3n estructurado, dise\u00f1ado para garantizar claridad, imparcialidad y eficiencia. Nuestro proceso suele incluir los siguientes pasos:<\/p>\n<ol>\n<li aria-level=\"1\"><strong>Consulta inicial:<\/strong> Comenzamos con una consulta con ambas partes, durante la cual escuchamos su historia, comprendemos sus objetivos y le explicamos c\u00f3mo la mediaci\u00f3n puede ayudarle. Esta sesi\u00f3n es confidencial y est\u00e1 dise\u00f1ada para brindarle una visi\u00f3n clara del proceso.<\/li>\n<li aria-level=\"1\"><strong>Preparaci\u00f3n previa a la mediaci\u00f3n:<\/strong> Se recomienda a ambas partes que re\u00fanan documentos importantes, registros financieros y cualquier otra prueba relevante. Les ayudamos a prepararse describiendo los puntos clave y estableciendo objetivos realistas.<\/li>\n<li aria-level=\"1\"><strong>Sesiones de mediaci\u00f3n:<\/strong> En una serie de sesiones, que pueden realizarse presencialmente o virtualmente, usted y la parte contraria se re\u00fanen con nuestro equipo de mediaci\u00f3n. Nuestra mediadora, a menudo dirigida por la propia Rachel Frazier Johnson, gu\u00eda la conversaci\u00f3n, garantizando que se aborden todas las inquietudes y que la conversaci\u00f3n se mantenga respetuosa y productiva.<\/li>\n<li aria-level=\"1\"><strong>Negociaci\u00f3n y redacci\u00f3n:<\/strong> A medida que se alcanzan acuerdos sobre cuestiones individuales, redactamos un acuerdo integral que refleja el entendimiento mutuo de ambas partes. Este documento se revisa cuidadosamente para garantizar su claridad, imparcialidad y legalidad.<\/li>\n<li aria-level=\"1\"><strong>Aprobaci\u00f3n final:<\/strong> Una vez formalizado el acuerdo, se presenta al tribunal correspondiente para su aprobaci\u00f3n, momento en el que adquiere fuerza legal. Este \u00faltimo paso le brinda la seguridad de saber que el acuerdo est\u00e1 reconocido por la ley.<\/li>\n<\/ol>\n<h2>Los beneficios de trabajar con nuestros abogados de mediaci\u00f3n<\/h2>\n<p>Nuestro enfoque de mediaci\u00f3n se basa en la experiencia legal y la atenci\u00f3n genuina a nuestros clientes. Estas son las razones por las que nuestros clientes eligen a nuestros abogados de mediaci\u00f3n en Phoenix:<\/p>\n<ul>\n<li aria-level=\"1\"><strong>Experiencia en la que puede confiar:<\/strong> Con m\u00e1s de <a class=\"wpil_keyword_link\" href=\"https:\/\/rfjesq.com\/es\/team\/rachel-frazier-johnson\/\"   title=\"Rachel Frazier Johnson\" data-wpil-keyword-link=\"linked\"  data-wpil-monitor-id=\"24\">25 a\u00f1os de experiencia<\/a>, nuestro equipo de mediaci\u00f3n ha resuelto con \u00e9xito disputas complejas en diversos campos, desde familia y divorcio hasta asuntos comerciales y civiles.<\/li>\n<li aria-level=\"1\"><strong>Enfoque centrado en el cliente:<\/strong> Entendemos que cada situaci\u00f3n es \u00fanica. Adaptamos nuestros servicios de mediaci\u00f3n a sus necesidades espec\u00edficas, asegur\u00e1ndonos de que se sienta escuchado, respetado y empoderado durante todo el proceso.<\/li>\n<li aria-level=\"1\"><strong>Resultados comprobados:<\/strong> Nuestra trayectoria habla por s\u00ed sola. Contamos con un historial de resultados favorables que preservan las relaciones y brindan soluciones a largo plazo.<\/li>\n<li aria-level=\"1\"><strong>Eficiencia y ahorro de costos:<\/strong> Al evitar el largo y costoso proceso de litigio, la mediaci\u00f3n ofrece una resoluci\u00f3n m\u00e1s r\u00e1pida que ahorra tiempo y dinero.<\/li>\n<li aria-level=\"1\"><strong>Experiencia local:<\/strong> Como abogados de mediaci\u00f3n con sede en Phoenix, tenemos un profundo conocimiento de las leyes locales, los matices culturales y la din\u00e1mica de la comunidad, lo que nos brinda una ventaja estrat\u00e9gica para resolver disputas de manera efectiva.<\/li>\n<\/ul>\n<h2>Preguntas frecuentes sobre la mediaci\u00f3n<\/h2>\n<p>Sabemos que elegir la mediaci\u00f3n puede generar muchas preguntas. Estas son algunas de las preguntas m\u00e1s frecuentes que recibimos:<\/p>\n<h5>\u00bfQu\u00e9 es la mediaci\u00f3n?<\/h5>\n<p>La mediaci\u00f3n es un proceso alternativo de resoluci\u00f3n de disputas en el que un tercero neutral (el mediador) facilita la comunicaci\u00f3n entre las partes en disputa para ayudarlas a alcanzar un acuerdo mutuamente aceptable. Es un m\u00e9todo flexible, confidencial y menos conflictivo que acudir a los tribunales.<\/p>\n<h5>\u00bfEs la mediaci\u00f3n jur\u00eddicamente vinculante?<\/h5>\n<p>El proceso de mediaci\u00f3n en s\u00ed no es vinculante. Sin embargo, si se llega a un acuerdo, el acuerdo se redacta en un documento legalmente vinculante y se presenta al tribunal para su aprobaci\u00f3n.<\/p>\n<h5>\u00bfCu\u00e1nto tiempo dura la mediaci\u00f3n?<\/h5>\n<p>El plazo var\u00eda seg\u00fan la complejidad de la disputa. Muchos casos de mediaci\u00f3n se resuelven en pocos meses, mientras que asuntos m\u00e1s complejos pueden requerir sesiones adicionales. Nuestro objetivo es siempre resolver su caso con la mayor rapidez posible.<\/p>\n<h5>\u00bfQu\u00e9 pasa si no llegamos a un acuerdo?<\/h5>\n<p>Si la mediaci\u00f3n no resulta en un acuerdo total, a\u00fan conserva el derecho a litigar. Sin embargo, la mediaci\u00f3n suele facilitar el acuerdo y puede reducir el tiempo y el costo de un juicio.<\/p>\n<h5>\u00bfC\u00f3mo me preparo para la mediaci\u00f3n?<\/h5>\n<p>La preparaci\u00f3n es clave. Recomendamos reunir toda la documentaci\u00f3n relevante, analizar sus prioridades y considerar posibles concesiones. Nuestro equipo le guiar\u00e1 durante el proceso y le ayudar\u00e1 a prepararse eficazmente.<\/p>\n<h5>\u00bfPuede la mediaci\u00f3n funcionar para todo tipo de disputas?<\/h5>\n<p>Si bien la mediaci\u00f3n es muy eficaz en muchos casos, puede no ser adecuada para todas las disputas, especialmente en asuntos penales o cuando una de las partes se niega a negociar. Nuestra consulta inicial le ayudar\u00e1 a determinar si la mediaci\u00f3n es la opci\u00f3n adecuada para su situaci\u00f3n.<\/p>\n<h2>Cu\u00e1ndo elegir la mediaci\u00f3n en lugar del litigio<\/h2>\n<p>Decidir entre la mediaci\u00f3n y el litigio puede ser dif\u00edcil. Aqu\u00ed hay algunos indicadores de que la mediaci\u00f3n podr\u00eda ser la mejor opci\u00f3n para resolver su disputa:<\/p>\n<ul>\n<li aria-level=\"1\"><strong>Alto riesgo emocional:<\/strong> cuando preservar las relaciones es fundamental, como en las disputas familiares, la mediaci\u00f3n ofrece un proceso menos conflictivo.<\/li>\n<li aria-level=\"1\"><strong>Consideraciones de costo y tiempo:<\/strong> La mediaci\u00f3n generalmente es m\u00e1s r\u00e1pida y menos costosa que un juicio en un tribunal completo, lo que la convierte en una opci\u00f3n inteligente cuando los recursos son limitados.<\/li>\n<li aria-level=\"1\"><strong>Control sobre el resultado:<\/strong> la mediaci\u00f3n le brinda participaci\u00f3n directa en la resoluci\u00f3n, en lugar de dejar la decisi\u00f3n enteramente en manos de un juez.<\/li>\n<li aria-level=\"1\"><strong>Confidencialidad:<\/strong> Si prefiere mantener privados los detalles de su disputa, la mediaci\u00f3n proporciona un entorno confidencial que el litigio no puede ofrecer.<\/li>\n<li aria-level=\"1\"><strong>Voluntad de compromiso:<\/strong> Si ambas partes est\u00e1n abiertas a negociar y encontrar una soluci\u00f3n mutuamente aceptable, la mediaci\u00f3n puede ser muy eficaz.<\/li>\n<\/ul>\n<p>Nuestros abogados de mediaci\u00f3n en Phoenix le ayudar\u00e1n a evaluar su situaci\u00f3n y determinar si la mediaci\u00f3n es la opci\u00f3n m\u00e1s beneficiosa para su caso.<\/p>\n<h2>Nuestro compromiso con una resoluci\u00f3n justa y amistosa<\/h2>\n<p>En Rachel Frazier Johnson Law, creemos que toda disputa tiene el potencial de resolverse sin la acritud de las batallas judiciales. Nuestro equipo se compromete a:<\/p>\n<ul>\n<li aria-level=\"1\">Ofreciendo servicios de mediaci\u00f3n personalizados y compasivos.<\/li>\n<li aria-level=\"1\">Le ayudamos a tomar decisiones informadas sobre su futuro.<\/li>\n<li aria-level=\"1\">Creando soluciones beneficiosas para todos que protejan sus intereses y relaciones.<\/li>\n<li aria-level=\"1\">Proporcionar apoyo continuo incluso despu\u00e9s de que concluya el proceso de mediaci\u00f3n.<\/li>\n<\/ul>\n<p>Su camino hacia la resoluci\u00f3n no tiene por qu\u00e9 estar plagado de hostilidad. Perm\u00edtanos ayudarle a encontrar puntos en com\u00fan y a construir un futuro basado en la cooperaci\u00f3n y el respeto mutuo.<\/p>\n<h2>Tu viaje comienza con un paso.<\/h2>\n<p>No permita que un conflicto sin resolver le impida avanzar. Ya sea que se enfrente a una disputa familiar, un desacuerdo comercial o un asunto civil, nuestros abogados expertos en mediaci\u00f3n est\u00e1n aqu\u00ed para ayudarle.<\/p>\n<p>Elegir la mediaci\u00f3n es una decisi\u00f3n empoderadora. Significa tomar las riendas de su futuro y trabajar para lograr una resoluci\u00f3n que satisfaga sus necesidades y las de su familia. En Rachel Frazier Johnson Law, nos comprometemos a guiarle en cada paso del proceso, desde la consulta inicial hasta la aprobaci\u00f3n judicial final.<\/p>\n<p>Cada conversaci\u00f3n, cada sesi\u00f3n, cada acuerdo es un paso hacia un nuevo comienzo.<a href=\"https:\/\/rfjesq.com\/es\/contact\/\"> Cont\u00e1ctenos hoy<\/a> y descubra c\u00f3mo la mediaci\u00f3n puede transformar su disputa en un trampol\u00edn hacia un futuro mejor.<\/p>\n","protected":false},"excerpt":{"rendered":"<p>Abogados de mediaci\u00f3n en Phoenix Cuando surgen conflictos legales, ya sea en asuntos familiares, comerciales o civiles, resolverlos en los tribunales no siempre es la mejor soluci\u00f3n. De hecho, suele ser el \u00faltimo recurso. La mediaci\u00f3n puede ser una soluci\u00f3n eficaz para resolver disputas ahorrando tiempo, dinero y energ\u00eda emocional. En Rachel Frazier Johnson Law, [&hellip;]<\/p>\n","protected":false},"author":2,"featured_media":3005,"parent":508,"menu_order":0,"comment_status":"closed","ping_status":"closed","template":"","meta":{"_acf_changed":false,"_oasis_is_in_workflow":0,"_oasis_original":0,"_oasis_task_priority":"","ocean_post_layout":"","ocean_both_sidebars_style":"","ocean_both_sidebars_content_width":0,"ocean_both_sidebars_sidebars_width":0,"ocean_sidebar":"","ocean_second_sidebar":"","ocean_disable_margins":"enable","ocean_add_body_class":"","ocean_shortcode_before_top_bar":"","ocean_shortcode_after_top_bar":"","ocean_shortcode_before_header":"","ocean_shortcode_after_header":"","ocean_has_shortcode":"","ocean_shortcode_after_title":"","ocean_shortcode_before_footer_widgets":"","ocean_shortcode_after_footer_widgets":"","ocean_shortcode_before_footer_bottom":"","ocean_shortcode_after_footer_bottom":"","ocean_display_top_bar":"default","ocean_display_header":"default","ocean_header_style":"","ocean_center_header_left_menu":"","ocean_custom_header_template":"","ocean_custom_logo":0,"ocean_custom_retina_logo":0,"ocean_custom_logo_max_width":0,"ocean_custom_logo_tablet_max_width":0,"ocean_custom_logo_mobile_max_width":0,"ocean_custom_logo_max_height":0,"ocean_custom_logo_tablet_max_height":0,"ocean_custom_logo_mobile_max_height":0,"ocean_header_custom_menu":"","ocean_menu_typo_font_family":"","ocean_menu_typo_font_subset":"","ocean_menu_typo_font_size":0,"ocean_menu_typo_font_size_tablet":0,"ocean_menu_typo_font_size_mobile":0,"ocean_menu_typo_font_size_unit":"px","ocean_menu_typo_font_weight":"","ocean_menu_typo_font_weight_tablet":"","ocean_menu_typo_font_weight_mobile":"","ocean_menu_typo_transform":"","ocean_menu_typo_transform_tablet":"","ocean_menu_typo_transform_mobile":"","ocean_menu_typo_line_height":0,"ocean_menu_typo_line_height_tablet":0,"ocean_menu_typo_line_height_mobile":0,"ocean_menu_typo_line_height_unit":"","ocean_menu_typo_spacing":0,"ocean_menu_typo_spacing_tablet":0,"ocean_menu_typo_spacing_mobile":0,"ocean_menu_typo_spacing_unit":"","ocean_menu_link_color":"","ocean_menu_link_color_hover":"","ocean_menu_link_color_active":"","ocean_menu_link_background":"","ocean_menu_link_hover_background":"","ocean_menu_link_active_background":"","ocean_menu_social_links_bg":"","ocean_menu_social_hover_links_bg":"","ocean_menu_social_links_color":"","ocean_menu_social_hover_links_color":"","ocean_disable_title":"default","ocean_disable_heading":"default","ocean_post_title":"","ocean_post_subheading":"","ocean_post_title_style":"","ocean_post_title_background_color":"","ocean_post_title_background":0,"ocean_post_title_bg_image_position":"","ocean_post_title_bg_image_attachment":"","ocean_post_title_bg_image_repeat":"","ocean_post_title_bg_image_size":"","ocean_post_title_height":0,"ocean_post_title_bg_overlay":0.5,"ocean_post_title_bg_overlay_color":"","ocean_disable_breadcrumbs":"default","ocean_breadcrumbs_color":"","ocean_breadcrumbs_separator_color":"","ocean_breadcrumbs_links_color":"","ocean_breadcrumbs_links_hover_color":"","ocean_display_footer_widgets":"default","ocean_display_footer_bottom":"default","ocean_custom_footer_template":"","footnotes":""},"class_list":["post-2114","page","type-page","status-publish","has-post-thumbnail","hentry","entry","has-media"],"acf":[],"_links":{"self":[{"href":"https:\/\/rfjesq.com\/es\/wp-json\/wp\/v2\/pages\/2114","targetHints":{"allow":["GET"]}}],"collection":[{"href":"https:\/\/rfjesq.com\/es\/wp-json\/wp\/v2\/pages"}],"about":[{"href":"https:\/\/rfjesq.com\/es\/wp-json\/wp\/v2\/types\/page"}],"author":[{"embeddable":true,"href":"https:\/\/rfjesq.com\/es\/wp-json\/wp\/v2\/users\/2"}],"replies":[{"embeddable":true,"href":"https:\/\/rfjesq.com\/es\/wp-json\/wp\/v2\/comments?post=2114"}],"version-history":[{"count":8,"href":"https:\/\/rfjesq.com\/es\/wp-json\/wp\/v2\/pages\/2114\/revisions"}],"predecessor-version":[{"id":2869,"href":"https:\/\/rfjesq.com\/es\/wp-json\/wp\/v2\/pages\/2114\/revisions\/2869"}],"up":[{"embeddable":true,"href":"https:\/\/rfjesq.com\/es\/wp-json\/wp\/v2\/pages\/508"}],"wp:featuredmedia":[{"embeddable":true,"href":"https:\/\/rfjesq.com\/es\/wp-json\/wp\/v2\/media\/3005"}],"wp:attachment":[{"href":"https:\/\/rfjesq.com\/es\/wp-json\/wp\/v2\/media?parent=2114"}],"curies":[{"name":"wp","href":"https:\/\/api.w.org\/{rel}","templated":true}]}}