{"id":2117,"date":"2025-07-25T14:06:48","date_gmt":"2025-07-25T19:06:48","guid":{"rendered":"https:\/\/rfjesq.com\/?page_id=2117"},"modified":"2025-10-09T16:06:46","modified_gmt":"2025-10-09T21:06:46","slug":"back-injuries","status":"publish","type":"page","link":"https:\/\/rfjesq.com\/es\/practice-areas\/personal-injury\/back-injuries\/","title":{"rendered":"Lesiones de Espalda"},"content":{"rendered":"<h1>Abogados de lesiones de espalda en Phoenix<\/h1>\n<p>Se sinti\u00f3 bien despu\u00e9s del accidente, quiz\u00e1s solo un poco afectado, pero ahora, d\u00edas o semanas despu\u00e9s, el dolor de espalda es insoportable. Le preocupa que pueda ser grave, pero la idea de costosas facturas m\u00e9dicas y la falta de trabajo le hace dudar en buscar ayuda. No est\u00e1 solo. En Rachel Frazier Johnson Law, llevamos m\u00e1s de 25 a\u00f1os ayudando a v\u00edctimas de lesiones personales como usted. Las lesiones de espalda son graves y nunca deben ignorarse. Perm\u00edtanos ayudarle a obtener la compensaci\u00f3n que necesita para pagar el tratamiento, cubrir la p\u00e9rdida de ingresos y seguir adelante con su vida.<\/p>\n<h2>\u00bfPor qu\u00e9 son comunes las lesiones de espalda en los accidentes?<\/h2>\n<p>La espalda es una estructura de soporte fundamental para el cuerpo, compuesta por un complejo sistema de m\u00fasculos, huesos y nervios. Su funci\u00f3n crucial tambi\u00e9n la hace propensa a sufrir lesiones al ser sometida a una fuerza repentina o un traumatismo. Accidentes como estos son causas comunes de lesiones de espalda:<\/p>\n<ul>\n<li aria-level=\"1\"><strong><a href=\"https:\/\/rfjesq.com\/es\/practice-areas\/personal-injury\/car-accidents\/\">Accidentes automovil\u00edsticos<\/a>:<\/strong> Las colisiones repentinas pueden desgarrar la columna vertebral, provocando hernias de disco, latigazo cervical y distensiones musculares.<\/li>\n<li aria-level=\"1\"><strong><a href=\"https:\/\/rfjesq.com\/es\/practice-areas\/personal-injury\/slip-fall-injuries\/\">Incidentes de resbalones y ca\u00eddas<\/a>:<\/strong> El impacto de una ca\u00edda a menudo afecta la parte baja de la espalda.<\/li>\n<li aria-level=\"1\"><strong>Lesiones en el lugar de trabajo:<\/strong> Los movimientos repetitivos o las t\u00e9cnicas de levantamiento inadecuadas pueden tensar la regi\u00f3n lumbar.<\/li>\n<\/ul>\n<p>Incluso los accidentes aparentemente menores pueden provocar dolor de espalda cr\u00f3nico o limitaciones f\u00edsicas a largo plazo, por lo que es fundamental abordar cualquier dolor de espalda o lesi\u00f3n de inmediato.<\/p>\n<h2>Comprender la gravedad de las lesiones de espalda y su impacto en la vida.<\/h2>\n<p>Las lesiones de espalda var\u00edan en gravedad, pero todas pueden interferir con la capacidad de llevar una vida normal. A continuaci\u00f3n, se presentan los tipos comunes de lesiones y sus posibles consecuencias:<\/p>\n<h3>1. Lesiones de tejidos blandos<\/h3>\n<ul>\n<li aria-level=\"1\"><strong>Ejemplos:<\/strong> distensiones, esguinces y desgarros musculares.<\/li>\n<li aria-level=\"1\"><strong>Impacto:<\/strong> Dolor, rigidez y movilidad reducida; la recuperaci\u00f3n puede requerir fisioterapia o descanso.<\/li>\n<\/ul>\n<h3>2. Discos herniados o abultados<\/h3>\n<ul>\n<li aria-level=\"1\"><strong>Ejemplos:<\/strong> Discos que presionan los nervios de la m\u00e9dula espinal.<\/li>\n<li aria-level=\"1\"><strong>Impacto:<\/strong> Los s\u00edntomas incluyen dolor intenso, hormigueo o debilidad; el tratamiento puede implicar inyecciones, fisioterapia o cirug\u00eda.<\/li>\n<\/ul>\n<h3>3. Fracturas de columna<\/h3>\n<ul>\n<li aria-level=\"1\"><strong>Ejemplos:<\/strong> Grietas o roturas en las v\u00e9rtebras.<\/li>\n<li aria-level=\"1\"><strong>Impacto:<\/strong> Dolor intenso, movilidad limitada y posible da\u00f1o a los nervios que puede requerir cirug\u00eda.<\/li>\n<\/ul>\n<h3>4. Lesiones de la m\u00e9dula espinal<\/h3>\n<ul>\n<li aria-level=\"1\"><strong>Ejemplos:<\/strong> Da\u00f1os a la m\u00e9dula espinal.<\/li>\n<li aria-level=\"1\"><strong>Impacto:<\/strong> Puede provocar par\u00e1lisis parcial o total, requiriendo atenci\u00f3n m\u00e9dica y dispositivos de asistencia de por vida.<\/li>\n<\/ul>\n<h3>5. Dolor de espalda cr\u00f3nico<\/h3>\n<ul>\n<li aria-level=\"1\"><strong>Ejemplos:<\/strong> Dolor que persiste durante meses o a\u00f1os despu\u00e9s de una lesi\u00f3n inicial.<\/li>\n<li aria-level=\"1\"><strong>Impacto:<\/strong> Limita las actividades diarias, la capacidad laboral y la calidad de vida en general.<\/li>\n<\/ul>\n<h2>\u00bfQu\u00e9 debe hacer si sospecha que tiene una lesi\u00f3n en la espalda despu\u00e9s de un accidente?<\/h2>\n<p>Si cree que ha sufrido una lesi\u00f3n en la espalda en un accidente, tome estas medidas para proteger su salud y sus derechos:<\/p>\n<ul>\n<li aria-level=\"1\"><strong>Busque atenci\u00f3n m\u00e9dica:<\/strong> Aunque el dolor parezca leve, consulte con un profesional de la salud. El diagn\u00f3stico temprano puede prevenir que la afecci\u00f3n empeore.<\/li>\n<li aria-level=\"1\"><strong>Documentar s\u00edntomas y citas:<\/strong> Lleve un registro de sus s\u00edntomas, visitas m\u00e9dicas y tratamientos prescritos.<\/li>\n<li aria-level=\"1\"><strong>Reportar el incidente:<\/strong> Notifique a su empleador o al propietario de la propiedad sobre el accidente si ocurri\u00f3 en el trabajo o en sus instalaciones.<\/li>\n<li aria-level=\"1\"><strong>Consulte con nuestro equipo legal:<\/strong> Cont\u00e1ctenos en Rachel Frazier Johnson Law para hablar sobre su caso. Podemos ayudarle a comprender sus opciones legales y a obtener una indemnizaci\u00f3n.<\/li>\n<\/ul>\n<h2>\u00bfC\u00f3mo la ley Rachel Frazier Johnson hace posible la recuperaci\u00f3n?<\/h2>\n<p>Las lesiones de espalda pueden afectar gravemente su vida emocional, financiera y f\u00edsicamente. En Rachel Frazier Johnson Law, nos comprometemos a ayudarle a obtener la atenci\u00f3n y el apoyo que necesita para su recuperaci\u00f3n. Lo logramos ayud\u00e1ndole h\u00e1bilmente a obtener una indemnizaci\u00f3n por diversos da\u00f1os, incluyendo:<\/p>\n<ul>\n<li aria-level=\"1\"><strong>Gastos m\u00e9dicos<\/strong>\n<ul>\n<li aria-level=\"2\">Cobertura para cirug\u00edas, estad\u00edas hospitalarias, fisioterapia, medicamentos y tratamientos continuos.<\/li>\n<li aria-level=\"2\">Reembolso por equipos m\u00e9dicos como aparatos ortop\u00e9dicos, sillas de ruedas u otros dispositivos de ayuda para la movilidad.<\/li>\n<\/ul>\n<\/li>\n<li aria-level=\"1\"><strong>Salarios perdidos y ganancias futuras<\/strong>\n<ul>\n<li aria-level=\"2\">Compensaci\u00f3n por los ingresos perdidos durante su per\u00edodo de recuperaci\u00f3n.<\/li>\n<li aria-level=\"2\">Da\u00f1os por capacidad de ingresos reducida si su lesi\u00f3n de espalda afecta su capacidad para trabajar a largo plazo.<\/li>\n<\/ul>\n<\/li>\n<li aria-level=\"1\"><strong>Dolor y sufrimiento<\/strong>\n<ul>\n<li aria-level=\"2\">Compensaci\u00f3n financiera por el dolor y la angustia emocional que su lesi\u00f3n le ha causado.<\/li>\n<\/ul>\n<\/li>\n<li aria-level=\"1\"><strong>Costos de rehabilitaci\u00f3n<\/strong>\n<ul>\n<li aria-level=\"2\">Apoyo para programas de rehabilitaci\u00f3n o sesiones de terapia para ayudar a su recuperaci\u00f3n.<\/li>\n<\/ul>\n<\/li>\n<li aria-level=\"1\"><strong>Modificaciones y asistencia en el hogar<\/strong>\n<ul>\n<li aria-level=\"2\">Cobertura para modificaciones necesarias en su hogar, como rampas o ba\u00f1os accesibles.<\/li>\n<li aria-level=\"2\">Compensaci\u00f3n por contrataci\u00f3n de cuidados a domicilio o asistencia personal para tareas diarias.<\/li>\n<\/ul>\n<\/li>\n<li aria-level=\"1\"><strong>Da\u00f1os punitivos<\/strong>\n<ul>\n<li aria-level=\"2\">En ciertos casos, podemos reclamar da\u00f1os punitivos para responsabilizar a las partes negligentes por sus acciones.<\/li>\n<\/ul>\n<\/li>\n<\/ul>\n<h2>Cu\u00eddate.<\/h2>\n<p>Si sufri\u00f3 una lesi\u00f3n de espalda debido a la negligencia de otra persona, no permita que el miedo a los altos costos o la p\u00e9rdida de ingresos le impida recibir la atenci\u00f3n que necesita. Rachel Frazier Johnson Law est\u00e1 aqu\u00ed para ayudarle a obtener la compensaci\u00f3n que merece, aliviando su carga y haciendo posible su recuperaci\u00f3n.<a href=\"https:\/\/rfjesq.com\/es\/contact\/\"> Cont\u00e1ctenos hoy mismo<\/a> para iniciar su reclamo por lesi\u00f3n de espalda.<\/p>\n","protected":false},"excerpt":{"rendered":"<p>Abogados de lesiones de espalda en Phoenix Se sinti\u00f3 bien despu\u00e9s del accidente, quiz\u00e1s solo un poco afectado, pero ahora, d\u00edas o semanas despu\u00e9s, el dolor de espalda es insoportable. Le preocupa que pueda ser grave, pero la idea de costosas facturas m\u00e9dicas y la falta de trabajo le hace dudar en buscar ayuda. No [&hellip;]<\/p>\n","protected":false},"author":2,"featured_media":3019,"parent":532,"menu_order":0,"comment_status":"closed","ping_status":"closed","template":"","meta":{"_acf_changed":false,"_oasis_is_in_workflow":0,"_oasis_original":0,"_oasis_task_priority":"","ocean_post_layout":"","ocean_both_sidebars_style":"","ocean_both_sidebars_content_width":0,"ocean_both_sidebars_sidebars_width":0,"ocean_sidebar":"","ocean_second_sidebar":"","ocean_disable_margins":"enable","ocean_add_body_class":"","ocean_shortcode_before_top_bar":"","ocean_shortcode_after_top_bar":"","ocean_shortcode_before_header":"","ocean_shortcode_after_header":"","ocean_has_shortcode":"","ocean_shortcode_after_title":"","ocean_shortcode_before_footer_widgets":"","ocean_shortcode_after_footer_widgets":"","ocean_shortcode_before_footer_bottom":"","ocean_shortcode_after_footer_bottom":"","ocean_display_top_bar":"default","ocean_display_header":"default","ocean_header_style":"","ocean_center_header_left_menu":"","ocean_custom_header_template":"","ocean_custom_logo":0,"ocean_custom_retina_logo":0,"ocean_custom_logo_max_width":0,"ocean_custom_logo_tablet_max_width":0,"ocean_custom_logo_mobile_max_width":0,"ocean_custom_logo_max_height":0,"ocean_custom_logo_tablet_max_height":0,"ocean_custom_logo_mobile_max_height":0,"ocean_header_custom_menu":"","ocean_menu_typo_font_family":"","ocean_menu_typo_font_subset":"","ocean_menu_typo_font_size":0,"ocean_menu_typo_font_size_tablet":0,"ocean_menu_typo_font_size_mobile":0,"ocean_menu_typo_font_size_unit":"px","ocean_menu_typo_font_weight":"","ocean_menu_typo_font_weight_tablet":"","ocean_menu_typo_font_weight_mobile":"","ocean_menu_typo_transform":"","ocean_menu_typo_transform_tablet":"","ocean_menu_typo_transform_mobile":"","ocean_menu_typo_line_height":0,"ocean_menu_typo_line_height_tablet":0,"ocean_menu_typo_line_height_mobile":0,"ocean_menu_typo_line_height_unit":"","ocean_menu_typo_spacing":0,"ocean_menu_typo_spacing_tablet":0,"ocean_menu_typo_spacing_mobile":0,"ocean_menu_typo_spacing_unit":"","ocean_menu_link_color":"","ocean_menu_link_color_hover":"","ocean_menu_link_color_active":"","ocean_menu_link_background":"","ocean_menu_link_hover_background":"","ocean_menu_link_active_background":"","ocean_menu_social_links_bg":"","ocean_menu_social_hover_links_bg":"","ocean_menu_social_links_color":"","ocean_menu_social_hover_links_color":"","ocean_disable_title":"default","ocean_disable_heading":"default","ocean_post_title":"","ocean_post_subheading":"","ocean_post_title_style":"","ocean_post_title_background_color":"","ocean_post_title_background":0,"ocean_post_title_bg_image_position":"","ocean_post_title_bg_image_attachment":"","ocean_post_title_bg_image_repeat":"","ocean_post_title_bg_image_size":"","ocean_post_title_height":0,"ocean_post_title_bg_overlay":0.5,"ocean_post_title_bg_overlay_color":"","ocean_disable_breadcrumbs":"default","ocean_breadcrumbs_color":"","ocean_breadcrumbs_separator_color":"","ocean_breadcrumbs_links_color":"","ocean_breadcrumbs_links_hover_color":"","ocean_display_footer_widgets":"default","ocean_display_footer_bottom":"default","ocean_custom_footer_template":"","footnotes":""},"class_list":["post-2117","page","type-page","status-publish","has-post-thumbnail","hentry","entry","has-media"],"acf":[],"_links":{"self":[{"href":"https:\/\/rfjesq.com\/es\/wp-json\/wp\/v2\/pages\/2117","targetHints":{"allow":["GET"]}}],"collection":[{"href":"https:\/\/rfjesq.com\/es\/wp-json\/wp\/v2\/pages"}],"about":[{"href":"https:\/\/rfjesq.com\/es\/wp-json\/wp\/v2\/types\/page"}],"author":[{"embeddable":true,"href":"https:\/\/rfjesq.com\/es\/wp-json\/wp\/v2\/users\/2"}],"replies":[{"embeddable":true,"href":"https:\/\/rfjesq.com\/es\/wp-json\/wp\/v2\/comments?post=2117"}],"version-history":[{"count":7,"href":"https:\/\/rfjesq.com\/es\/wp-json\/wp\/v2\/pages\/2117\/revisions"}],"predecessor-version":[{"id":2710,"href":"https:\/\/rfjesq.com\/es\/wp-json\/wp\/v2\/pages\/2117\/revisions\/2710"}],"up":[{"embeddable":true,"href":"https:\/\/rfjesq.com\/es\/wp-json\/wp\/v2\/pages\/532"}],"wp:featuredmedia":[{"embeddable":true,"href":"https:\/\/rfjesq.com\/es\/wp-json\/wp\/v2\/media\/3019"}],"wp:attachment":[{"href":"https:\/\/rfjesq.com\/es\/wp-json\/wp\/v2\/media?parent=2117"}],"curies":[{"name":"wp","href":"https:\/\/api.w.org\/{rel}","templated":true}]}}