{"id":2118,"date":"2025-07-25T14:03:39","date_gmt":"2025-07-25T19:03:39","guid":{"rendered":"https:\/\/rfjesq.com\/?page_id=2118"},"modified":"2025-10-09T15:57:02","modified_gmt":"2025-10-09T20:57:02","slug":"bicycle-accidents","status":"publish","type":"page","link":"https:\/\/rfjesq.com\/es\/practice-areas\/personal-injury\/bicycle-accidents\/","title":{"rendered":"Accidentes de Bicicleta"},"content":{"rendered":"<h1>Abogado de accidentes de bicicleta en Phoenix<\/h1>\n<p>El ciclismo puede proporcionar ejercicio, una forma m\u00e1s sostenible de viajar y una incre\u00edble sensaci\u00f3n de libertad. Sin embargo, para muchos ciclistas en Arizona, compartir la carretera con veh\u00edculos conlleva riesgos significativos. Un paseo sin preocupaciones puede convertirse r\u00e1pidamente en un<a href=\"https:\/\/rfjesq.com\/es\/practice-areas\/personal-injury\/neck-injuries\/\"> accidente grave<\/a> con profundas repercusiones f\u00edsicas, emocionales y financieras. En Rachel Frazier Johnson Law, apoyamos a los ciclistas lesionados para garantizar que reciban el apoyo y la compensaci\u00f3n que merecen.<\/p>\n<h2>Desaf\u00edos que enfrentan los ciclistas en las carreteras de Arizona<\/h2>\n<p>El clima c\u00e1lido y las rutas panor\u00e1micas de Arizona hacen del ciclismo un medio de transporte y recreaci\u00f3n popular, pero los ciclistas siguen corriendo un riesgo significativo. A diferencia de los conductores, los ciclistas tienen poca o ninguna protecci\u00f3n f\u00edsica en la carretera, lo que los hace a\u00fan m\u00e1s vulnerables a lesiones graves en caso de accidente. Los peligros para los ciclistas incluyen:<\/p>\n<ul>\n<li aria-level=\"1\"><strong><a href=\"https:\/\/rfjesq.com\/es\/practice-areas\/personal-injury\/car-accidents\/\">Conductores distra\u00eddos<\/a>:<\/strong> Actividades aparentemente simples como enviar mensajes de texto, ajustar los sistemas de navegaci\u00f3n o comer mientras se est\u00e1 al volante pueden provocar colisiones con ciclistas.<\/li>\n<li aria-level=\"1\"><strong>Peligros en la carretera:<\/strong> Los baches, las grietas y los escombros pueden poner en peligro la vida de los ciclistas, especialmente cuando los carriles para bicicletas no est\u00e1n disponibles o est\u00e1n mal mantenidos.<\/li>\n<li aria-level=\"1\"><strong>Conducci\u00f3n agresiva:<\/strong> Otros veh\u00edculos que exceden los l\u00edmites de velocidad, circulan demasiado cerca de otros veh\u00edculos o no ceden el paso a los ciclistas aumentan significativamente la probabilidad de accidentes.<\/li>\n<li aria-level=\"1\"><strong>Visibilidad limitada:<\/strong> Puede resultar m\u00e1s dif\u00edcil para los conductores ver a los ciclistas, especialmente en condiciones de poca luz o cuando no usan equipo reflectante.<\/li>\n<\/ul>\n<h2>Derechos legales de los ciclistas en Arizona<\/h2>\n<p>Comprender sus derechos legales puede ser vital si sufre lesiones en un accidente de bicicleta. La ley de Arizona reconoce a los ciclistas como usuarios de la v\u00eda p\u00fablica con igualdad de derechos y derecho a protecci\u00f3n bajo las normas de tr\u00e1nsito. Los aspectos legales clave incluyen:<\/p>\n<ol>\n<li aria-level=\"1\"><strong>Compensaci\u00f3n por culpa:<\/strong> Arizona sigue un sistema de compensaci\u00f3n por culpa. Si la negligencia de un tercero caus\u00f3 su accidente, podr\u00eda reclamar una compensaci\u00f3n por gastos m\u00e9dicos, p\u00e9rdida de ingresos, angustia emocional y m\u00e1s.<\/li>\n<li aria-level=\"1\"><strong>Prescripci\u00f3n:<\/strong> En Arizona, debe presentar una reclamaci\u00f3n por lesiones personales dentro de un plazo de dos a\u00f1os. Actuar con rapidez y obtener asistencia legal le garantiza no perder la posibilidad de obtener una indemnizaci\u00f3n por da\u00f1os y perjuicios.<\/li>\n<li aria-level=\"1\"><strong>La representaci\u00f3n legal es importante:<\/strong> La posible complejidad de las reclamaciones por accidentes de bicicleta subraya la importancia de colaborar con un bufete de abogados con experiencia. Los abogados pueden determinar la culpa, calcular los da\u00f1os y negociar con las aseguradoras mientras usted se concentra en la recuperaci\u00f3n.<\/li>\n<\/ol>\n<h2>C\u00f3mo la ley Rachel Frazier Johnson apoya a los ciclistas<\/h2>\n<p>Recuperarse de un accidente de bicicleta grave puede ser un proceso largo y dif\u00edcil. En Rachel Frazier Johnson Law, combinamos conocimiento legal con apoyo compasivo para ayudar a las v\u00edctimas de lesiones en cada etapa de su recuperaci\u00f3n.<\/p>\n<h3>\u00bfPor qu\u00e9 elegirnos?<\/h3>\n<ul>\n<li aria-level=\"1\"><strong>Representaci\u00f3n tenaz:<\/strong> luchamos para asegurar cada d\u00f3lar que usted merece, incluida la compensaci\u00f3n por gastos m\u00e9dicos, p\u00e9rdida de ingresos y trauma emocional.<\/li>\n<li aria-level=\"1\"><strong>Servicio compasivo:<\/strong> Entendemos que los accidentes afectan m\u00e1s que solo la salud f\u00edsica. Nuestro equipo se esfuerza por ayudarle tambi\u00e9n con los aspectos emocionales de la recuperaci\u00f3n.<\/li>\n<li aria-level=\"1\"><strong>Orientaci\u00f3n clara:<\/strong> Priorizamos la comunicaci\u00f3n transparente, ayud\u00e1ndole a tomar decisiones informadas durante todo el proceso legal.<\/li>\n<\/ul>\n<h2>Contacte a Rachel Frazier Johnson Law hoy mismo.<\/h2>\n<p>Si sufri\u00f3 lesiones en un accidente de bicicleta, no deber\u00eda tener que afrontar las consecuencias solo. Ya sea que un conductor distra\u00eddo, condiciones viales peligrosas u otro factor hayan causado sus lesiones, estamos aqu\u00ed para ayudarle a obtener la justicia y la compensaci\u00f3n que merece.<\/p>\n<p>D\u00e9 el siguiente paso y contacte a nuestro equipo hoy mismo. Podemos hablar sobre su caso, explorar sus opciones legales y ayudarle a encontrar la recuperaci\u00f3n y la tranquilidad que necesita.<\/p>\n","protected":false},"excerpt":{"rendered":"<p>Abogado de accidentes de bicicleta en Phoenix El ciclismo puede proporcionar ejercicio, una forma m\u00e1s sostenible de viajar y una incre\u00edble sensaci\u00f3n de libertad. Sin embargo, para muchos ciclistas en Arizona, compartir la carretera con veh\u00edculos conlleva riesgos significativos. Un paseo sin preocupaciones puede convertirse r\u00e1pidamente en un accidente grave con profundas repercusiones f\u00edsicas, emocionales [&hellip;]<\/p>\n","protected":false},"author":2,"featured_media":3034,"parent":532,"menu_order":0,"comment_status":"closed","ping_status":"closed","template":"","meta":{"_acf_changed":false,"_oasis_is_in_workflow":0,"_oasis_original":0,"_oasis_task_priority":"","ocean_post_layout":"","ocean_both_sidebars_style":"","ocean_both_sidebars_content_width":0,"ocean_both_sidebars_sidebars_width":0,"ocean_sidebar":"","ocean_second_sidebar":"","ocean_disable_margins":"enable","ocean_add_body_class":"","ocean_shortcode_before_top_bar":"","ocean_shortcode_after_top_bar":"","ocean_shortcode_before_header":"","ocean_shortcode_after_header":"","ocean_has_shortcode":"","ocean_shortcode_after_title":"","ocean_shortcode_before_footer_widgets":"","ocean_shortcode_after_footer_widgets":"","ocean_shortcode_before_footer_bottom":"","ocean_shortcode_after_footer_bottom":"","ocean_display_top_bar":"default","ocean_display_header":"default","ocean_header_style":"","ocean_center_header_left_menu":"","ocean_custom_header_template":"","ocean_custom_logo":0,"ocean_custom_retina_logo":0,"ocean_custom_logo_max_width":0,"ocean_custom_logo_tablet_max_width":0,"ocean_custom_logo_mobile_max_width":0,"ocean_custom_logo_max_height":0,"ocean_custom_logo_tablet_max_height":0,"ocean_custom_logo_mobile_max_height":0,"ocean_header_custom_menu":"","ocean_menu_typo_font_family":"","ocean_menu_typo_font_subset":"","ocean_menu_typo_font_size":0,"ocean_menu_typo_font_size_tablet":0,"ocean_menu_typo_font_size_mobile":0,"ocean_menu_typo_font_size_unit":"px","ocean_menu_typo_font_weight":"","ocean_menu_typo_font_weight_tablet":"","ocean_menu_typo_font_weight_mobile":"","ocean_menu_typo_transform":"","ocean_menu_typo_transform_tablet":"","ocean_menu_typo_transform_mobile":"","ocean_menu_typo_line_height":0,"ocean_menu_typo_line_height_tablet":0,"ocean_menu_typo_line_height_mobile":0,"ocean_menu_typo_line_height_unit":"","ocean_menu_typo_spacing":0,"ocean_menu_typo_spacing_tablet":0,"ocean_menu_typo_spacing_mobile":0,"ocean_menu_typo_spacing_unit":"","ocean_menu_link_color":"","ocean_menu_link_color_hover":"","ocean_menu_link_color_active":"","ocean_menu_link_background":"","ocean_menu_link_hover_background":"","ocean_menu_link_active_background":"","ocean_menu_social_links_bg":"","ocean_menu_social_hover_links_bg":"","ocean_menu_social_links_color":"","ocean_menu_social_hover_links_color":"","ocean_disable_title":"default","ocean_disable_heading":"default","ocean_post_title":"","ocean_post_subheading":"","ocean_post_title_style":"","ocean_post_title_background_color":"","ocean_post_title_background":0,"ocean_post_title_bg_image_position":"","ocean_post_title_bg_image_attachment":"","ocean_post_title_bg_image_repeat":"","ocean_post_title_bg_image_size":"","ocean_post_title_height":0,"ocean_post_title_bg_overlay":0.5,"ocean_post_title_bg_overlay_color":"","ocean_disable_breadcrumbs":"default","ocean_breadcrumbs_color":"","ocean_breadcrumbs_separator_color":"","ocean_breadcrumbs_links_color":"","ocean_breadcrumbs_links_hover_color":"","ocean_display_footer_widgets":"default","ocean_display_footer_bottom":"default","ocean_custom_footer_template":"","footnotes":""},"class_list":["post-2118","page","type-page","status-publish","has-post-thumbnail","hentry","entry","has-media"],"acf":[],"_links":{"self":[{"href":"https:\/\/rfjesq.com\/es\/wp-json\/wp\/v2\/pages\/2118","targetHints":{"allow":["GET"]}}],"collection":[{"href":"https:\/\/rfjesq.com\/es\/wp-json\/wp\/v2\/pages"}],"about":[{"href":"https:\/\/rfjesq.com\/es\/wp-json\/wp\/v2\/types\/page"}],"author":[{"embeddable":true,"href":"https:\/\/rfjesq.com\/es\/wp-json\/wp\/v2\/users\/2"}],"replies":[{"embeddable":true,"href":"https:\/\/rfjesq.com\/es\/wp-json\/wp\/v2\/comments?post=2118"}],"version-history":[{"count":6,"href":"https:\/\/rfjesq.com\/es\/wp-json\/wp\/v2\/pages\/2118\/revisions"}],"predecessor-version":[{"id":2707,"href":"https:\/\/rfjesq.com\/es\/wp-json\/wp\/v2\/pages\/2118\/revisions\/2707"}],"up":[{"embeddable":true,"href":"https:\/\/rfjesq.com\/es\/wp-json\/wp\/v2\/pages\/532"}],"wp:featuredmedia":[{"embeddable":true,"href":"https:\/\/rfjesq.com\/es\/wp-json\/wp\/v2\/media\/3034"}],"wp:attachment":[{"href":"https:\/\/rfjesq.com\/es\/wp-json\/wp\/v2\/media?parent=2118"}],"curies":[{"name":"wp","href":"https:\/\/api.w.org\/{rel}","templated":true}]}}