{"id":2119,"date":"2025-07-25T14:05:56","date_gmt":"2025-07-25T19:05:56","guid":{"rendered":"https:\/\/rfjesq.com\/?page_id=2119"},"modified":"2025-10-09T15:51:29","modified_gmt":"2025-10-09T20:51:29","slug":"broken-bones","status":"publish","type":"page","link":"https:\/\/rfjesq.com\/es\/practice-areas\/personal-injury\/broken-bones\/","title":{"rendered":"Huesos Rotos"},"content":{"rendered":"<h1>Abogado de huesos rotos en Phoenix<\/h1>\n<p>Mucha gente considera que fracturarse un hueso es una molestia que se soluciona r\u00e1pidamente con un yeso y un poco de descanso. Pero la realidad es mucho m\u00e1s compleja. Una fractura puede tener consecuencias f\u00edsicas, emocionales y financieras duraderas que<a href=\"https:\/\/rfjesq.com\/es\/practice-areas\/personal-injury\/motorcycle-accidents\/\"> alteran tu vida<\/a> de maneras inesperadas.<\/p>\n<p>Si sufri\u00f3 una fractura.ura en un accidente causado por la negligencia de otra persona, es posible que ya est\u00e9 lidiando con el dolor y preocup\u00e1ndose por c\u00f3mo pagar las facturas m\u00e9dicas. \u00bfLa buena noticia? Tiene opciones legales. Rachel Frazier Johnson Law cuenta con m\u00e1s de <a class=\"wpil_keyword_link\" href=\"https:\/\/rfjesq.com\/es\/team\/rachel-frazier-johnson\/\"   title=\"Rachel Frazier Johnson\" data-wpil-keyword-link=\"linked\"  data-wpil-monitor-id=\"20\">25 a\u00f1os de experiencia<\/a> en derecho de lesiones personales para ayudarle a obtener una indemnizaci\u00f3n que refleje la gravedad de sus lesiones. No se conforme con menos; perm\u00edtanos luchar por lo que realmente merece.<\/p>\n<h2>El verdadero impacto de los huesos rotos<\/h2>\n<p>Un hueso roto es m\u00e1s que una lesi\u00f3n temporal; puede tener consecuencias graves y duraderas que van mucho m\u00e1s all\u00e1 del dolor f\u00edsico.<\/p>\n<p>As\u00ed es como las fracturas pueden afectar tu vida:<\/p>\n<ul>\n<li aria-level=\"1\"><strong>Tiempo de recuperaci\u00f3n prolongado:<\/strong> Incluso las fracturas menores pueden alterar su rutina, mientras que las fracturas graves, como las fracturas compuestas, pueden tardar meses en sanar, manteni\u00e9ndolo fuera del trabajo y de sus actividades diarias.<\/li>\n<li aria-level=\"1\"><strong>Ajustes a largo plazo:<\/strong> Algunas fracturas provocan desfiguraci\u00f3n permanente o limitaciones de movilidad, lo que requiere cambios importantes en el estilo de vida.<\/li>\n<li aria-level=\"1\"><strong>Complicaciones:<\/strong> Problemas como da\u00f1o a los nervios, infecciones o curaci\u00f3n inadecuada pueden transformar lo que parece ser una lesi\u00f3n simple en un desaf\u00edo para toda la vida.<\/li>\n<li aria-level=\"1\"><strong>Trauma :<\/strong> La mayor\u00eda de las fracturas \u00f3seas son consecuencia de eventos traum\u00e1ticos como accidentes automovil\u00edsticos,<a href=\"https:\/\/rfjesq.com\/es\/practice-areas\/personal-injury\/slip-fall-injuries\/\"> resbalones, ca\u00eddas<\/a> o incidentes laborales. Estos accidentes pueden dejar secuelas emocionales y psicol\u00f3gicas duraderas, afectando la seguridad y la confianza en la vida diaria.<\/li>\n<\/ul>\n<h2>\u00bfPor qu\u00e9 puedes recibir una compensaci\u00f3n?<\/h2>\n<p>Si la negligencia de otra persona caus\u00f3 su fractura, podr\u00eda tener derecho a una indemnizaci\u00f3n. Pero \u00bfqu\u00e9 incluye?<\/p>\n<p>Esto es por lo que puedes luchar:<\/p>\n<ul>\n<li aria-level=\"1\"><strong>Gastos m\u00e9dicos:<\/strong> desde atenci\u00f3n de emergencia y cirug\u00edas hasta fisioterapia y tratamientos continuos, cada costo se suma.<\/li>\n<li aria-level=\"1\"><strong>P\u00e9rdida de ingresos:<\/strong> si su lesi\u00f3n le impide trabajar, merece una compensaci\u00f3n por los salarios perdidos y la reducci\u00f3n de su potencial de ingresos.<\/li>\n<li aria-level=\"1\"><strong>Dolor y sufrimiento:<\/strong> Usted puede tener derecho a recibir da\u00f1os y perjuicios por angustia emocional y dolor prolongado.<\/li>\n<li aria-level=\"1\"><strong>Otros costos:<\/strong> La compensaci\u00f3n puede ayudar a cubrir gastos de bolsillo, como el transporte a las citas o la compra de herramientas como muletas y sillas de ruedas.<\/li>\n<\/ul>\n<p>Cuanto m\u00e1s grave sea su lesi\u00f3n, m\u00e1s cambiar\u00e1n su vida las consecuencias y mayor ser\u00e1 la compensaci\u00f3n que pueda merecer.<\/p>\n<h2>La batalla cuesta arriba: Desaf\u00edos en la b\u00fasqueda de compensaci\u00f3n por fracturas \u00f3seas<\/h2>\n<p>Desafortunadamente, obtener una indemnizaci\u00f3n justa por fracturas \u00f3seas no siempre es sencillo. Las compa\u00f1\u00edas de seguros suelen:<\/p>\n<ul>\n<li aria-level=\"1\">Minimiza la gravedad de tu lesi\u00f3n y trata los huesos rotos como problemas menores.<\/li>\n<li aria-level=\"1\">Cuestiona su tratamiento, alegando que ciertas cirug\u00edas y cuidados de rehabilitaci\u00f3n no son necesarios.<\/li>\n<li aria-level=\"1\">Ofrecer acuerdos bajos que no reflejen el verdadero impacto de su lesi\u00f3n.<\/li>\n<\/ul>\n<p>Combatir estas t\u00e1cticas mientras te recuperas de una lesi\u00f3n puede parecer imposible. Ah\u00ed es donde entramos nosotros.<\/p>\n<h2>C\u00f3mo Rachel Frazier Johnson Law te apoya<\/h2>\n<p>No tiene que enfrentarse solo a las compa\u00f1\u00edas de seguros. En Rachel Frazier Johnson Law, sabemos lo devastador que puede ser una fractura y estamos aqu\u00ed para luchar por la compensaci\u00f3n que merece.<\/p>\n<p>As\u00ed es como ayudamos:<\/p>\n<ul>\n<li aria-level=\"1\"><strong>Te escuchamos:<\/strong> Tu historia importa. Nos tomamos el tiempo para comprender tu situaci\u00f3n particular y el impacto total de tu lesi\u00f3n.<\/li>\n<li aria-level=\"1\"><strong>Construimos un caso s\u00f3lido:<\/strong> Nuestro equipo re\u00fane evidencia, consulta con profesionales m\u00e9dicos y presenta un argumento convincente para demostrar sus da\u00f1os.<\/li>\n<li aria-level=\"1\"><strong>Nos enfrentamos a las compa\u00f1\u00edas de seguros:<\/strong> ya sea negociando un acuerdo justo o llevando su caso a los tribunales, somos implacables en defenderlo.<\/li>\n<\/ul>\n<p>Hagamos que su dolor sea reconocido<\/p>\n<p>Un hueso roto puede sanar, pero el dolor, el sufrimiento y la perturbaci\u00f3n que causa nunca deben pasarse por alto. Mereces reconocimiento, justicia y una compensaci\u00f3n justa por lo que has sufrido.<\/p>\n<p>En Rachel Frazier Johnson Law, estamos aqu\u00ed para defenderlo, defender sus derechos y hacer que su voz se escuche.<a href=\"https:\/\/rfjesq.com\/es\/contact\/\"> Cont\u00e1ctenos hoy mismo<\/a> para programar una consulta y comenzar a construir un caso convincente que revele su dolor.<\/p>\n","protected":false},"excerpt":{"rendered":"<p>Abogado de huesos rotos en Phoenix Mucha gente considera que fracturarse un hueso es una molestia que se soluciona r\u00e1pidamente con un yeso y un poco de descanso. Pero la realidad es mucho m\u00e1s compleja. Una fractura puede tener consecuencias f\u00edsicas, emocionales y financieras duraderas que alteran tu vida de maneras inesperadas. Si sufri\u00f3 una [&hellip;]<\/p>\n","protected":false},"author":2,"featured_media":3023,"parent":532,"menu_order":0,"comment_status":"closed","ping_status":"closed","template":"","meta":{"_acf_changed":false,"_oasis_is_in_workflow":0,"_oasis_original":0,"_oasis_task_priority":"","ocean_post_layout":"","ocean_both_sidebars_style":"","ocean_both_sidebars_content_width":0,"ocean_both_sidebars_sidebars_width":0,"ocean_sidebar":"","ocean_second_sidebar":"","ocean_disable_margins":"enable","ocean_add_body_class":"","ocean_shortcode_before_top_bar":"","ocean_shortcode_after_top_bar":"","ocean_shortcode_before_header":"","ocean_shortcode_after_header":"","ocean_has_shortcode":"","ocean_shortcode_after_title":"","ocean_shortcode_before_footer_widgets":"","ocean_shortcode_after_footer_widgets":"","ocean_shortcode_before_footer_bottom":"","ocean_shortcode_after_footer_bottom":"","ocean_display_top_bar":"default","ocean_display_header":"default","ocean_header_style":"","ocean_center_header_left_menu":"","ocean_custom_header_template":"","ocean_custom_logo":0,"ocean_custom_retina_logo":0,"ocean_custom_logo_max_width":0,"ocean_custom_logo_tablet_max_width":0,"ocean_custom_logo_mobile_max_width":0,"ocean_custom_logo_max_height":0,"ocean_custom_logo_tablet_max_height":0,"ocean_custom_logo_mobile_max_height":0,"ocean_header_custom_menu":"","ocean_menu_typo_font_family":"","ocean_menu_typo_font_subset":"","ocean_menu_typo_font_size":0,"ocean_menu_typo_font_size_tablet":0,"ocean_menu_typo_font_size_mobile":0,"ocean_menu_typo_font_size_unit":"px","ocean_menu_typo_font_weight":"","ocean_menu_typo_font_weight_tablet":"","ocean_menu_typo_font_weight_mobile":"","ocean_menu_typo_transform":"","ocean_menu_typo_transform_tablet":"","ocean_menu_typo_transform_mobile":"","ocean_menu_typo_line_height":0,"ocean_menu_typo_line_height_tablet":0,"ocean_menu_typo_line_height_mobile":0,"ocean_menu_typo_line_height_unit":"","ocean_menu_typo_spacing":0,"ocean_menu_typo_spacing_tablet":0,"ocean_menu_typo_spacing_mobile":0,"ocean_menu_typo_spacing_unit":"","ocean_menu_link_color":"","ocean_menu_link_color_hover":"","ocean_menu_link_color_active":"","ocean_menu_link_background":"","ocean_menu_link_hover_background":"","ocean_menu_link_active_background":"","ocean_menu_social_links_bg":"","ocean_menu_social_hover_links_bg":"","ocean_menu_social_links_color":"","ocean_menu_social_hover_links_color":"","ocean_disable_title":"default","ocean_disable_heading":"default","ocean_post_title":"","ocean_post_subheading":"","ocean_post_title_style":"","ocean_post_title_background_color":"","ocean_post_title_background":0,"ocean_post_title_bg_image_position":"","ocean_post_title_bg_image_attachment":"","ocean_post_title_bg_image_repeat":"","ocean_post_title_bg_image_size":"","ocean_post_title_height":0,"ocean_post_title_bg_overlay":0.5,"ocean_post_title_bg_overlay_color":"","ocean_disable_breadcrumbs":"default","ocean_breadcrumbs_color":"","ocean_breadcrumbs_separator_color":"","ocean_breadcrumbs_links_color":"","ocean_breadcrumbs_links_hover_color":"","ocean_display_footer_widgets":"default","ocean_display_footer_bottom":"default","ocean_custom_footer_template":"","footnotes":""},"class_list":["post-2119","page","type-page","status-publish","has-post-thumbnail","hentry","entry","has-media"],"acf":[],"_links":{"self":[{"href":"https:\/\/rfjesq.com\/es\/wp-json\/wp\/v2\/pages\/2119","targetHints":{"allow":["GET"]}}],"collection":[{"href":"https:\/\/rfjesq.com\/es\/wp-json\/wp\/v2\/pages"}],"about":[{"href":"https:\/\/rfjesq.com\/es\/wp-json\/wp\/v2\/types\/page"}],"author":[{"embeddable":true,"href":"https:\/\/rfjesq.com\/es\/wp-json\/wp\/v2\/users\/2"}],"replies":[{"embeddable":true,"href":"https:\/\/rfjesq.com\/es\/wp-json\/wp\/v2\/comments?post=2119"}],"version-history":[{"count":8,"href":"https:\/\/rfjesq.com\/es\/wp-json\/wp\/v2\/pages\/2119\/revisions"}],"predecessor-version":[{"id":2703,"href":"https:\/\/rfjesq.com\/es\/wp-json\/wp\/v2\/pages\/2119\/revisions\/2703"}],"up":[{"embeddable":true,"href":"https:\/\/rfjesq.com\/es\/wp-json\/wp\/v2\/pages\/532"}],"wp:featuredmedia":[{"embeddable":true,"href":"https:\/\/rfjesq.com\/es\/wp-json\/wp\/v2\/media\/3023"}],"wp:attachment":[{"href":"https:\/\/rfjesq.com\/es\/wp-json\/wp\/v2\/media?parent=2119"}],"curies":[{"name":"wp","href":"https:\/\/api.w.org\/{rel}","templated":true}]}}