{"id":2128,"date":"2025-07-25T14:04:31","date_gmt":"2025-07-25T19:04:31","guid":{"rendered":"https:\/\/rfjesq.com\/?page_id=2128"},"modified":"2025-10-09T15:41:17","modified_gmt":"2025-10-09T20:41:17","slug":"dog-bites","status":"publish","type":"page","link":"https:\/\/rfjesq.com\/es\/practice-areas\/personal-injury\/dog-bites\/","title":{"rendered":"Mordeduras de Perro"},"content":{"rendered":"<h1>Abogados de mordeduras de perro en Phoenix<\/h1>\n<p>Sucede en un instante: un chasquido repentino, un dolor punzante y luego el caos. Una mordedura de perro puede dejarte conmocionado, herido y sin saber qu\u00e9 hacer. El<a href=\"https:\/\/rfjesq.com\/es\/practice-areas\/personal-injury\/knee-injuries\/\"> dolor f\u00edsico<\/a> es una cosa, pero la incertidumbre y el desgaste emocional pueden ser igual de fuertes. No te lo esperabas, y ahora te encuentras intentando averiguar c\u00f3mo seguir adelante.<\/p>\n<p>En Rachel Frazier Johnson Law, ponemos a su disposici\u00f3n m\u00e1s de 25 a\u00f1os de experiencia en derecho de lesiones para ayudarle a lograr precisamente eso. Arizona cuenta con v\u00edas legales claras para obtener una indemnizaci\u00f3n por este tipo de lesiones. Perm\u00edtanos guiarle.<\/p>\n<h2>Las estrictas leyes de Arizona contra las mordeduras de perro protegen a las v\u00edctimas<\/h2>\n<p><a href=\"https:\/\/www.azleg.gov\/ars\/11\/01025.htm\" target=\"_blank\" rel=\"noopener\">leyes<\/a> estrictas de responsabilidad por mordeduras de perro , lo que significa que los due\u00f1os de perros son autom\u00e1ticamente responsables de las lesiones causadas por sus mascotas, sin importar el buen comportamiento de su perro en el pasado. Esto es lo que debe saber:<\/p>\n<ul>\n<li aria-level=\"1\"><strong>Cu\u00e1ndo se aplica la responsabilidad:<\/strong> si fue mordido en un lugar p\u00fablico o mientras se encontraba legalmente en una propiedad privada, tiene derecho a solicitar una compensaci\u00f3n.<\/li>\n<li aria-level=\"1\"><strong>Excepciones:<\/strong> Los due\u00f1os de perros pueden evitar la responsabilidad si pueden demostrar que provocaron al perro o que estaban invadiendo su propiedad ilegalmente.<\/li>\n<\/ul>\n<p>La ley de Arizona favorece fuertemente la protecci\u00f3n de las v\u00edctimas, por lo que es vital explorar sus opciones legales si ha sido mordido.<\/p>\n<h2>\u00bfPor qu\u00e9 buscar una compensaci\u00f3n por mordeduras de perros?<\/h2>\n<p>Las mordeduras de perro pueden tener consecuencias graves. Los impactos f\u00edsicos y emocionales m\u00e1s comunes incluyen:<\/p>\n<ul>\n<li aria-level=\"1\"><strong>Lesiones:<\/strong> Heridas punzantes, laceraciones, huesos rotos, infecciones e incluso desfiguraci\u00f3n permanente.<\/li>\n<li aria-level=\"1\"><strong>Efectos a largo plazo:<\/strong> cicatrices, da\u00f1o a los nervios y trauma emocional como el trastorno de estr\u00e9s postraum\u00e1tico (TEPT).<\/li>\n<li aria-level=\"1\"><strong>Costos:<\/strong> Facturas m\u00e9dicas por atenci\u00f3n de emergencia, cirug\u00edas, rehabilitaci\u00f3n o tratamientos cosm\u00e9ticos.<\/li>\n<li aria-level=\"1\"><strong>P\u00e9rdida de ingresos:<\/strong> tiempo fuera del trabajo para recuperarse, lo que agrega estr\u00e9s financiero a una situaci\u00f3n ya dif\u00edcil.<\/li>\n<\/ul>\n<p>La carga financiera y emocional puede parecer demasiado para soportar, pero presentar un reclamo por lesiones puede ayudarlo a recuperar el control de su vida.<\/p>\n<h2>\u00bfQu\u00e9 debe hacer para construir un caso s\u00f3lido?<\/h2>\n<p>Si le ha mordido un perro, tomar las medidas adecuadas es fundamental tanto para su salud como para su reclamaci\u00f3n legal:<\/p>\n<ol>\n<li aria-level=\"1\"><strong>Busque atenci\u00f3n m\u00e9dica de inmediato:<\/strong> Incluso las mordeduras m\u00e1s leves pueden provocar infecciones o complicaciones. Un m\u00e9dico puede evaluar la lesi\u00f3n e iniciar el tratamiento.<\/li>\n<li aria-level=\"1\"><strong>Documente el incidente:<\/strong> Aseg\u00farese de tomar fotos de sus lesiones y del lugar del ataque. Recopile la informaci\u00f3n de contacto del due\u00f1o del perro y hable con los testigos.<\/li>\n<li aria-level=\"1\"><strong>Reporte la mordedura:<\/strong> Reporte el incidente a las autoridades locales. Esto ayuda a documentar el ataque y protege la seguridad p\u00fablica.<\/li>\n<li aria-level=\"1\"><strong>Contacte a un abogado especializado en mordeduras de perro:<\/strong> El proceso legal durante la recuperaci\u00f3n es complejo. Un abogado puede encargarse de los detalles legales y defender sus derechos.<\/li>\n<\/ol>\n<h2>\u00bfC\u00f3mo puede ayudarle el bufete de abogados Rachel Frazier Johnson?<\/h2>\n<p>Al enfrentar una experiencia tan dif\u00edcil, usted merece un abogado que aporte experiencia y compasi\u00f3n a su caso. En Rachel Frazier Johnson Law, hemos dedicado los \u00faltimos 25 a\u00f1os a ayudar a v\u00edctimas de lesiones, incluyendo a aquellas afectadas por mordeduras de perro. As\u00ed es como podemos ayudarle:<\/p>\n<ul>\n<li aria-level=\"1\"><strong>Investigaci\u00f3n exhaustiva:<\/strong> Recopilamos evidencia cr\u00edtica, incluidas fotograf\u00edas, relatos de testigos presenciales, registros m\u00e9dicos y m\u00e1s, para que su caso sea s\u00f3lido y est\u00e9 bien documentado.<\/li>\n<li aria-level=\"1\"><strong>Negociaci\u00f3n con las aseguradoras:<\/strong> Con frecuencia, las aseguradoras subestiman las reclamaciones o las rechazan directamente. Nuestro equipo sabe c\u00f3mo defenderse para obtener una compensaci\u00f3n justa que cubra sus gastos m\u00e9dicos, p\u00e9rdida de ingresos y dolor y sufrimiento.<\/li>\n<li aria-level=\"1\"><strong>Asistencia jur\u00eddica guiada:<\/strong> desde la comprensi\u00f3n de los pasos legales hasta la preparaci\u00f3n de su caso para el juicio si es necesario, lo guiamos en cada paso del camino.<\/li>\n<\/ul>\n<p>La ley puede ser intimidante, pero con<a href=\"https:\/\/rfjesq.com\/es\/team\/rachel-frazier-johnson\/\"> Rachel Frazier Johnson Law<\/a> , tendr\u00e1s un equipo listo para luchar por la justicia y estar a tu lado.<\/p>\n<h2>Perm\u00edtanos ayudarle a recuperar el control<\/h2>\n<p>Ser mordido por un perro es una experiencia profundamente perturbadora, pero el sistema legal ofrece un camino hacia la justicia y el alivio. Solo necesitas encontrar el apoyo adecuado para superarlo.<\/p>\n<p>En Rachel Frazier Johnson Law, cada paso que damos se basa en la compasi\u00f3n, la experiencia y un compromiso inquebrantable para obtener la compensaci\u00f3n que usted merece. Si un perro lo ha lastimado a usted o a un ser querido, perm\u00edtanos ayudarle.<a href=\"https:\/\/rfjesq.com\/es\/contact\/\"> Cont\u00e1ctenos hoy mismo<\/a> para programar una consulta y descubrir c\u00f3mo podemos ayudarle a avanzar con m\u00e1s fuerza, apoyo y confianza en su camino legal.<\/p>\n","protected":false},"excerpt":{"rendered":"<p>Abogados de mordeduras de perro en Phoenix Sucede en un instante: un chasquido repentino, un dolor punzante y luego el caos. Una mordedura de perro puede dejarte conmocionado, herido y sin saber qu\u00e9 hacer. El dolor f\u00edsico es una cosa, pero la incertidumbre y el desgaste emocional pueden ser igual de fuertes. No te lo [&hellip;]<\/p>\n","protected":false},"author":2,"featured_media":3030,"parent":532,"menu_order":0,"comment_status":"closed","ping_status":"closed","template":"","meta":{"_acf_changed":false,"_oasis_is_in_workflow":0,"_oasis_original":0,"_oasis_task_priority":"","ocean_post_layout":"","ocean_both_sidebars_style":"","ocean_both_sidebars_content_width":0,"ocean_both_sidebars_sidebars_width":0,"ocean_sidebar":"","ocean_second_sidebar":"","ocean_disable_margins":"enable","ocean_add_body_class":"","ocean_shortcode_before_top_bar":"","ocean_shortcode_after_top_bar":"","ocean_shortcode_before_header":"","ocean_shortcode_after_header":"","ocean_has_shortcode":"","ocean_shortcode_after_title":"","ocean_shortcode_before_footer_widgets":"","ocean_shortcode_after_footer_widgets":"","ocean_shortcode_before_footer_bottom":"","ocean_shortcode_after_footer_bottom":"","ocean_display_top_bar":"default","ocean_display_header":"default","ocean_header_style":"","ocean_center_header_left_menu":"","ocean_custom_header_template":"","ocean_custom_logo":0,"ocean_custom_retina_logo":0,"ocean_custom_logo_max_width":0,"ocean_custom_logo_tablet_max_width":0,"ocean_custom_logo_mobile_max_width":0,"ocean_custom_logo_max_height":0,"ocean_custom_logo_tablet_max_height":0,"ocean_custom_logo_mobile_max_height":0,"ocean_header_custom_menu":"","ocean_menu_typo_font_family":"","ocean_menu_typo_font_subset":"","ocean_menu_typo_font_size":0,"ocean_menu_typo_font_size_tablet":0,"ocean_menu_typo_font_size_mobile":0,"ocean_menu_typo_font_size_unit":"px","ocean_menu_typo_font_weight":"","ocean_menu_typo_font_weight_tablet":"","ocean_menu_typo_font_weight_mobile":"","ocean_menu_typo_transform":"","ocean_menu_typo_transform_tablet":"","ocean_menu_typo_transform_mobile":"","ocean_menu_typo_line_height":0,"ocean_menu_typo_line_height_tablet":0,"ocean_menu_typo_line_height_mobile":0,"ocean_menu_typo_line_height_unit":"","ocean_menu_typo_spacing":0,"ocean_menu_typo_spacing_tablet":0,"ocean_menu_typo_spacing_mobile":0,"ocean_menu_typo_spacing_unit":"","ocean_menu_link_color":"","ocean_menu_link_color_hover":"","ocean_menu_link_color_active":"","ocean_menu_link_background":"","ocean_menu_link_hover_background":"","ocean_menu_link_active_background":"","ocean_menu_social_links_bg":"","ocean_menu_social_hover_links_bg":"","ocean_menu_social_links_color":"","ocean_menu_social_hover_links_color":"","ocean_disable_title":"default","ocean_disable_heading":"default","ocean_post_title":"","ocean_post_subheading":"","ocean_post_title_style":"","ocean_post_title_background_color":"","ocean_post_title_background":0,"ocean_post_title_bg_image_position":"","ocean_post_title_bg_image_attachment":"","ocean_post_title_bg_image_repeat":"","ocean_post_title_bg_image_size":"","ocean_post_title_height":0,"ocean_post_title_bg_overlay":0.5,"ocean_post_title_bg_overlay_color":"","ocean_disable_breadcrumbs":"default","ocean_breadcrumbs_color":"","ocean_breadcrumbs_separator_color":"","ocean_breadcrumbs_links_color":"","ocean_breadcrumbs_links_hover_color":"","ocean_display_footer_widgets":"default","ocean_display_footer_bottom":"default","ocean_custom_footer_template":"","footnotes":""},"class_list":["post-2128","page","type-page","status-publish","has-post-thumbnail","hentry","entry","has-media"],"acf":[],"_links":{"self":[{"href":"https:\/\/rfjesq.com\/es\/wp-json\/wp\/v2\/pages\/2128","targetHints":{"allow":["GET"]}}],"collection":[{"href":"https:\/\/rfjesq.com\/es\/wp-json\/wp\/v2\/pages"}],"about":[{"href":"https:\/\/rfjesq.com\/es\/wp-json\/wp\/v2\/types\/page"}],"author":[{"embeddable":true,"href":"https:\/\/rfjesq.com\/es\/wp-json\/wp\/v2\/users\/2"}],"replies":[{"embeddable":true,"href":"https:\/\/rfjesq.com\/es\/wp-json\/wp\/v2\/comments?post=2128"}],"version-history":[{"count":7,"href":"https:\/\/rfjesq.com\/es\/wp-json\/wp\/v2\/pages\/2128\/revisions"}],"predecessor-version":[{"id":2697,"href":"https:\/\/rfjesq.com\/es\/wp-json\/wp\/v2\/pages\/2128\/revisions\/2697"}],"up":[{"embeddable":true,"href":"https:\/\/rfjesq.com\/es\/wp-json\/wp\/v2\/pages\/532"}],"wp:featuredmedia":[{"embeddable":true,"href":"https:\/\/rfjesq.com\/es\/wp-json\/wp\/v2\/media\/3030"}],"wp:attachment":[{"href":"https:\/\/rfjesq.com\/es\/wp-json\/wp\/v2\/media?parent=2128"}],"curies":[{"name":"wp","href":"https:\/\/api.w.org\/{rel}","templated":true}]}}