{"id":2129,"date":"2025-07-31T10:33:24","date_gmt":"2025-07-31T15:33:24","guid":{"rendered":"https:\/\/rfjesq.com\/?page_id=2129"},"modified":"2025-10-09T15:29:18","modified_gmt":"2025-10-09T20:29:18","slug":"motorcycle-accidents","status":"publish","type":"page","link":"https:\/\/rfjesq.com\/es\/practice-areas\/personal-injury\/motorcycle-accidents\/","title":{"rendered":"Accidentes de Motocicleta"},"content":{"rendered":"<h1>Abogado de accidentes de motocicleta en Phoenix<\/h1>\n<p>No hay protecci\u00f3n m\u00e1s importante que la legal, especialmente despu\u00e9s de un accidente de motocicleta. Cuando un motociclista sufre una ca\u00edda en las calles de Phoenix, las consecuencias suelen ser graves:<a href=\"https:\/\/rfjesq.com\/es\/practice-areas\/personal-injury\/broken-bones\/\"> fracturas<\/a> . Lesiones cerebrales traum\u00e1ticas. P\u00e9rdida del trabajo. Dolor que te cambia la vida. Y, lamentablemente, con demasiada frecuencia, la muerte.<\/p>\n<p>Si usted o un ser querido ha sufrido un accidente de motocicleta en Phoenix, necesita m\u00e1s que compasi\u00f3n. Necesita un abogado con experiencia en accidentes de motocicleta que comprenda los riesgos \u00fanicos que enfrentan los motociclistas y c\u00f3mo luchar por lo justo.<\/p>\n<p>En Rachel Frazier Johnson Law, no solo conocemos la legislaci\u00f3n sobre motocicletas de Arizona; somos firmes defensores de los motociclistas. Con m\u00e1s de <a class=\"wpil_keyword_link\" href=\"https:\/\/rfjesq.com\/es\/team\/rachel-frazier-johnson\/\"   title=\"Rachel Frazier Johnson\" data-wpil-keyword-link=\"linked\"  data-wpil-monitor-id=\"25\">25 a\u00f1os de experiencia<\/a> en litigios y un profundo conocimiento de c\u00f3mo se eval\u00faan las reclamaciones por accidentes de motocicleta, ayudamos a los motociclistas lesionados a obtener una compensaci\u00f3n completa y justicia.<\/p>\n<h2>\u00bfPor qu\u00e9 los accidentes de motocicleta requieren ayuda legal?<\/h2>\n<p>Los accidentes de motocicleta son muy diferentes a otros tipos de colisiones de veh\u00edculos. Las lesiones son m\u00e1s graves. El estigma contra los motociclistas es real. Y las compa\u00f1\u00edas de seguros se apresuran a minimizar la responsabilidad, especialmente si el motociclista sobrevive.<\/p>\n<p>Nuestro bufete de abogados entiende c\u00f3mo:<\/p>\n<ul>\n<li aria-level=\"1\">Lucha contra el sesgo que asume que el motociclista siempre tiene la culpa<\/li>\n<li aria-level=\"1\">Resalte los peligros en la carretera, los conductores distra\u00eddos o las piezas defectuosas como causas<\/li>\n<li aria-level=\"1\">Demostrar el alcance total del da\u00f1o f\u00edsico y financiero causado<\/li>\n<li aria-level=\"1\">Navegue por las leyes de tr\u00e1nsito de Arizona en relaci\u00f3n con el uso compartido de carriles, el radio de giro, la visibilidad y m\u00e1s.<\/li>\n<\/ul>\n<p>Lo cierto es que la mayor\u00eda de las v\u00edctimas de accidentes de motocicleta no son imprudentes: son vulnerables. Y el sistema legal no siempre las trata con justicia. Estamos aqu\u00ed para cambiar eso.<\/p>\n<h2>Causas comunes de accidentes de motocicleta en Phoenix<\/h2>\n<p>Phoenix es un destino popular para los motociclistas, con largos tramos de carreteras pintorescas y un clima que invita a salir durante todo el a\u00f1o. Pero eso tambi\u00e9n implica un mayor riesgo de accidentes, especialmente en carreteras como la I-17, el Loop 202 o las calles de la ciudad.<\/p>\n<p>Estas son algunas de las causas m\u00e1s comunes de accidentes que vemos:<\/p>\n<ul>\n<li aria-level=\"1\"><strong>Conductores que no ceden el paso.<\/strong> Los giros a la izquierda frente a motocicletas son una de las causas m\u00e1s frecuentes de accidentes graves. Los conductores a menudo calculan mal la velocidad de una motocicleta o no la ven en absoluto.<\/li>\n<li aria-level=\"1\"><strong>Incorporaci\u00f3n al carril o roce.<\/strong> Las motocicletas suelen desaparecer en el punto ciego del conductor. Cuando un veh\u00edculo se incorpora sin revisar bien, el motociclista puede ser rozado o empujado hacia el tr\u00e1fico que viene en sentido contrario.<\/li>\n<li aria-level=\"1\"><strong>Exceso de velocidad o conducci\u00f3n temeraria.<\/strong> Las carreteras de alta velocidad, como la Loop 101, crean condiciones peligrosas, especialmente cuando los veh\u00edculos zigzaguean o siguen de cerca a otros conductores. Incluso un peque\u00f1o toque puede hacer que un conductor salga volando.<\/li>\n<li aria-level=\"1\"><strong>Condiciones peligrosas en la carretera.<\/strong> La grava suelta, el pavimento agrietado o la falta de se\u00f1alizaci\u00f3n pueden ser mortales para los motociclistas. Las ciudades y los equipos de construcci\u00f3n podr\u00edan ser considerados responsables en estos casos.<\/li>\n<li aria-level=\"1\"><strong>Piezas defectuosas de motocicleta.<\/strong> Un fallo en los frenos, neum\u00e1ticos o mecanismos de direcci\u00f3n puede causar una p\u00e9rdida catastr\u00f3fica de control. Investigamos los defectos del producto en cualquier accidente con fallo mec\u00e1nico.<\/li>\n<\/ul>\n<p>En cada caso, trabajamos para identificar no s\u00f3lo qu\u00e9 sucedi\u00f3, sino tambi\u00e9n por qu\u00e9 sucedi\u00f3 y qui\u00e9n puede ser considerado legalmente responsable.<\/p>\n<h2>Qu\u00e9 hacer despu\u00e9s de un accidente de motocicleta en Arizona<\/h2>\n<p>Si ha sufrido un accidente de motocicleta en Phoenix, es normal sentirse abrumado. Le recomendamos lo siguiente:<\/p>\n<ol>\n<li aria-level=\"1\"><strong>Busque atenci\u00f3n m\u00e9dica.<\/strong> Aunque se sienta bien, la adrenalina puede enmascarar las lesiones. Un diagn\u00f3stico tard\u00edo puede perjudicar su salud y su caso.<\/li>\n<li aria-level=\"1\"><strong>Llame a la polic\u00eda.<\/strong> Un informe oficial ayuda a preservar los hechos y las declaraciones desde el principio.<\/li>\n<li aria-level=\"1\"><strong>Documente la escena.<\/strong> Si es posible, tome fotos de su bicicleta, sus lesiones, el estado de la carretera y los veh\u00edculos involucrados.<\/li>\n<li aria-level=\"1\"><strong>Obtenga los nombres y la informaci\u00f3n de los testigos.<\/strong> Los testimonios de terceros podr\u00edan respaldar su versi\u00f3n de los hechos.<\/li>\n<li aria-level=\"1\"><strong>No hable con la compa\u00f1\u00eda de seguros del otro conductor.<\/strong> No est\u00e1n de su lado. Deje que su abogado se encargue de toda la comunicaci\u00f3n.<\/li>\n<li aria-level=\"1\"><strong>Llame a Rachel Frazier de Johnson Law.<\/strong> Cuanto antes intervengamos, m\u00e1s s\u00f3lido ser\u00e1 su caso.<\/li>\n<\/ol>\n<h2>\u00bfQu\u00e9 compensaci\u00f3n puede recuperar despu\u00e9s de un accidente de motocicleta?<\/h2>\n<p>Cuando sufres una lesi\u00f3n en un accidente de motocicleta, las facturas se acumulan r\u00e1pidamente. Entre las visitas a urgencias, las cirug\u00edas, la fisioterapia y la p\u00e9rdida de ingresos, el impacto financiero puede ser tan abrumador como el dolor f\u00edsico.<\/p>\n<p>En Rachel Frazier Johnson Law, luchamos por una compensaci\u00f3n completa por da\u00f1os econ\u00f3micos y no econ\u00f3micos, que incluyen:<\/p>\n<ul>\n<li aria-level=\"1\"><strong>Gastos m\u00e9dicos:<\/strong> visitas a urgencias, cirug\u00edas, seguimientos, rehabilitaci\u00f3n y cualquier tratamiento m\u00e9dico futuro.<\/li>\n<li aria-level=\"1\"><strong>Ingresos perdidos:<\/strong> salarios que no ha recibido y ingresos futuros que perder\u00e1 debido a una discapacidad o una lesi\u00f3n a largo plazo.<\/li>\n<li aria-level=\"1\"><strong>Dolor y sufrimiento:<\/strong> el malestar f\u00edsico, la angustia emocional y el trauma que sufre despu\u00e9s del accidente.<\/li>\n<li aria-level=\"1\"><strong>Da\u00f1os a la propiedad:<\/strong> reparaci\u00f3n o reemplazo de su motocicleta, casco, equipo y propiedad personal.<\/li>\n<li aria-level=\"1\"><strong>P\u00e9rdida del disfrute de la vida:<\/strong> cuando las lesiones limitan sus pasatiempos, su estilo de vida o su capacidad para volver a montar a caballo.<\/li>\n<li aria-level=\"1\"><strong>Da\u00f1os<a href=\"https:\/\/rfjesq.com\/es\/practice-areas\/personal-injury\/wrongful-death\/\"> por muerte por negligencia :<\/a> <\/strong>para familiares sobrevivientes que han perdido a un ser querido en un accidente fatal.<\/li>\n<\/ul>\n<p>Trabajamos con expertos financieros y profesionales m\u00e9dicos para calcular cada aspecto de sus da\u00f1os, tanto actuales como futuros. Porque su indemnizaci\u00f3n merece m\u00e1s que una simple cifra extra\u00edda de la hoja de c\u00e1lculo de una aseguradora.<\/p>\n<h2>\u00bfCu\u00e1nto tiempo tengo para presentar un reclamo por accidente de motocicleta en Arizona?<\/h2>\n<p>En Arizona, el plazo de prescripci\u00f3n para reclamaciones por accidentes de motocicleta suele ser de dos a\u00f1os a partir de la fecha del accidente. Sin embargo, existen excepciones, especialmente cuando el accidente involucra a una agencia gubernamental (como un veh\u00edculo municipal o un mal mantenimiento de las carreteras). Estos casos pueden tener plazos mucho m\u00e1s cortos.<\/p>\n<p>Por eso es fundamental contactar a un abogado especializado en accidentes de motocicleta en Phoenix lo antes posible. Esperar demasiado puede limitar su capacidad para reclamar da\u00f1os y perjuicios y puede resultar en la p\u00e9rdida de pruebas, testigos poco cooperativos o el incumplimiento de plazos legales.<\/p>\n<p>Actuamos r\u00e1pidamente para preservar sus derechos y comenzamos a construir su reclamo de inmediato.<\/p>\n<h2>C\u00f3mo tratar con las compa\u00f1\u00edas de seguros despu\u00e9s de un accidente<\/h2>\n<p>Los peritos de seguros no son tus amigos, aunque suenen serviciales por tel\u00e9fono. Su trabajo es limitar la indemnizaci\u00f3n, desviar la culpa o cerrar el caso antes de que comprendas completamente la gravedad de tus lesiones. As\u00ed es como suelen operar:<\/p>\n<ul>\n<li aria-level=\"1\">Ofreciendo acuerdos r\u00e1pidos y de bajo costo antes de que se completen las evaluaciones m\u00e9dicas completas<\/li>\n<li aria-level=\"1\">Utilizando sus declaraciones grabadas en su contra<\/li>\n<li aria-level=\"1\">Culpar al conductor por conducir de forma insegura o por usar equipo inadecuado<\/li>\n<li aria-level=\"1\">Afirmar que sus lesiones son \u201cpreexistentes\u201d o no est\u00e1n relacionadas con el accidente<\/li>\n<\/ul>\n<p>No caiga en estas t\u00e1cticas. En Rachel Frazier Johnson Law, nos encargamos de todas las negociaciones con las aseguradoras para que usted no diga nada que ponga en riesgo su caso. Hemos tratado con todas las principales aseguradoras de Arizona y sabemos c\u00f3mo exigirles responsabilidades cuando act\u00faan de mala fe.<\/p>\n<h2>Lesiones permanentes e impactos a largo plazo<\/h2>\n<p>Los motociclistas tienen mucha menos protecci\u00f3n que quienes viajan en veh\u00edculos de pasajeros. Como resultado, muchas v\u00edctimas de accidentes enfrentan discapacidad permanente o dolor cr\u00f3nico. Con frecuencia representamos a clientes con:<\/p>\n<ul>\n<li aria-level=\"1\">Lesiones cerebrales traum\u00e1ticas (LCT)<\/li>\n<li aria-level=\"1\">Da\u00f1os y par\u00e1lisis de la m\u00e9dula espinal<\/li>\n<li aria-level=\"1\">Amputaciones y p\u00e9rdida de la funci\u00f3n de las extremidades<\/li>\n<li aria-level=\"1\">Desfiguraci\u00f3n o cicatrices visibles<\/li>\n<li aria-level=\"1\">Dolor nervioso cr\u00f3nico o p\u00e9rdida de movilidad<\/li>\n<\/ul>\n<p>Estas lesiones no son solo inconvenientes a corto plazo; afectan su forma de trabajar, vivir e interactuar con su familia. Al evaluar su reclamaci\u00f3n, consideramos los costos a largo plazo, como:<\/p>\n<ul>\n<li aria-level=\"1\">Atenci\u00f3n m\u00e9dica continua y fisioterapia<\/li>\n<li aria-level=\"1\">Dispositivos de asistencia o movilidad en el hogar<\/li>\n<li aria-level=\"1\">P\u00e9rdida de ascenso profesional o jubilaci\u00f3n anticipada<\/li>\n<li aria-level=\"1\">Tratamiento de salud mental y trastorno de estr\u00e9s postraum\u00e1tico<\/li>\n<li aria-level=\"1\">Reformas necesarias en el hogar para la accesibilidad<\/li>\n<\/ul>\n<p>Usted merece una compensaci\u00f3n que refleje el costo real de lo que ha perdido y lo que necesitar\u00e1 reconstruir.<\/p>\n<h2>Accidentes mortales de motocicleta y demandas por muerte por negligencia<\/h2>\n<p>Perder a un ser querido en un accidente de motocicleta es una tragedia que ninguna familia deber\u00eda tener que soportar. Y aunque nada puede recuperarlos, la ley ofrece un camino hacia la justicia y la responsabilidad financiera.<\/p>\n<p>Seg\u00fan la ley de Arizona, los c\u00f3nyuges, hijos o padres sobrevivientes pueden presentar una demanda por homicidio culposo contra la parte culpable. La indemnizaci\u00f3n puede incluir:<\/p>\n<ul>\n<li aria-level=\"1\">Gastos funerarios y de entierro<\/li>\n<li aria-level=\"1\">P\u00e9rdida de apoyo financiero<\/li>\n<li aria-level=\"1\">P\u00e9rdida de compa\u00f1\u00eda y orientaci\u00f3n<\/li>\n<li aria-level=\"1\">sufrimiento emocional<\/li>\n<\/ul>\n<p>Manejamos estos casos con la compasi\u00f3n que merecen mientras seguimos luchando ferozmente por todos los da\u00f1os que se le deben a su familia.<\/p>\n<h2>Mitos comunes sobre los accidentes de motocicleta<\/h2>\n<p>Hemos gestionado cientos de reclamaciones de motocicletas y hemos escuchado todos los mitos. Aclaremos algunos:<\/p>\n<p><strong>Mito 1: El motociclista siempre tiene la culpa.<\/strong><br \/>\nFalso. Muchos conductores no ven las motos o no ceden el paso. Hay muchos casos en los que el motociclista ten\u00eda toda la raz\u00f3n.<\/p>\n<p><strong>Mito 2: Si no llevaba casco, no puedo presentar una reclamaci\u00f3n.<\/strong><br \/>\nFalso. El uso del casco puede afectar la indemnizaci\u00f3n por lesiones en la cabeza, pero a\u00fan tiene derecho a presentar una reclamaci\u00f3n.<\/p>\n<p><strong>Mito 3: No puedo pagar un abogado especializado en accidentes de motocicleta.<\/strong><br \/>\nFalso. Trabajamos a honorarios de contingencia, lo que significa que no pagas honorarios legales a menos que ganemos.<\/p>\n<p><strong>Mito 4: Si no report\u00e9 el accidente inmediatamente, no tengo caso.<\/strong><br \/>\nFalso. Reportar tarde puede complicar las cosas, pero a\u00fan podemos ganar un caso cuando alguien nos contacta semanas despu\u00e9s del accidente.<\/p>\n<h2>\u00bfQu\u00e9 hace que Rachel Frazier Johnson sea la mejor opci\u00f3n para los ciclistas?<\/h2>\n<p>Elegir un abogado especializado en accidentes de motocicleta en Phoenix no se trata solo de experiencia; se trata de confianza, comunicaci\u00f3n y resultados. Estas son las razones por las que tantos motociclistas eligen nuestra firma:<\/p>\n<ul>\n<li aria-level=\"1\">M\u00e1s de 25 a\u00f1os de experiencia en litigios<\/li>\n<li aria-level=\"1\">Conocimiento profundo de la ley de motocicletas de Arizona<\/li>\n<li aria-level=\"1\">Apoyo personalizado, no s\u00f3lo papeleo<\/li>\n<li aria-level=\"1\">Informaci\u00f3n local sobre las carreteras de Phoenix, las tendencias de accidentes y los tribunales<\/li>\n<li aria-level=\"1\">Dura negociaci\u00f3n con las compa\u00f1\u00edas de seguros<\/li>\n<li aria-level=\"1\">Listo para el juicio cuando el acuerdo no es suficiente<\/li>\n<\/ul>\n<p>No tememos a los tribunales. Y no cederemos cuando alguien intente subestimar tu dolor.<\/p>\n<h2>Pasos en un caso de accidente de motocicleta: qu\u00e9 esperar<\/h2>\n<p>Probablemente se est\u00e9 preguntando: \u00bfQu\u00e9 pasa despu\u00e9s de llamar a un abogado? As\u00ed es como funciona el proceso en Rachel Frazier Johnson Law:<\/p>\n<p><strong>Paso 1: Consulta.<\/strong> Escuchamos su historia, hacemos preguntas y evaluamos su caso, sin presiones ni cargos.<\/p>\n<p><strong>Paso 2: Investigaci\u00f3n y recopilaci\u00f3n de pruebas.<\/strong> Recopilamos informes policiales, historiales m\u00e9dicos, grabaciones de c\u00e1maras de tr\u00e1fico, datos de caja negra (si hubo un veh\u00edculo involucrado) y peritajes.<\/p>\n<p><strong>Paso 3: Carta de Demanda.<\/strong> Enviamos una carta detallada a la compa\u00f1\u00eda de seguros de la parte culpable, detallando sus lesiones, gastos y la indemnizaci\u00f3n que le corresponde.<\/p>\n<p><strong>Paso 4: Negociaci\u00f3n.<\/strong> Nos encargamos de toda la comunicaci\u00f3n con las aseguradoras y los abogados defensores. La mayor\u00eda de los casos se resuelven durante esta fase, pero si no, estamos listos para ir a juicio.<\/p>\n<p><strong>Paso 5: Litigio (si es necesario).<\/strong> Si no se ofrece un acuerdo justo, nos preparamos para el juicio. Esto puede incluir declaraciones, mediaci\u00f3n o un veredicto del jurado. Usted se mantiene informado y en control en todo momento.<\/p>\n<p>Nuestro objetivo es quitarle el estr\u00e9s de sus hombros para que pueda concentrarse en su curaci\u00f3n mientras nosotros nos concentramos en la justicia.<\/p>\n<h2>C\u00f3mo demostramos la culpa en un accidente de motocicleta<\/h2>\n<p>Para ganar su caso, tenemos que demostrar tres cosas:<\/p>\n<ol>\n<li aria-level=\"1\">La otra parte fue negligente<\/li>\n<li aria-level=\"1\">Esa negligencia provoc\u00f3 el accidente.<\/li>\n<li aria-level=\"1\">Usted sufri\u00f3 da\u00f1os reales como resultado<\/li>\n<\/ol>\n<p>Lo hacemos compilando:<\/p>\n<ul>\n<li aria-level=\"1\">Fotos y v\u00eddeos de la escena<\/li>\n<li aria-level=\"1\">Declaraciones de testigos<\/li>\n<li aria-level=\"1\">Evaluaciones de da\u00f1os a veh\u00edculos<\/li>\n<li aria-level=\"1\">Evaluaciones del estado de la carretera<\/li>\n<li aria-level=\"1\">Historiales m\u00e9dicos<\/li>\n<li aria-level=\"1\">Im\u00e1genes de c\u00e1mara de casco o GoPro (cuando est\u00e9n disponibles)<\/li>\n<li aria-level=\"1\">Reconstrucciones expertas<\/li>\n<\/ul>\n<p>En algunos casos, incluso trabajamos con ingenieros biomec\u00e1nicos y especialistas en reconstrucci\u00f3n de accidentes para crear una representaci\u00f3n del choque.<\/p>\n<p>Las aseguradoras solo respetan los hechos y la fuerza. Nosotros ofrecemos ambos.<\/p>\n<h2>Leyes de culpa comparativa de Arizona: qu\u00e9 significan para usted<\/h2>\n<p>Uno de los conceptos legales m\u00e1s importantes en los casos de motocicletas es la culpa comparativa . En Arizona, incluso si usted es parcialmente responsable del accidente, puede obtener una indemnizaci\u00f3n; la indemnizaci\u00f3n total se reduce simplemente seg\u00fan su porcentaje de culpa.<\/p>\n<p>Por ejemplo:<\/p>\n<ul>\n<li aria-level=\"1\">Si le otorgan $100,000 pero se determina que tiene un 20% de culpa, a\u00fan as\u00ed recibir\u00eda $80,000.<\/li>\n<\/ul>\n<p>No permita que un ajustador de seguros le diga que no tiene suerte solo porque \u00abpodr\u00eda haber hecho un cambio brusco\u00bb o \u00abdeber\u00eda haberlo previsto\u00bb. Nos oponemos firmemente a las reclamaciones por culpa injusta y nos aseguramos de que el resultado final refleje la verdad, no suposiciones.<\/p>\n<h2>Pruebas que pueden fortalecer su caso de accidente de motocicleta<\/h2>\n<p>Para maximizar su compensaci\u00f3n, recopilamos evidencia contundente que habla m\u00e1s que las opiniones. Algunas formas clave de evidencia incluyen:<\/p>\n<ul>\n<li aria-level=\"1\"><strong>Inspecci\u00f3n del casco y el equipo:<\/strong> demuestra que se toma la seguridad en serio.<\/li>\n<li aria-level=\"1\"><strong>Informes toxicol\u00f3gicos:<\/strong> si el conductor estaba incapacitado, esto se convierte en un factor cr\u00edtico.<\/li>\n<li aria-level=\"1\"><strong>Registros telef\u00f3nicos:<\/strong> Para demostrar que la otra parte conduc\u00eda distra\u00eddamente.<\/li>\n<li aria-level=\"1\"><strong>Datos de GPS de veh\u00edculos o registros de viajes compartidos<\/strong><\/li>\n<li aria-level=\"1\"><strong>Documentaci\u00f3n m\u00e9dica:<\/strong> Incluye planes de tratamiento, cirug\u00edas y pron\u00f3stico.<\/li>\n<\/ul>\n<p>Cuanto m\u00e1s completo sea nuestro expediente, m\u00e1s posibilidades tendremos de conseguir un acuerdo o veredicto de alto valor.<\/p>\n<h2>Llame hoy a un abogado especializado en accidentes de motocicleta en Phoenix<\/h2>\n<p>Cada minuto que espera le da a la compa\u00f1\u00eda de seguros m\u00e1s tiempo para presentar un caso en su contra . No permita que eso suceda.<\/p>\n<p>Si usted o un ser querido ha resultado herido en un accidente de motocicleta, necesita ayuda legal experimentada, no solo una firma de lesiones personales.<\/p>\n<ul>\n<li aria-level=\"1\">Sirviendo a Phoenix, Scottsdale, Tempe, Glendale, Mesa y \u00e1reas circundantes<\/li>\n<li aria-level=\"1\">Representaci\u00f3n biling\u00fce disponible<\/li>\n<li aria-level=\"1\">No hay cargo a menos que ganemos<\/li>\n<\/ul>\n<p>Luchaste para permanecer con vida, ahora<a href=\"https:\/\/rfjesq.com\/es\/contact\/\"> d\u00e9janos luchar<\/a> por lo que se te debe.<\/p>\n","protected":false},"excerpt":{"rendered":"<p>Abogado de accidentes de motocicleta en Phoenix No hay protecci\u00f3n m\u00e1s importante que la legal, especialmente despu\u00e9s de un accidente de motocicleta. Cuando un motociclista sufre una ca\u00edda en las calles de Phoenix, las consecuencias suelen ser graves: fracturas . Lesiones cerebrales traum\u00e1ticas. P\u00e9rdida del trabajo. Dolor que te cambia la vida. Y, lamentablemente, con [&hellip;]<\/p>\n","protected":false},"author":2,"featured_media":3011,"parent":532,"menu_order":0,"comment_status":"closed","ping_status":"closed","template":"","meta":{"_acf_changed":false,"_oasis_is_in_workflow":0,"_oasis_original":0,"_oasis_task_priority":"","ocean_post_layout":"","ocean_both_sidebars_style":"","ocean_both_sidebars_content_width":0,"ocean_both_sidebars_sidebars_width":0,"ocean_sidebar":"","ocean_second_sidebar":"","ocean_disable_margins":"enable","ocean_add_body_class":"","ocean_shortcode_before_top_bar":"","ocean_shortcode_after_top_bar":"","ocean_shortcode_before_header":"","ocean_shortcode_after_header":"","ocean_has_shortcode":"","ocean_shortcode_after_title":"","ocean_shortcode_before_footer_widgets":"","ocean_shortcode_after_footer_widgets":"","ocean_shortcode_before_footer_bottom":"","ocean_shortcode_after_footer_bottom":"","ocean_display_top_bar":"default","ocean_display_header":"default","ocean_header_style":"","ocean_center_header_left_menu":"","ocean_custom_header_template":"","ocean_custom_logo":0,"ocean_custom_retina_logo":0,"ocean_custom_logo_max_width":0,"ocean_custom_logo_tablet_max_width":0,"ocean_custom_logo_mobile_max_width":0,"ocean_custom_logo_max_height":0,"ocean_custom_logo_tablet_max_height":0,"ocean_custom_logo_mobile_max_height":0,"ocean_header_custom_menu":"","ocean_menu_typo_font_family":"","ocean_menu_typo_font_subset":"","ocean_menu_typo_font_size":0,"ocean_menu_typo_font_size_tablet":0,"ocean_menu_typo_font_size_mobile":0,"ocean_menu_typo_font_size_unit":"px","ocean_menu_typo_font_weight":"","ocean_menu_typo_font_weight_tablet":"","ocean_menu_typo_font_weight_mobile":"","ocean_menu_typo_transform":"","ocean_menu_typo_transform_tablet":"","ocean_menu_typo_transform_mobile":"","ocean_menu_typo_line_height":0,"ocean_menu_typo_line_height_tablet":0,"ocean_menu_typo_line_height_mobile":0,"ocean_menu_typo_line_height_unit":"","ocean_menu_typo_spacing":0,"ocean_menu_typo_spacing_tablet":0,"ocean_menu_typo_spacing_mobile":0,"ocean_menu_typo_spacing_unit":"","ocean_menu_link_color":"","ocean_menu_link_color_hover":"","ocean_menu_link_color_active":"","ocean_menu_link_background":"","ocean_menu_link_hover_background":"","ocean_menu_link_active_background":"","ocean_menu_social_links_bg":"","ocean_menu_social_hover_links_bg":"","ocean_menu_social_links_color":"","ocean_menu_social_hover_links_color":"","ocean_disable_title":"default","ocean_disable_heading":"default","ocean_post_title":"","ocean_post_subheading":"","ocean_post_title_style":"","ocean_post_title_background_color":"","ocean_post_title_background":0,"ocean_post_title_bg_image_position":"","ocean_post_title_bg_image_attachment":"","ocean_post_title_bg_image_repeat":"","ocean_post_title_bg_image_size":"","ocean_post_title_height":0,"ocean_post_title_bg_overlay":0.5,"ocean_post_title_bg_overlay_color":"","ocean_disable_breadcrumbs":"default","ocean_breadcrumbs_color":"","ocean_breadcrumbs_separator_color":"","ocean_breadcrumbs_links_color":"","ocean_breadcrumbs_links_hover_color":"","ocean_display_footer_widgets":"default","ocean_display_footer_bottom":"default","ocean_custom_footer_template":"","footnotes":""},"class_list":["post-2129","page","type-page","status-publish","has-post-thumbnail","hentry","entry","has-media"],"acf":[],"_links":{"self":[{"href":"https:\/\/rfjesq.com\/es\/wp-json\/wp\/v2\/pages\/2129","targetHints":{"allow":["GET"]}}],"collection":[{"href":"https:\/\/rfjesq.com\/es\/wp-json\/wp\/v2\/pages"}],"about":[{"href":"https:\/\/rfjesq.com\/es\/wp-json\/wp\/v2\/types\/page"}],"author":[{"embeddable":true,"href":"https:\/\/rfjesq.com\/es\/wp-json\/wp\/v2\/users\/2"}],"replies":[{"embeddable":true,"href":"https:\/\/rfjesq.com\/es\/wp-json\/wp\/v2\/comments?post=2129"}],"version-history":[{"count":7,"href":"https:\/\/rfjesq.com\/es\/wp-json\/wp\/v2\/pages\/2129\/revisions"}],"predecessor-version":[{"id":2691,"href":"https:\/\/rfjesq.com\/es\/wp-json\/wp\/v2\/pages\/2129\/revisions\/2691"}],"up":[{"embeddable":true,"href":"https:\/\/rfjesq.com\/es\/wp-json\/wp\/v2\/pages\/532"}],"wp:featuredmedia":[{"embeddable":true,"href":"https:\/\/rfjesq.com\/es\/wp-json\/wp\/v2\/media\/3011"}],"wp:attachment":[{"href":"https:\/\/rfjesq.com\/es\/wp-json\/wp\/v2\/media?parent=2129"}],"curies":[{"name":"wp","href":"https:\/\/api.w.org\/{rel}","templated":true}]}}