{"id":2130,"date":"2025-07-25T14:06:20","date_gmt":"2025-07-25T19:06:20","guid":{"rendered":"https:\/\/rfjesq.com\/?page_id=2130"},"modified":"2025-10-09T15:36:00","modified_gmt":"2025-10-09T20:36:00","slug":"knee-injuries","status":"publish","type":"page","link":"https:\/\/rfjesq.com\/es\/practice-areas\/personal-injury\/knee-injuries\/","title":{"rendered":"Lesiones de Rodilla"},"content":{"rendered":"<h1>Abogados de lesiones de rodilla en Phoenix<\/h1>\n<p>Sufrir una lesi\u00f3n de rodilla en un accidente puede ser la peor pesadilla. \u00bfVolver\u00e1 a la normalidad? \u00bfCaminar\u00e1 sin dolor? \u00bfVolver\u00e1 al trabajo? \u00bfRecuperar\u00e1 su independencia?<\/p>\n<p>Durante los \u00faltimos 25 a\u00f1os, Rachel Frazier Johnson Law ha presenciado lo devastadoras que pueden ser las lesiones de rodilla. Recuperarse es dif\u00edcil, pero es posible. Estamos aqu\u00ed para ayudarle a obtener la m\u00e1xima compensaci\u00f3n que merece, para que pueda acceder a atenci\u00f3n m\u00e9dica de calidad, concentrarse en su recuperaci\u00f3n y dar pasos significativos para reconstruir su vida.<\/p>\n<h2>\u00bfQu\u00e9 hace que las lesiones de rodilla sean tan complejas?<\/h2>\n<p>Las lesiones de rodilla son de las m\u00e1s complejas e<a href=\"https:\/\/rfjesq.com\/es\/practice-areas\/personal-injury\/broken-bones\/\"> impactantes que<\/a> una persona puede sufrir. La rodilla no es solo un hueso o ligamento; es un sistema inerte, compuesto por m\u00fasculos, cart\u00edlagos, tendones y ligamentos que trabajan en conjunto. Cuando cualquier parte de este sistema se da\u00f1a, puede generar un efecto domin\u00f3 que afecta la movilidad general y la calidad de vida.<\/p>\n<p>Esto es lo que podr\u00edas estar enfrentando:<\/p>\n<ul>\n<li aria-level=\"1\"><strong>Desgarros de ligamentos (LCA, LCM, LCP) :<\/strong> a menudo causadas por accidentes de alto impacto, como<a href=\"https:\/\/rfjesq.com\/es\/practice-areas\/personal-injury\/car-accidents\/\"> accidentes automovil\u00edsticos<\/a> , estas lesiones pueden requerir cirug\u00eda y meses de fisioterapia.<\/li>\n<li aria-level=\"1\"><strong>Desgarros de menisco :<\/strong> el dolor y la inestabilidad de un menisco desgarrado pueden hacer que incluso tareas simples como caminar sean insoportables.<\/li>\n<li aria-level=\"1\"><strong>Fracturas de r\u00f3tula :<\/strong> estas lesiones graves a menudo requieren intervenci\u00f3n quir\u00fargica, inmovilizaci\u00f3n y una recuperaci\u00f3n extensa.<\/li>\n<li aria-level=\"1\"><strong>Luxaciones :<\/strong> una r\u00f3tula dislocada puede provocar una inestabilidad permanente, dej\u00e1ndolo vulnerable a futuras lesiones.<\/li>\n<\/ul>\n<p>Cada lesi\u00f3n es diferente, pero todas tienen algo en com\u00fan: pueden alterar tu vida de maneras que nunca imaginaste.<\/p>\n<h2>Los costos ocultos de las lesiones de rodilla<\/h2>\n<p>Es f\u00e1cil pensar que una lesi\u00f3n de rodilla es puramente m\u00e9dica, pero la realidad es mucho m\u00e1s compleja. M\u00e1s all\u00e1 de las cirug\u00edas, la fisioterapia y las visitas al m\u00e9dico, las lesiones de rodilla pueden afectar negativamente tus finanzas, tu carrera profesional y tu salud mental.<\/p>\n<ul>\n<li aria-level=\"1\"><strong>Facturas m\u00e9dicas :<\/strong> la cirug\u00eda, la rehabilitaci\u00f3n, los medicamentos y los dispositivos m\u00e9dicos pueden acumularse r\u00e1pidamente.<\/li>\n<li aria-level=\"1\"><strong>Salarios perdidos :<\/strong> el tiempo fuera del trabajo durante la recuperaci\u00f3n puede agotar sus ahorros y las discapacidades permanentes pueden limitar su potencial de ingresos futuros.<\/li>\n<li aria-level=\"1\"><strong>Dolor emocional :<\/strong> la frustraci\u00f3n de no poder vivir la vida como antes puede provocar depresi\u00f3n, ansiedad y una menor calidad de vida.<\/li>\n<li aria-level=\"1\"><strong>Ajustes en el estilo de vida :<\/strong> Es posible que necesite invertir en ayudas para la movilidad, modificaciones en el hogar o incluso nuevas opciones de transporte para adaptarse a su lesi\u00f3n.<\/li>\n<\/ul>\n<p>Estos costos pueden resultar abrumadores, especialmente cuando intenta concentrarse en su recuperaci\u00f3n. Por eso, si su lesi\u00f3n es causada por la negligencia de otra persona, ya sea un accidente automovil\u00edstico, un resbal\u00f3n y ca\u00edda o un incidente laboral, usted merece m\u00e1s que solo compasi\u00f3n. Merece justicia y apoyo financiero para reconstruir su vida.<\/p>\n<h2>\u00bfPor qu\u00e9 dejar que Rachel Frazier Johnson Law le ayude a sanar?<\/h2>\n<p>En Rachel Frazier Johnson Law, no lo vemos solo como un caso m\u00e1s. Lo vemos como una persona, alguien cuya vida ha sido trastocada por una lesi\u00f3n que no merec\u00eda. Nuestra misi\u00f3n es ayudarle a recuperar el control de su vida luchando por la compensaci\u00f3n que necesita para sanar y seguir adelante.<\/p>\n<p>As\u00ed es como le apoyamos:<\/p>\n<ul>\n<li aria-level=\"1\"><strong>Representaci\u00f3n compasiva:<\/strong> escuchamos su historia, entendemos el impacto de su lesi\u00f3n y desarrollamos una estrategia legal personalizada.<\/li>\n<li aria-level=\"1\"><strong>Preparaci\u00f3n exhaustiva del caso:<\/strong> desde la recopilaci\u00f3n de registros m\u00e9dicos e informes de accidentes hasta la consulta con profesionales, construimos un caso s\u00f3lido para demostrar el alcance total de sus da\u00f1os.<\/li>\n<li aria-level=\"1\"><strong>Negociaci\u00f3n experta:<\/strong> Las compa\u00f1\u00edas de seguros a menudo intentan minimizar los reclamos, pero nosotros nos resistimos y luchamos por una compensaci\u00f3n que se ajuste a la gravedad de su lesi\u00f3n.<\/li>\n<li aria-level=\"1\"><strong>Priorizamos la recuperaci\u00f3n:<\/strong> No deber\u00eda tener que preocuparse por el proceso legal durante su recuperaci\u00f3n. Nos encargamos de los tr\u00e1mites legales para que usted pueda concentrarse en sanar.<\/li>\n<\/ul>\n<h2>Tu camino hacia la sanaci\u00f3n comienza aqu\u00ed<\/h2>\n<p>Lesionarse la rodilla en un accidente es aterrador, pero con el apoyo legal adecuado, puede obtener la compensaci\u00f3n que necesita para acceder a atenci\u00f3n m\u00e9dica de calidad y concentrarse en su recuperaci\u00f3n. En Rachel Frazier Johnson Law, nos preocupamos genuinamente por nuestros clientes y su bienestar.<a href=\"https:\/\/rfjesq.com\/es\/contact\/\"> Cont\u00e1ctenos hoy mismo<\/a> para comenzar su recuperaci\u00f3n.<\/p>\n","protected":false},"excerpt":{"rendered":"<p>Abogados de lesiones de rodilla en Phoenix Sufrir una lesi\u00f3n de rodilla en un accidente puede ser la peor pesadilla. \u00bfVolver\u00e1 a la normalidad? \u00bfCaminar\u00e1 sin dolor? \u00bfVolver\u00e1 al trabajo? \u00bfRecuperar\u00e1 su independencia? Durante los \u00faltimos 25 a\u00f1os, Rachel Frazier Johnson Law ha presenciado lo devastadoras que pueden ser las lesiones de rodilla. Recuperarse es [&hellip;]<\/p>\n","protected":false},"author":2,"featured_media":3021,"parent":532,"menu_order":0,"comment_status":"closed","ping_status":"closed","template":"","meta":{"_acf_changed":false,"_oasis_is_in_workflow":0,"_oasis_original":0,"_oasis_task_priority":"","ocean_post_layout":"","ocean_both_sidebars_style":"","ocean_both_sidebars_content_width":0,"ocean_both_sidebars_sidebars_width":0,"ocean_sidebar":"","ocean_second_sidebar":"","ocean_disable_margins":"enable","ocean_add_body_class":"","ocean_shortcode_before_top_bar":"","ocean_shortcode_after_top_bar":"","ocean_shortcode_before_header":"","ocean_shortcode_after_header":"","ocean_has_shortcode":"","ocean_shortcode_after_title":"","ocean_shortcode_before_footer_widgets":"","ocean_shortcode_after_footer_widgets":"","ocean_shortcode_before_footer_bottom":"","ocean_shortcode_after_footer_bottom":"","ocean_display_top_bar":"default","ocean_display_header":"default","ocean_header_style":"","ocean_center_header_left_menu":"","ocean_custom_header_template":"","ocean_custom_logo":0,"ocean_custom_retina_logo":0,"ocean_custom_logo_max_width":0,"ocean_custom_logo_tablet_max_width":0,"ocean_custom_logo_mobile_max_width":0,"ocean_custom_logo_max_height":0,"ocean_custom_logo_tablet_max_height":0,"ocean_custom_logo_mobile_max_height":0,"ocean_header_custom_menu":"","ocean_menu_typo_font_family":"","ocean_menu_typo_font_subset":"","ocean_menu_typo_font_size":0,"ocean_menu_typo_font_size_tablet":0,"ocean_menu_typo_font_size_mobile":0,"ocean_menu_typo_font_size_unit":"px","ocean_menu_typo_font_weight":"","ocean_menu_typo_font_weight_tablet":"","ocean_menu_typo_font_weight_mobile":"","ocean_menu_typo_transform":"","ocean_menu_typo_transform_tablet":"","ocean_menu_typo_transform_mobile":"","ocean_menu_typo_line_height":0,"ocean_menu_typo_line_height_tablet":0,"ocean_menu_typo_line_height_mobile":0,"ocean_menu_typo_line_height_unit":"","ocean_menu_typo_spacing":0,"ocean_menu_typo_spacing_tablet":0,"ocean_menu_typo_spacing_mobile":0,"ocean_menu_typo_spacing_unit":"","ocean_menu_link_color":"","ocean_menu_link_color_hover":"","ocean_menu_link_color_active":"","ocean_menu_link_background":"","ocean_menu_link_hover_background":"","ocean_menu_link_active_background":"","ocean_menu_social_links_bg":"","ocean_menu_social_hover_links_bg":"","ocean_menu_social_links_color":"","ocean_menu_social_hover_links_color":"","ocean_disable_title":"default","ocean_disable_heading":"default","ocean_post_title":"","ocean_post_subheading":"","ocean_post_title_style":"","ocean_post_title_background_color":"","ocean_post_title_background":0,"ocean_post_title_bg_image_position":"","ocean_post_title_bg_image_attachment":"","ocean_post_title_bg_image_repeat":"","ocean_post_title_bg_image_size":"","ocean_post_title_height":0,"ocean_post_title_bg_overlay":0.5,"ocean_post_title_bg_overlay_color":"","ocean_disable_breadcrumbs":"default","ocean_breadcrumbs_color":"","ocean_breadcrumbs_separator_color":"","ocean_breadcrumbs_links_color":"","ocean_breadcrumbs_links_hover_color":"","ocean_display_footer_widgets":"default","ocean_display_footer_bottom":"default","ocean_custom_footer_template":"","footnotes":""},"class_list":["post-2130","page","type-page","status-publish","has-post-thumbnail","hentry","entry","has-media"],"acf":[],"_links":{"self":[{"href":"https:\/\/rfjesq.com\/es\/wp-json\/wp\/v2\/pages\/2130","targetHints":{"allow":["GET"]}}],"collection":[{"href":"https:\/\/rfjesq.com\/es\/wp-json\/wp\/v2\/pages"}],"about":[{"href":"https:\/\/rfjesq.com\/es\/wp-json\/wp\/v2\/types\/page"}],"author":[{"embeddable":true,"href":"https:\/\/rfjesq.com\/es\/wp-json\/wp\/v2\/users\/2"}],"replies":[{"embeddable":true,"href":"https:\/\/rfjesq.com\/es\/wp-json\/wp\/v2\/comments?post=2130"}],"version-history":[{"count":7,"href":"https:\/\/rfjesq.com\/es\/wp-json\/wp\/v2\/pages\/2130\/revisions"}],"predecessor-version":[{"id":2695,"href":"https:\/\/rfjesq.com\/es\/wp-json\/wp\/v2\/pages\/2130\/revisions\/2695"}],"up":[{"embeddable":true,"href":"https:\/\/rfjesq.com\/es\/wp-json\/wp\/v2\/pages\/532"}],"wp:featuredmedia":[{"embeddable":true,"href":"https:\/\/rfjesq.com\/es\/wp-json\/wp\/v2\/media\/3021"}],"wp:attachment":[{"href":"https:\/\/rfjesq.com\/es\/wp-json\/wp\/v2\/media?parent=2130"}],"curies":[{"name":"wp","href":"https:\/\/api.w.org\/{rel}","templated":true}]}}