{"id":2139,"date":"2025-07-25T14:07:12","date_gmt":"2025-07-25T19:07:12","guid":{"rendered":"https:\/\/rfjesq.com\/?page_id=2139"},"modified":"2025-10-09T15:07:10","modified_gmt":"2025-10-09T20:07:10","slug":"neck-injuries","status":"publish","type":"page","link":"https:\/\/rfjesq.com\/es\/practice-areas\/personal-injury\/neck-injuries\/","title":{"rendered":"Lesiones de Cuello"},"content":{"rendered":"<h1>Abogado de lesiones de cuello en Phoenix<\/h1>\n<p>Vivir con una lesi\u00f3n de cuello despu\u00e9s de un accidente puede ser insoportable. El dolor constante, las noches de insomnio y la p\u00e9rdida de la alegr\u00eda por las cosas que antes amaba pueden dejarlo con una sensaci\u00f3n de impotencia. Si la negligencia de otra persona<a href=\"https:\/\/rfjesq.com\/es\/practice-areas\/personal-injury\/truck-accidents\/\"> caus\u00f3 su lesi\u00f3n<\/a> , no deber\u00eda tener que seguir sufriendo. En Rachel Frazier Johnson Law, comprendemos el impacto que esto tiene en su vida y estamos aqu\u00ed para ayudarle a encontrar alivio. Con amplia experiencia en casos de lesiones personales, estamos listos para luchar por la compensaci\u00f3n que necesita para aliviar su dolor y volver a disfrutar de la vida.<\/p>\n<h2>\u00bfQu\u00e9 significan los diferentes tipos de dolor de cuello?<\/h2>\n<p>Las lesiones de cuello causadas por accidentes de tr\u00e1fico,<a href=\"https:\/\/rfjesq.com\/es\/practice-areas\/personal-injury\/slip-fall-injuries\/\"> resbalones, ca\u00eddas<\/a> y otros incidentes pueden variar considerablemente: desde molestias leves hasta afecciones graves que alteran la vida. Comprender la naturaleza del dolor puede ayudar a comprender la posible lesi\u00f3n subyacente. A continuaci\u00f3n, se presentan algunos ejemplos comunes:<\/p>\n<ol>\n<li>\n<h3>Latigazo cervical<\/h3>\n<\/li>\n<\/ol>\n<ul>\n<li aria-level=\"1\"><strong>Descripci\u00f3n :<\/strong> Una distensi\u00f3n o esguince causado por el movimiento r\u00e1pido de vaiv\u00e9n del cuello.<\/li>\n<li aria-level=\"1\"><strong>S\u00edntomas :<\/strong> Rigidez, dolores de cabeza, mareos y reducci\u00f3n del rango de movimiento.<\/li>\n<\/ul>\n<ol start=\"2\">\n<li>\n<h3>Distensi\u00f3n muscular<\/h3>\n<\/li>\n<\/ol>\n<ul>\n<li aria-level=\"1\"><strong>Descripci\u00f3n :<\/strong> M\u00fasculos sobreextendidos o desgarrados debido a un movimiento repentino o uso excesivo.<\/li>\n<li aria-level=\"1\"><strong>S\u00edntomas :<\/strong> malestar localizado, sensibilidad y dificultad para girar la cabeza.<\/li>\n<\/ul>\n<ol start=\"3\">\n<li>\n<h3>Hernia de disco<\/h3>\n<\/li>\n<\/ol>\n<ul>\n<li aria-level=\"1\"><strong>Descripci\u00f3n :<\/strong> Un disco abultado o roto ejerce presi\u00f3n sobre los nervios cercanos.<\/li>\n<li aria-level=\"1\"><strong>S\u00edntomas :<\/strong> Dolor que se irradia a los hombros o brazos, entumecimiento y hormigueo.<\/li>\n<\/ul>\n<ol start=\"4\">\n<li>\n<h3>V\u00e9rtebras fracturadas<\/h3>\n<\/li>\n<\/ol>\n<ul>\n<li aria-level=\"1\"><strong>Descripci\u00f3n :<\/strong> Huesos rotos en el cuello, generalmente por traumatismos de alto impacto.<\/li>\n<li aria-level=\"1\"><strong>S\u00edntomas :<\/strong> Dolor intenso, hinchaz\u00f3n y restricciones de movilidad; requiere atenci\u00f3n m\u00e9dica inmediata.<\/li>\n<\/ul>\n<ol start=\"5\">\n<li>\n<h3>Da\u00f1o nervioso<\/h3>\n<\/li>\n<\/ol>\n<ul>\n<li aria-level=\"1\"><strong>Descripci\u00f3n :<\/strong> Lesi\u00f3n de los nervios espinales como resultado de un traumatismo o de condiciones subyacentes.<\/li>\n<li aria-level=\"1\"><strong>S\u00edntomas :<\/strong> Dolor irradiado, debilidad muscular y posible p\u00e9rdida de la sensibilidad.<\/li>\n<\/ul>\n<p>S\u00edntomas persistentes o que empeoran como estos pueden afectar significativamente la calidad del sue\u00f1o, el desempe\u00f1o laboral y el bienestar general.<\/p>\n<h2>La compensaci\u00f3n puede brindarle alivio<\/h2>\n<p>Solicitar una indemnizaci\u00f3n por sus lesiones puede brindarle un alivio crucial en un momento dif\u00edcil. Puede ayudarle a costear tratamientos y terapias dise\u00f1ados para su recuperaci\u00f3n. La indemnizaci\u00f3n tambi\u00e9n puede cubrir el costo de medicamentos y dispositivos m\u00e9dicos necesarios, como aparatos ortop\u00e9dicos, sillas de ruedas u otros equipos, mejorando as\u00ed su movilidad y comodidad. Adem\u00e1s, puede ayudarle a compensar la p\u00e9rdida de ingresos, permiti\u00e9ndole tomarse el tiempo necesario para concentrarse plenamente en su recuperaci\u00f3n sin estr\u00e9s financiero adicional. Quiz\u00e1s igual de importante, solicitar una indemnizaci\u00f3n puede brindarle una sensaci\u00f3n de justicia, reconociendo el dolor y las dificultades que ha padecido. Saber que su sufrimiento ha sido reconocido puede brindarle alivio emocional y ayudarle a seguir adelante con renovada esperanza y determinaci\u00f3n.<\/p>\n<h2>\u00bfPor qu\u00e9 elegir Rachel Frazier Johnson Law?<\/h2>\n<p>Al lidiar con las secuelas de una lesi\u00f3n de cuello, necesita un equipo que conozca la ley, defienda sus derechos y obtenga resultados. Aqu\u00ed le explicamos por qu\u00e9 Rachel Frazier Johnson Law es el socio que necesita:<\/p>\n<ul>\n<li aria-level=\"1\"><strong>Experiencia inigualable.<\/strong> Con m\u00e1s de <a class=\"wpil_keyword_link\" href=\"https:\/\/rfjesq.com\/es\/team\/rachel-frazier-johnson\/\"   title=\"Rachel Frazier Johnson\" data-wpil-keyword-link=\"linked\"  data-wpil-monitor-id=\"21\">25 a\u00f1os de experiencia<\/a> en derecho de lesiones en Arizona, contamos con el conocimiento y la experiencia necesarios para manejar incluso los casos m\u00e1s complejos. Puede confiar en nosotros para que le guiemos hacia la compensaci\u00f3n y el alivio que merece.<\/li>\n<li aria-level=\"1\"><strong>De mayor prestigio en el sector.<\/strong> Rachel Frazier Johnson Law se enorgullece de ser reconocido como uno de los 10 mejores de Arizona. Nuestra trayectoria de \u00e9xito demuestra nuestra dedicaci\u00f3n, habilidad y compromiso inquebrantable con nuestros clientes.<\/li>\n<li aria-level=\"1\"><strong>Defensa agresiva.<\/strong> Las compa\u00f1\u00edas de seguros suelen ser dif\u00edciles de tratar, pero no tememos enfrentarlas. Luchamos con fiereza en su nombre para ayudarle a obtener la compensaci\u00f3n que le corresponde, sin importar la oposici\u00f3n.<\/li>\n<li aria-level=\"1\"><strong>Elaboraci\u00f3n estrat\u00e9gica de casos.<\/strong> Cada caso es \u00fanico y abordamos el suyo con una estrategia personalizada. Desde la investigaci\u00f3n del accidente hasta la recopilaci\u00f3n de pruebas, elaboramos meticulosamente un caso convincente para maximizar sus posibilidades de \u00e9xito.<\/li>\n<\/ul>\n<p>Cuando trabaja con Rachel Frazier Johnson Law, est\u00e1 eligiendo un equipo que combina experiencia, reconocimiento, tenacidad y estrategia para ayudarlo a obtener la compensaci\u00f3n que necesita y el alivio que merece.<\/p>\n<h2>Reduce tu dolor hoy<\/h2>\n<p>No tiene por qu\u00e9 vivir con dolor e incertidumbre despu\u00e9s de que las acciones de otra persona le causen da\u00f1o. En Rachel Frazier Johnson Law, somos expertos en casos de lesiones de cuello y nos dedicamos a ayudarle a obtener la compensaci\u00f3n que necesita para recibir una mejor atenci\u00f3n y aliviar su sufrimiento.<a href=\"https:\/\/rfjesq.com\/es\/contact\/\"> Cont\u00e1ctenos hoy mismo<\/a> para recuperar su calidad de vida.<\/p>\n","protected":false},"excerpt":{"rendered":"<p>Abogado de lesiones de cuello en Phoenix Vivir con una lesi\u00f3n de cuello despu\u00e9s de un accidente puede ser insoportable. El dolor constante, las noches de insomnio y la p\u00e9rdida de la alegr\u00eda por las cosas que antes amaba pueden dejarlo con una sensaci\u00f3n de impotencia. Si la negligencia de otra persona caus\u00f3 su lesi\u00f3n [&hellip;]<\/p>\n","protected":false},"author":2,"featured_media":3017,"parent":532,"menu_order":0,"comment_status":"closed","ping_status":"closed","template":"","meta":{"_acf_changed":false,"_oasis_is_in_workflow":0,"_oasis_original":0,"_oasis_task_priority":"","ocean_post_layout":"","ocean_both_sidebars_style":"","ocean_both_sidebars_content_width":0,"ocean_both_sidebars_sidebars_width":0,"ocean_sidebar":"","ocean_second_sidebar":"","ocean_disable_margins":"enable","ocean_add_body_class":"","ocean_shortcode_before_top_bar":"","ocean_shortcode_after_top_bar":"","ocean_shortcode_before_header":"","ocean_shortcode_after_header":"","ocean_has_shortcode":"","ocean_shortcode_after_title":"","ocean_shortcode_before_footer_widgets":"","ocean_shortcode_after_footer_widgets":"","ocean_shortcode_before_footer_bottom":"","ocean_shortcode_after_footer_bottom":"","ocean_display_top_bar":"default","ocean_display_header":"default","ocean_header_style":"","ocean_center_header_left_menu":"","ocean_custom_header_template":"","ocean_custom_logo":0,"ocean_custom_retina_logo":0,"ocean_custom_logo_max_width":0,"ocean_custom_logo_tablet_max_width":0,"ocean_custom_logo_mobile_max_width":0,"ocean_custom_logo_max_height":0,"ocean_custom_logo_tablet_max_height":0,"ocean_custom_logo_mobile_max_height":0,"ocean_header_custom_menu":"","ocean_menu_typo_font_family":"","ocean_menu_typo_font_subset":"","ocean_menu_typo_font_size":0,"ocean_menu_typo_font_size_tablet":0,"ocean_menu_typo_font_size_mobile":0,"ocean_menu_typo_font_size_unit":"px","ocean_menu_typo_font_weight":"","ocean_menu_typo_font_weight_tablet":"","ocean_menu_typo_font_weight_mobile":"","ocean_menu_typo_transform":"","ocean_menu_typo_transform_tablet":"","ocean_menu_typo_transform_mobile":"","ocean_menu_typo_line_height":0,"ocean_menu_typo_line_height_tablet":0,"ocean_menu_typo_line_height_mobile":0,"ocean_menu_typo_line_height_unit":"","ocean_menu_typo_spacing":0,"ocean_menu_typo_spacing_tablet":0,"ocean_menu_typo_spacing_mobile":0,"ocean_menu_typo_spacing_unit":"","ocean_menu_link_color":"","ocean_menu_link_color_hover":"","ocean_menu_link_color_active":"","ocean_menu_link_background":"","ocean_menu_link_hover_background":"","ocean_menu_link_active_background":"","ocean_menu_social_links_bg":"","ocean_menu_social_hover_links_bg":"","ocean_menu_social_links_color":"","ocean_menu_social_hover_links_color":"","ocean_disable_title":"default","ocean_disable_heading":"default","ocean_post_title":"","ocean_post_subheading":"","ocean_post_title_style":"","ocean_post_title_background_color":"","ocean_post_title_background":0,"ocean_post_title_bg_image_position":"","ocean_post_title_bg_image_attachment":"","ocean_post_title_bg_image_repeat":"","ocean_post_title_bg_image_size":"","ocean_post_title_height":0,"ocean_post_title_bg_overlay":0.5,"ocean_post_title_bg_overlay_color":"","ocean_disable_breadcrumbs":"default","ocean_breadcrumbs_color":"","ocean_breadcrumbs_separator_color":"","ocean_breadcrumbs_links_color":"","ocean_breadcrumbs_links_hover_color":"","ocean_display_footer_widgets":"default","ocean_display_footer_bottom":"default","ocean_custom_footer_template":"","footnotes":""},"class_list":["post-2139","page","type-page","status-publish","has-post-thumbnail","hentry","entry","has-media"],"acf":[],"_links":{"self":[{"href":"https:\/\/rfjesq.com\/es\/wp-json\/wp\/v2\/pages\/2139","targetHints":{"allow":["GET"]}}],"collection":[{"href":"https:\/\/rfjesq.com\/es\/wp-json\/wp\/v2\/pages"}],"about":[{"href":"https:\/\/rfjesq.com\/es\/wp-json\/wp\/v2\/types\/page"}],"author":[{"embeddable":true,"href":"https:\/\/rfjesq.com\/es\/wp-json\/wp\/v2\/users\/2"}],"replies":[{"embeddable":true,"href":"https:\/\/rfjesq.com\/es\/wp-json\/wp\/v2\/comments?post=2139"}],"version-history":[{"count":8,"href":"https:\/\/rfjesq.com\/es\/wp-json\/wp\/v2\/pages\/2139\/revisions"}],"predecessor-version":[{"id":2866,"href":"https:\/\/rfjesq.com\/es\/wp-json\/wp\/v2\/pages\/2139\/revisions\/2866"}],"up":[{"embeddable":true,"href":"https:\/\/rfjesq.com\/es\/wp-json\/wp\/v2\/pages\/532"}],"wp:featuredmedia":[{"embeddable":true,"href":"https:\/\/rfjesq.com\/es\/wp-json\/wp\/v2\/media\/3017"}],"wp:attachment":[{"href":"https:\/\/rfjesq.com\/es\/wp-json\/wp\/v2\/media?parent=2139"}],"curies":[{"name":"wp","href":"https:\/\/api.w.org\/{rel}","templated":true}]}}