{"id":2140,"date":"2025-07-25T14:04:06","date_gmt":"2025-07-25T19:04:06","guid":{"rendered":"https:\/\/rfjesq.com\/?page_id=2140"},"modified":"2025-10-09T15:14:16","modified_gmt":"2025-10-09T20:14:16","slug":"pedestrian-accidents","status":"publish","type":"page","link":"https:\/\/rfjesq.com\/es\/practice-areas\/personal-injury\/pedestrian-accidents\/","title":{"rendered":"Accidentes Peatones"},"content":{"rendered":"<h1>Abogados de accidentes de peatones en Phoenix<\/h1>\n<p>Cada d\u00eda, innumerables peatones recorren las calles e intersecciones de las ciudades de Arizona, ya sea corriendo al trabajo por la ma\u00f1ana o disfrutando de un paseo vespertino. Sin embargo, estas actividades cotidianas pueden cambiar en un instante: un<a href=\"https:\/\/rfjesq.com\/es\/practice-areas\/personal-injury\/car-accidents\/\"> conductor distra\u00eddo<\/a> aparta la mirada de la carretera, un veh\u00edculo cruza a toda velocidad un cruce peatonal o un peat\u00f3n cruza donde no hay marcas visibles. Estos momentos pueden resultar en lesiones graves o incluso la muerte, dejando un rastro de angustia f\u00edsica, emocional y financiera.<\/p>\n<p>Las estad\u00edsticas de accidentes peatonales en Arizona reflejan una realidad preocupante. Con una de las<a href=\"https:\/\/www-fars.nhtsa.dot.gov\/states\/statespedestrians.aspx\" target=\"_blank\" rel=\"noopener\"> tasas de mortalidad peatonal m\u00e1s altas<\/a> del pa\u00eds, caminar en zonas urbanas concurridas o en calles mal iluminadas puede ser m\u00e1s arriesgado de lo que cree. Si usted o un ser querido ha sufrido un accidente peatonal, sepa que no tiene que afrontar las consecuencias solo. El apoyo y la defensa legal con experiencia pueden estar m\u00e1s cerca de lo que cree.<\/p>\n<h2>Desaf\u00edos que los peatones pueden enfrentar en Arizona<\/h2>\n<p>Los peatones en Arizona enfrentan numerosos peligros, lo que los convierte en uno de los grupos m\u00e1s vulnerables en la carretera.<\/p>\n<ul>\n<li aria-level=\"1\"><strong>Conducci\u00f3n distra\u00edda.<\/strong> Conducir distra\u00eddo, ya sea enviando mensajes de texto, hablando con los pasajeros o manipulando el sistema de entretenimiento del coche, puede provocar f\u00e1cilmente accidentes peatonales. Incluso una peque\u00f1a p\u00e9rdida de concentraci\u00f3n puede impedir que un conductor se d\u00e9 cuenta de que un peat\u00f3n cruza la calle, lo que puede tener consecuencias catastr\u00f3ficas.<\/li>\n<li aria-level=\"1\"><strong>Infracciones de cruce peatonal.<\/strong> La ley de Arizona exige que los conductores cedan el paso a los peatones que cruzan activamente en los cruces peatonales marcados. Los conductores que no se detienen o que optan por pasar a toda velocidad por zonas con gran afluencia peatonal suelen poner en peligro a los peatones.<\/li>\n<li aria-level=\"1\"><strong>Riesgos de cruzar la calle de forma imprudente.<\/strong> Si bien cruzar la calle fuera de los cruces peatonales marcados, o cruzar la calle de forma imprudente, es un error com\u00fan, puede tener consecuencias graves. Las leyes de Arizona exigen que los peatones cedan el paso a los veh\u00edculos cuando no se encuentran en los cruces peatonales establecidos, y cuando ocurren accidentes, entran en juego las leyes de negligencia comparativa. Las v\u00edctimas de accidentes que ocurren al cruzar la calle de forma imprudente pueden enfrentar dificultades legales para obtener una indemnizaci\u00f3n, incluso si la conducta del conductor contribuy\u00f3 al accidente.<\/li>\n<li aria-level=\"1\"><strong>Mala visibilidad y dise\u00f1o vial.<\/strong> Muchos accidentes peatonales ocurren en condiciones de poca luz o en zonas con se\u00f1alizaci\u00f3n insuficiente. Si a esto le sumamos intersecciones o zonas de alta velocidad mal dise\u00f1adas, el riesgo aumenta a\u00fan m\u00e1s.<\/li>\n<\/ul>\n<p>Estos escenarios son solo un vistazo a los peligros que enfrentan los peatones a diario en Arizona. Desafortunadamente, las lesiones resultantes pueden ser devastadoras, incluyendo traumatismos craneoencef\u00e1licos, da\u00f1o a la m\u00e9dula espinal,<a href=\"https:\/\/rfjesq.com\/es\/practice-areas\/personal-injury\/broken-bones\/\"> fracturas<\/a> o incluso la muerte.<\/p>\n<h2>Rachel Frazier Johnson Law: Su defensora de la justicia<\/h2>\n<p>El estr\u00e9s de intentar gestionarlo todo mientras se recupera de un accidente peatonal puede resultar inmanejable. Entre las facturas m\u00e9dicas, la p\u00e9rdida de ingresos y la confusi\u00f3n legal, las v\u00edctimas a menudo se sienten perdidas y sin apoyo. Aqu\u00ed es donde interviene el experimentado equipo de Rachel Frazier Johnson Law. Nuestra misi\u00f3n es brindar apoyo legal y emocional incondicional para ayudarle a seguir adelante.<\/p>\n<p>En Rachel Frazier Johnson Law, luchamos con tenacidad para garantizar que nuestros clientes obtengan la m\u00e1xima indemnizaci\u00f3n por sus lesiones. Esto incluye la recuperaci\u00f3n de:<\/p>\n<ul>\n<li aria-level=\"1\">Gastos m\u00e9dicos<\/li>\n<li aria-level=\"1\">Costos de rehabilitaci\u00f3n y atenci\u00f3n continua<\/li>\n<li aria-level=\"1\">P\u00e9rdida de ingresos y reducci\u00f3n de la capacidad de generar ingresos<\/li>\n<li aria-level=\"1\">Angustia emocional, dolor y sufrimiento<\/li>\n<\/ul>\n<p>Nos encargamos de cada etapa del proceso legal, para que usted pueda concentrarse en su recuperaci\u00f3n mientras luchamos por la justicia que merece. Al brindar apoyo compasivo y orientaci\u00f3n legal a las v\u00edctimas de accidentes peatonales, priorizamos su bienestar y le ayudamos a reconstruir su vida.<\/p>\n<h2>Da el primer paso hacia la recuperaci\u00f3n<\/h2>\n<p>Un accidente peatonal puede cambiar dr\u00e1sticamente todos los aspectos de su vida, pero no tiene por qu\u00e9 afrontar este momento dif\u00edcil solo. Rachel Frazier Johnson Law est\u00e1 aqu\u00ed para apoyarlo, brind\u00e1ndole la defensa experta y la orientaci\u00f3n compasiva que necesita para seguir adelante con confianza.<\/p>\n<p>Si usted o un ser querido ha sufrido lesiones en un accidente peatonal,<a href=\"https:\/\/rfjesq.com\/es\/contact\/\"> contacte hoy mismo con Rachel Frazier Johnson Law<\/a> . Su camino hacia la recuperaci\u00f3n comienza aqu\u00ed, con el apoyo de un equipo legal que no se rendir\u00e1 hasta que reciba toda la atenci\u00f3n que necesita.<\/p>\n","protected":false},"excerpt":{"rendered":"<p>Abogados de accidentes de peatones en Phoenix Cada d\u00eda, innumerables peatones recorren las calles e intersecciones de las ciudades de Arizona, ya sea corriendo al trabajo por la ma\u00f1ana o disfrutando de un paseo vespertino. Sin embargo, estas actividades cotidianas pueden cambiar en un instante: un conductor distra\u00eddo aparta la mirada de la carretera, un [&hellip;]<\/p>\n","protected":false},"author":2,"featured_media":3032,"parent":532,"menu_order":0,"comment_status":"closed","ping_status":"closed","template":"","meta":{"_acf_changed":false,"_oasis_is_in_workflow":0,"_oasis_original":0,"_oasis_task_priority":"","ocean_post_layout":"","ocean_both_sidebars_style":"","ocean_both_sidebars_content_width":0,"ocean_both_sidebars_sidebars_width":0,"ocean_sidebar":"","ocean_second_sidebar":"","ocean_disable_margins":"enable","ocean_add_body_class":"","ocean_shortcode_before_top_bar":"","ocean_shortcode_after_top_bar":"","ocean_shortcode_before_header":"","ocean_shortcode_after_header":"","ocean_has_shortcode":"","ocean_shortcode_after_title":"","ocean_shortcode_before_footer_widgets":"","ocean_shortcode_after_footer_widgets":"","ocean_shortcode_before_footer_bottom":"","ocean_shortcode_after_footer_bottom":"","ocean_display_top_bar":"default","ocean_display_header":"default","ocean_header_style":"","ocean_center_header_left_menu":"","ocean_custom_header_template":"","ocean_custom_logo":0,"ocean_custom_retina_logo":0,"ocean_custom_logo_max_width":0,"ocean_custom_logo_tablet_max_width":0,"ocean_custom_logo_mobile_max_width":0,"ocean_custom_logo_max_height":0,"ocean_custom_logo_tablet_max_height":0,"ocean_custom_logo_mobile_max_height":0,"ocean_header_custom_menu":"","ocean_menu_typo_font_family":"","ocean_menu_typo_font_subset":"","ocean_menu_typo_font_size":0,"ocean_menu_typo_font_size_tablet":0,"ocean_menu_typo_font_size_mobile":0,"ocean_menu_typo_font_size_unit":"px","ocean_menu_typo_font_weight":"","ocean_menu_typo_font_weight_tablet":"","ocean_menu_typo_font_weight_mobile":"","ocean_menu_typo_transform":"","ocean_menu_typo_transform_tablet":"","ocean_menu_typo_transform_mobile":"","ocean_menu_typo_line_height":0,"ocean_menu_typo_line_height_tablet":0,"ocean_menu_typo_line_height_mobile":0,"ocean_menu_typo_line_height_unit":"","ocean_menu_typo_spacing":0,"ocean_menu_typo_spacing_tablet":0,"ocean_menu_typo_spacing_mobile":0,"ocean_menu_typo_spacing_unit":"","ocean_menu_link_color":"","ocean_menu_link_color_hover":"","ocean_menu_link_color_active":"","ocean_menu_link_background":"","ocean_menu_link_hover_background":"","ocean_menu_link_active_background":"","ocean_menu_social_links_bg":"","ocean_menu_social_hover_links_bg":"","ocean_menu_social_links_color":"","ocean_menu_social_hover_links_color":"","ocean_disable_title":"default","ocean_disable_heading":"default","ocean_post_title":"","ocean_post_subheading":"","ocean_post_title_style":"","ocean_post_title_background_color":"","ocean_post_title_background":0,"ocean_post_title_bg_image_position":"","ocean_post_title_bg_image_attachment":"","ocean_post_title_bg_image_repeat":"","ocean_post_title_bg_image_size":"","ocean_post_title_height":0,"ocean_post_title_bg_overlay":0.5,"ocean_post_title_bg_overlay_color":"","ocean_disable_breadcrumbs":"default","ocean_breadcrumbs_color":"","ocean_breadcrumbs_separator_color":"","ocean_breadcrumbs_links_color":"","ocean_breadcrumbs_links_hover_color":"","ocean_display_footer_widgets":"default","ocean_display_footer_bottom":"default","ocean_custom_footer_template":"","footnotes":""},"class_list":["post-2140","page","type-page","status-publish","has-post-thumbnail","hentry","entry","has-media"],"acf":[],"_links":{"self":[{"href":"https:\/\/rfjesq.com\/es\/wp-json\/wp\/v2\/pages\/2140","targetHints":{"allow":["GET"]}}],"collection":[{"href":"https:\/\/rfjesq.com\/es\/wp-json\/wp\/v2\/pages"}],"about":[{"href":"https:\/\/rfjesq.com\/es\/wp-json\/wp\/v2\/types\/page"}],"author":[{"embeddable":true,"href":"https:\/\/rfjesq.com\/es\/wp-json\/wp\/v2\/users\/2"}],"replies":[{"embeddable":true,"href":"https:\/\/rfjesq.com\/es\/wp-json\/wp\/v2\/comments?post=2140"}],"version-history":[{"count":7,"href":"https:\/\/rfjesq.com\/es\/wp-json\/wp\/v2\/pages\/2140\/revisions"}],"predecessor-version":[{"id":2689,"href":"https:\/\/rfjesq.com\/es\/wp-json\/wp\/v2\/pages\/2140\/revisions\/2689"}],"up":[{"embeddable":true,"href":"https:\/\/rfjesq.com\/es\/wp-json\/wp\/v2\/pages\/532"}],"wp:featuredmedia":[{"embeddable":true,"href":"https:\/\/rfjesq.com\/es\/wp-json\/wp\/v2\/media\/3032"}],"wp:attachment":[{"href":"https:\/\/rfjesq.com\/es\/wp-json\/wp\/v2\/media?parent=2140"}],"curies":[{"name":"wp","href":"https:\/\/api.w.org\/{rel}","templated":true}]}}