{"id":2141,"date":"2025-07-25T14:02:42","date_gmt":"2025-07-25T19:02:42","guid":{"rendered":"https:\/\/rfjesq.com\/?page_id=2141"},"modified":"2025-10-09T14:58:57","modified_gmt":"2025-10-09T19:58:57","slug":"rideshare-accidents","status":"publish","type":"page","link":"https:\/\/rfjesq.com\/es\/practice-areas\/personal-injury\/rideshare-accidents\/","title":{"rendered":"Accidentes de viajes compartidos"},"content":{"rendered":"<h1>Abogado de accidentes de viajes compartidos en Phoenix<\/h1>\n<p>Empieza con un simple toque en tu tel\u00e9fono. Vas al trabajo, a reunirte con amigos o a disfrutar de una noche tranquila. Servicios de transporte compartido como Uber y Lyft han hecho que desplazarse sea m\u00e1s f\u00e1cil que nunca, ofreciendo comodidad al alcance de la mano. Pero en un instante, ese viaje rutinario puede dar un giro inesperado. Un accidente ocurre y la vida cambia, dejando atr\u00e1s<a href=\"https:\/\/rfjesq.com\/es\/practice-areas\/personal-injury\/neck-injuries\/\"> lesiones f\u00edsicas<\/a> , traumas emocionales y cargas financieras que pueden durar mucho m\u00e1s que el viaje en s\u00ed.<\/p>\n<p>Los accidentes suelen dejar a las v\u00edctimas abrumadas, inseguras de sus derechos o sin apoyo durante uno de los momentos m\u00e1s dif\u00edciles de sus vidas. Si sufri\u00f3 lesiones en un accidente de transporte compartido, comprender los diversos componentes y las opciones disponibles puede ser el primer paso para recuperar el control y encontrar alivio.<\/p>\n<h2>Los peligros ocultos de los servicios de viajes compartidos<\/h2>\n<p>Si bien los servicios de viajes compartidos prometen facilidad de transporte, no est\u00e1n exentos de riesgos. Los conductores de viajes compartidos a menudo enfrentan desaf\u00edos que aumentan la probabilidad de accidentes, como:<\/p>\n<ul>\n<li aria-level=\"1\"><strong>Conducci\u00f3n distra\u00edda :<\/strong> muchos conductores deben revisar constantemente su aplicaci\u00f3n para obtener solicitudes de viaje, direcciones y comunicaci\u00f3n con pasajeros, todo mientras navegan por las concurridas carreteras de Arizona.<\/li>\n<li aria-level=\"1\"><strong>Fatiga :<\/strong> Algunos conductores trabajan muchas horas para maximizar sus ganancias, lo que les provoca agotamiento al volante.<\/li>\n<li aria-level=\"1\"><strong>Falta de experiencia :<\/strong> sin la capacitaci\u00f3n y la supervisi\u00f3n adecuadas, no todos los conductores pueden estar calificados para este tipo de conducci\u00f3n comercial.<\/li>\n<\/ul>\n<p>Para los pasajeros, los riesgos pueden ser a\u00fan m\u00e1s desalentadores. Al fin y al cabo, conf\u00edan en conductores que no conocen y utilizan veh\u00edculos que las compa\u00f1\u00edas de viajes compartidos no suelen gestionar directamente ni inspeccionar con regularidad.<\/p>\n<h2>Leyes aplicables a accidentes de viajes compartidos en Arizona<\/h2>\n<p>Arizona tiene leyes espec\u00edficas sobre los servicios de viajes compartidos. Los elementos legales clave que conviene comprender incluyen:<\/p>\n<ul>\n<li aria-level=\"1\"><strong>Requisitos de seguro :<\/strong> Seg\u00fan la ley de Arizona, las empresas de viajes compartidos como Uber y Lyft deben ofrecer un seguro de responsabilidad civil a sus conductores. La cobertura var\u00eda seg\u00fan si el conductor tiene sesi\u00f3n iniciada en la aplicaci\u00f3n o si transporta a un cliente. Por ejemplo:\n<ul>\n<li aria-level=\"2\">Inici\u00f3 sesi\u00f3n en la aplicaci\u00f3n Rideshare, sin pasajeros: los conductores deben tener una cobertura de responsabilidad m\u00ednima de $25,000 por persona y $20,000 por da\u00f1os a la propiedad.<\/li>\n<li aria-level=\"2\">Transporte de pasajeros: la cobertura aumenta a $1 mill\u00f3n durante viajes activos.<\/li>\n<\/ul>\n<\/li>\n<li aria-level=\"1\"><strong>Comprobante de seguro :<\/strong> los conductores deben llevar consigo un comprobante de cobertura de seguro adecuada cada vez que inicien sesi\u00f3n en una aplicaci\u00f3n de viajes compartidos o brinden servicios de transporte.<\/li>\n<li aria-level=\"1\"><strong>Requisitos de cooperaci\u00f3n :<\/strong> Las compa\u00f1\u00edas de seguros, las plataformas de viajes compartidos y los conductores deben cooperar en las investigaciones de accidentes para aclarar la cobertura y la responsabilidad.<\/li>\n<\/ul>\n<p>Estas leyes tienen como objetivo proteger a las v\u00edctimas de accidentes, pero navegar por los matices de las p\u00f3lizas de seguro de viajes compartidos, las determinaciones de responsabilidad y los procesos de reclamos puede ser dif\u00edcil sin apoyo legal.<\/p>\n<h2>C\u00f3mo puede ayudarle un abogado especializado en accidentes de viajes compartidos<\/h2>\n<p>En<a href=\"https:\/\/rfjesq.com\/es\/about-rfj-law\/\"> Rachel Frazier Johnson Law<\/a> , comprendemos las complicaciones que conllevan los accidentes de viajes compartidos. Gracias a nuestra experiencia en derecho de lesiones personales, nos esforzamos por que nuestros clientes reciban la compensaci\u00f3n y el apoyo que merecen para reconstruir sus vidas.<\/p>\n<p>Al trabajar con Rachel Frazier Johnson Law, cuenta con un equipo legal que le da prioridad. As\u00ed es como le ayudamos:<\/p>\n<ul>\n<li aria-level=\"1\"><strong>Asesoramiento personalizado:<\/strong> Reconocemos que cada accidente y cada cliente son \u00fanicos. Al brindarle asesoramiento adaptado a sus circunstancias particulares , le ayudamos a comprender su situaci\u00f3n y los pasos necesarios para su recuperaci\u00f3n.<\/li>\n<li aria-level=\"1\"><strong>Investigaci\u00f3n exhaustiva:<\/strong> Nuestro equipo trabaja diligentemente para reunir evidencia, revisar los detalles del accidente y determinar la responsabilidad, asegurando que se tenga en cuenta cada \u00e1ngulo en su caso.<\/li>\n<li aria-level=\"1\"><strong>Defensa y negociaci\u00f3n:<\/strong> ya sea que busque una compensaci\u00f3n del seguro de una empresa de viajes compartidos o busque justicia en los tribunales, nos mantenemos como defensores inquebrantables.<\/li>\n<li aria-level=\"1\"><strong>Apoyo compasivo:<\/strong> M\u00e1s all\u00e1 de nuestra experiencia legal, ofrecemos comprensi\u00f3n y tranquilidad. De principio a fin, contar\u00e1 con un equipo dedicado a su lado, aliviando sus cargas siempre que sea posible.<\/li>\n<\/ul>\n<p>Estamos aqu\u00ed para ofrecerle no s\u00f3lo asistencia legal, sino tambi\u00e9n la confianza de que no enfrentar\u00e1 esto solo.<\/p>\n<h2>Encuentre al defensor que necesita despu\u00e9s de un accidente<\/h2>\n<p>Si sufri\u00f3 lesiones en un accidente de viaje compartido, no lo dude.<a href=\"https:\/\/rfjesq.com\/es\/contact\/\"> Contacte<\/a> hoy mismo con nuestro equipo de Rachel Frazier Johnson Law. Le brindaremos apoyo incondicional y apoyo compasivo para ayudarle en su recuperaci\u00f3n.<\/p>\n","protected":false},"excerpt":{"rendered":"<p>Abogado de accidentes de viajes compartidos en Phoenix Empieza con un simple toque en tu tel\u00e9fono. Vas al trabajo, a reunirte con amigos o a disfrutar de una noche tranquila. Servicios de transporte compartido como Uber y Lyft han hecho que desplazarse sea m\u00e1s f\u00e1cil que nunca, ofreciendo comodidad al alcance de la mano. Pero [&hellip;]<\/p>\n","protected":false},"author":2,"featured_media":3036,"parent":532,"menu_order":0,"comment_status":"closed","ping_status":"closed","template":"","meta":{"_acf_changed":false,"_oasis_is_in_workflow":0,"_oasis_original":0,"_oasis_task_priority":"","ocean_post_layout":"","ocean_both_sidebars_style":"","ocean_both_sidebars_content_width":0,"ocean_both_sidebars_sidebars_width":0,"ocean_sidebar":"","ocean_second_sidebar":"","ocean_disable_margins":"enable","ocean_add_body_class":"","ocean_shortcode_before_top_bar":"","ocean_shortcode_after_top_bar":"","ocean_shortcode_before_header":"","ocean_shortcode_after_header":"","ocean_has_shortcode":"","ocean_shortcode_after_title":"","ocean_shortcode_before_footer_widgets":"","ocean_shortcode_after_footer_widgets":"","ocean_shortcode_before_footer_bottom":"","ocean_shortcode_after_footer_bottom":"","ocean_display_top_bar":"default","ocean_display_header":"default","ocean_header_style":"","ocean_center_header_left_menu":"","ocean_custom_header_template":"","ocean_custom_logo":0,"ocean_custom_retina_logo":0,"ocean_custom_logo_max_width":0,"ocean_custom_logo_tablet_max_width":0,"ocean_custom_logo_mobile_max_width":0,"ocean_custom_logo_max_height":0,"ocean_custom_logo_tablet_max_height":0,"ocean_custom_logo_mobile_max_height":0,"ocean_header_custom_menu":"","ocean_menu_typo_font_family":"","ocean_menu_typo_font_subset":"","ocean_menu_typo_font_size":0,"ocean_menu_typo_font_size_tablet":0,"ocean_menu_typo_font_size_mobile":0,"ocean_menu_typo_font_size_unit":"px","ocean_menu_typo_font_weight":"","ocean_menu_typo_font_weight_tablet":"","ocean_menu_typo_font_weight_mobile":"","ocean_menu_typo_transform":"","ocean_menu_typo_transform_tablet":"","ocean_menu_typo_transform_mobile":"","ocean_menu_typo_line_height":0,"ocean_menu_typo_line_height_tablet":0,"ocean_menu_typo_line_height_mobile":0,"ocean_menu_typo_line_height_unit":"","ocean_menu_typo_spacing":0,"ocean_menu_typo_spacing_tablet":0,"ocean_menu_typo_spacing_mobile":0,"ocean_menu_typo_spacing_unit":"","ocean_menu_link_color":"","ocean_menu_link_color_hover":"","ocean_menu_link_color_active":"","ocean_menu_link_background":"","ocean_menu_link_hover_background":"","ocean_menu_link_active_background":"","ocean_menu_social_links_bg":"","ocean_menu_social_hover_links_bg":"","ocean_menu_social_links_color":"","ocean_menu_social_hover_links_color":"","ocean_disable_title":"default","ocean_disable_heading":"default","ocean_post_title":"","ocean_post_subheading":"","ocean_post_title_style":"","ocean_post_title_background_color":"","ocean_post_title_background":0,"ocean_post_title_bg_image_position":"","ocean_post_title_bg_image_attachment":"","ocean_post_title_bg_image_repeat":"","ocean_post_title_bg_image_size":"","ocean_post_title_height":0,"ocean_post_title_bg_overlay":0.5,"ocean_post_title_bg_overlay_color":"","ocean_disable_breadcrumbs":"default","ocean_breadcrumbs_color":"","ocean_breadcrumbs_separator_color":"","ocean_breadcrumbs_links_color":"","ocean_breadcrumbs_links_hover_color":"","ocean_display_footer_widgets":"default","ocean_display_footer_bottom":"default","ocean_custom_footer_template":"","footnotes":""},"class_list":["post-2141","page","type-page","status-publish","has-post-thumbnail","hentry","entry","has-media"],"acf":[],"_links":{"self":[{"href":"https:\/\/rfjesq.com\/es\/wp-json\/wp\/v2\/pages\/2141","targetHints":{"allow":["GET"]}}],"collection":[{"href":"https:\/\/rfjesq.com\/es\/wp-json\/wp\/v2\/pages"}],"about":[{"href":"https:\/\/rfjesq.com\/es\/wp-json\/wp\/v2\/types\/page"}],"author":[{"embeddable":true,"href":"https:\/\/rfjesq.com\/es\/wp-json\/wp\/v2\/users\/2"}],"replies":[{"embeddable":true,"href":"https:\/\/rfjesq.com\/es\/wp-json\/wp\/v2\/comments?post=2141"}],"version-history":[{"count":6,"href":"https:\/\/rfjesq.com\/es\/wp-json\/wp\/v2\/pages\/2141\/revisions"}],"predecessor-version":[{"id":2682,"href":"https:\/\/rfjesq.com\/es\/wp-json\/wp\/v2\/pages\/2141\/revisions\/2682"}],"up":[{"embeddable":true,"href":"https:\/\/rfjesq.com\/es\/wp-json\/wp\/v2\/pages\/532"}],"wp:featuredmedia":[{"embeddable":true,"href":"https:\/\/rfjesq.com\/es\/wp-json\/wp\/v2\/media\/3036"}],"wp:attachment":[{"href":"https:\/\/rfjesq.com\/es\/wp-json\/wp\/v2\/media?parent=2141"}],"curies":[{"name":"wp","href":"https:\/\/api.w.org\/{rel}","templated":true}]}}