{"id":2142,"date":"2025-07-25T14:05:00","date_gmt":"2025-07-25T19:05:00","guid":{"rendered":"https:\/\/rfjesq.com\/?page_id=2142"},"modified":"2025-10-09T14:53:27","modified_gmt":"2025-10-09T19:53:27","slug":"slip-fall-injuries","status":"publish","type":"page","link":"https:\/\/rfjesq.com\/es\/practice-areas\/personal-injury\/slip-fall-injuries\/","title":{"rendered":"Lesiones por Resbalones y Ca\u00eddas"},"content":{"rendered":"<h1>Abogados de lesiones por resbalones y ca\u00eddas en Phoenix<\/h1>\n<p>Una ca\u00edda repentina puede desbaratar tu vida. Un pasillo resbaladizo en el supermercado, una acera agrietada, una escalera mal iluminada&#8230; no son solo peque\u00f1os descuidos. Son peligros prevenibles que pueden<a href=\"https:\/\/rfjesq.com\/es\/practice-areas\/personal-injury\/back-injuries\/\"> dejarte lesionado<\/a> , sin trabajo y con facturas m\u00e9dicas desorbitadas.<\/p>\n<p>En Rachel Frazier Johnson Law, entendemos lo enojado y frustrado que se siente. Usted no pidi\u00f3 esto y no deber\u00eda tener que pagar, ni literal ni figurativamente, por la negligencia de otra persona. Estamos aqu\u00ed para asegurarnos de que su voz sea escuchada, que su dolor sea reconocido y que la parte responsable rinda cuentas. Usted merece justicia y estamos listos para luchar por ella.<\/p>\n<h2>Por qu\u00e9 los resbalones y las ca\u00eddas son m\u00e1s que simples accidentes<\/h2>\n<p>Un resbal\u00f3n y una ca\u00edda pueden parecer insignificantes para algunos, pero la verdad es que te cambia la vida. Esto es lo que hace que estos incidentes sean tan exasperantes:<\/p>\n<ul>\n<li aria-level=\"1\"><strong>Son prevenibles.<\/strong> Escaleras rotas, pisos mojados, aceras desniveladas: estos peligros podr\u00edan y deber\u00edan haberse solucionado.<\/li>\n<li aria-level=\"1\"><strong>Son peligrosos.<\/strong> Los resbalones y las ca\u00eddas suelen provocar lesiones graves, como fracturas,<a href=\"https:\/\/rfjesq.com\/es\/practice-areas\/personal-injury\/neck-injuries\/\"> da\u00f1o medular<\/a> , traumatismo craneoencef\u00e1lico y lesiones nerviosas. No se trata solo de golpes y moretones.<\/li>\n<li aria-level=\"1\"><strong>Son costosos.<\/strong> Las facturas m\u00e9dicas se acumulan r\u00e1pidamente, sin mencionar la p\u00e9rdida de ingresos por faltar al trabajo y el desgaste emocional de la recuperaci\u00f3n.<\/li>\n<\/ul>\n<p>Tiene todo el derecho a sentirse molesto y a exigir responsabilidades. Los casos de resbalones y ca\u00eddas se rigen por la ley de responsabilidad civil de las propiedades, que es clara: los propietarios deben mantener sus espacios seguros para los visitantes. Cuando descuidan esta obligaci\u00f3n, ya sea ignorando condiciones peligrosas, sin advertirle sobre los peligros o escatimando en mantenimiento, pueden y deben ser considerados responsables.<\/p>\n<h2>\u00bfTiene usted un caso de resbal\u00f3n y ca\u00edda?<\/h2>\n<p>Podr\u00eda tener un caso de resbal\u00f3n y ca\u00edda si alguno de estos peligros caus\u00f3 su accidente y el propietario de la propiedad sab\u00eda de ellos pero no abord\u00f3 el problema:<\/p>\n<ul>\n<li aria-level=\"1\">Suelos mojados o resbaladizos sin se\u00f1ales de advertencia<\/li>\n<li aria-level=\"1\">Aceras, pisos o escaleras rotas o irregulares<\/li>\n<li aria-level=\"1\">Mala iluminaci\u00f3n en escaleras o estacionamientos<\/li>\n<li aria-level=\"1\">Pasillos desordenados u obst\u00e1culos inesperados<\/li>\n<li aria-level=\"1\">Alfombras sueltas o que se deslizan f\u00e1cilmente<\/li>\n<li aria-level=\"1\">Nieve o hielo sin limpiar en entradas o caminos<\/li>\n<\/ul>\n<h2>Desaf\u00edos comunes al presentar una reclamaci\u00f3n por resbal\u00f3n y ca\u00edda<\/h2>\n<p>Demostrar la responsabilidad no siempre es sencillo. Los propietarios o sus aseguradoras a menudo intentan eludir la culpa mediante:<\/p>\n<ul>\n<li aria-level=\"1\">Afirmar que estaba distra\u00eddo o que llevaba calzado inadecuado.<\/li>\n<li aria-level=\"1\">Argumentando que el peligro era \u201cobvio\u201d o \u201ctemporal\u201d.<\/li>\n<li aria-level=\"1\">Afirmando que no ten\u00edan conocimiento previo del peligro.<\/li>\n<\/ul>\n<p>Las leyes de negligencia comparativa de Arizona pueden a\u00f1adir un nivel adicional de complejidad. Incluso si se le declara parcialmente culpable, a\u00fan puede obtener una indemnizaci\u00f3n por da\u00f1os y perjuicios, pero su indemnizaci\u00f3n podr\u00eda verse reducida. Por ejemplo, si se le considera responsable en un 20 %, su indemnizaci\u00f3n podr\u00eda reducirse en ese porcentaje.<\/p>\n<p>Aqu\u00ed es donde intervenimos. En Rachel Frazier Johnson Law, desmantelamos estos argumentos y luchamos para que la culpa recaiga directamente sobre quien corresponde: el propietario negligente.<\/p>\n<h2>\u00bfPor qu\u00e9 la gente nos elige para casos de resbalones y ca\u00eddas?<\/h2>\n<p>En Rachel Frazier Johnson Law, nuestra dedicaci\u00f3n, experiencia y compasi\u00f3n nos distinguen. Por eso, nuestros clientes conf\u00edan en nosotros para sus casos de resbalones y ca\u00eddas:<\/p>\n<ul>\n<li aria-level=\"1\"><strong>Experiencia comprobada:<\/strong> Con m\u00e1s de <a class=\"wpil_keyword_link\" href=\"https:\/\/rfjesq.com\/es\/team\/rachel-frazier-johnson\/\"   title=\"Rachel Frazier Johnson\" data-wpil-keyword-link=\"linked\"  data-wpil-monitor-id=\"19\">25 a\u00f1os de experiencia<\/a> en lesiones personales, sabemos c\u00f3mo manejar incluso los casos m\u00e1s dif\u00edciles y asegurar los mejores resultados para nuestros clientes.<\/li>\n<li aria-level=\"1\"><strong>Servicio galardonado :<\/strong> Hemos sido nominados como uno de los 10 mejores bufetes de abogados de Arizona varias veces, un testimonio de la confianza y el respeto que nos hemos ganado en la comunidad.<\/li>\n<li aria-level=\"1\"><strong>Defensa compasiva:<\/strong> Nos preocupamos genuinamente por su caso y su futuro. Recibir\u00e1 atenci\u00f3n personalizada, comunicaci\u00f3n clara y apoyo incondicional durante todo el proceso.<\/li>\n<li aria-level=\"1\"><strong>Listo para cualquier cosa :<\/strong> ya sea negociar un acuerdo justo o representarlo en la corte, estamos completamente preparados para manejar su caso en cada paso del camino.<\/li>\n<\/ul>\n<p>Elegirnos significa elegir un equipo dedicado a apoyarte y hacer visible tu trauma.<\/p>\n<h2>No dejes que se salgan con la suya<\/h2>\n<p>Su accidente de resbal\u00f3n y ca\u00edda era prevenible, y la parte responsable debe rendir cuentas. En Rachel Frazier Johnson Law, estamos aqu\u00ed para ayudarle a recuperar su vida con amplios conocimientos legales, apoyo emocional y un incansable af\u00e1n por la justicia. Contacte hoy mismo con nuestros abogados especializados en lesiones por resbalones y ca\u00eddas para<a href=\"https:\/\/rfjesq.com\/es\/contact\/\"> programar una consulta<\/a> y dar el primer paso hacia la justicia.<\/p>\n","protected":false},"excerpt":{"rendered":"<p>Abogados de lesiones por resbalones y ca\u00eddas en Phoenix Una ca\u00edda repentina puede desbaratar tu vida. Un pasillo resbaladizo en el supermercado, una acera agrietada, una escalera mal iluminada&#8230; no son solo peque\u00f1os descuidos. Son peligros prevenibles que pueden dejarte lesionado , sin trabajo y con facturas m\u00e9dicas desorbitadas. En Rachel Frazier Johnson Law, entendemos [&hellip;]<\/p>\n","protected":false},"author":2,"featured_media":3027,"parent":532,"menu_order":0,"comment_status":"closed","ping_status":"closed","template":"","meta":{"_acf_changed":false,"_oasis_is_in_workflow":0,"_oasis_original":0,"_oasis_task_priority":"","ocean_post_layout":"","ocean_both_sidebars_style":"","ocean_both_sidebars_content_width":0,"ocean_both_sidebars_sidebars_width":0,"ocean_sidebar":"","ocean_second_sidebar":"","ocean_disable_margins":"enable","ocean_add_body_class":"","ocean_shortcode_before_top_bar":"","ocean_shortcode_after_top_bar":"","ocean_shortcode_before_header":"","ocean_shortcode_after_header":"","ocean_has_shortcode":"","ocean_shortcode_after_title":"","ocean_shortcode_before_footer_widgets":"","ocean_shortcode_after_footer_widgets":"","ocean_shortcode_before_footer_bottom":"","ocean_shortcode_after_footer_bottom":"","ocean_display_top_bar":"default","ocean_display_header":"default","ocean_header_style":"","ocean_center_header_left_menu":"","ocean_custom_header_template":"","ocean_custom_logo":0,"ocean_custom_retina_logo":0,"ocean_custom_logo_max_width":0,"ocean_custom_logo_tablet_max_width":0,"ocean_custom_logo_mobile_max_width":0,"ocean_custom_logo_max_height":0,"ocean_custom_logo_tablet_max_height":0,"ocean_custom_logo_mobile_max_height":0,"ocean_header_custom_menu":"","ocean_menu_typo_font_family":"","ocean_menu_typo_font_subset":"","ocean_menu_typo_font_size":0,"ocean_menu_typo_font_size_tablet":0,"ocean_menu_typo_font_size_mobile":0,"ocean_menu_typo_font_size_unit":"px","ocean_menu_typo_font_weight":"","ocean_menu_typo_font_weight_tablet":"","ocean_menu_typo_font_weight_mobile":"","ocean_menu_typo_transform":"","ocean_menu_typo_transform_tablet":"","ocean_menu_typo_transform_mobile":"","ocean_menu_typo_line_height":0,"ocean_menu_typo_line_height_tablet":0,"ocean_menu_typo_line_height_mobile":0,"ocean_menu_typo_line_height_unit":"","ocean_menu_typo_spacing":0,"ocean_menu_typo_spacing_tablet":0,"ocean_menu_typo_spacing_mobile":0,"ocean_menu_typo_spacing_unit":"","ocean_menu_link_color":"","ocean_menu_link_color_hover":"","ocean_menu_link_color_active":"","ocean_menu_link_background":"","ocean_menu_link_hover_background":"","ocean_menu_link_active_background":"","ocean_menu_social_links_bg":"","ocean_menu_social_hover_links_bg":"","ocean_menu_social_links_color":"","ocean_menu_social_hover_links_color":"","ocean_disable_title":"default","ocean_disable_heading":"default","ocean_post_title":"","ocean_post_subheading":"","ocean_post_title_style":"","ocean_post_title_background_color":"","ocean_post_title_background":0,"ocean_post_title_bg_image_position":"","ocean_post_title_bg_image_attachment":"","ocean_post_title_bg_image_repeat":"","ocean_post_title_bg_image_size":"","ocean_post_title_height":0,"ocean_post_title_bg_overlay":0.5,"ocean_post_title_bg_overlay_color":"","ocean_disable_breadcrumbs":"default","ocean_breadcrumbs_color":"","ocean_breadcrumbs_separator_color":"","ocean_breadcrumbs_links_color":"","ocean_breadcrumbs_links_hover_color":"","ocean_display_footer_widgets":"default","ocean_display_footer_bottom":"default","ocean_custom_footer_template":"","footnotes":""},"class_list":["post-2142","page","type-page","status-publish","has-post-thumbnail","hentry","entry","has-media"],"acf":[],"_links":{"self":[{"href":"https:\/\/rfjesq.com\/es\/wp-json\/wp\/v2\/pages\/2142","targetHints":{"allow":["GET"]}}],"collection":[{"href":"https:\/\/rfjesq.com\/es\/wp-json\/wp\/v2\/pages"}],"about":[{"href":"https:\/\/rfjesq.com\/es\/wp-json\/wp\/v2\/types\/page"}],"author":[{"embeddable":true,"href":"https:\/\/rfjesq.com\/es\/wp-json\/wp\/v2\/users\/2"}],"replies":[{"embeddable":true,"href":"https:\/\/rfjesq.com\/es\/wp-json\/wp\/v2\/comments?post=2142"}],"version-history":[{"count":7,"href":"https:\/\/rfjesq.com\/es\/wp-json\/wp\/v2\/pages\/2142\/revisions"}],"predecessor-version":[{"id":2864,"href":"https:\/\/rfjesq.com\/es\/wp-json\/wp\/v2\/pages\/2142\/revisions\/2864"}],"up":[{"embeddable":true,"href":"https:\/\/rfjesq.com\/es\/wp-json\/wp\/v2\/pages\/532"}],"wp:featuredmedia":[{"embeddable":true,"href":"https:\/\/rfjesq.com\/es\/wp-json\/wp\/v2\/media\/3027"}],"wp:attachment":[{"href":"https:\/\/rfjesq.com\/es\/wp-json\/wp\/v2\/media?parent=2142"}],"curies":[{"name":"wp","href":"https:\/\/api.w.org\/{rel}","templated":true}]}}