{"id":2143,"date":"2025-07-25T14:05:31","date_gmt":"2025-07-25T19:05:31","guid":{"rendered":"https:\/\/rfjesq.com\/?page_id=2143"},"modified":"2025-10-09T14:47:26","modified_gmt":"2025-10-09T19:47:26","slug":"swimming-drowning-accidents","status":"publish","type":"page","link":"https:\/\/rfjesq.com\/es\/practice-areas\/personal-injury\/swimming-drowning-accidents\/","title":{"rendered":"Accidentes de Nataci\u00f3n\/Ahogamiento"},"content":{"rendered":"<h1>Abogado de accidentes por nataci\u00f3n y ahogamiento en Phoenix<\/h1>\n<p>El dolor de un accidente de nataci\u00f3n o ahogamiento es incomparable. Ya sea que su ser querido haya sufrido lesiones graves o usted est\u00e9 de luto por una<a href=\"https:\/\/rfjesq.com\/es\/practice-areas\/personal-injury\/wrongful-death\/\"> p\u00e9rdida tr\u00e1gica<\/a> . Las consecuencias de un evento as\u00ed pueden dejarlo abrumado, desconsolado e inseguro sobre qu\u00e9 hacer. En Rachel Frazier Johnson Law, estamos aqu\u00ed para ayudarle a encontrar respuestas, buscar justicia y obtener el apoyo financiero que necesita para seguir adelante.<\/p>\n<h2>Comprensi\u00f3n de las leyes sobre nataci\u00f3n y ahogamiento en Arizona<\/h2>\n<p>Las piscinas y las \u00e1reas acu\u00e1ticas recreativas est\u00e1n dise\u00f1adas para ser lugares de disfrute, no de peligro. En Arizona, los propietarios, operadores y otras partes responsables de piscinas tienen la obligaci\u00f3n legal de mantener estas \u00e1reas seguras. Sin embargo, cuando ocurre negligencia, pueden producirse accidentes. Algunos factores comunes que contribuyen a los accidentes de nataci\u00f3n o ahogamiento incluyen:<\/p>\n<ul>\n<li aria-level=\"1\"><strong>Falta de supervisi\u00f3n adecuada :<\/strong> no supervisar a los nadadores, especialmente a los ni\u00f1os, puede provocar tragedias evitables.<\/li>\n<li aria-level=\"1\"><strong>Condiciones inseguras de la piscina :<\/strong> cercas rotas, barreras faltantes o equipos defectuosos, como desag\u00fces de piscinas, representan riesgos graves.<\/li>\n<li aria-level=\"1\"><strong>Incumplimiento de mantenimiento de piscinas p\u00fablicas :<\/strong> Las instalaciones de piscinas p\u00fablicas deben cumplir las normas de seguridad, incluidos los equilibrios qu\u00edmicos adecuados y las advertencias de seguridad adecuadas.<\/li>\n<li aria-level=\"1\"><strong>Incumplimiento de las leyes de seguridad de piscinas de Arizona :<\/strong> estas leyes exigen cercas adecuadas, mecanismos de bloqueo y medidas de seguridad para proteger a los usuarios.<\/li>\n<\/ul>\n<p>Cuando estas u otras formas de negligencia causan da\u00f1o, las partes responsables pueden ser responsables seg\u00fan las leyes de <a href=\"https:\/\/rfjesq.com\/es\/practice-areas\/personal-injury\/\">lesiones personales y muerte por negligencia<\/a> de Arizona .<\/p>\n<h2>\u00bfQu\u00e9 hace que una parte sea responsable?<\/h2>\n<p>Establecer la responsabilidad en un caso de nataci\u00f3n o ahogamiento generalmente requiere demostrar que el propietario, el operador de la piscina u otra parte actuaron con negligencia. Los elementos clave incluyen demostrar que:<\/p>\n<ul>\n<li aria-level=\"1\">La parte responsable era consciente (o deber\u00eda haber sido consciente) de las condiciones peligrosas.<\/li>\n<li aria-level=\"1\">No se tomaron medidas razonables para evitar el peligro.<\/li>\n<li aria-level=\"1\">La negligencia provoc\u00f3 directamente el accidente y las lesiones (o p\u00e9rdidas).<\/li>\n<\/ul>\n<p>Pruebas como testimonios, vigilancia de la propiedad, informes de accidentes y registros de cumplimiento normativo pueden ser cruciales para construir un caso s\u00f3lido. Un abogado especializado en accidentes de nataci\u00f3n y ahogamiento puede recopilarlos para usted.<\/p>\n<h2>\u00bfC\u00f3mo puede la acci\u00f3n legal ayudarle a sanar?<\/h2>\n<p>Ninguna familia deber\u00eda asumir sola las consecuencias emocionales y financieras de un accidente evitable. La ley de Arizona permite a las v\u00edctimas y a sus seres queridos solicitar una indemnizaci\u00f3n por su sufrimiento. Entre los tipos comunes de indemnizaci\u00f3n que puede solicitar se incluyen:<\/p>\n<ul>\n<li aria-level=\"1\"><strong>Costos M\u00e9dicos :<\/strong> Cobertura para atenci\u00f3n de emergencia, cirug\u00edas, terapias de rehabilitaci\u00f3n y tratamiento a largo plazo.<\/li>\n<li aria-level=\"1\"><strong>P\u00e9rdida de ingresos :<\/strong> compensaci\u00f3n por el tiempo perdido en el trabajo o una capacidad disminuida para ganar dinero en el futuro.<\/li>\n<li aria-level=\"1\"><strong>Dolor y sufrimiento :<\/strong> reconocimiento del trauma emocional sufrido por las v\u00edctimas y sus familias.<\/li>\n<li aria-level=\"1\"><strong>Gastos funerarios y de entierro (en caso de muerte por negligencia):<\/strong> apoyo financiero para aliviar la carga de enterrar a un ser querido.<\/li>\n<li aria-level=\"1\"><strong>Da\u00f1os Punitivos (en casos de negligencia grave):<\/strong> Estos da\u00f1os tienen como objetivo penalizar al responsable y evitar que se repitan las acciones.<\/li>\n<\/ul>\n<p>Emprender acciones legales empodera a las personas y a las familias a reconstruir sus vidas, brind\u00e1ndoles los recursos para seguir adelante y la validaci\u00f3n de que sus luchas son significativas.<\/p>\n<h2>Nuestro abogado de accidentes de nataci\u00f3n y ahogamiento puede ayudarle<\/h2>\n<p>Las secuelas de un accidente de nataci\u00f3n o ahogamiento son una experiencia profundamente personal y emocionalmente agotadora. En Rachel Frazier Johnson Law, nos esforzamos por hacer que este momento sea m\u00e1s llevadero para usted, brind\u00e1ndole:<\/p>\n<ul>\n<li aria-level=\"1\"><strong>Representaci\u00f3n compasiva y centrada en el cliente:<\/strong> Nos tomamos el tiempo para escuchar atentamente su historia. Cada caso es \u00fanico y nuestras estrategias legales se adaptan a sus necesidades y objetivos.<\/li>\n<li aria-level=\"1\"><strong>Investigaciones exhaustivas:<\/strong> desde la recopilaci\u00f3n de informes de lesiones y grabaciones de seguridad hasta la consulta con testigos, trabajaremos incansablemente para descubrir evidencia clave y construir un caso s\u00f3lido en su nombre.<\/li>\n<li aria-level=\"1\"><strong>Asistencia legal sin estr\u00e9s:<\/strong> Nos encargamos de todas las complejidades legales para que usted pueda concentrarse en su recuperaci\u00f3n. Nuestro equipo le mantiene informado en cada etapa del proceso y lucha para obtener el resultado que merece.<\/li>\n<\/ul>\n<h2>D\u00e9janos aliviar tu dolor<\/h2>\n<p>El impacto emocional de un accidente de nataci\u00f3n o ahogamiento puede no desaparecer por completo, pero buscar justicia y una compensaci\u00f3n justa puede ayudar a aliviar la carga y abrir un camino hacia la sanaci\u00f3n. En Rachel Frazier Johnson Law, estamos aqu\u00ed para apoyarlo y luchar por la responsabilidad y el apoyo que merece.<a href=\"https:\/\/rfjesq.com\/es\/contact\/\"> Cont\u00e1ctenos hoy mismo<\/a> y perm\u00edtanos ser su apoyo durante este momento dif\u00edcil.<\/p>\n","protected":false},"excerpt":{"rendered":"<p>Abogado de accidentes por nataci\u00f3n y ahogamiento en Phoenix El dolor de un accidente de nataci\u00f3n o ahogamiento es incomparable. Ya sea que su ser querido haya sufrido lesiones graves o usted est\u00e9 de luto por una p\u00e9rdida tr\u00e1gica . Las consecuencias de un evento as\u00ed pueden dejarlo abrumado, desconsolado e inseguro sobre qu\u00e9 hacer. [&hellip;]<\/p>\n","protected":false},"author":2,"featured_media":3025,"parent":532,"menu_order":0,"comment_status":"closed","ping_status":"closed","template":"","meta":{"_acf_changed":false,"_oasis_is_in_workflow":0,"_oasis_original":0,"_oasis_task_priority":"","ocean_post_layout":"","ocean_both_sidebars_style":"","ocean_both_sidebars_content_width":0,"ocean_both_sidebars_sidebars_width":0,"ocean_sidebar":"","ocean_second_sidebar":"","ocean_disable_margins":"enable","ocean_add_body_class":"","ocean_shortcode_before_top_bar":"","ocean_shortcode_after_top_bar":"","ocean_shortcode_before_header":"","ocean_shortcode_after_header":"","ocean_has_shortcode":"","ocean_shortcode_after_title":"","ocean_shortcode_before_footer_widgets":"","ocean_shortcode_after_footer_widgets":"","ocean_shortcode_before_footer_bottom":"","ocean_shortcode_after_footer_bottom":"","ocean_display_top_bar":"default","ocean_display_header":"default","ocean_header_style":"","ocean_center_header_left_menu":"","ocean_custom_header_template":"","ocean_custom_logo":0,"ocean_custom_retina_logo":0,"ocean_custom_logo_max_width":0,"ocean_custom_logo_tablet_max_width":0,"ocean_custom_logo_mobile_max_width":0,"ocean_custom_logo_max_height":0,"ocean_custom_logo_tablet_max_height":0,"ocean_custom_logo_mobile_max_height":0,"ocean_header_custom_menu":"","ocean_menu_typo_font_family":"","ocean_menu_typo_font_subset":"","ocean_menu_typo_font_size":0,"ocean_menu_typo_font_size_tablet":0,"ocean_menu_typo_font_size_mobile":0,"ocean_menu_typo_font_size_unit":"px","ocean_menu_typo_font_weight":"","ocean_menu_typo_font_weight_tablet":"","ocean_menu_typo_font_weight_mobile":"","ocean_menu_typo_transform":"","ocean_menu_typo_transform_tablet":"","ocean_menu_typo_transform_mobile":"","ocean_menu_typo_line_height":0,"ocean_menu_typo_line_height_tablet":0,"ocean_menu_typo_line_height_mobile":0,"ocean_menu_typo_line_height_unit":"","ocean_menu_typo_spacing":0,"ocean_menu_typo_spacing_tablet":0,"ocean_menu_typo_spacing_mobile":0,"ocean_menu_typo_spacing_unit":"","ocean_menu_link_color":"","ocean_menu_link_color_hover":"","ocean_menu_link_color_active":"","ocean_menu_link_background":"","ocean_menu_link_hover_background":"","ocean_menu_link_active_background":"","ocean_menu_social_links_bg":"","ocean_menu_social_hover_links_bg":"","ocean_menu_social_links_color":"","ocean_menu_social_hover_links_color":"","ocean_disable_title":"default","ocean_disable_heading":"default","ocean_post_title":"","ocean_post_subheading":"","ocean_post_title_style":"","ocean_post_title_background_color":"","ocean_post_title_background":0,"ocean_post_title_bg_image_position":"","ocean_post_title_bg_image_attachment":"","ocean_post_title_bg_image_repeat":"","ocean_post_title_bg_image_size":"","ocean_post_title_height":0,"ocean_post_title_bg_overlay":0.5,"ocean_post_title_bg_overlay_color":"","ocean_disable_breadcrumbs":"default","ocean_breadcrumbs_color":"","ocean_breadcrumbs_separator_color":"","ocean_breadcrumbs_links_color":"","ocean_breadcrumbs_links_hover_color":"","ocean_display_footer_widgets":"default","ocean_display_footer_bottom":"default","ocean_custom_footer_template":"","footnotes":""},"class_list":["post-2143","page","type-page","status-publish","has-post-thumbnail","hentry","entry","has-media"],"acf":[],"_links":{"self":[{"href":"https:\/\/rfjesq.com\/es\/wp-json\/wp\/v2\/pages\/2143","targetHints":{"allow":["GET"]}}],"collection":[{"href":"https:\/\/rfjesq.com\/es\/wp-json\/wp\/v2\/pages"}],"about":[{"href":"https:\/\/rfjesq.com\/es\/wp-json\/wp\/v2\/types\/page"}],"author":[{"embeddable":true,"href":"https:\/\/rfjesq.com\/es\/wp-json\/wp\/v2\/users\/2"}],"replies":[{"embeddable":true,"href":"https:\/\/rfjesq.com\/es\/wp-json\/wp\/v2\/comments?post=2143"}],"version-history":[{"count":7,"href":"https:\/\/rfjesq.com\/es\/wp-json\/wp\/v2\/pages\/2143\/revisions"}],"predecessor-version":[{"id":2667,"href":"https:\/\/rfjesq.com\/es\/wp-json\/wp\/v2\/pages\/2143\/revisions\/2667"}],"up":[{"embeddable":true,"href":"https:\/\/rfjesq.com\/es\/wp-json\/wp\/v2\/pages\/532"}],"wp:featuredmedia":[{"embeddable":true,"href":"https:\/\/rfjesq.com\/es\/wp-json\/wp\/v2\/media\/3025"}],"wp:attachment":[{"href":"https:\/\/rfjesq.com\/es\/wp-json\/wp\/v2\/media?parent=2143"}],"curies":[{"name":"wp","href":"https:\/\/api.w.org\/{rel}","templated":true}]}}