{"id":2154,"date":"2025-07-31T10:45:50","date_gmt":"2025-07-31T15:45:50","guid":{"rendered":"https:\/\/rfjesq.com\/?page_id=2154"},"modified":"2025-10-10T04:23:23","modified_gmt":"2025-10-10T09:23:23","slug":"truck-accidents","status":"publish","type":"page","link":"https:\/\/rfjesq.com\/es\/practice-areas\/personal-injury\/truck-accidents\/","title":{"rendered":"Accidentes de Cami\u00f3nes"},"content":{"rendered":"<h1 class=\"page-heading\">Abogado de accidentes de camiones en Phoenix<\/h1>\n<p>Cuando un accidente involucra un cami\u00f3n comercial, el impacto puede ser devastador. Estos casos no solo son m\u00e1s graves, sino tambi\u00e9n m\u00e1s complejos. Si usted o un ser querido ha resultado lesionado en un accidente de cami\u00f3n en Phoenix, necesita un abogado que sepa c\u00f3mo desenvolverse en el terreno legal con confianza, compasi\u00f3n y experiencia estrat\u00e9gica. En Rachel Frazier Johnson Law, contamos con m\u00e1s de dos d\u00e9cadas de experiencia en litigios para ayudar a las v\u00edctimas de accidentes de cami\u00f3n a obtener la compensaci\u00f3n y la justicia que merecen.<\/p>\n<h2>Por qu\u00e9 los casos de accidentes de camiones son diferentes<\/h2>\n<p>No todos<a href=\"https:\/\/rfjesq.com\/es\/practice-areas\/personal-injury\/car-accidents\/\"> los casos de lesiones personales<\/a> son iguales. Los accidentes de cami\u00f3n implican desaf\u00edos legales \u00fanicos que los hacen mucho m\u00e1s complejos que las colisiones de autom\u00f3viles est\u00e1ndar. M\u00faltiples partes pueden ser consideradas responsables, incluyendo el conductor, la empresa de transporte, el fabricante del cami\u00f3n o sus piezas, e incluso la empresa que carg\u00f3 la mercanc\u00eda. Cada una de estas entidades puede tener sus propias aseguradoras y equipos legales.<\/p>\n<p>Es por eso que tener un abogado con experiencia en accidentes de camiones de Phoenix de su lado no solo es \u00fatil, es esencial.<\/p>\n<h2>Qu\u00e9 hacer despu\u00e9s de un accidente de cami\u00f3n en Phoenix<\/h2>\n<p>Si ha sufrido un accidente de cami\u00f3n, su prioridad es su salud y seguridad. Despu\u00e9s de buscar atenci\u00f3n m\u00e9dica, es importante seguir estos pasos:<\/p>\n<ol>\n<li><b>Documente todo: <\/b>tome fotograf\u00edas de la escena del accidente, los da\u00f1os a los veh\u00edculos y cualquier lesi\u00f3n visible.<\/li>\n<li><b>Obtenga informaci\u00f3n de testigos: <\/b>los nombres y la informaci\u00f3n de contacto pueden ser cruciales para construir un caso s\u00f3lido.<\/li>\n<li><b>No hable solo con las aseguradoras: <\/b>Su objetivo es minimizar los pagos. Perm\u00edtanos gestionar la comunicaci\u00f3n en su nombre.<\/li>\n<li><b>Llame a un abogado especializado en accidentes de camiones de inmediato: <\/b>cuanto antes nos involucremos, m\u00e1s r\u00e1pido podremos preservar la evidencia y proteger sus derechos.<\/li>\n<\/ol>\n<h2>El papel de las agencias gubernamentales en las investigaciones de accidentes de camiones<\/h2>\n<p>Tras un grave accidente de cami\u00f3n en Phoenix, varias agencias podr\u00edan participar en la investigaci\u00f3n. Comprender c\u00f3mo operan estas agencias y c\u00f3mo sus informes pueden influir en su caso es fundamental para elaborar una estrategia legal exitosa.<\/p>\n<ul>\n<li><b>Departamento de Seguridad P\u00fablica de Arizona (AZDPS): <\/b>El AZDPS suele liderar la gesti\u00f3n de accidentes en carreteras estatales e interestatales. Sus informes de accidentes ofrecen documentaci\u00f3n inicial importante, pero no siempre ofrecen una visi\u00f3n completa. Nuestro equipo legal revisa estos informes minuciosamente y los complementa con investigaciones independientes.<\/li>\n<li><b>Administraci\u00f3n Federal de Seguridad de Autotransportes (FMCSA): <\/b>Dado que los camiones comerciales cruzan las fronteras estatales, la FMCSA puede intervenir si hay evidencia de infracciones regulatorias. Estas pueden incluir infracciones de horas de servicio, licencias indebidas o problemas de seguridad vehicular. Los informes de la FMCSA pueden ser herramientas poderosas para demostrar negligencia. Sabemos c\u00f3mo obtener e interpretar estos informes para fortalecer su reclamo.<\/li>\n<\/ul>\n<h2>Tipos de lesiones por accidentes de camiones<\/h2>\n<p>Debido al tama\u00f1o y peso de los camiones comerciales, las lesiones sufridas en estos accidentes suelen ser graves o incluso catastr\u00f3ficas. Las lesiones m\u00e1s comunes incluyen:<\/p>\n<ul>\n<li>Lesiones cerebrales traum\u00e1ticas (LCT)<\/li>\n<li>Lesiones o par\u00e1lisis de la m\u00e9dula espinal<\/li>\n<li><a href=\"https:\/\/rfjesq.com\/es\/practice-areas\/personal-injury\/broken-bones\/\">Huesos rotos<\/a> y da\u00f1os ortop\u00e9dicos<\/li>\n<li>Hemorragia interna o da\u00f1o a los \u00f3rganos<\/li>\n<li>Quemaduras o laceraciones graves<\/li>\n<li>Amputaciones<\/li>\n<li>TEPT y trauma emocional<\/li>\n<\/ul>\n<p>Muchos de nuestros clientes enfrentan rehabilitaci\u00f3n a largo plazo, m\u00faltiples cirug\u00edas o discapacidades permanentes. Por eso es tan importante presentar una reclamaci\u00f3n que cubra su futuro, no solo sus gastos m\u00e9dicos actuales.<\/p>\n<h2>Da\u00f1os a los que podr\u00eda tener derecho despu\u00e9s de un accidente de cami\u00f3n<\/h2>\n<p>Los accidentes de cami\u00f3n suelen causar lesiones graves que alteran la vida. Esto conlleva una amplia gama de gastos, algunos inmediatos y otros que pueden afectarle durante a\u00f1os. Como su <em>abogado de confianza en accidentes de cami\u00f3n en Phoenix <\/em>, le ayudamos a obtener una compensaci\u00f3n completa y justa por da\u00f1os econ\u00f3micos y no econ\u00f3micos, incluyendo:<\/p>\n<ul>\n<li><b>Facturas m\u00e9dicas (actuales y futuras): <\/b>atenci\u00f3n de emergencia, cirug\u00edas, rehabilitaci\u00f3n, recetas y m\u00e1s.<\/li>\n<li><b>Salarios perdidos: <\/b>compensaci\u00f3n por trabajo perdido o capacidad de ingresos reducida.<\/li>\n<li><b>Da\u00f1os a la propiedad: <\/b>Reparaci\u00f3n o reemplazo de su veh\u00edculo.<\/li>\n<li><b>Dolor y sufrimiento: <\/b>dolor f\u00edsico, trauma emocional y disminuci\u00f3n de la calidad de vida.<\/li>\n<li><b>P\u00e9rdida del consorcio: <\/b>Impacto en las relaciones, especialmente en casos de lesiones a largo plazo o muerte.<\/li>\n<li><b><a href=\"https:\/\/rfjesq.com\/es\/practice-areas\/personal-injury\/wrongful-death\/\">Muerte por negligencia<\/a>: <\/b> costos funerarios, p\u00e9rdida de ingresos y p\u00e9rdidas emocionales para los familiares sobrevivientes.<\/li>\n<\/ul>\n<p>No nos conformamos con ofertas bajas. Construimos casos s\u00f3lidos, respaldados por pruebas, testimonios de expertos y una comprensi\u00f3n clara de c\u00f3mo se ha visto afectada su vida.<\/p>\n<h2>Entendiendo la culpa comparativa en Arizona<\/h2>\n<p>Uno de los conceptos legales m\u00e1s incomprendidos entre las v\u00edctimas de accidentes es la culpa comparativa. En Arizona, incluso si usted fue parcialmente culpable del accidente, a\u00fan puede reclamar da\u00f1os y perjuicios. Su indemnizaci\u00f3n final se reducir\u00e1 seg\u00fan el porcentaje de culpa que se le asigne.<\/p>\n<p>Por ejemplo: si sus da\u00f1os totales son $500,000 y se determina que usted tiene un 20% de culpa, a\u00fan podr\u00eda recuperar $400,000.<\/p>\n<p>Las compa\u00f1\u00edas de seguros suelen intentar exagerar su participaci\u00f3n en el accidente para reducir su indemnizaci\u00f3n. Nuestro equipo legal contraataca con hechos, testimonios de expertos y documentaci\u00f3n clara para garantizar que la responsabilidad se asigne de forma precisa y justa.<\/p>\n<h2>C\u00f3mo construimos su caso<\/h2>\n<p>Todo caso exitoso comienza con una investigaci\u00f3n profunda y estrat\u00e9gica. Nuestro bufete no se basa en hechos superficiales; investigamos a fondo. As\u00ed es como abordamos las reclamaciones por accidentes de cami\u00f3n:<\/p>\n<h3>Recopilaci\u00f3n de pruebas<\/h3>\n<p>Aseguramos todas las pruebas disponibles, incluyendo:<\/p>\n<ul>\n<li>Informes policiales<\/li>\n<li>Datos de caja negra (dispositivos de registro electr\u00f3nico)<\/li>\n<li>Registros de calificaci\u00f3n de conductores y horas de servicio<\/li>\n<li>Registros de mantenimiento e inspecci\u00f3n<\/li>\n<li>Fotograf\u00edas y v\u00eddeos de la escena.<\/li>\n<li>Entrevistas a testigos y evaluaciones de expertos<\/li>\n<\/ul>\n<h3>La importancia de los testigos expertos<\/h3>\n<p>En casos complejos de accidentes de cami\u00f3n, los peritos pueden marcar la diferencia entre un acuerdo mediocre y un resultado exitoso. En Rachel Frazier Johnson Law, trabajamos con una red de especialistas que nos ayudan a construir demandas s\u00f3lidas y persuasivas. Los tipos de testigos que solemos contratar incluyen:<\/p>\n<ul>\n<li><b>Expertos en reconstrucci\u00f3n de accidentes: <\/b>Recrean la escena para mostrar c\u00f3mo ocurri\u00f3 el accidente y qui\u00e9n tuvo la culpa.<\/li>\n<li><b>Expertos m\u00e9dicos: <\/b>Estos profesionales explican el impacto total de sus lesiones y c\u00f3mo afectar\u00e1n su futuro.<\/li>\n<li><b>Expertos vocacionales y econ\u00f3micos: <\/b>eval\u00faan su capacidad para trabajar y proyectan las ganancias perdidas a lo largo del tiempo.<\/li>\n<li><b>Especialistas de la industria del transporte por carretera: <\/b>pueden testificar sobre las violaciones de los est\u00e1ndares de la industria y c\u00f3mo contribuyeron al accidente.<\/li>\n<\/ul>\n<p>Estos conocimientos no s\u00f3lo fortalecen su caso en las negociaciones, sino que tambi\u00e9n son invaluables frente a un jurado, si su caso llega a juicio.<\/p>\n<h3>\u00bfQu\u00e9 es la \u201ccaja negra\u201d de un cami\u00f3n y por qu\u00e9 es importante?<\/h3>\n<p>Los camiones comerciales suelen estar equipados con M\u00f3dulos de Control Electr\u00f3nico (ECM), com\u00fanmente conocidos como \u00abcajas negras\u00bb. Estos dispositivos capturan datos cruciales como:<\/p>\n<ul>\n<li>Velocidad antes del choque<\/li>\n<li>Sincronizaci\u00f3n de la aplicaci\u00f3n del freno<\/li>\n<li>Horario de atenci\u00f3n<\/li>\n<li>Cambios repentinos en la direcci\u00f3n o direcci\u00f3n<\/li>\n<li>Alertas de mantenimiento<\/li>\n<\/ul>\n<p>Esta informaci\u00f3n puede ser esencial para demostrar la responsabilidad. Pero aqu\u00ed est\u00e1 el truco: los datos de la caja negra pueden sobrescribirse o borrarse r\u00e1pidamente. Por eso es vital contactar a un abogado especializado en accidentes de cami\u00f3n inmediatamente despu\u00e9s del accidente para que podamos enviar una carta de preservaci\u00f3n de pruebas antes de que se pierda informaci\u00f3n clave.<\/p>\n<h3>Identificaci\u00f3n de responsabilidad<\/h3>\n<p>A diferencia de los accidentes automovil\u00edsticos t\u00edpicos, los casos de accidentes de cami\u00f3n suelen involucrar a varios acusados. Examinamos si el conductor del cami\u00f3n, su empleador, los proveedores de mantenimiento u otros terceros actuaron con negligencia. Nuestro objetivo es exigir responsabilidades <em>a todas <\/em>las partes responsables, lo que aumenta la posible indemnizaci\u00f3n disponible.<\/p>\n<h3>Negociaci\u00f3n y litigio<\/h3>\n<p>Negociamos agresivamente con las aseguradoras, pero si no le ofrecen lo que merece, estamos totalmente preparados para ir a juicio. La experiencia en litigios y la presencia en los tribunales de la abogada Rachel Frazier Johnson ofrecen a nuestros clientes una ventaja donde m\u00e1s importa.<\/p>\n<h2>Reclamaciones por muerte por negligencia tras accidentes fatales de camiones<\/h2>\n<p>Si perdi\u00f3 a un ser querido en un accidente de cami\u00f3n en Phoenix, lo sentimos mucho. Sabemos que ninguna acci\u00f3n legal podr\u00e1 compensar su p\u00e9rdida, pero tambi\u00e9n creemos que las familias merecen justicia y seguridad financiera.<\/p>\n<p>En Arizona, los familiares sobrevivientes pueden presentar una demanda por muerte por negligencia para recuperar:<\/p>\n<ul>\n<li>Gastos funerarios y de entierro<\/li>\n<li>P\u00e9rdida de apoyo financiero<\/li>\n<li>P\u00e9rdida de compa\u00f1\u00eda<\/li>\n<li>Dolor y sufrimiento emocional<\/li>\n<\/ul>\n<p>En el bufete de abogados Rachel Frazier Johnson abordamos estos casos con compasi\u00f3n y cuidado, sin dejar de luchar incansablemente por la justicia. Nos encargamos de la carga legal para que usted pueda concentrarse en su duelo y su sanaci\u00f3n.<\/p>\n<h2>Accidentes de camiones en Phoenix: la informaci\u00f3n local es importante<\/h2>\n<p>Phoenix es un importante centro de transporte, con la I-10, la Loop 202 y la I-17 transportando miles de veh\u00edculos comerciales a diario. Desafortunadamente, esto tambi\u00e9n significa que nuestra ciudad sufre una cantidad desproporcionada de accidentes de camiones, muchos de ellos graves o mortales.<\/p>\n<p>Seg\u00fan datos recientes del Departamento de Transporte de Arizona (ADOT), el condado de Maricopa se encuentra constantemente entre los m\u00e1s afectados por accidentes de camiones grandes en el estado. La expansi\u00f3n urbana, las zonas de construcci\u00f3n y el intenso tr\u00e1fico de mercanc\u00edas aumentan el riesgo. Por eso, trabajar con un <em>abogado especializado en accidentes de camiones en Phoenix <\/em>que conozca las carreteras locales, las p\u00f3lizas de seguro y los sistemas judiciales puede marcar la diferencia.<\/p>\n<p>Ya sea que su accidente haya ocurrido en la carretera interestatal, en una intersecci\u00f3n concurrida o en una carretera rural fuera de los l\u00edmites de la ciudad, sabemos c\u00f3mo abordar su caso con precisi\u00f3n y conocimiento.<\/p>\n<h2>Preguntas frecuentes sobre reclamaciones por accidentes de camiones<\/h2>\n<div class=\"inn-prfle accordion\" itemscope itemtype=\"https:\/\/schema.org\/FAQPage\">\n<div class=\"accordion-section\" itemprop=\"mainEntity\" itemscope itemtype=\"https:\/\/schema.org\/Question\">\n<h5 class=\"accordion-heading\" itemprop=\"name\">\u00bfCu\u00e1nto tiempo tengo para presentar un reclamo en Arizona?<\/h5>\n<div class=\"accordion-section-content\" itemprop=\"acceptedAnswer\" itemscope itemtype=\"https:\/\/schema.org\/Answer\" style=\"display: none;\">\n<p itemprop=\"text\">En la mayor\u00eda de los casos, el plazo de prescripci\u00f3n en Arizona para demandas por lesiones personales es de dos a\u00f1os a partir de la fecha del accidente. Sin embargo, pueden aplicarse excepciones, especialmente al tratarse con entidades gubernamentales o demandas por homicidio culposo. No espere. Cuanto antes nos contacte, mejor podremos preservar la evidencia crucial.<\/p>\n<\/div>\n<\/div>\n<div class=\"accordion-section\" itemprop=\"mainEntity\" itemscope itemtype=\"https:\/\/schema.org\/Question\">\n<h5 class=\"accordion-heading\" itemprop=\"name\">\u00bfPuedo presentar un reclamo si fui parcialmente culpable?<\/h5>\n<div class=\"accordion-section-content\" itemprop=\"acceptedAnswer\" itemscope itemtype=\"https:\/\/schema.org\/Answer\" style=\"display: none;\">\n<p itemprop=\"text\">S\u00ed. Arizona sigue una regla de negligencia comparativa pura, lo que significa que usted puede recuperar da\u00f1os incluso si fue parcialmente responsable, aunque su compensaci\u00f3n se reducir\u00e1 seg\u00fan su porcentaje de culpa.<\/p>\n<\/div>\n<\/div>\n<div class=\"accordion-section\" itemprop=\"mainEntity\" itemscope itemtype=\"https:\/\/schema.org\/Question\">\n<h5 class=\"accordion-heading\" itemprop=\"name\">\u00bfQu\u00e9 pasa si el conductor del cami\u00f3n fuera un contratista independiente?<\/h5>\n<div class=\"accordion-section-content\" itemprop=\"acceptedAnswer\" itemscope itemtype=\"https:\/\/schema.org\/Answer\" style=\"display: none;\">\n<p itemprop=\"text\">Incluso los contratistas independientes pueden verse involucrados en una red m\u00e1s amplia de responsabilidad. Investigamos qui\u00e9n es el propietario del cami\u00f3n, qui\u00e9n contrat\u00f3 al conductor y qui\u00e9n se encarg\u00f3 del mantenimiento del veh\u00edculo para determinar a todas las partes que podr\u00edan ser responsables.<\/p>\n<\/div>\n<\/div>\n<div class=\"accordion-section\" itemprop=\"mainEntity\" itemscope itemtype=\"https:\/\/schema.org\/Question\">\n<h5 class=\"accordion-heading\" itemprop=\"name\">\u00bfCuanto vale mi caso?<\/h5>\n<div class=\"accordion-section-content\" itemprop=\"acceptedAnswer\" itemscope itemtype=\"https:\/\/schema.org\/Answer\" style=\"display: none;\">\n<p itemprop=\"text\">Cada caso es diferente. Factores como la gravedad de sus lesiones, la cobertura de seguro disponible y su pron\u00f3stico a largo plazo influyen. Durante su consulta, le explicaremos a qu\u00e9 podr\u00eda tener derecho y c\u00f3mo trabajaremos para conseguirlo.<\/p>\n<\/div>\n<\/div>\n<div class=\"accordion-section\" itemprop=\"mainEntity\" itemscope itemtype=\"https:\/\/schema.org\/Question\">\n<h5 class=\"accordion-heading\" itemprop=\"name\">\u00bfCu\u00e1nto tiempo tardan los casos de accidentes de camiones?<\/h5>\n<div class=\"accordion-section-content\" itemprop=\"acceptedAnswer\" itemscope itemtype=\"https:\/\/schema.org\/Answer\" style=\"display: none;\">\n<p itemprop=\"text\">No hay una respuesta universal a esta pregunta. El plazo para resolver una reclamaci\u00f3n por accidente de cami\u00f3n depende de varios factores:<\/p>\n<ul>\n<li>La complejidad del caso<\/li>\n<li>\u00bfCu\u00e1ntas partes est\u00e1n involucradas?<\/li>\n<li>La gravedad de sus lesiones<\/li>\n<li>Si es posible un acuerdo justo o es necesario un litigio<\/li>\n<\/ul>\n<p>Algunos casos se resuelven en meses. Otros, especialmente los que involucran lesiones graves u homicidio culposo, pueden tardar un a\u00f1o o m\u00e1s. Lo m\u00e1s importante es construir un caso que refleje el verdadero valor de sus p\u00e9rdidas y no apresurarse a llegar a un acuerdo bajo solo para \u00abseguir adelante\u00bb.<\/p>\n<\/div>\n<\/div>\n<\/div>\n<h2>\u00bfPor qu\u00e9 elegir Rachel Frazier Johnson Law?<\/h2>\n<p>Con tantos abogados en Phoenix, \u00bfqu\u00e9 hace que nuestra firma sea la elecci\u00f3n correcta?<\/p>\n<ul>\n<li>M\u00e1s de <a class=\"wpil_keyword_link\" href=\"https:\/\/rfjesq.com\/es\/team\/rachel-frazier-johnson\/\"   title=\"Rachel Frazier Johnson\" data-wpil-keyword-link=\"linked\"  data-wpil-monitor-id=\"26\">25 a\u00f1os de experiencia<\/a> en litigios<\/li>\n<li>\u00c9xito comprobado en reclamaciones por accidentes de camiones<\/li>\n<li>Orientaci\u00f3n amigable y accesible desde el primer d\u00eda.<\/li>\n<li>Acceso directo a su abogado, no solo a asistentes legales<\/li>\n<li>Fuertes lazos comunitarios y pasi\u00f3n por proteger a los heridos<\/li>\n<\/ul>\n<p>En Rachel Frazier Johnson Law, combinamos un servicio personalizado con resultados impactantes. Nunca se sentir\u00e1 como un archivo m\u00e1s en su escritorio.<\/p>\n<h2>Servicios legales biling\u00fces para v\u00edctimas de accidentes de camiones<\/h2>\n<p>En Rachel Frazier Johnson Law, nos enorgullece servir a las diversas comunidades de Phoenix. Ofrecemos servicios biling\u00fces y apoyo legal con sensibilidad cultural para que nada se pierda en la traducci\u00f3n, especialmente su voz.<\/p>\n<p>Si usted o un ser querido prefiere comunicarse en espa\u00f1ol, nuestro equipo puede guiarlo a trav\u00e9s de cada paso de su reclamo en su idioma preferido, garantizando claridad, comodidad y confianza.<\/p>\n<h2>No enfrentes esto solo. Hablemos.<\/h2>\n<p>Un accidente de cami\u00f3n grave puede cambiarlo todo en un instante. Usted merece apoyo, respuestas y un defensor legal que realmente se preocupe por usted. En<a href=\"https:\/\/rfjesq.com\/es\/contact\/\"> Rachel Frazier Johnson Law<\/a> , ayudamos a clientes en todo Phoenix a avanzar con claridad y confianza. Usted se concentra en su recuperaci\u00f3n y nosotros nos encargamos del resto.<\/p>\n","protected":false},"excerpt":{"rendered":"<p>Abogado de accidentes de camiones en Phoenix Cuando un accidente involucra un cami\u00f3n comercial, el impacto puede ser devastador. Estos casos no solo son m\u00e1s graves, sino tambi\u00e9n m\u00e1s complejos. Si usted o un ser querido ha resultado lesionado en un accidente de cami\u00f3n en Phoenix, necesita un abogado que sepa c\u00f3mo desenvolverse en el [&hellip;]<\/p>\n","protected":false},"author":2,"featured_media":3009,"parent":532,"menu_order":0,"comment_status":"closed","ping_status":"closed","template":"","meta":{"_acf_changed":false,"_oasis_is_in_workflow":0,"_oasis_original":0,"_oasis_task_priority":"","ocean_post_layout":"","ocean_both_sidebars_style":"","ocean_both_sidebars_content_width":0,"ocean_both_sidebars_sidebars_width":0,"ocean_sidebar":"","ocean_second_sidebar":"","ocean_disable_margins":"enable","ocean_add_body_class":"","ocean_shortcode_before_top_bar":"","ocean_shortcode_after_top_bar":"","ocean_shortcode_before_header":"","ocean_shortcode_after_header":"","ocean_has_shortcode":"","ocean_shortcode_after_title":"","ocean_shortcode_before_footer_widgets":"","ocean_shortcode_after_footer_widgets":"","ocean_shortcode_before_footer_bottom":"","ocean_shortcode_after_footer_bottom":"","ocean_display_top_bar":"default","ocean_display_header":"default","ocean_header_style":"","ocean_center_header_left_menu":"","ocean_custom_header_template":"","ocean_custom_logo":0,"ocean_custom_retina_logo":0,"ocean_custom_logo_max_width":0,"ocean_custom_logo_tablet_max_width":0,"ocean_custom_logo_mobile_max_width":0,"ocean_custom_logo_max_height":0,"ocean_custom_logo_tablet_max_height":0,"ocean_custom_logo_mobile_max_height":0,"ocean_header_custom_menu":"","ocean_menu_typo_font_family":"","ocean_menu_typo_font_subset":"","ocean_menu_typo_font_size":0,"ocean_menu_typo_font_size_tablet":0,"ocean_menu_typo_font_size_mobile":0,"ocean_menu_typo_font_size_unit":"px","ocean_menu_typo_font_weight":"","ocean_menu_typo_font_weight_tablet":"","ocean_menu_typo_font_weight_mobile":"","ocean_menu_typo_transform":"","ocean_menu_typo_transform_tablet":"","ocean_menu_typo_transform_mobile":"","ocean_menu_typo_line_height":0,"ocean_menu_typo_line_height_tablet":0,"ocean_menu_typo_line_height_mobile":0,"ocean_menu_typo_line_height_unit":"","ocean_menu_typo_spacing":0,"ocean_menu_typo_spacing_tablet":0,"ocean_menu_typo_spacing_mobile":0,"ocean_menu_typo_spacing_unit":"","ocean_menu_link_color":"","ocean_menu_link_color_hover":"","ocean_menu_link_color_active":"","ocean_menu_link_background":"","ocean_menu_link_hover_background":"","ocean_menu_link_active_background":"","ocean_menu_social_links_bg":"","ocean_menu_social_hover_links_bg":"","ocean_menu_social_links_color":"","ocean_menu_social_hover_links_color":"","ocean_disable_title":"default","ocean_disable_heading":"default","ocean_post_title":"","ocean_post_subheading":"","ocean_post_title_style":"","ocean_post_title_background_color":"","ocean_post_title_background":0,"ocean_post_title_bg_image_position":"","ocean_post_title_bg_image_attachment":"","ocean_post_title_bg_image_repeat":"","ocean_post_title_bg_image_size":"","ocean_post_title_height":0,"ocean_post_title_bg_overlay":0.5,"ocean_post_title_bg_overlay_color":"","ocean_disable_breadcrumbs":"default","ocean_breadcrumbs_color":"","ocean_breadcrumbs_separator_color":"","ocean_breadcrumbs_links_color":"","ocean_breadcrumbs_links_hover_color":"","ocean_display_footer_widgets":"default","ocean_display_footer_bottom":"default","ocean_custom_footer_template":"","footnotes":""},"class_list":["post-2154","page","type-page","status-publish","has-post-thumbnail","hentry","entry","has-media"],"acf":[],"_links":{"self":[{"href":"https:\/\/rfjesq.com\/es\/wp-json\/wp\/v2\/pages\/2154","targetHints":{"allow":["GET"]}}],"collection":[{"href":"https:\/\/rfjesq.com\/es\/wp-json\/wp\/v2\/pages"}],"about":[{"href":"https:\/\/rfjesq.com\/es\/wp-json\/wp\/v2\/types\/page"}],"author":[{"embeddable":true,"href":"https:\/\/rfjesq.com\/es\/wp-json\/wp\/v2\/users\/2"}],"replies":[{"embeddable":true,"href":"https:\/\/rfjesq.com\/es\/wp-json\/wp\/v2\/comments?post=2154"}],"version-history":[{"count":11,"href":"https:\/\/rfjesq.com\/es\/wp-json\/wp\/v2\/pages\/2154\/revisions"}],"predecessor-version":[{"id":2871,"href":"https:\/\/rfjesq.com\/es\/wp-json\/wp\/v2\/pages\/2154\/revisions\/2871"}],"up":[{"embeddable":true,"href":"https:\/\/rfjesq.com\/es\/wp-json\/wp\/v2\/pages\/532"}],"wp:featuredmedia":[{"embeddable":true,"href":"https:\/\/rfjesq.com\/es\/wp-json\/wp\/v2\/media\/3009"}],"wp:attachment":[{"href":"https:\/\/rfjesq.com\/es\/wp-json\/wp\/v2\/media?parent=2154"}],"curies":[{"name":"wp","href":"https:\/\/api.w.org\/{rel}","templated":true}]}}