{"id":2155,"date":"2025-07-25T14:07:37","date_gmt":"2025-07-25T19:07:37","guid":{"rendered":"https:\/\/rfjesq.com\/?page_id=2155"},"modified":"2025-10-09T14:15:59","modified_gmt":"2025-10-09T19:15:59","slug":"wrongful-death","status":"publish","type":"page","link":"https:\/\/rfjesq.com\/es\/practice-areas\/personal-injury\/wrongful-death\/","title":{"rendered":"Muerte por Negligencia"},"content":{"rendered":"<h1>Abogados de muerte por negligencia en Phoenix<\/h1>\n<p>Perder a un ser querido por la negligencia o el descuido de otra persona es un dolor indescriptible. El dolor es inconmensurable, y las preguntas de \u00abpor qu\u00e9\u00bb y \u00abc\u00f3mo\u00bb te atormentan. Adem\u00e1s, podr\u00edas estar lidiando con dificultades econ\u00f3micas, planes inconclusos y un futuro que no se parece en nada a lo que hab\u00edas imaginado.<\/p>\n<p>En Rachel Frazier Johnson Law, sabemos que nadie puede estar realmente preparado para una<a href=\"https:\/\/rfjesq.com\/es\/practice-areas\/personal-injury\/motorcycle-accidents\/\"> p\u00e9rdida tan devastadora<\/a> . El dolor de perder a un ser querido no desaparece por s\u00ed solo, sino que transforma tu vida por completo. Pero incluso en medio de esta angustia, hay un camino a seguir. Estamos aqu\u00ed para ayudarle a superar este momento dif\u00edcil, a buscar la responsabilidad y a encontrar el apoyo que su familia necesita para comenzar a sanar.<\/p>\n<h2>Causas comunes de muerte por negligencia<\/h2>\n<p>Las muertes por negligencia pueden ocurrir de innumerables maneras, pero algunas de las causas m\u00e1s comunes incluyen:<\/p>\n<ul>\n<li aria-level=\"1\"><a href=\"https:\/\/rfjesq.com\/es\/practice-areas\/personal-injury\/car-accidents\/\">Accidentes de tr\u00e1nsito<\/a> : acciones descuidadas como conducir distra\u00eddo, exceder el l\u00edmite de velocidad o conducir bajo la influencia del alcohol pueden tener consecuencias devastadoras.<\/li>\n<li aria-level=\"1\">Accidentes en el lugar de trabajo : condiciones peligrosas, equipos defectuosos o falta de capacitaci\u00f3n adecuada pueden provocar tragedias innecesarias en el trabajo.<\/li>\n<li aria-level=\"1\">Negligencia m\u00e9dica : los errores en el diagn\u00f3stico, el tratamiento o la cirug\u00eda pueden costar vidas que podr\u00edan haberse salvado.<\/li>\n<li aria-level=\"1\">Propiedades inseguras : los edificios o terrenos mal mantenidos pueden provocar ca\u00eddas fatales, electrocuciones u otros accidentes evitables.<\/li>\n<li aria-level=\"1\">Productos defectuosos : los bienes de consumo peligrosos, los equipos defectuosos o los medicamentos da\u00f1inos pueden provocar p\u00e9rdidas inimaginables.<\/li>\n<\/ul>\n<p>Si perdi\u00f3 a su ser querido debido a alguna de estas u otras causas prevenibles, es importante que sepa que tiene opciones legales para buscar justicia.<\/p>\n<h2>\u00bfQui\u00e9n puede buscar justicia en Arizona?<\/h2>\n<p>La ley de Arizona permite a ciertos familiares presentar una demanda por homicidio culposo. Entre ellos se incluyen:<\/p>\n<ul>\n<li aria-level=\"1\">El c\u00f3nyuge de la persona fallecida<\/li>\n<li aria-level=\"1\">Los hijos de la persona fallecida<\/li>\n<li aria-level=\"1\">Los padres de la persona fallecida<\/li>\n<li aria-level=\"1\">Un representante personal para sus familiares sobrevivientes o su patrimonio<\/li>\n<\/ul>\n<p>Si no est\u00e1 seguro de si cumple los requisitos, podemos ayudarle a aclarar sus opciones. En Rachel Frazier Johnson Law, escucharemos su historia, le guiaremos a trav\u00e9s del proceso legal y le ayudaremos a dar los siguientes pasos hacia la rendici\u00f3n de cuentas.<\/p>\n<h2>Por qu\u00e9 es importante presentar una demanda por muerte por negligencia<\/h2>\n<p>Sabemos que nada puede aliviar el dolor de perder a un ser querido. Pero presentar una demanda por homicidio culposo puede aliviar algunas de las cargas que su familia enfrenta actualmente.<\/p>\n<p>Una reclamaci\u00f3n exitosa puede ayudar a cubrir:<\/p>\n<ul>\n<li aria-level=\"1\">Facturas m\u00e9dicas : cualquier costo de atenci\u00f3n o tratamiento de emergencia antes del fallecimiento de su ser querido.<\/li>\n<li aria-level=\"1\">Gastos funerarios : tranquilidad al saber que los preparativos para el final de la vida est\u00e1n cubiertos.<\/li>\n<li aria-level=\"1\">P\u00e9rdida de ingresos : compensaci\u00f3n por el apoyo que su ser querido habr\u00eda brindado a su familia.<\/li>\n<li aria-level=\"1\">P\u00e9rdida de compa\u00f1\u00eda \u2013 Reconocimiento del vac\u00edo emocional dejado por su ausencia.<\/li>\n<li aria-level=\"1\">Dolor y sufrimiento \u2013 Reconocimiento del profundo costo emocional que esta tragedia ha causado.<\/li>\n<\/ul>\n<p>Estos recursos pueden brindarle a su familia la oportunidad de concentrarse en lo que realmente importa: sanar, honrar a su ser querido y encontrar un camino a seguir.<\/p>\n<h2>El proceso de presentar una reclamaci\u00f3n por muerte por negligencia<\/h2>\n<p>Emprender acciones legales puede resultar abrumador ahora mismo, y es totalmente comprensible. Ya est\u00e1 lidiando con muchas cosas. Pero no tiene que hacerlo solo. Estamos aqu\u00ed para que el proceso sea lo m\u00e1s sencillo posible. As\u00ed es como funciona:<\/p>\n<ol>\n<li aria-level=\"1\">Hable con un abogado experimentado : nos sentaremos con usted, escucharemos su historia y le explicaremos sus opciones en t\u00e9rminos claros y simples.<\/li>\n<li aria-level=\"1\">Recopilar evidencia : juntos, recopilaremos todo lo necesario para demostrar lo que sucedi\u00f3, incluidos registros m\u00e9dicos, informes de accidentes y relatos de testigos.<\/li>\n<li aria-level=\"1\">Presente su reclamo a tiempo : la ley de Arizona le otorga dos a\u00f1os a partir de la fecha de fallecimiento para presentar una demanda por homicidio culposo. Actuar con rapidez le ayudar\u00e1 a no perder este plazo.<\/li>\n<li aria-level=\"1\">Calcular da\u00f1os : trabajaremos con usted para determinar el alcance total de las p\u00e9rdidas de su familia, para que pueda obtener la compensaci\u00f3n que merece.<\/li>\n<\/ol>\n<p>No tiene que pasar por esto solo. Nos encargaremos de los detalles legales para que usted pueda concentrarse en cuidar de s\u00ed mismo y de su familia.<\/p>\n<h2>Obtenga justicia por lo que ha perdido<\/h2>\n<p>Perder a un ser querido por la negligencia de otra persona es una tragedia inimaginable. No deber\u00eda tener que pasar por esto solo, y con Rachel Frazier Johnson Law, no tiene que hacerlo.<\/p>\n<p><a href=\"https:\/\/rfjesq.com\/es\/contact\/\">Cont\u00e1ctanos hoy para una consulta<\/a> . Mereces respuestas y apoyo, y juntos te ayudaremos a encontrar el camino a seguir.<\/p>\n","protected":false},"excerpt":{"rendered":"<p>Abogados de muerte por negligencia en Phoenix Perder a un ser querido por la negligencia o el descuido de otra persona es un dolor indescriptible. El dolor es inconmensurable, y las preguntas de \u00abpor qu\u00e9\u00bb y \u00abc\u00f3mo\u00bb te atormentan. Adem\u00e1s, podr\u00edas estar lidiando con dificultades econ\u00f3micas, planes inconclusos y un futuro que no se parece [&hellip;]<\/p>\n","protected":false},"author":2,"featured_media":1933,"parent":532,"menu_order":0,"comment_status":"closed","ping_status":"closed","template":"","meta":{"_acf_changed":false,"_oasis_is_in_workflow":0,"_oasis_original":0,"_oasis_task_priority":"","ocean_post_layout":"","ocean_both_sidebars_style":"","ocean_both_sidebars_content_width":0,"ocean_both_sidebars_sidebars_width":0,"ocean_sidebar":"","ocean_second_sidebar":"","ocean_disable_margins":"enable","ocean_add_body_class":"","ocean_shortcode_before_top_bar":"","ocean_shortcode_after_top_bar":"","ocean_shortcode_before_header":"","ocean_shortcode_after_header":"","ocean_has_shortcode":"","ocean_shortcode_after_title":"","ocean_shortcode_before_footer_widgets":"","ocean_shortcode_after_footer_widgets":"","ocean_shortcode_before_footer_bottom":"","ocean_shortcode_after_footer_bottom":"","ocean_display_top_bar":"default","ocean_display_header":"default","ocean_header_style":"","ocean_center_header_left_menu":"","ocean_custom_header_template":"","ocean_custom_logo":0,"ocean_custom_retina_logo":0,"ocean_custom_logo_max_width":0,"ocean_custom_logo_tablet_max_width":0,"ocean_custom_logo_mobile_max_width":0,"ocean_custom_logo_max_height":0,"ocean_custom_logo_tablet_max_height":0,"ocean_custom_logo_mobile_max_height":0,"ocean_header_custom_menu":"","ocean_menu_typo_font_family":"","ocean_menu_typo_font_subset":"","ocean_menu_typo_font_size":0,"ocean_menu_typo_font_size_tablet":0,"ocean_menu_typo_font_size_mobile":0,"ocean_menu_typo_font_size_unit":"px","ocean_menu_typo_font_weight":"","ocean_menu_typo_font_weight_tablet":"","ocean_menu_typo_font_weight_mobile":"","ocean_menu_typo_transform":"","ocean_menu_typo_transform_tablet":"","ocean_menu_typo_transform_mobile":"","ocean_menu_typo_line_height":0,"ocean_menu_typo_line_height_tablet":0,"ocean_menu_typo_line_height_mobile":0,"ocean_menu_typo_line_height_unit":"","ocean_menu_typo_spacing":0,"ocean_menu_typo_spacing_tablet":0,"ocean_menu_typo_spacing_mobile":0,"ocean_menu_typo_spacing_unit":"","ocean_menu_link_color":"","ocean_menu_link_color_hover":"","ocean_menu_link_color_active":"","ocean_menu_link_background":"","ocean_menu_link_hover_background":"","ocean_menu_link_active_background":"","ocean_menu_social_links_bg":"","ocean_menu_social_hover_links_bg":"","ocean_menu_social_links_color":"","ocean_menu_social_hover_links_color":"","ocean_disable_title":"default","ocean_disable_heading":"default","ocean_post_title":"","ocean_post_subheading":"","ocean_post_title_style":"","ocean_post_title_background_color":"","ocean_post_title_background":0,"ocean_post_title_bg_image_position":"","ocean_post_title_bg_image_attachment":"","ocean_post_title_bg_image_repeat":"","ocean_post_title_bg_image_size":"","ocean_post_title_height":0,"ocean_post_title_bg_overlay":0.5,"ocean_post_title_bg_overlay_color":"","ocean_disable_breadcrumbs":"default","ocean_breadcrumbs_color":"","ocean_breadcrumbs_separator_color":"","ocean_breadcrumbs_links_color":"","ocean_breadcrumbs_links_hover_color":"","ocean_display_footer_widgets":"default","ocean_display_footer_bottom":"default","ocean_custom_footer_template":"","footnotes":""},"class_list":["post-2155","page","type-page","status-publish","has-post-thumbnail","hentry","entry","has-media"],"acf":[],"_links":{"self":[{"href":"https:\/\/rfjesq.com\/es\/wp-json\/wp\/v2\/pages\/2155","targetHints":{"allow":["GET"]}}],"collection":[{"href":"https:\/\/rfjesq.com\/es\/wp-json\/wp\/v2\/pages"}],"about":[{"href":"https:\/\/rfjesq.com\/es\/wp-json\/wp\/v2\/types\/page"}],"author":[{"embeddable":true,"href":"https:\/\/rfjesq.com\/es\/wp-json\/wp\/v2\/users\/2"}],"replies":[{"embeddable":true,"href":"https:\/\/rfjesq.com\/es\/wp-json\/wp\/v2\/comments?post=2155"}],"version-history":[{"count":8,"href":"https:\/\/rfjesq.com\/es\/wp-json\/wp\/v2\/pages\/2155\/revisions"}],"predecessor-version":[{"id":2662,"href":"https:\/\/rfjesq.com\/es\/wp-json\/wp\/v2\/pages\/2155\/revisions\/2662"}],"up":[{"embeddable":true,"href":"https:\/\/rfjesq.com\/es\/wp-json\/wp\/v2\/pages\/532"}],"wp:featuredmedia":[{"embeddable":true,"href":"https:\/\/rfjesq.com\/es\/wp-json\/wp\/v2\/media\/1933"}],"wp:attachment":[{"href":"https:\/\/rfjesq.com\/es\/wp-json\/wp\/v2\/media?parent=2155"}],"curies":[{"name":"wp","href":"https:\/\/api.w.org\/{rel}","templated":true}]}}