{"id":489,"date":"2025-07-15T04:18:44","date_gmt":"2025-07-15T09:18:44","guid":{"rendered":"https:\/\/rfjesq.com\/estate-planning\/"},"modified":"2025-10-09T14:41:22","modified_gmt":"2025-10-09T19:41:22","slug":"estate-planning","status":"publish","type":"page","link":"https:\/\/rfjesq.com\/es\/practice-areas\/estate-planning\/","title":{"rendered":"Planificaci\u00f3n patrimonial"},"content":{"rendered":"<h1>Abogados de planificaci\u00f3n patrimonial en Phoenix<\/h1>\n<p><span style=\"font-weight: 400;\">Sabes ad\u00f3nde van tus ganancias, las administras y las gastas como quieres. Pero eso es hoy, \u00bfqu\u00e9 pasar\u00e1 cuando ya no est\u00e9s aqu\u00ed para administrar tu dinero ni compartir lo que has ganado? Al final, mereces saber ad\u00f3nde va el trabajo de tu vida.<\/span><\/p>\n<p><span style=\"font-weight: 400;\">La planificaci\u00f3n de su patrimonio a trav\u00e9s de un testamento o fideicomiso no solo le quita lo desconocido a usted, sino que tambi\u00e9n alivia a su familia del estr\u00e9s que conlleva la distribuci\u00f3n de su propiedad cuando usted ya no est\u00e9.<\/span><\/p>\n<p><span style=\"font-weight: 400;\">Esta es su oportunidad de asegurarse de que sus deseos se cumplan, ahora y en el futuro.<\/span><\/p>\n<h2>Nuestro enfoque en la planificaci\u00f3n patrimonial<\/h2>\n<p><a href=\"https:\/\/rfjesq.com\/es\/contact\/\"><span style=\"font-weight: 400;\">Desarrollamos un plan patrimonial<\/span><\/a> <span style=\"font-weight: 400;\">que no solo garantiza el cumplimiento de sus deseos, sino que tambi\u00e9n es una forma de cuidar de su familia. Tomar sus propias decisiones ahora les ahorra estr\u00e9s, dolor y gastos a la hora de administrar su plan.<\/span><\/p>\n","protected":false},"excerpt":{"rendered":"<p>Abogados de planificaci\u00f3n patrimonial en Phoenix Sabes ad\u00f3nde van tus ganancias, las administras y las gastas como quieres. Pero eso es hoy, \u00bfqu\u00e9 pasar\u00e1 cuando ya no est\u00e9s aqu\u00ed para administrar tu dinero ni compartir lo que has ganado? Al final, mereces saber ad\u00f3nde va el trabajo de tu vida. La planificaci\u00f3n de su patrimonio [&hellip;]<\/p>\n","protected":false},"author":1,"featured_media":3040,"parent":508,"menu_order":0,"comment_status":"closed","ping_status":"closed","template":"","meta":{"_acf_changed":false,"_oasis_is_in_workflow":0,"_oasis_original":0,"_oasis_task_priority":"","ocean_post_layout":"","ocean_both_sidebars_style":"","ocean_both_sidebars_content_width":0,"ocean_both_sidebars_sidebars_width":0,"ocean_sidebar":"","ocean_second_sidebar":"","ocean_disable_margins":"enable","ocean_add_body_class":"","ocean_shortcode_before_top_bar":"","ocean_shortcode_after_top_bar":"","ocean_shortcode_before_header":"","ocean_shortcode_after_header":"","ocean_has_shortcode":"","ocean_shortcode_after_title":"","ocean_shortcode_before_footer_widgets":"","ocean_shortcode_after_footer_widgets":"","ocean_shortcode_before_footer_bottom":"","ocean_shortcode_after_footer_bottom":"","ocean_display_top_bar":"default","ocean_display_header":"default","ocean_header_style":"","ocean_center_header_left_menu":"","ocean_custom_header_template":"","ocean_custom_logo":0,"ocean_custom_retina_logo":0,"ocean_custom_logo_max_width":0,"ocean_custom_logo_tablet_max_width":0,"ocean_custom_logo_mobile_max_width":0,"ocean_custom_logo_max_height":0,"ocean_custom_logo_tablet_max_height":0,"ocean_custom_logo_mobile_max_height":0,"ocean_header_custom_menu":"","ocean_menu_typo_font_family":"","ocean_menu_typo_font_subset":"","ocean_menu_typo_font_size":0,"ocean_menu_typo_font_size_tablet":0,"ocean_menu_typo_font_size_mobile":0,"ocean_menu_typo_font_size_unit":"px","ocean_menu_typo_font_weight":"","ocean_menu_typo_font_weight_tablet":"","ocean_menu_typo_font_weight_mobile":"","ocean_menu_typo_transform":"","ocean_menu_typo_transform_tablet":"","ocean_menu_typo_transform_mobile":"","ocean_menu_typo_line_height":0,"ocean_menu_typo_line_height_tablet":0,"ocean_menu_typo_line_height_mobile":0,"ocean_menu_typo_line_height_unit":"","ocean_menu_typo_spacing":0,"ocean_menu_typo_spacing_tablet":0,"ocean_menu_typo_spacing_mobile":0,"ocean_menu_typo_spacing_unit":"","ocean_menu_link_color":"","ocean_menu_link_color_hover":"","ocean_menu_link_color_active":"","ocean_menu_link_background":"","ocean_menu_link_hover_background":"","ocean_menu_link_active_background":"","ocean_menu_social_links_bg":"","ocean_menu_social_hover_links_bg":"","ocean_menu_social_links_color":"","ocean_menu_social_hover_links_color":"","ocean_disable_title":"default","ocean_disable_heading":"default","ocean_post_title":"","ocean_post_subheading":"","ocean_post_title_style":"","ocean_post_title_background_color":"","ocean_post_title_background":0,"ocean_post_title_bg_image_position":"","ocean_post_title_bg_image_attachment":"","ocean_post_title_bg_image_repeat":"","ocean_post_title_bg_image_size":"","ocean_post_title_height":0,"ocean_post_title_bg_overlay":0.5,"ocean_post_title_bg_overlay_color":"","ocean_disable_breadcrumbs":"default","ocean_breadcrumbs_color":"","ocean_breadcrumbs_separator_color":"","ocean_breadcrumbs_links_color":"","ocean_breadcrumbs_links_hover_color":"","ocean_display_footer_widgets":"default","ocean_display_footer_bottom":"default","ocean_custom_footer_template":"","footnotes":""},"class_list":["post-489","page","type-page","status-publish","has-post-thumbnail","hentry","entry","has-media"],"acf":[],"_links":{"self":[{"href":"https:\/\/rfjesq.com\/es\/wp-json\/wp\/v2\/pages\/489","targetHints":{"allow":["GET"]}}],"collection":[{"href":"https:\/\/rfjesq.com\/es\/wp-json\/wp\/v2\/pages"}],"about":[{"href":"https:\/\/rfjesq.com\/es\/wp-json\/wp\/v2\/types\/page"}],"author":[{"embeddable":true,"href":"https:\/\/rfjesq.com\/es\/wp-json\/wp\/v2\/users\/1"}],"replies":[{"embeddable":true,"href":"https:\/\/rfjesq.com\/es\/wp-json\/wp\/v2\/comments?post=489"}],"version-history":[{"count":8,"href":"https:\/\/rfjesq.com\/es\/wp-json\/wp\/v2\/pages\/489\/revisions"}],"predecessor-version":[{"id":2671,"href":"https:\/\/rfjesq.com\/es\/wp-json\/wp\/v2\/pages\/489\/revisions\/2671"}],"up":[{"embeddable":true,"href":"https:\/\/rfjesq.com\/es\/wp-json\/wp\/v2\/pages\/508"}],"wp:featuredmedia":[{"embeddable":true,"href":"https:\/\/rfjesq.com\/es\/wp-json\/wp\/v2\/media\/3040"}],"wp:attachment":[{"href":"https:\/\/rfjesq.com\/es\/wp-json\/wp\/v2\/media?parent=489"}],"curies":[{"name":"wp","href":"https:\/\/api.w.org\/{rel}","templated":true}]}}