{"id":493,"date":"2025-07-15T04:49:06","date_gmt":"2025-07-15T09:49:06","guid":{"rendered":"https:\/\/rfjesq.com\/privacy-policy\/"},"modified":"2025-10-09T14:08:46","modified_gmt":"2025-10-09T19:08:46","slug":"privacy-policy","status":"publish","type":"page","link":"https:\/\/rfjesq.com\/es\/privacy-policy\/","title":{"rendered":"Pol\u00edtica de privacidad"},"content":{"rendered":"<h2 class=\"page-heading\">Pol\u00edtica de privacidad<\/h2>\n<p>Last updated: Jun 24, 2025 7:13 PM<\/p>\n<p>Esta Pol\u00edtica de Privacidad describe las pol\u00edticas de este sitio web sobre la recopilaci\u00f3n, el uso y la divulgaci\u00f3n de la informaci\u00f3n que recopilamos al utilizar nuestro sitio web (el \u00abServicio\u00bb). Al acceder o utilizar el Servicio, usted consiente la recopilaci\u00f3n, el uso y la divulgaci\u00f3n de su informaci\u00f3n de acuerdo con esta Pol\u00edtica de Privacidad. Si no consiente, le rogamos que no acceda ni utilice el Servicio.<\/p>\n<p>Podemos modificar esta Pol\u00edtica de Privacidad en cualquier momento sin previo aviso y publicaremos la Pol\u00edtica de Privacidad revisada en el Servicio. La Pol\u00edtica revisada entrar\u00e1 en vigor 180 d\u00edas despu\u00e9s de su publicaci\u00f3n en el Servicio, y su acceso o uso continuado del Servicio despu\u00e9s de dicho plazo constituir\u00e1 su aceptaci\u00f3n de la Pol\u00edtica de Privacidad revisada. Por lo tanto, le recomendamos que revise esta p\u00e1gina peri\u00f3dicamente.<\/p>\n<h2>Informaci\u00f3n que recopilamos:<\/h2>\n<p>Podemos recopilar y procesar la siguiente informaci\u00f3n personal sobre usted, incluyendo, entre otros:<\/p>\n<ol>\n<li aria-level=\"1\">Nombre<\/li>\n<li aria-level=\"1\">Correo electr\u00f3nico<\/li>\n<li aria-level=\"1\">M\u00f3vil<\/li>\n<li aria-level=\"1\">Perfil de redes sociales<\/li>\n<li aria-level=\"1\">Fecha de nacimiento<\/li>\n<li aria-level=\"1\">DIRECCI\u00d3N<\/li>\n<li aria-level=\"1\">Direcci\u00f3n de trabajo<\/li>\n<li aria-level=\"1\">Informaci\u00f3n de pago<\/li>\n<\/ol>\n<p>C\u00f3mo recopilamos su informaci\u00f3n:<\/p>\n<p>Recopilamos\/recibimos informaci\u00f3n sobre usted de la siguiente manera:<\/p>\n<ol>\n<li aria-level=\"1\">Cuando un usuario completa el formulario de registro o env\u00eda de otro modo informaci\u00f3n personal<\/li>\n<li aria-level=\"1\">Interact\u00faa con el sitio web<\/li>\n<li aria-level=\"1\">De fuentes p\u00fablicas<\/li>\n<\/ol>\n<h2>C\u00f3mo usamos su informaci\u00f3n:<\/h2>\n<p>Podemos utilizar la informaci\u00f3n que recopilemos sobre usted para los siguientes fines, incluidos, entre otros:<\/p>\n<ol>\n<li aria-level=\"1\">Marketing\/Promoci\u00f3n<\/li>\n<li aria-level=\"1\">Testimonios<\/li>\n<li aria-level=\"1\">Recopilaci\u00f3n de comentarios de los clientes<\/li>\n<li aria-level=\"1\">Procesando pago<\/li>\n<li aria-level=\"1\">Apoyo<\/li>\n<li aria-level=\"1\">Informaci\u00f3n de administraci\u00f3n<\/li>\n<li aria-level=\"1\">Publicidad dirigida<\/li>\n<li aria-level=\"1\">Protecci\u00f3n del sitio<\/li>\n<\/ol>\n<p>Si deseamos utilizar su informaci\u00f3n para cualquier otro prop\u00f3sito, le solicitaremos su consentimiento y utilizaremos su informaci\u00f3n solo despu\u00e9s de recibir su consentimiento y, en ese caso, solo para los fines para los que otorg\u00f3 el consentimiento, a menos que la ley nos obligue a hacer lo contrario.<\/p>\n<h2>C\u00f3mo compartimos su informaci\u00f3n:<\/h2>\n<p>No transferiremos su informaci\u00f3n personal a ning\u00fan tercero sin solicitar su consentimiento, excepto en circunstancias limitadas como se describe a continuaci\u00f3n:<\/p>\n<ol>\n<li aria-level=\"1\">Servicio de publicidad<\/li>\n<li aria-level=\"1\">Patrocinadores<\/li>\n<li aria-level=\"1\">Agencias de marketing<\/li>\n<li aria-level=\"1\">Entidades jur\u00eddicas<\/li>\n<li aria-level=\"1\">Anal\u00edtica<\/li>\n<li aria-level=\"1\">Servicios de recuperaci\u00f3n de pagos<\/li>\n<li aria-level=\"1\">Recopilaci\u00f3n y procesamiento de datos<\/li>\n<\/ol>\n<p>Requerimos que dichos terceros utilicen la informaci\u00f3n personal que les transferimos solo para el prop\u00f3sito para el cual fue transferida y no la retengan por m\u00e1s tiempo del necesario para cumplir dicho prop\u00f3sito.<\/p>\n<p>No se compartir\u00e1 informaci\u00f3n m\u00f3vil con terceros ni afiliados con fines de marketing o promocionales. Todas las dem\u00e1s categor\u00edas excluyen los datos de suscripci\u00f3n y el consentimiento del remitente de los mensajes de texto; esta informaci\u00f3n no se compartir\u00e1 con terceros.<\/p>\n<p>Tambi\u00e9n podemos divulgar su informaci\u00f3n personal para los siguientes fines: (1) para cumplir con la legislaci\u00f3n, normativa, orden judicial u otros procesos legales aplicables; (2) para hacer cumplir sus acuerdos con nosotros, incluida esta Pol\u00edtica de Privacidad; o (3) para responder a reclamaciones que indiquen que su uso del Servicio infringe los derechos de terceros. Si el Servicio o nuestra empresa se fusiona o se adquiere con otra empresa, su informaci\u00f3n ser\u00e1 uno de los activos que se transferir\u00e1n al nuevo propietario.<\/p>\n<h2>Retenci\u00f3n de su informaci\u00f3n:<\/h2>\n<p>Conservaremos su informaci\u00f3n personal entre 90 d\u00edas y 2 a\u00f1os despu\u00e9s de que los usuarios cancelen sus cuentas, o durante el tiempo que la necesitemos para cumplir con los fines para los que se recopil\u00f3, tal como se detalla en esta Pol\u00edtica de Privacidad. Es posible que debamos conservar cierta informaci\u00f3n durante per\u00edodos m\u00e1s largos, como para el mantenimiento de registros o la elaboraci\u00f3n de informes de conformidad con la legislaci\u00f3n aplicable, o por otras razones leg\u00edtimas, como el cumplimiento de derechos legales, la prevenci\u00f3n del fraude, etc. La informaci\u00f3n an\u00f3nima residual y la informaci\u00f3n agregada, que no le identifiquen (ni directa ni indirectamente), podr\u00e1n almacenarse indefinidamente.<\/p>\n<h2>Sus derechos:<\/h2>\n<p>Seg\u00fan la legislaci\u00f3n aplicable, usted puede tener derecho a acceder, rectificar o suprimir sus datos personales, a recibir una copia de los mismos, a restringir u oponerse al tratamiento activo de sus datos, a solicitarnos que compartamos (portemos) su informaci\u00f3n personal con otra entidad, a retirar el consentimiento que nos haya otorgado para el tratamiento de sus datos, a presentar una reclamaci\u00f3n ante una autoridad legal y a otros derechos que puedan ser pertinentes seg\u00fan la legislaci\u00f3n aplicable. Para ejercer estos derechos, puede escribirnos rellenando el formulario de contacto de este sitio web. Responderemos a su solicitud de conformidad con la legislaci\u00f3n aplicable.<\/p>\n<p>Puede optar por no recibir comunicaciones de marketing directo o la elaboraci\u00f3n de perfiles que realizamos con fines de marketing rellenando el formulario de contacto de este sitio web con dicha solicitud.<\/p>\n<p>Tenga en cuenta que si no nos permite recopilar o procesar la informaci\u00f3n personal requerida o retira el consentimiento para procesarla para los fines requeridos, es posible que no pueda acceder ni utilizar los servicios para los que se solicit\u00f3 su informaci\u00f3n.<\/p>\n<h2>Seguridad:<\/h2>\n<p>La seguridad de su informaci\u00f3n es importante para nosotros y aplicaremos medidas de seguridad razonables para evitar la p\u00e9rdida, el uso indebido o la alteraci\u00f3n no autorizada de la informaci\u00f3n que est\u00e9 bajo nuestro control. Sin embargo, dados los riesgos inherentes, no podemos garantizar la seguridad absoluta y, en consecuencia, no podemos asegurar ni garantizar la seguridad de la informaci\u00f3n que nos transmita, y usted lo hace bajo su propio riesgo.<\/p>\n<h2>Delegado de Quejas \/ Protecci\u00f3n de Datos:<\/h2>\n<p>Si tiene alguna pregunta o inquietud sobre el procesamiento de su informaci\u00f3n que tenemos a su disposici\u00f3n, puede contactar a nuestro Responsable de Quejas por correo electr\u00f3nico<a href=\"https:\/\/rfjesq.com\/es\/contact\/\"> completando el formulario de contacto<\/a> en el sitio web. Atenderemos sus inquietudes de acuerdo con la legislaci\u00f3n aplicable.<\/p>\n","protected":false},"excerpt":{"rendered":"<p>Pol\u00edtica de privacidad Last updated: Jun 24, 2025 7:13 PM Esta Pol\u00edtica de Privacidad describe las pol\u00edticas de este sitio web sobre la recopilaci\u00f3n, el uso y la divulgaci\u00f3n de la informaci\u00f3n que recopilamos al utilizar nuestro sitio web (el \u00abServicio\u00bb). Al acceder o utilizar el Servicio, usted consiente la recopilaci\u00f3n, el uso y la [&hellip;]<\/p>\n","protected":false},"author":1,"featured_media":1079,"parent":0,"menu_order":0,"comment_status":"closed","ping_status":"closed","template":"","meta":{"_acf_changed":false,"_oasis_is_in_workflow":0,"_oasis_original":0,"_oasis_task_priority":"","ocean_post_layout":"","ocean_both_sidebars_style":"","ocean_both_sidebars_content_width":0,"ocean_both_sidebars_sidebars_width":0,"ocean_sidebar":"","ocean_second_sidebar":"","ocean_disable_margins":"enable","ocean_add_body_class":"","ocean_shortcode_before_top_bar":"","ocean_shortcode_after_top_bar":"","ocean_shortcode_before_header":"","ocean_shortcode_after_header":"","ocean_has_shortcode":"","ocean_shortcode_after_title":"","ocean_shortcode_before_footer_widgets":"","ocean_shortcode_after_footer_widgets":"","ocean_shortcode_before_footer_bottom":"","ocean_shortcode_after_footer_bottom":"","ocean_display_top_bar":"default","ocean_display_header":"default","ocean_header_style":"","ocean_center_header_left_menu":"","ocean_custom_header_template":"","ocean_custom_logo":0,"ocean_custom_retina_logo":0,"ocean_custom_logo_max_width":0,"ocean_custom_logo_tablet_max_width":0,"ocean_custom_logo_mobile_max_width":0,"ocean_custom_logo_max_height":0,"ocean_custom_logo_tablet_max_height":0,"ocean_custom_logo_mobile_max_height":0,"ocean_header_custom_menu":"","ocean_menu_typo_font_family":"","ocean_menu_typo_font_subset":"","ocean_menu_typo_font_size":0,"ocean_menu_typo_font_size_tablet":0,"ocean_menu_typo_font_size_mobile":0,"ocean_menu_typo_font_size_unit":"px","ocean_menu_typo_font_weight":"","ocean_menu_typo_font_weight_tablet":"","ocean_menu_typo_font_weight_mobile":"","ocean_menu_typo_transform":"","ocean_menu_typo_transform_tablet":"","ocean_menu_typo_transform_mobile":"","ocean_menu_typo_line_height":0,"ocean_menu_typo_line_height_tablet":0,"ocean_menu_typo_line_height_mobile":0,"ocean_menu_typo_line_height_unit":"","ocean_menu_typo_spacing":0,"ocean_menu_typo_spacing_tablet":0,"ocean_menu_typo_spacing_mobile":0,"ocean_menu_typo_spacing_unit":"","ocean_menu_link_color":"","ocean_menu_link_color_hover":"","ocean_menu_link_color_active":"","ocean_menu_link_background":"","ocean_menu_link_hover_background":"","ocean_menu_link_active_background":"","ocean_menu_social_links_bg":"","ocean_menu_social_hover_links_bg":"","ocean_menu_social_links_color":"","ocean_menu_social_hover_links_color":"","ocean_disable_title":"default","ocean_disable_heading":"default","ocean_post_title":"","ocean_post_subheading":"","ocean_post_title_style":"","ocean_post_title_background_color":"","ocean_post_title_background":0,"ocean_post_title_bg_image_position":"","ocean_post_title_bg_image_attachment":"","ocean_post_title_bg_image_repeat":"","ocean_post_title_bg_image_size":"","ocean_post_title_height":0,"ocean_post_title_bg_overlay":0.5,"ocean_post_title_bg_overlay_color":"","ocean_disable_breadcrumbs":"default","ocean_breadcrumbs_color":"","ocean_breadcrumbs_separator_color":"","ocean_breadcrumbs_links_color":"","ocean_breadcrumbs_links_hover_color":"","ocean_display_footer_widgets":"default","ocean_display_footer_bottom":"default","ocean_custom_footer_template":"","footnotes":""},"class_list":["post-493","page","type-page","status-publish","has-post-thumbnail","hentry","entry","has-media"],"acf":[],"_links":{"self":[{"href":"https:\/\/rfjesq.com\/es\/wp-json\/wp\/v2\/pages\/493","targetHints":{"allow":["GET"]}}],"collection":[{"href":"https:\/\/rfjesq.com\/es\/wp-json\/wp\/v2\/pages"}],"about":[{"href":"https:\/\/rfjesq.com\/es\/wp-json\/wp\/v2\/types\/page"}],"author":[{"embeddable":true,"href":"https:\/\/rfjesq.com\/es\/wp-json\/wp\/v2\/users\/1"}],"replies":[{"embeddable":true,"href":"https:\/\/rfjesq.com\/es\/wp-json\/wp\/v2\/comments?post=493"}],"version-history":[{"count":10,"href":"https:\/\/rfjesq.com\/es\/wp-json\/wp\/v2\/pages\/493\/revisions"}],"predecessor-version":[{"id":2656,"href":"https:\/\/rfjesq.com\/es\/wp-json\/wp\/v2\/pages\/493\/revisions\/2656"}],"wp:featuredmedia":[{"embeddable":true,"href":"https:\/\/rfjesq.com\/es\/wp-json\/wp\/v2\/media\/1079"}],"wp:attachment":[{"href":"https:\/\/rfjesq.com\/es\/wp-json\/wp\/v2\/media?parent=493"}],"curies":[{"name":"wp","href":"https:\/\/api.w.org\/{rel}","templated":true}]}}