{"id":499,"date":"2025-07-15T04:51:44","date_gmt":"2025-07-15T09:51:44","guid":{"rendered":"https:\/\/rfjesq.com\/terms-of-service\/"},"modified":"2025-10-09T13:47:17","modified_gmt":"2025-10-09T18:47:17","slug":"terms-of-service","status":"publish","type":"page","link":"https:\/\/rfjesq.com\/es\/terms-of-service\/","title":{"rendered":"Condiciones de servicio"},"content":{"rendered":"<h1>Condiciones de servicio<\/h1>\n<p>\u00daltima actualizaci\u00f3n: 24 de junio de 2025 , 19:13<\/p>\n<p>Lea atentamente estos T\u00e9rminos de Servicio (\u00abT\u00e9rminos\u00bb, \u00abT\u00e9rminos de Servicio\u00bb) antes de utilizar el sitio web https:\/\/rfjesq.com\/ (el \u00abSitio Web\u00bb), operado por Rachel Frazier Johnson Law, una sociedad de responsabilidad limitada constituida en Arizona, Estados Unidos (\u00abnosotros\u00bb, \u00abnuestro\u00bb), ya que estos T\u00e9rminos de Servicio contienen informaci\u00f3n importante sobre las limitaciones de nuestra responsabilidad. Su acceso y uso de este Sitio Web est\u00e1 sujeto a su aceptaci\u00f3n y cumplimiento de estos T\u00e9rminos. Estos T\u00e9rminos se aplican a todas las personas, incluyendo, entre otras, a visitantes, usuarios y otras personas que deseen acceder y utilizar el Sitio Web.<\/p>\n<p>Al acceder o utilizar el Sitio Web, usted acepta estas Condiciones. Si no est\u00e1 de acuerdo con alguna parte de las Condiciones, no tendr\u00e1 nuestro permiso para acceder o utilizar el Sitio Web.<\/p>\n<p>Por favor cont\u00e1ctenos directamente para acceder\/eliminar sus datos.<\/p>\n<h2>Usos prohibidos<\/h2>\n<p>Usted acepta utilizar este sitio web de conformidad con todas las leyes, normas y regulaciones aplicables, as\u00ed como con estos T\u00e9rminos en todo momento . A continuaci\u00f3n, se presenta una lista no exhaustiva de los usos prohibidos de este sitio web. Usted acepta no realizar ninguno de los siguientes usos prohibidos:<\/p>\n<ol>\n<li aria-level=\"1\">Suplantar o intentar suplantar a Rachel Frazier Johnson Law o sus empleados, representantes, subsidiarias o divisiones;<\/li>\n<li aria-level=\"1\">Tergiversar su identidad o afiliaci\u00f3n con cualquier persona o entidad;<\/li>\n<li aria-level=\"1\">Enviar o intentar enviar cualquier material publicitario o promocional, incluidos, entre otros, spam, correo basura, correo en cadena o cualquier material similar;<\/li>\n<li aria-level=\"1\">Participar en cualquier conducta que restrinja o inhiba el uso o disfrute del sitio web por parte de cualquier persona, o que, seg\u00fan lo determinemos a nuestro exclusivo criterio, pueda da\u00f1arnos a nosotros o a los usuarios de este sitio web o exponernos a nosotros o a otros usuarios a responsabilidad;<\/li>\n<li aria-level=\"1\">Utilizar el Sitio Web de cualquier manera que pueda deshabilitar, sobrecargar, da\u00f1ar o perjudicar el Sitio Web o interferir con el uso del Sitio Web por parte de terceros ;<\/li>\n<li aria-level=\"1\">Utilizar cualquier robot, ara\u00f1a u otra tecnolog\u00eda, proceso o medio autom\u00e1tico similar para acceder o utilizar el Sitio web para cualquier prop\u00f3sito, incluido el monitoreo o la copia de cualquier material de este Sitio web;<\/li>\n<li aria-level=\"1\">Utilizar cualquier proceso o medio manual para monitorear o copiar cualquier material de este sitio web o para cualquier otro prop\u00f3sito no autorizado;<\/li>\n<li aria-level=\"1\">Utilizar cualquier dispositivo, software, medio o rutina que interfiera con el correcto funcionamiento del Sitio Web, incluidos, entre otros, virus, troyanos, gusanos, bombas l\u00f3gicas u otros materiales similares;<\/li>\n<li aria-level=\"1\">Intentar obtener acceso no autorizado a, interferir, da\u00f1ar o interrumpir cualquier parte del Sitio web, el servidor o los servidores en los que se almacena el Sitio web, o cualquier servidor, computadora o base de datos conectada al Sitio web;<\/li>\n<li aria-level=\"1\">ataque de denegaci\u00f3n de servicio distribuido ;<\/li>\n<li aria-level=\"1\">Intentar de cualquier otra forma interferir con el correcto funcionamiento del Sitio Web;<\/li>\n<li aria-level=\"1\">Utilizar el sitio web de cualquier manera que viole las leyes, normas o reglamentos federales, estatales o locales aplicables.<\/li>\n<\/ol>\n<h2>Sin garant\u00eda en el sitio web<\/h2>\n<p>Este sitio web se proporciona \u00abtal cual\u00bb. Ninguna garant\u00eda, expresa o impl\u00edcita (incluida cualquier garant\u00eda impl\u00edcita de comerciabilidad, de calidad satisfactoria o idoneidad para un prop\u00f3sito o uso particular) se aplicar\u00e1 a este sitio web, ya sea que surja de la ley, el curso de las transacciones, el curso del desempe\u00f1o, el uso del comercio o de otro modo.<\/p>\n<h2>Disponibilidad, errores e inexactitudes<\/h2>\n<p>No asumimos ninguna responsabilidad por la disponibilidad, errores o inexactitudes de la informaci\u00f3n, los productos o los servicios proporcionados en este sitio web. Podr\u00edamos experimentar retrasos en la actualizaci\u00f3n de la informaci\u00f3n en este sitio web y en nuestra publicidad en otros sitios web. La informaci\u00f3n, los productos y los servicios que se encuentran en el sitio web podr\u00edan contener errores o inexactitudes, o podr\u00edan no estar completos o actualizados. Los productos o servicios podr\u00edan tener precios incorrectos o no estar disponibles. Nos reservamos expresamente el derecho a corregir cualquier error de precios en nuestro sitio web . La inclusi\u00f3n u oferta de cualquier producto o servicio en este sitio web no constituye un respaldo ni una recomendaci\u00f3n de dicho producto o servicio por nuestra parte.<\/p>\n<h2>Da\u00f1os y limitaci\u00f3n de responsabilidad<\/h2>\n<p>En ning\u00fan caso Rachel Frazier Johnson Law ser\u00e1 responsable de ning\u00fan da\u00f1o directo, indirecto, punitivo, incidental, especial o consecuente que surja de, est\u00e9 relacionado con o est\u00e9 de alguna manera conectado con su acceso, visualizaci\u00f3n o uso de este sitio web o con la demora o imposibilidad de acceder, mostrar o usar este sitio web, incluyendo, entre otros, su confianza en las opiniones o informaci\u00f3n que aparecen en este sitio web; cualquier virus inform\u00e1tico, informaci\u00f3n, software, sitios web vinculados operados por terceros, productos o servicios obtenidos a trav\u00e9s de este sitio web, ya sea que se basen en una teor\u00eda de negligencia, contrato, agravio, responsabilidad estricta, estatutos de protecci\u00f3n al consumidor o de otro modo, incluso si Rachel Frazier Johnson Law ha sido advertida de la posibilidad de tales da\u00f1os.<\/p>\n<h2>Enlaces a sitios web de terceros<\/h2>\n<p>Este sitio web puede contener hiperv\u00ednculos a sitios web operados por terceros y no por nosotros. Proporcionamos dichos hiperv\u00ednculos \u00fanicamente como referencia. No controlamos dichos sitios web ni nos responsabilizamos de su contenido, privacidad ni otras pr\u00e1cticas de los mismos. Adem\u00e1s, es su responsabilidad tomar precauciones para asegurarse de que los enlaces en los que haga clic o el software que descargue, ya sea de este sitio web o de otros sitios web o aplicaciones, est\u00e9n libres de virus, gusanos, troyanos, defectos y otros elementos de naturaleza destructiva. La inclusi\u00f3n de hiperv\u00ednculos a dichos sitios web no implica la aprobaci\u00f3n del material de dichos sitios ni ninguna asociaci\u00f3n con sus operadores.<\/p>\n<h2>Aviso de propiedad intelectual y DMCA y procedimiento para reclamos por infracci\u00f3n de la propiedad intelectual<\/h2>\n<p>Todo el contenido de este sitio web es \u00a92016-2025 de Rachel Frazier Johnson Law o de terceros. Reservados todos los derechos. Salvo que se especifique lo contrario, este sitio web y todo su contenido y dem\u00e1s materiales, incluyendo, entre otros, logotipos, dise\u00f1os, textos, gr\u00e1ficos, im\u00e1genes, informaci\u00f3n, datos, software, archivos de sonido y su disposici\u00f3n (en conjunto, el \u00abContenido\u00bb), son propiedad de Rachel Frazier Johnson Law y son marcas registradas, marcas comerciales o propiedad intelectual protegida de Rachel Frazier Johnson Law o de terceros en Estados Unidos y\/o en otros pa\u00edses.<\/p>\n<p>Si tiene conocimiento de una posible infracci\u00f3n de nuestra propiedad intelectual, comun\u00edquese con Rachel Frazier a solutions@rfjesq.com.<\/p>\n<p>Respetamos los derechos de propiedad intelectual de terceros. Nuestra pol\u00edtica es responder a cualquier reclamaci\u00f3n que indique que el Contenido publicado en el Sitio Web infringe los derechos de autor, marcas registradas u otros derechos de propiedad intelectual de cualquier persona o entidad.<\/p>\n<p>Si cree de buena fe que el Contenido infringe sus derechos de propiedad intelectual, usted o su agente pueden enviarnos una notificaci\u00f3n por escrito de dicha infracci\u00f3n titulada \u00abInfracci\u00f3n de los Derechos de Propiedad Intelectual &#8211; DMCA\u00bb. Su notificaci\u00f3n debe incluir la siguiente informaci\u00f3n:<\/p>\n<ol>\n<li aria-level=\"1\">Una firma electr\u00f3nica o f\u00edsica de la persona autorizada para actuar en nombre del titular del inter\u00e9s del derecho de propiedad intelectual;<\/li>\n<li aria-level=\"1\">Una descripci\u00f3n del trabajo que usted reclama que ha sido infringido, incluyendo la URL (es decir, la direcci\u00f3n de la p\u00e1gina web) del lugar donde existe el trabajo o una copia del mismo;<\/li>\n<li aria-level=\"1\">Su nombre, correo electr\u00f3nico, direcci\u00f3n y n\u00famero de tel\u00e9fono; y<\/li>\n<li aria-level=\"1\">Una declaraci\u00f3n suya de que cree de buena fe que el uso en disputa no est\u00e1 autorizado por el propietario de la obra, su agente o la ley.<\/li>\n<\/ol>\n<p>Tenga en cuenta que no procesaremos su queja si no est\u00e1 debidamente cumplimentada o est\u00e1 incompleta. Podr\u00eda ser responsable de da\u00f1os y perjuicios, incluyendo, entre otros, costas y honorarios de abogados por cualquier declaraci\u00f3n falsa o reclamaci\u00f3n de mala fe relacionada con la infracci\u00f3n de sus derechos de propiedad intelectual por el Contenido de este Sitio Web.<\/p>\n<p>Puede presentarnos su reclamo comunic\u00e1ndose con nosotros a:<\/p>\n<p>Rachel Frazier Johnson Law<br \/>\nRachel Fraziersolutions@rfjesq.com 6027773577 OPTIMA BILTMORE TOWERS 4808 N. 24th Street, Suite 150 Phoenix, Arizona 85016 Estados Unidos<\/p>\n<h2>Ley aplicable, divisibilidad, resoluci\u00f3n de disputas y jurisdicci\u00f3n<\/h2>\n<p>Estos T\u00e9rminos se regir\u00e1n e interpretar\u00e1n de conformidad con las leyes del estado de Arizona, Estados Unidos, sin perjuicio de sus disposiciones sobre conflicto de leyes . Estos t\u00e9rminos no se regir\u00e1n por la Convenci\u00f3n de las Naciones Unidas sobre los Contratos de Compraventa Internacional de Mercader\u00edas, el C\u00f3digo Comercial Uniforme ni los Incoterms.<\/p>\n<p>El hecho de que no hagamos valer alg\u00fan derecho o disposici\u00f3n de estos T\u00e9rminos no se considerar\u00e1 una renuncia a dicho derecho o disposici\u00f3n. Si un tribunal declara inv\u00e1lida o inaplicable alguna disposici\u00f3n de estos T\u00e9rminos, las dem\u00e1s disposiciones permanecer\u00e1n vigentes. Estos T\u00e9rminos constituyen el acuerdo completo entre usted y nosotros en relaci\u00f3n con nuestro Sitio Web y sustituyen cualquier acuerdo previo que hayamos tenido con usted en relaci\u00f3n con el Sitio Web.<\/p>\n<p>Cualquier controversia o reclamo que surja de o est\u00e9 relacionado con estos T\u00e9rminos, incluida, entre otras cosas, la interpretaci\u00f3n o el incumplimiento de los mismos, se resolver\u00e1 en un tribunal de jurisdicci\u00f3n competente en el condado de Maricopa, Arizona.<\/p>\n<p>Usted y Rachel Frazier Johnson Law acuerdan que cada uno puede presentar reclamos contra el otro solo en su car\u00e1cter individual y no como demandante o miembro de una clase en ninguna acci\u00f3n colectiva o representativa.<\/p>\n<h2>Cambios en los T\u00e9rminos de Servicio<\/h2>\n<p>Nos reservamos el derecho de modificar estos T\u00e9rminos de Servicio en cualquier momento. No le avisaremos cuando modifiquemos estos T\u00e9rminos de Servicio.<\/p>\n<h2>Preguntas<\/h2>\n<p>Si tiene alguna pregunta sobre nuestros T\u00e9rminos de servicio, cont\u00e1ctenos en solutions@rfjesq.com.<\/p>\n","protected":false},"excerpt":{"rendered":"<p>Condiciones de servicio \u00daltima actualizaci\u00f3n: 24 de junio de 2025 , 19:13 Lea atentamente estos T\u00e9rminos de Servicio (\u00abT\u00e9rminos\u00bb, \u00abT\u00e9rminos de Servicio\u00bb) antes de utilizar el sitio web https:\/\/rfjesq.com\/ (el \u00abSitio Web\u00bb), operado por Rachel Frazier Johnson Law, una sociedad de responsabilidad limitada constituida en Arizona, Estados Unidos (\u00abnosotros\u00bb, \u00abnuestro\u00bb), ya que estos T\u00e9rminos de [&hellip;]<\/p>\n","protected":false},"author":1,"featured_media":1120,"parent":0,"menu_order":0,"comment_status":"closed","ping_status":"closed","template":"","meta":{"_acf_changed":false,"_oasis_is_in_workflow":0,"_oasis_original":0,"_oasis_task_priority":"","ocean_post_layout":"","ocean_both_sidebars_style":"","ocean_both_sidebars_content_width":0,"ocean_both_sidebars_sidebars_width":0,"ocean_sidebar":"","ocean_second_sidebar":"","ocean_disable_margins":"enable","ocean_add_body_class":"","ocean_shortcode_before_top_bar":"","ocean_shortcode_after_top_bar":"","ocean_shortcode_before_header":"","ocean_shortcode_after_header":"","ocean_has_shortcode":"","ocean_shortcode_after_title":"","ocean_shortcode_before_footer_widgets":"","ocean_shortcode_after_footer_widgets":"","ocean_shortcode_before_footer_bottom":"","ocean_shortcode_after_footer_bottom":"","ocean_display_top_bar":"default","ocean_display_header":"default","ocean_header_style":"","ocean_center_header_left_menu":"","ocean_custom_header_template":"","ocean_custom_logo":0,"ocean_custom_retina_logo":0,"ocean_custom_logo_max_width":0,"ocean_custom_logo_tablet_max_width":0,"ocean_custom_logo_mobile_max_width":0,"ocean_custom_logo_max_height":0,"ocean_custom_logo_tablet_max_height":0,"ocean_custom_logo_mobile_max_height":0,"ocean_header_custom_menu":"","ocean_menu_typo_font_family":"","ocean_menu_typo_font_subset":"","ocean_menu_typo_font_size":0,"ocean_menu_typo_font_size_tablet":0,"ocean_menu_typo_font_size_mobile":0,"ocean_menu_typo_font_size_unit":"px","ocean_menu_typo_font_weight":"","ocean_menu_typo_font_weight_tablet":"","ocean_menu_typo_font_weight_mobile":"","ocean_menu_typo_transform":"","ocean_menu_typo_transform_tablet":"","ocean_menu_typo_transform_mobile":"","ocean_menu_typo_line_height":0,"ocean_menu_typo_line_height_tablet":0,"ocean_menu_typo_line_height_mobile":0,"ocean_menu_typo_line_height_unit":"","ocean_menu_typo_spacing":0,"ocean_menu_typo_spacing_tablet":0,"ocean_menu_typo_spacing_mobile":0,"ocean_menu_typo_spacing_unit":"","ocean_menu_link_color":"","ocean_menu_link_color_hover":"","ocean_menu_link_color_active":"","ocean_menu_link_background":"","ocean_menu_link_hover_background":"","ocean_menu_link_active_background":"","ocean_menu_social_links_bg":"","ocean_menu_social_hover_links_bg":"","ocean_menu_social_links_color":"","ocean_menu_social_hover_links_color":"","ocean_disable_title":"default","ocean_disable_heading":"default","ocean_post_title":"","ocean_post_subheading":"","ocean_post_title_style":"","ocean_post_title_background_color":"","ocean_post_title_background":0,"ocean_post_title_bg_image_position":"","ocean_post_title_bg_image_attachment":"","ocean_post_title_bg_image_repeat":"","ocean_post_title_bg_image_size":"","ocean_post_title_height":0,"ocean_post_title_bg_overlay":0.5,"ocean_post_title_bg_overlay_color":"","ocean_disable_breadcrumbs":"default","ocean_breadcrumbs_color":"","ocean_breadcrumbs_separator_color":"","ocean_breadcrumbs_links_color":"","ocean_breadcrumbs_links_hover_color":"","ocean_display_footer_widgets":"default","ocean_display_footer_bottom":"default","ocean_custom_footer_template":"","footnotes":""},"class_list":["post-499","page","type-page","status-publish","has-post-thumbnail","hentry","entry","has-media"],"acf":[],"_links":{"self":[{"href":"https:\/\/rfjesq.com\/es\/wp-json\/wp\/v2\/pages\/499","targetHints":{"allow":["GET"]}}],"collection":[{"href":"https:\/\/rfjesq.com\/es\/wp-json\/wp\/v2\/pages"}],"about":[{"href":"https:\/\/rfjesq.com\/es\/wp-json\/wp\/v2\/types\/page"}],"author":[{"embeddable":true,"href":"https:\/\/rfjesq.com\/es\/wp-json\/wp\/v2\/users\/1"}],"replies":[{"embeddable":true,"href":"https:\/\/rfjesq.com\/es\/wp-json\/wp\/v2\/comments?post=499"}],"version-history":[{"count":10,"href":"https:\/\/rfjesq.com\/es\/wp-json\/wp\/v2\/pages\/499\/revisions"}],"predecessor-version":[{"id":2646,"href":"https:\/\/rfjesq.com\/es\/wp-json\/wp\/v2\/pages\/499\/revisions\/2646"}],"wp:featuredmedia":[{"embeddable":true,"href":"https:\/\/rfjesq.com\/es\/wp-json\/wp\/v2\/media\/1120"}],"wp:attachment":[{"href":"https:\/\/rfjesq.com\/es\/wp-json\/wp\/v2\/media?parent=499"}],"curies":[{"name":"wp","href":"https:\/\/api.w.org\/{rel}","templated":true}]}}