{"id":513,"date":"2025-07-15T04:16:02","date_gmt":"2025-07-15T09:16:02","guid":{"rendered":"https:\/\/rfjesq.com\/juvenile\/"},"modified":"2025-10-09T16:35:38","modified_gmt":"2025-10-09T21:35:38","slug":"juvenile","status":"publish","type":"page","link":"https:\/\/rfjesq.com\/es\/practice-areas\/family-law\/juvenile\/","title":{"rendered":"Derecho de menores"},"content":{"rendered":"<h1>Abogado de Familia y Menores, Phoenix<\/h1>\n<p><span style=\"font-weight: 400;\">Sea cual sea la historia, su hijo merece lo mejor. Eso significa la oportunidad de un futuro brillante, sin importar c\u00f3mo haya sido la situaci\u00f3n hasta ahora. Las oportunidades son diferentes en cada situaci\u00f3n, desde nuevos comienzos hasta la adopci\u00f3n, y es nuestra responsabilidad trabajar con usted para encontrar el camino correcto para usted o su hijo. Puede mejorar. Le ayudaremos a descubrir las posibilidades para su hijo y su familia.<\/span><\/p>\n<p><span style=\"font-weight: 400;\">Devuelva a su familia la vida que so\u00f1aba. Rachel Frazier Johnson Law est\u00e1 aqu\u00ed para ayudarle.<\/span><\/p>\n<h2>Casos de menores<\/h2>\n<ul>\n<li style=\"font-weight: 400;\" aria-level=\"1\"><span style=\"font-weight: 400;\">Negligencia\/abuso infantil<\/span><\/li>\n<li style=\"font-weight: 400;\" aria-level=\"1\"><span style=\"font-weight: 400;\">Dependencia\/abandono<\/span><\/li>\n<li style=\"font-weight: 400;\" aria-level=\"1\"><span style=\"font-weight: 400;\">Tutela<\/span><\/li>\n<li style=\"font-weight: 400;\" aria-level=\"1\"><a href=\"https:\/\/rfjesq.com\/es\/practice-areas\/family-law\/adoption\/\"><span style=\"font-weight: 400;\">Adopci\u00f3n<\/span><\/a><\/li>\n<li style=\"font-weight: 400;\" aria-level=\"1\"><span style=\"font-weight: 400;\">Terminaci\u00f3n de<\/span><a href=\"https:\/\/rfjesq.com\/es\/practice-areas\/family-law\/parenting-time-visitation\/\"> <span style=\"font-weight: 400;\">la patria potestad<\/span><\/a><\/li>\n<\/ul>\n<h2>Nuestro enfoque del derecho de menores<\/h2>\n<p><a href=\"https:\/\/rfjesq.com\/es\/contact\/\"><span style=\"font-weight: 400;\">Rachel Frazier Johnson Law<\/span><\/a> <span style=\"font-weight: 400;\">manejar\u00e1 con delicadeza cualquier asunto legal que involucre a ni\u00f1os con profesionalismo y sensibilidad, asegurando que cada cliente (incluidos padres e hijos por igual) tenga voz en el tribunal y durante todo el proceso legal para proteger los derechos legales de los padres o, en el caso de un ni\u00f1o, los mejores intereses del ni\u00f1o.<\/span><\/p>\n","protected":false},"excerpt":{"rendered":"<p>Abogado de Familia y Menores, Phoenix Sea cual sea la historia, su hijo merece lo mejor. Eso significa la oportunidad de un futuro brillante, sin importar c\u00f3mo haya sido la situaci\u00f3n hasta ahora. Las oportunidades son diferentes en cada situaci\u00f3n, desde nuevos comienzos hasta la adopci\u00f3n, y es nuestra responsabilidad trabajar con usted para encontrar [&hellip;]<\/p>\n","protected":false},"author":1,"featured_media":3062,"parent":503,"menu_order":0,"comment_status":"closed","ping_status":"closed","template":"","meta":{"_acf_changed":false,"_oasis_is_in_workflow":0,"_oasis_original":0,"_oasis_task_priority":"","ocean_post_layout":"","ocean_both_sidebars_style":"","ocean_both_sidebars_content_width":0,"ocean_both_sidebars_sidebars_width":0,"ocean_sidebar":"","ocean_second_sidebar":"","ocean_disable_margins":"enable","ocean_add_body_class":"","ocean_shortcode_before_top_bar":"","ocean_shortcode_after_top_bar":"","ocean_shortcode_before_header":"","ocean_shortcode_after_header":"","ocean_has_shortcode":"","ocean_shortcode_after_title":"","ocean_shortcode_before_footer_widgets":"","ocean_shortcode_after_footer_widgets":"","ocean_shortcode_before_footer_bottom":"","ocean_shortcode_after_footer_bottom":"","ocean_display_top_bar":"default","ocean_display_header":"default","ocean_header_style":"","ocean_center_header_left_menu":"","ocean_custom_header_template":"","ocean_custom_logo":0,"ocean_custom_retina_logo":0,"ocean_custom_logo_max_width":0,"ocean_custom_logo_tablet_max_width":0,"ocean_custom_logo_mobile_max_width":0,"ocean_custom_logo_max_height":0,"ocean_custom_logo_tablet_max_height":0,"ocean_custom_logo_mobile_max_height":0,"ocean_header_custom_menu":"","ocean_menu_typo_font_family":"","ocean_menu_typo_font_subset":"","ocean_menu_typo_font_size":0,"ocean_menu_typo_font_size_tablet":0,"ocean_menu_typo_font_size_mobile":0,"ocean_menu_typo_font_size_unit":"px","ocean_menu_typo_font_weight":"","ocean_menu_typo_font_weight_tablet":"","ocean_menu_typo_font_weight_mobile":"","ocean_menu_typo_transform":"","ocean_menu_typo_transform_tablet":"","ocean_menu_typo_transform_mobile":"","ocean_menu_typo_line_height":0,"ocean_menu_typo_line_height_tablet":0,"ocean_menu_typo_line_height_mobile":0,"ocean_menu_typo_line_height_unit":"","ocean_menu_typo_spacing":0,"ocean_menu_typo_spacing_tablet":0,"ocean_menu_typo_spacing_mobile":0,"ocean_menu_typo_spacing_unit":"","ocean_menu_link_color":"","ocean_menu_link_color_hover":"","ocean_menu_link_color_active":"","ocean_menu_link_background":"","ocean_menu_link_hover_background":"","ocean_menu_link_active_background":"","ocean_menu_social_links_bg":"","ocean_menu_social_hover_links_bg":"","ocean_menu_social_links_color":"","ocean_menu_social_hover_links_color":"","ocean_disable_title":"default","ocean_disable_heading":"default","ocean_post_title":"","ocean_post_subheading":"","ocean_post_title_style":"","ocean_post_title_background_color":"","ocean_post_title_background":0,"ocean_post_title_bg_image_position":"","ocean_post_title_bg_image_attachment":"","ocean_post_title_bg_image_repeat":"","ocean_post_title_bg_image_size":"","ocean_post_title_height":0,"ocean_post_title_bg_overlay":0.5,"ocean_post_title_bg_overlay_color":"","ocean_disable_breadcrumbs":"default","ocean_breadcrumbs_color":"","ocean_breadcrumbs_separator_color":"","ocean_breadcrumbs_links_color":"","ocean_breadcrumbs_links_hover_color":"","ocean_display_footer_widgets":"default","ocean_display_footer_bottom":"default","ocean_custom_footer_template":"","footnotes":""},"class_list":["post-513","page","type-page","status-publish","has-post-thumbnail","hentry","entry","has-media"],"acf":[],"_links":{"self":[{"href":"https:\/\/rfjesq.com\/es\/wp-json\/wp\/v2\/pages\/513","targetHints":{"allow":["GET"]}}],"collection":[{"href":"https:\/\/rfjesq.com\/es\/wp-json\/wp\/v2\/pages"}],"about":[{"href":"https:\/\/rfjesq.com\/es\/wp-json\/wp\/v2\/types\/page"}],"author":[{"embeddable":true,"href":"https:\/\/rfjesq.com\/es\/wp-json\/wp\/v2\/users\/1"}],"replies":[{"embeddable":true,"href":"https:\/\/rfjesq.com\/es\/wp-json\/wp\/v2\/comments?post=513"}],"version-history":[{"count":7,"href":"https:\/\/rfjesq.com\/es\/wp-json\/wp\/v2\/pages\/513\/revisions"}],"predecessor-version":[{"id":2719,"href":"https:\/\/rfjesq.com\/es\/wp-json\/wp\/v2\/pages\/513\/revisions\/2719"}],"up":[{"embeddable":true,"href":"https:\/\/rfjesq.com\/es\/wp-json\/wp\/v2\/pages\/503"}],"wp:featuredmedia":[{"embeddable":true,"href":"https:\/\/rfjesq.com\/es\/wp-json\/wp\/v2\/media\/3062"}],"wp:attachment":[{"href":"https:\/\/rfjesq.com\/es\/wp-json\/wp\/v2\/media?parent=513"}],"curies":[{"name":"wp","href":"https:\/\/api.w.org\/{rel}","templated":true}]}}