{"id":520,"date":"2025-07-15T04:25:50","date_gmt":"2025-07-15T09:25:50","guid":{"rendered":"https:\/\/rfjesq.com\/adoption\/"},"modified":"2025-10-09T14:48:58","modified_gmt":"2025-10-09T19:48:58","slug":"adoption","status":"publish","type":"page","link":"https:\/\/rfjesq.com\/es\/practice-areas\/family-law\/adoption\/","title":{"rendered":"Adopciones"},"content":{"rendered":"<h1>Abogado de adopci\u00f3n en Phoenix<\/h1>\n<p><span style=\"font-weight: 400;\">Cuando un<\/span><a href=\"https:\/\/rfjesq.com\/es\/practice-areas\/family-law\/child-custody\/\"> <span style=\"font-weight: 400;\">ni\u00f1o<\/span><\/a> <span style=\"font-weight: 400;\">no tiene la seguridad de un hogar seguro y amoroso, crecer se vuelve a\u00fan m\u00e1s dif\u00edcil. La incertidumbre, la inestabilidad e incluso el miedo le distraen de las alegr\u00edas de ser ni\u00f1o. No se trata solo de encontrar una situaci\u00f3n diferente para estos ni\u00f1os, se trata de encontrar un hogar&#8230; un hogar definitivo. Mucho m\u00e1s que un caso, vemos la vida de un ni\u00f1o, su promesa y su potencial.<\/span><a href=\"https:\/\/rfjesq.com\/es\/about-rfj-law\/\"> <span style=\"font-weight: 400;\">Rachel Frazier Johnson Law<\/span><\/a> <span style=\"font-weight: 400;\">se compromete a guiarlo en la importante decisi\u00f3n de la adopci\u00f3n.<\/span><\/p>\n<p><span style=\"font-weight: 400;\">Una familia, un hogar, estabilidad y la oportunidad de una vida mejor y un futuro m\u00e1s prometedor: esa es la combinaci\u00f3n perfecta para lograr lo mejor para un ni\u00f1o. Para la familia y el ni\u00f1o\u2026 las familias fuertes crean la base que todo ni\u00f1o merece.<\/span><\/p>\n<p><span style=\"font-weight: 400;\">A\u00f1os de pr\u00e1ctica con casos de adopci\u00f3n en Arizona significan que tenemos la experiencia para guiar a los padres adoptivos y nos permiten poner nuestro coraz\u00f3n en lo que amamos y realmente marcar la diferencia.<\/span><\/p>\n<h2>Casos de adopci\u00f3n<\/h2>\n<ul>\n<li style=\"font-weight: 400;\" aria-level=\"1\"><span style=\"font-weight: 400;\">Adopciones privadas<\/span><\/li>\n<li style=\"font-weight: 400;\" aria-level=\"1\"><span style=\"font-weight: 400;\">Adopciones de DCS<\/span><\/li>\n<\/ul>\n<h2>Nuestro enfoque sobre la ley de adopci\u00f3n<\/h2>\n<p><span style=\"font-weight: 400;\">Nos aseguramos de que cada adopci\u00f3n se gestione de forma profesional y oportuna. Nos comprometemos a garantizar que cada cliente est\u00e9 debidamente representado e informado durante todo el proceso de adopci\u00f3n. Con un historial de innumerables adopciones y litigios exitosos, cuando sea necesario,<\/span><a href=\"https:\/\/rfjesq.com\/es\/contact\/\"> <span style=\"font-weight: 400;\">puede confiarnos<\/span><\/a> <span style=\"font-weight: 400;\">uno de los momentos m\u00e1s preciados de la vida: la adopci\u00f3n de un ni\u00f1o.<\/span><\/p>\n","protected":false},"excerpt":{"rendered":"<p>Abogado de adopci\u00f3n en Phoenix Cuando un ni\u00f1o no tiene la seguridad de un hogar seguro y amoroso, crecer se vuelve a\u00fan m\u00e1s dif\u00edcil. La incertidumbre, la inestabilidad e incluso el miedo le distraen de las alegr\u00edas de ser ni\u00f1o. No se trata solo de encontrar una situaci\u00f3n diferente para estos ni\u00f1os, se trata de [&hellip;]<\/p>\n","protected":false},"author":1,"featured_media":3060,"parent":503,"menu_order":0,"comment_status":"closed","ping_status":"closed","template":"","meta":{"_acf_changed":false,"_oasis_is_in_workflow":0,"_oasis_original":0,"_oasis_task_priority":"","ocean_post_layout":"","ocean_both_sidebars_style":"","ocean_both_sidebars_content_width":0,"ocean_both_sidebars_sidebars_width":0,"ocean_sidebar":"","ocean_second_sidebar":"","ocean_disable_margins":"enable","ocean_add_body_class":"","ocean_shortcode_before_top_bar":"","ocean_shortcode_after_top_bar":"","ocean_shortcode_before_header":"","ocean_shortcode_after_header":"","ocean_has_shortcode":"","ocean_shortcode_after_title":"","ocean_shortcode_before_footer_widgets":"","ocean_shortcode_after_footer_widgets":"","ocean_shortcode_before_footer_bottom":"","ocean_shortcode_after_footer_bottom":"","ocean_display_top_bar":"default","ocean_display_header":"default","ocean_header_style":"","ocean_center_header_left_menu":"","ocean_custom_header_template":"","ocean_custom_logo":0,"ocean_custom_retina_logo":0,"ocean_custom_logo_max_width":0,"ocean_custom_logo_tablet_max_width":0,"ocean_custom_logo_mobile_max_width":0,"ocean_custom_logo_max_height":0,"ocean_custom_logo_tablet_max_height":0,"ocean_custom_logo_mobile_max_height":0,"ocean_header_custom_menu":"","ocean_menu_typo_font_family":"","ocean_menu_typo_font_subset":"","ocean_menu_typo_font_size":0,"ocean_menu_typo_font_size_tablet":0,"ocean_menu_typo_font_size_mobile":0,"ocean_menu_typo_font_size_unit":"px","ocean_menu_typo_font_weight":"","ocean_menu_typo_font_weight_tablet":"","ocean_menu_typo_font_weight_mobile":"","ocean_menu_typo_transform":"","ocean_menu_typo_transform_tablet":"","ocean_menu_typo_transform_mobile":"","ocean_menu_typo_line_height":0,"ocean_menu_typo_line_height_tablet":0,"ocean_menu_typo_line_height_mobile":0,"ocean_menu_typo_line_height_unit":"","ocean_menu_typo_spacing":0,"ocean_menu_typo_spacing_tablet":0,"ocean_menu_typo_spacing_mobile":0,"ocean_menu_typo_spacing_unit":"","ocean_menu_link_color":"","ocean_menu_link_color_hover":"","ocean_menu_link_color_active":"","ocean_menu_link_background":"","ocean_menu_link_hover_background":"","ocean_menu_link_active_background":"","ocean_menu_social_links_bg":"","ocean_menu_social_hover_links_bg":"","ocean_menu_social_links_color":"","ocean_menu_social_hover_links_color":"","ocean_disable_title":"default","ocean_disable_heading":"default","ocean_post_title":"","ocean_post_subheading":"","ocean_post_title_style":"","ocean_post_title_background_color":"","ocean_post_title_background":0,"ocean_post_title_bg_image_position":"","ocean_post_title_bg_image_attachment":"","ocean_post_title_bg_image_repeat":"","ocean_post_title_bg_image_size":"","ocean_post_title_height":0,"ocean_post_title_bg_overlay":0.5,"ocean_post_title_bg_overlay_color":"","ocean_disable_breadcrumbs":"default","ocean_breadcrumbs_color":"","ocean_breadcrumbs_separator_color":"","ocean_breadcrumbs_links_color":"","ocean_breadcrumbs_links_hover_color":"","ocean_display_footer_widgets":"default","ocean_display_footer_bottom":"default","ocean_custom_footer_template":"","footnotes":""},"class_list":["post-520","page","type-page","status-publish","has-post-thumbnail","hentry","entry","has-media"],"acf":[],"_links":{"self":[{"href":"https:\/\/rfjesq.com\/es\/wp-json\/wp\/v2\/pages\/520","targetHints":{"allow":["GET"]}}],"collection":[{"href":"https:\/\/rfjesq.com\/es\/wp-json\/wp\/v2\/pages"}],"about":[{"href":"https:\/\/rfjesq.com\/es\/wp-json\/wp\/v2\/types\/page"}],"author":[{"embeddable":true,"href":"https:\/\/rfjesq.com\/es\/wp-json\/wp\/v2\/users\/1"}],"replies":[{"embeddable":true,"href":"https:\/\/rfjesq.com\/es\/wp-json\/wp\/v2\/comments?post=520"}],"version-history":[{"count":8,"href":"https:\/\/rfjesq.com\/es\/wp-json\/wp\/v2\/pages\/520\/revisions"}],"predecessor-version":[{"id":2676,"href":"https:\/\/rfjesq.com\/es\/wp-json\/wp\/v2\/pages\/520\/revisions\/2676"}],"up":[{"embeddable":true,"href":"https:\/\/rfjesq.com\/es\/wp-json\/wp\/v2\/pages\/503"}],"wp:featuredmedia":[{"embeddable":true,"href":"https:\/\/rfjesq.com\/es\/wp-json\/wp\/v2\/media\/3060"}],"wp:attachment":[{"href":"https:\/\/rfjesq.com\/es\/wp-json\/wp\/v2\/media?parent=520"}],"curies":[{"name":"wp","href":"https:\/\/api.w.org\/{rel}","templated":true}]}}