{"id":538,"date":"2025-07-15T04:50:22","date_gmt":"2025-07-15T09:50:22","guid":{"rendered":"https:\/\/rfjesq.com\/about-rfj-law\/"},"modified":"2025-10-09T13:45:07","modified_gmt":"2025-10-09T18:45:07","slug":"about-rfj-law","status":"publish","type":"page","link":"https:\/\/rfjesq.com\/es\/about-rfj-law\/","title":{"rendered":"Acerca de nuestra firma"},"content":{"rendered":"<h1>Acerca de Rachel Frazier Johnson Law<\/h1>\n<p><span style=\"font-weight: 400\">En Rachel Frazier Johnson Law, somos m\u00e1s que simples profesionales del derecho; somos defensores dedicados, comprometidos a brindar resultados orientados a las soluciones para nuestros clientes. Con una base s\u00f3lida de experiencia, innovaci\u00f3n y compasi\u00f3n, nuestra firma se ha ganado una s\u00f3lida reputaci\u00f3n por brindar excelentes servicios legales en Arizona.<\/span><\/p>\n<h2>Conozca a nuestra fundadora: Rachel Frazier Johnson, Esq.<\/h2>\n<p><span style=\"font-weight: 400\">Con m\u00e1s de <a class=\"wpil_keyword_link\" href=\"https:\/\/rfjesq.com\/es\/team\/rachel-frazier-johnson\/\" title=\"Rachel Frazier Johnson\" data-wpil-keyword-link=\"linked\" data-wpil-monitor-id=\"34\">25 a\u00f1os de experiencia<\/a> en litigios, Rachel Frazier Johnson se ha consolidado como una figura clave en la comunidad legal. Su pr\u00e1ctica se centra en lesiones personales, derecho de familia y mediaci\u00f3n, lo que refleja su dedicaci\u00f3n a abordar las diversas necesidades de sus clientes y a buscar la resoluci\u00f3n de disputas sin intervenci\u00f3n judicial cuando sea necesario.<\/span><\/p>\n<h2>Nuestro enfoque personal<\/h2>\n<p><span style=\"font-weight: 400\">La abogada Johnson se dedica a brindar a cada cliente una atenci\u00f3n especial y una formaci\u00f3n y representaci\u00f3n legal integral. Para ella, es importante que usted comprenda todo lo que necesita saber sobre su asunto o conflicto legal. Se conecta con usted, comprende su situaci\u00f3n y le guiar\u00e1 en su dif\u00edcil situaci\u00f3n legal.<\/span><\/p>\n<p><span style=\"font-weight: 400\">La amplia experiencia de Rachel incluye su desempe\u00f1o como Jueza Pro Tempore desde 2002, presidiendo casos complejos y de alto perfil que requieren conocimientos legales especializados. Su perspectiva \u00fanica, tras haber trabajado en diversos tribunales, incluyendo tribunales tribales, municipales y estatales, le proporciona una comprensi\u00f3n integral del panorama legal. Esto permite a la firma desarrollar estrategias legales altamente efectivas para alcanzar los objetivos de nuestros clientes.<\/span><\/p>\n<h2>Reconocimientos y nombramientos:<\/h2>\n<ul>\n<li style=\"font-weight: 400\"><span style=\"font-weight: 400\">Fundadora, Rachel Frazier Johnson Law<\/span><\/li>\n<li style=\"font-weight: 400\"><span style=\"font-weight: 400\">Juez Pro Tempore y Juez del Panel de Apelaciones, Tribunal Tohono O&#8217;odham.<\/span><\/li>\n<li style=\"font-weight: 400\"><span style=\"font-weight: 400\">Juez pro tempore, Tribunal Nacional Hualapai<\/span><\/li>\n<li style=\"font-weight: 400\"><span style=\"font-weight: 400\">Comit\u00e9 Asesor de Comunicaciones del Colegio de Abogados del Estado de Arizona, ex copresidente y miembro<\/span><\/li>\n<li style=\"font-weight: 400\"><span style=\"font-weight: 400\">Exmiembro del Comit\u00e9 de Nombramientos del Colegio de Abogados del Estado de Arizona<\/span><\/li>\n<li style=\"font-weight: 400\"><span style=\"font-weight: 400\">Consejo Ejecutivo de Derecho Juvenil del Colegio de Abogados del Estado de Arizona, miembro<\/span><\/li>\n<li style=\"font-weight: 400\"><span style=\"font-weight: 400\">Junta Asesora de Derechos Civiles de Arizona, exmiembro<\/span><\/li>\n<li style=\"font-weight: 400\"><span style=\"font-weight: 400\">Comisi\u00f3n de las Artes de Arizona, exmiembro<\/span><\/li>\n<li style=\"font-weight: 400\"><span style=\"font-weight: 400\">Comisionado de la Comisi\u00f3n de Arte y Cultura de la Ciudad de Phoenix; Presidente del Comit\u00e9 de Arte P\u00fablico.<\/span><\/li>\n<li style=\"font-weight: 400\"><span style=\"font-weight: 400\">Miembro del Comit\u00e9 de Planificaci\u00f3n de la Villa de la Ciudad de Phoenix (Centro de Phoenix).<\/span><\/li>\n<li style=\"font-weight: 400\"><span style=\"font-weight: 400\">Junta Directiva de la Corporaci\u00f3n de Desarrollo Comunitario de Tanner, miembro<\/span><\/li>\n<li style=\"font-weight: 400\"><span style=\"font-weight: 400\">Miembro de la Junta del Colegio de Abogados de Cannabis de Arizona<\/span><\/li>\n<li style=\"font-weight: 400\"><span style=\"font-weight: 400\">Miembro fundador de la junta directiva de Sun Valley Academy<\/span><\/li>\n<li style=\"font-weight: 400\"><span style=\"font-weight: 400\">Premio Athena de la C\u00e1mara de Comercio del Gran F\u00e9nix, Finalista del Sector Privado (2020)<\/span><\/li>\n<li style=\"font-weight: 400\"><span style=\"font-weight: 400\">Mujeres destacadas de Arizona, profesi\u00f3n jur\u00eddica, seg\u00fan el Arizona Capital Times (2022).<\/span><\/li>\n<li style=\"font-weight: 400\"><span style=\"font-weight: 400\">En la revista de negocios Mujer de logros.<\/span><\/li>\n<li style=\"font-weight: 400\"><span style=\"font-weight: 400\">Lo mejor de los negocios en Arizona (2022)<\/span><\/li>\n<li style=\"font-weight: 400\"><span style=\"font-weight: 400\">Ranking de los 10 mejores bufetes de abogados de Arizona (lesiones personales) 2018-2024<\/span><\/li>\n<li style=\"font-weight: 400\"><span style=\"font-weight: 400\">Ranking de los 10 mejores bufetes de abogados de Arizona (derecho de familia) 2028-2024.<\/span><\/li>\n<li style=\"font-weight: 400\"><span style=\"font-weight: 400\">Reconocido por los mejores abogados de Arizona.<\/span><\/li>\n<li style=\"font-weight: 400\"><span style=\"font-weight: 400\">Voluntario, Programa de Asistencia a Abogados de Familia (FLAP)<\/span><\/li>\n<li style=\"font-weight: 400\"><span style=\"font-weight: 400\">Grupo de Trabajo de la Corte Suprema de Arizona sobre las Reglas de Procedimiento para Acciones Especiales<\/span><\/li>\n<\/ul>\n<h2>Educaci\u00f3n:<\/h2>\n<ul>\n<li style=\"font-weight: 400\"><span style=\"font-weight: 400\">Doctorado en Derecho, Universidad de Arizona<\/span><\/li>\n<li style=\"font-weight: 400\"><span style=\"font-weight: 400\">Licenciatura en Ciencias Pol\u00edticas, Universidad de Arizona<\/span><\/li>\n<\/ul>\n<h2>Nuestro equipo orientado a soluciones<\/h2>\n<p><span style=\"font-weight: 400\">En Rachel Frazier Johnson Law, nuestro equipo se basa en una filosof\u00eda centrada en el cliente. Entendemos que los desaf\u00edos legales pueden ser abrumadores, por lo que priorizamos la compasi\u00f3n, la defensa y el trabajo arduo. Nuestra experiencia colectiva abarca d\u00e9cadas, abarcando \u00e1reas como:<\/span><\/p>\n<ul>\n<li style=\"font-weight: 400\"><a href=\"https:\/\/rfjesq.com\/es\/practice-areas\/personal-injury\/\"><b>Lesiones personales<\/b><\/a><span style=\"font-weight: 400\">:<\/span> <span style=\"font-weight: 400\">accidentes automovil\u00edsticos, lesiones catastr\u00f3ficas, negligencia m\u00e9dica y mucho m\u00e1s.<\/span><\/li>\n<li style=\"font-weight: 400\"><a href=\"https:\/\/rfjesq.com\/es\/practice-areas\/family-law\/\"><b>Derecho de familia<\/b><\/a><span style=\"font-weight: 400\">:<\/span> <span style=\"font-weight: 400\">divorcio\/separaci\u00f3n legal, manutenci\u00f3n infantil, toma de decisiones legales, tiempo de crianza, planes de crianza, manutenci\u00f3n conyugal y m\u00e1s.<\/span><\/li>\n<li style=\"font-weight: 400\"><a href=\"https:\/\/rfjesq.com\/es\/practice-areas\/family-law\/adoption\/\"><b>Adopciones<\/b><\/a><span style=\"font-weight: 400\">:<\/span> <span style=\"font-weight: 400\">Adopciones del Departamento de Seguridad Infantil (DCS) y adopciones privadas.<\/span><\/li>\n<li style=\"font-weight: 400\"><a href=\"https:\/\/rfjesq.com\/es\/practice-areas\/family-law\/juvenile\/\"><b>Derecho de menores<\/b><\/a><span style=\"font-weight: 400\">:<\/span> <span style=\"font-weight: 400\">separaci\u00f3n, tutela y dependencia<\/span><\/li>\n<li style=\"font-weight: 400\"><a href=\"https:\/\/rfjesq.com\/es\/practice-areas\/mediation\/\"><b>Mediaci\u00f3n<\/b><\/a><\/li>\n<\/ul>\n<p><span style=\"font-weight: 400\">Nuestros abogados y personal son personas compasivas que creen que servir a los dem\u00e1s es una vocaci\u00f3n que va m\u00e1s all\u00e1 del horario de oficina. Nos comprometemos a guiar a nuestros clientes en sus procesos legales con agilidad y confianza.<\/span><\/p>\n<h2>Compromiso con la comunidad<\/h2>\n<p><span style=\"font-weight: 400\">Nuestra firma est\u00e1 profundamente comprometida con la comunidad. Rachel Frazier Johnson y nuestro equipo participan activamente en diversas organizaciones, ofreciendo nuestro tiempo como voluntarios para apoyar a quienes lo necesitan y ofreciendo servicios pro bono cuando el tiempo lo permite. Desde la participaci\u00f3n en comisiones hasta la participaci\u00f3n en iniciativas art\u00edsticas y culturales, nuestro compromiso con el servicio es inquebrantable.<\/span><\/p>\n<h2>\u00bfPor qu\u00e9 elegirnos?<\/h2>\n<ul>\n<li style=\"font-weight: 400\"><b>Experiencia: <\/b><span style=\"font-weight: 400\">M\u00e1s de dos d\u00e9cadas de pr\u00e1ctica legal en m\u00faltiples disciplinas.<\/span><\/li>\n<li style=\"font-weight: 400\"><b>Servicios integrales: <\/b><span style=\"font-weight: 400\">Una amplia gama de \u00e1reas de pr\u00e1ctica para satisfacer las diversas necesidades de los clientes.<\/span><\/li>\n<li style=\"font-weight: 400\"><b>Enfoque centrado en el cliente: <\/b><span style=\"font-weight: 400\">La atenci\u00f3n personalizada mantiene a los clientes informados y empoderados.<\/span><\/li>\n<li style=\"font-weight: 400\"><b>Compromiso comunitario: <\/b><span style=\"font-weight: 400\">una empresa que cree en retribuir y generar un impacto positivo.<\/span><\/li>\n<\/ul>\n<p><span style=\"font-weight: 400\">En Rachel Frazier Johnson Law, combinamos experiencia legal con una atenci\u00f3n genuina a nuestros clientes. Nos dedicamos a crear soluciones que no solo aborden las preocupaciones legales inmediatas, sino que tambi\u00e9n preparen el camino para un futuro mejor.<\/span><\/p>\n<h2>Cont\u00e1ctenos.<\/h2>\n<p><span style=\"font-weight: 400\">Le invitamos a<\/span><a href=\"https:\/\/rfjesq.com\/es\/contact\/\"> <span style=\"font-weight: 400\">contactarnos<\/span><\/a> <span style=\"font-weight: 400\">y a experimentar la dedicaci\u00f3n y la experiencia que definen a Rachel Frazier Johnson Law. Ya sea que se enfrente a un desaf\u00edo legal personal, busque orientaci\u00f3n tras una lesi\u00f3n, para su familia o asistencia para mediar una disputa, nuestro equipo est\u00e1 aqu\u00ed para brindarle el apoyo y las soluciones que necesita. Perm\u00edtanos ser sus socios de confianza para abordar las complejidades de una lesi\u00f3n, sus familiares y la mediaci\u00f3n de una disputa.<\/span><\/p>\n<p><b><i>Se habla espa\u00f1ol.<\/i><\/b><\/p>\n","protected":false},"excerpt":{"rendered":"<p>Acerca de Rachel Frazier Johnson Law En Rachel Frazier Johnson Law, somos m\u00e1s que simples profesionales del derecho; somos defensores dedicados, comprometidos a brindar resultados orientados a las soluciones para nuestros clientes. Con una base s\u00f3lida de experiencia, innovaci\u00f3n y compasi\u00f3n, nuestra firma se ha ganado una s\u00f3lida reputaci\u00f3n por brindar excelentes servicios legales en [&hellip;]<\/p>\n","protected":false},"author":1,"featured_media":763,"parent":0,"menu_order":0,"comment_status":"closed","ping_status":"closed","template":"","meta":{"_acf_changed":false,"_oasis_is_in_workflow":0,"_oasis_original":0,"_oasis_task_priority":"","ocean_post_layout":"","ocean_both_sidebars_style":"","ocean_both_sidebars_content_width":0,"ocean_both_sidebars_sidebars_width":0,"ocean_sidebar":"","ocean_second_sidebar":"","ocean_disable_margins":"enable","ocean_add_body_class":"","ocean_shortcode_before_top_bar":"","ocean_shortcode_after_top_bar":"","ocean_shortcode_before_header":"","ocean_shortcode_after_header":"","ocean_has_shortcode":"","ocean_shortcode_after_title":"","ocean_shortcode_before_footer_widgets":"","ocean_shortcode_after_footer_widgets":"","ocean_shortcode_before_footer_bottom":"","ocean_shortcode_after_footer_bottom":"","ocean_display_top_bar":"default","ocean_display_header":"default","ocean_header_style":"","ocean_center_header_left_menu":"","ocean_custom_header_template":"","ocean_custom_logo":0,"ocean_custom_retina_logo":0,"ocean_custom_logo_max_width":0,"ocean_custom_logo_tablet_max_width":0,"ocean_custom_logo_mobile_max_width":0,"ocean_custom_logo_max_height":0,"ocean_custom_logo_tablet_max_height":0,"ocean_custom_logo_mobile_max_height":0,"ocean_header_custom_menu":"","ocean_menu_typo_font_family":"","ocean_menu_typo_font_subset":"","ocean_menu_typo_font_size":0,"ocean_menu_typo_font_size_tablet":0,"ocean_menu_typo_font_size_mobile":0,"ocean_menu_typo_font_size_unit":"px","ocean_menu_typo_font_weight":"","ocean_menu_typo_font_weight_tablet":"","ocean_menu_typo_font_weight_mobile":"","ocean_menu_typo_transform":"","ocean_menu_typo_transform_tablet":"","ocean_menu_typo_transform_mobile":"","ocean_menu_typo_line_height":0,"ocean_menu_typo_line_height_tablet":0,"ocean_menu_typo_line_height_mobile":0,"ocean_menu_typo_line_height_unit":"","ocean_menu_typo_spacing":0,"ocean_menu_typo_spacing_tablet":0,"ocean_menu_typo_spacing_mobile":0,"ocean_menu_typo_spacing_unit":"","ocean_menu_link_color":"","ocean_menu_link_color_hover":"","ocean_menu_link_color_active":"","ocean_menu_link_background":"","ocean_menu_link_hover_background":"","ocean_menu_link_active_background":"","ocean_menu_social_links_bg":"","ocean_menu_social_hover_links_bg":"","ocean_menu_social_links_color":"","ocean_menu_social_hover_links_color":"","ocean_disable_title":"default","ocean_disable_heading":"default","ocean_post_title":"","ocean_post_subheading":"","ocean_post_title_style":"","ocean_post_title_background_color":"","ocean_post_title_background":0,"ocean_post_title_bg_image_position":"","ocean_post_title_bg_image_attachment":"","ocean_post_title_bg_image_repeat":"","ocean_post_title_bg_image_size":"","ocean_post_title_height":0,"ocean_post_title_bg_overlay":0.5,"ocean_post_title_bg_overlay_color":"","ocean_disable_breadcrumbs":"default","ocean_breadcrumbs_color":"","ocean_breadcrumbs_separator_color":"","ocean_breadcrumbs_links_color":"","ocean_breadcrumbs_links_hover_color":"","ocean_display_footer_widgets":"default","ocean_display_footer_bottom":"default","ocean_custom_footer_template":"","footnotes":""},"class_list":["post-538","page","type-page","status-publish","has-post-thumbnail","hentry","entry","has-media"],"acf":[],"_links":{"self":[{"href":"https:\/\/rfjesq.com\/es\/wp-json\/wp\/v2\/pages\/538","targetHints":{"allow":["GET"]}}],"collection":[{"href":"https:\/\/rfjesq.com\/es\/wp-json\/wp\/v2\/pages"}],"about":[{"href":"https:\/\/rfjesq.com\/es\/wp-json\/wp\/v2\/types\/page"}],"author":[{"embeddable":true,"href":"https:\/\/rfjesq.com\/es\/wp-json\/wp\/v2\/users\/1"}],"replies":[{"embeddable":true,"href":"https:\/\/rfjesq.com\/es\/wp-json\/wp\/v2\/comments?post=538"}],"version-history":[{"count":10,"href":"https:\/\/rfjesq.com\/es\/wp-json\/wp\/v2\/pages\/538\/revisions"}],"predecessor-version":[{"id":2879,"href":"https:\/\/rfjesq.com\/es\/wp-json\/wp\/v2\/pages\/538\/revisions\/2879"}],"wp:featuredmedia":[{"embeddable":true,"href":"https:\/\/rfjesq.com\/es\/wp-json\/wp\/v2\/media\/763"}],"wp:attachment":[{"href":"https:\/\/rfjesq.com\/es\/wp-json\/wp\/v2\/media?parent=538"}],"curies":[{"name":"wp","href":"https:\/\/api.w.org\/{rel}","templated":true}]}}