{"id":585,"date":"2025-06-09T07:33:51","date_gmt":"2025-06-09T12:33:51","guid":{"rendered":"https:\/\/rfjesq.com\/results\/"},"modified":"2025-10-13T00:25:22","modified_gmt":"2025-10-13T05:25:22","slug":"results","status":"publish","type":"page","link":"https:\/\/rfjesq.com\/es\/results\/","title":{"rendered":"Resultados"},"content":{"rendered":"<div class=\"hmresults-section\">\n<h1>Our Case Results<\/h1>\n<div class=\"innresult-sec\">\n<ul class=\"tabs\">\n<li id=\"tab-1\" class=\"selected\"><a tabindex=\"0\" data-uw-rm-kbnav=\"anohref\">Lesi\u00f3nes Personales<\/a><\/li>\n<li id=\"tab-2\"><a tabindex=\"0\" data-uw-rm-kbnav=\"anohref\">Derecho de Familia<\/a><\/li>\n<\/ul>\n<div class=\"innresult-sec-tab-content\">\n<div class=\"cont tab-1\">\n<div class=\"innresults-sec-lst\">\n<div class=\"innresults-left-itm\">\n<h5>$1M<\/h5>\n<div class=\"innresult-cont\">\n<p>Multi-Vehicle Collision Caused by a Driver Under the Influence of Drugs<\/p>\n<\/div>\n<\/div>\n<div class=\"innresults-left-itm\">\n<h5>1 mill\u00f3n de d\u00f3lares<\/h5>\n<div class=\"innresult-cont\">\n<p>Colisi\u00f3n de varios veh\u00edculos causada por un conductor bajo la influencia de drogas\n<\/p><\/div>\n<\/div>\n<div class=\"innresults-left-itm\">\n<h5>$225 mil<\/h5>\n<div class=\"innresult-cont\">\n<p>Caso de negligencia m\u00e9dica relacionada con una traqueotom\u00eda\n<\/p><\/div>\n<\/div>\n<div class=\"innresults-left-itm\">\n<h5>$200 mil<\/h5>\n<div class=\"innresult-cont\">\n<p>Accidente automovil\u00edstico que result\u00f3 en una fractura de mu\u00f1eca\n<\/p><\/div>\n<\/div>\n<div class=\"innresults-left-itm\">\n<h5>$175 mil<\/h5>\n<div class=\"innresult-cont\">\n<p>Lesiones recreativas\n<\/p><\/div>\n<\/div>\n<div class=\"innresults-left-itm\">\n<h5>$150 mil<\/h5>\n<div class=\"innresult-cont\">\n<p>Accidente automovil\u00edstico por alcance\n<\/p><\/div>\n<\/div>\n<div class=\"innresults-left-itm\">\n<h5>$140 mil<\/h5>\n<div class=\"innresult-cont\">\n<p>Accidente automovil\u00edstico por alcance\n<\/p><\/div>\n<\/div>\n<div class=\"innresults-left-itm\">\n<h5>$125 mil<\/h5>\n<div class=\"innresult-cont\">\n<p>Cliente fue impactado en el lado del conductor cuando otro conductor se pas\u00f3 una luz roja\n<\/p><\/div>\n<\/div>\n<div class=\"innresults-left-itm\">\n<h5>$100 mil<\/h5>\n<div class=\"innresult-cont\">\n<p>Cliente atropellado por un veh\u00edculo mientras conduc\u00eda un scooter\n<\/p><\/div>\n<\/div>\n<div class=\"innresults-left-itm\">\n<h5>$70 mil<\/h5>\n<div class=\"innresult-cont\">\n<p>Ataque de perro mientras un cliente caminaba por el vecindario\n<\/p><\/div>\n<\/div>\n<div class=\"innresults-left-itm\">\n<h5>$65 mil<\/h5>\n<div class=\"innresult-cont\">\n<p>Conductor de cami\u00f3n semirremolque chocado por detr\u00e1s por otro cami\u00f3n semirremolque\n<\/p><\/div>\n<\/div>\n<div class=\"innresults-left-itm\">\n<h5>$56.38K<\/h5>\n<div class=\"innresult-cont\">\n<p>Conductor se sale de la entrada frente a un conductor de DoorDash y causa un accidente\n<\/p><\/div>\n<\/div>\n<\/div>\n<\/div>\n<div class=\"cont tab-2\" style=\"display: none;\">\n<div class=\"innresults-sec-lst persnl-injy\">\n<div class=\"innresults-left-itm\">\n<h5>Custodia de Menores<\/h5>\n<div class=\"innresult-cont\">\n<p>Madre Otorgada <a class=\"wpil_keyword_link\" href=\"https:\/\/rfjesq.com\/es\/practice-areas\/family-law\/child-custody\/\"   title=\"Custodia de menores\" data-wpil-keyword-link=\"linked\"  data-wpil-monitor-id=\"1\">Custodia<\/a> Principal Despu\u00e9s de un Plan de Crianza Disputado<\/p>\n<\/div>\n<\/div>\n<div class=\"innresults-left-itm\">\n<h5>Modificaci\u00f3n de Tiempo de Crianza<\/h5>\n<div class=\"innresult-cont\">\n<p>Padre Asegur\u00f3 Tiempo de Crianza Incrementado y Ajust\u00f3 la Orden de Manutenci\u00f3n<\/p>\n<\/div>\n<\/div>\n<div class=\"innresults-left-itm\">\n<h5>Divorcio<\/h5>\n<div class=\"innresult-cont\">\n<p>Cliente Recibi\u00f3 Acuerdo Favorable de Custodia y Divisi\u00f3n de Bienes<\/p>\n<\/div>\n<\/div>\n<div class=\"innresults-left-itm\">\n<h5>Manutenci\u00f3n Infantil<\/h5>\n<div class=\"innresult-cont\">\n<p>Madre Asegur\u00f3 Pagos Incrementados de Manutenci\u00f3n Infantil Despu\u00e9s de Acci\u00f3n de Cumplimiento<\/p>\n<\/div>\n<\/div>\n<div class=\"innresults-left-itm\">\n<h5>Divorcio<\/h5>\n<div class=\"innresult-cont\">\n<p>Cliente Alcanz\u00f3 Acuerdo Sobre Custodia y Divisi\u00f3n Equitativa de Propiedad<\/p>\n<\/div>\n<\/div>\n<div class=\"innresults-left-itm\">\n<h5>Modificaci\u00f3n de Tiempo de Crianza<\/h5>\n<div class=\"innresult-cont\">\n<p>Padre Modific\u00f3 con \u00c9xito el Tiempo de Crianza Debido a Reubicaci\u00f3n Fuera del Estado<\/p>\n<\/div>\n<\/div>\n<\/div>\n<\/div>\n<\/div>\n<\/div>\n<\/div>\n","protected":false},"excerpt":{"rendered":"<p>Our Case Results Lesi\u00f3nes Personales Derecho de Familia $1M Multi-Vehicle Collision Caused by a Driver Under the Influence of Drugs 1 mill\u00f3n de d\u00f3lares Colisi\u00f3n de varios veh\u00edculos causada por un conductor bajo la influencia de drogas $225 mil Caso de negligencia m\u00e9dica relacionada con una traqueotom\u00eda $200 mil Accidente automovil\u00edstico que result\u00f3 en una [&hellip;]<\/p>\n","protected":false},"author":1,"featured_media":1162,"parent":0,"menu_order":0,"comment_status":"closed","ping_status":"closed","template":"templates\/results-page.php","meta":{"_acf_changed":false,"_oasis_is_in_workflow":0,"_oasis_original":0,"_oasis_task_priority":"","ocean_post_layout":"","ocean_both_sidebars_style":"","ocean_both_sidebars_content_width":0,"ocean_both_sidebars_sidebars_width":0,"ocean_sidebar":"","ocean_second_sidebar":"","ocean_disable_margins":"enable","ocean_add_body_class":"","ocean_shortcode_before_top_bar":"","ocean_shortcode_after_top_bar":"","ocean_shortcode_before_header":"","ocean_shortcode_after_header":"","ocean_has_shortcode":"","ocean_shortcode_after_title":"","ocean_shortcode_before_footer_widgets":"","ocean_shortcode_after_footer_widgets":"","ocean_shortcode_before_footer_bottom":"","ocean_shortcode_after_footer_bottom":"","ocean_display_top_bar":"default","ocean_display_header":"default","ocean_header_style":"","ocean_center_header_left_menu":"","ocean_custom_header_template":"","ocean_custom_logo":0,"ocean_custom_retina_logo":0,"ocean_custom_logo_max_width":0,"ocean_custom_logo_tablet_max_width":0,"ocean_custom_logo_mobile_max_width":0,"ocean_custom_logo_max_height":0,"ocean_custom_logo_tablet_max_height":0,"ocean_custom_logo_mobile_max_height":0,"ocean_header_custom_menu":"","ocean_menu_typo_font_family":"","ocean_menu_typo_font_subset":"","ocean_menu_typo_font_size":0,"ocean_menu_typo_font_size_tablet":0,"ocean_menu_typo_font_size_mobile":0,"ocean_menu_typo_font_size_unit":"px","ocean_menu_typo_font_weight":"","ocean_menu_typo_font_weight_tablet":"","ocean_menu_typo_font_weight_mobile":"","ocean_menu_typo_transform":"","ocean_menu_typo_transform_tablet":"","ocean_menu_typo_transform_mobile":"","ocean_menu_typo_line_height":0,"ocean_menu_typo_line_height_tablet":0,"ocean_menu_typo_line_height_mobile":0,"ocean_menu_typo_line_height_unit":"","ocean_menu_typo_spacing":0,"ocean_menu_typo_spacing_tablet":0,"ocean_menu_typo_spacing_mobile":0,"ocean_menu_typo_spacing_unit":"","ocean_menu_link_color":"","ocean_menu_link_color_hover":"","ocean_menu_link_color_active":"","ocean_menu_link_background":"","ocean_menu_link_hover_background":"","ocean_menu_link_active_background":"","ocean_menu_social_links_bg":"","ocean_menu_social_hover_links_bg":"","ocean_menu_social_links_color":"","ocean_menu_social_hover_links_color":"","ocean_disable_title":"default","ocean_disable_heading":"default","ocean_post_title":"","ocean_post_subheading":"","ocean_post_title_style":"","ocean_post_title_background_color":"","ocean_post_title_background":0,"ocean_post_title_bg_image_position":"","ocean_post_title_bg_image_attachment":"","ocean_post_title_bg_image_repeat":"","ocean_post_title_bg_image_size":"","ocean_post_title_height":0,"ocean_post_title_bg_overlay":0.5,"ocean_post_title_bg_overlay_color":"","ocean_disable_breadcrumbs":"default","ocean_breadcrumbs_color":"","ocean_breadcrumbs_separator_color":"","ocean_breadcrumbs_links_color":"","ocean_breadcrumbs_links_hover_color":"","ocean_display_footer_widgets":"default","ocean_display_footer_bottom":"default","ocean_custom_footer_template":"","footnotes":""},"class_list":["post-585","page","type-page","status-publish","has-post-thumbnail","hentry","entry","has-media"],"acf":[],"_links":{"self":[{"href":"https:\/\/rfjesq.com\/es\/wp-json\/wp\/v2\/pages\/585","targetHints":{"allow":["GET"]}}],"collection":[{"href":"https:\/\/rfjesq.com\/es\/wp-json\/wp\/v2\/pages"}],"about":[{"href":"https:\/\/rfjesq.com\/es\/wp-json\/wp\/v2\/types\/page"}],"author":[{"embeddable":true,"href":"https:\/\/rfjesq.com\/es\/wp-json\/wp\/v2\/users\/1"}],"replies":[{"embeddable":true,"href":"https:\/\/rfjesq.com\/es\/wp-json\/wp\/v2\/comments?post=585"}],"version-history":[{"count":17,"href":"https:\/\/rfjesq.com\/es\/wp-json\/wp\/v2\/pages\/585\/revisions"}],"predecessor-version":[{"id":2847,"href":"https:\/\/rfjesq.com\/es\/wp-json\/wp\/v2\/pages\/585\/revisions\/2847"}],"wp:featuredmedia":[{"embeddable":true,"href":"https:\/\/rfjesq.com\/es\/wp-json\/wp\/v2\/media\/1162"}],"wp:attachment":[{"href":"https:\/\/rfjesq.com\/es\/wp-json\/wp\/v2\/media?parent=585"}],"curies":[{"name":"wp","href":"https:\/\/api.w.org\/{rel}","templated":true}]}}